{"id":4347,"date":"2015-10-29T09:44:20","date_gmt":"2015-10-29T07:44:20","guid":{"rendered":"http:\/\/paliskunnat.fi\/py\/?page_id=4347"},"modified":"2024-03-17T18:31:24","modified_gmt":"2024-03-17T16:31:24","slug":"eu-suurpetofoorumi","status":"publish","type":"page","link":"https:\/\/paliskunnat.fi\/py\/porovahingot\/petoelainvahingot\/eu-suurpetofoorumi\/","title":{"rendered":"EU Suurpetofoorumi"},"content":{"rendered":"<h2>EU:n suurpetofoorumi ihmisten ja suurpetojen rinnakkaiselon tueksi<\/h2>\n<p>Kes\u00e4kuussa 2014 allekirjoitettiin\u00a0EU:n suurpetofooruminen\u00a0yhteisty\u00f6sopimus\u00a0Brysseliss\u00e4. T\u00e4m\u00e4n sopimuksen allekirjoitti my\u00f6s\u00a0Paliskuntain yhdistys yhdess\u00e4 Ruotsin poronhoitajien kanssa.<\/p>\n<p>EU:n suurpetofoorumin teht\u00e4v\u00e4n\u00e4 on edist\u00e4\u00e4 toimintatapoja ja etsi\u00e4 mahdollisuuksien mukaan ratkaisuja ihmistoimintojen ja suurpetolajien l\u00e4sn\u00e4olon v\u00e4listen ristiriitojen minimoimiseksi. Teht\u00e4v\u00e4\u00e4 toteutetaan vaihtamalla tietoa ja ty\u00f6skentelem\u00e4ll\u00e4 yhdess\u00e4 avoimella, rakentavalla ja toisia kunnioittavalla tavalla. Yhteisty\u00f6sitoumuksen ovat allekirjoittaneet alla mainitut organisaatiot:<\/p>\n<p>&#8211; ELO European Landowners\u2019 Organisation<\/p>\n<p>&#8211; Joint representatives of Finnish and Swedish Reindeer Herders (Paliskuntain yhdistys ja Svenska Samernas Riksf\u00f6rbund SSR)<\/p>\n<p>&#8211; FACE European Federation of Associations for Hunting and Conservation<\/p>\n<p>&#8211; CIC The International Council for Game and Wildlife Conservation<\/p>\n<p>&#8211; IUCN International Union for Conservation of Nature<\/p>\n<p>&#8211; WWF World Wide Fund for Nature<\/p>\n<p>&#8211; EUROPARC Federation<\/p>\n<p>&nbsp;<\/p>\n","protected":false},"excerpt":{"rendered":"<p>EU:n suurpetofoorumi ihmisten ja suurpetojen rinnakkaiselon tueksi Kes\u00e4kuussa 2014 allekirjoitettiin\u00a0EU:n suurpetofooruminen\u00a0yhteisty\u00f6sopimus\u00a0Brysseliss\u00e4. T\u00e4m\u00e4n sopimuksen allekirjoitti my\u00f6s\u00a0Paliskuntain yhdistys yhdess\u00e4 Ruotsin poronhoitajien kanssa. EU:n suurpetofoorumin teht\u00e4v\u00e4n\u00e4 on edist\u00e4\u00e4 toimintatapoja ja etsi\u00e4 mahdollisuuksien mukaan ratkaisuja ihmistoimintojen ja suurpetolajien l\u00e4sn\u00e4olon v\u00e4listen ristiriitojen minimoimiseksi. Teht\u00e4v\u00e4\u00e4 toteutetaan vaihtamalla tietoa ja ty\u00f6skentelem\u00e4ll\u00e4 yhdess\u00e4 avoimella, rakentavalla ja toisia kunnioittavalla tavalla. Yhteisty\u00f6sitoumuksen ovat allekirjoittaneet alla [&hellip;]<\/p>\n","protected":false},"author":1,"featured_media":0,"parent":578,"menu_order":10,"comment_status":"closed","ping_status":"closed","template":"","meta":{"footnotes":""},"class_list":["post-4347","page","type-page","status-publish","hentry"],"_links":{"self":[{"href":"https:\/\/paliskunnat.fi\/py\/wp-json\/wp\/v2\/pages\/4347","targetHints":{"allow":["GET"]}}],"collection":[{"href":"https:\/\/paliskunnat.fi\/py\/wp-json\/wp\/v2\/pages"}],"about":[{"href":"https:\/\/paliskunnat.fi\/py\/wp-json\/wp\/v2\/types\/page"}],"author":[{"embeddable":true,"href":"https:\/\/paliskunnat.fi\/py\/wp-json\/wp\/v2\/users\/1"}],"replies":[{"embeddable":true,"href":"https:\/\/paliskunnat.fi\/py\/wp-json\/wp\/v2\/comments?post=4347"}],"version-history":[{"count":15,"href":"https:\/\/paliskunnat.fi\/py\/wp-json\/wp\/v2\/pages\/4347\/revisions"}],"predecessor-version":[{"id":8272,"href":"https:\/\/paliskunnat.fi\/py\/wp-json\/wp\/v2\/pages\/4347\/revisions\/8272"}],"up":[{"embeddable":true,"href":"https:\/\/paliskunnat.fi\/py\/wp-json\/wp\/v2\/pages\/578"}],"wp:attachment":[{"href":"https:\/\/paliskunnat.fi\/py\/wp-json\/wp\/v2\/media?parent=4347"}],"curies":[{"name":"wp","href":"https:\/\/api.w.org\/{rel}","templated":true}]}}