{"id":45,"date":"2014-08-07T20:36:42","date_gmt":"2014-08-07T17:36:42","guid":{"rendered":"http:\/\/80.69.171.23\/py\/?page_id=45"},"modified":"2016-09-09T10:16:22","modified_gmt":"2016-09-09T07:16:22","slug":"saannot","status":"publish","type":"page","link":"https:\/\/paliskunnat.fi\/py\/organisaatio\/paliskuntain-yhdistys\/saannot\/","title":{"rendered":"Yhdistyksen s\u00e4\u00e4nn\u00f6t"},"content":{"rendered":"<h2>Paliskuntain yhdistyksen s\u00e4\u00e4nn\u00f6t<\/h2>\n<h3>1 \u00a7<\/h3>\n<p>Paliskuntain yhdistyksen kotipaikka on Rovaniemen kaupunki ja yhdistyksen toiminta-alue on poronhoitolain 2 \u00a7:ss\u00e4 tarkoitettu poronhoitoalue.<\/p>\n<p>Yhdistyksen j\u00e4senist\u00e4 on s\u00e4\u00e4detty poronhoitolain 20 \u00a7:n 2 momentissa.<\/p>\n<h3>2 \u00a7<\/h3>\n<p>Yhdistyksen tarkoituksena on suorittaa sille poronhoitolain ja poronhoitoasetuksen mukaan kuuluvat teht\u00e4v\u00e4t. Teht\u00e4vien suorittamiseksi yhdistys:<br \/>\n1) harjoittaa poronhoitoa ja porotaloutta koskevaa neuvontaa<br \/>\n2) tukee ja suorittaa poronhoitoa koskevaa koetoimintaa ja yll\u00e4pit\u00e4\u00e4 koeporotarhaa;<br \/>\n3) suorittaa poronjalostusta ja j\u00e4rjest\u00e4\u00e4 poronjalostuskilpailuja;<br \/>\n4) hankkii k\u00e4ytt\u00f6\u00f6ns\u00e4 poronhoitoon ja porotalouteen liittyv\u00e4\u00e4 tietoa ja seuraa alan kotimaista ja ulkomaista kehityst\u00e4;<br \/>\n5) harjoittaa julkaisutoimintaa sek\u00e4 j\u00e4rjest\u00e4\u00e4 neuvottelu-, tiedotus- ja koulutustilaisuuksia, porop\u00e4ivi\u00e4, porokilpailuja ja n\u00e4yttelyit\u00e4 sek\u00e4 tuottaa havainto- ja oppimateriaalia<br \/>\n6) tekee poronhoidon ja porotalouden kehitt\u00e4miseksi aloitteita lains\u00e4\u00e4d\u00e4nn\u00f6n ja hallinnon alalla<br \/>\n7) edist\u00e4\u00e4 paliskuntien yhteistoimintaa ja vaikuttaa porotalouteen liittyviin elinkeinoihin porotalouden toimintaedellytysten s\u00e4ilymiseksi; sek\u00e4<br \/>\n8) suorittaa ne muut toimenpiteet, joita yhdistyksen teht\u00e4vien hoitaminen edellytt\u00e4\u00e4<\/p>\n<h3>3 \u00a7<\/h3>\n<p>Yhdistyksen varsinainen kokous pidet\u00e4\u00e4n kes\u00e4kuussa hallituksen m\u00e4\u00e4r\u00e4\u00e4m\u00e4n\u00e4 p\u00e4iv\u00e4n\u00e4. Ylim\u00e4\u00e4r\u00e4inen kokous pidet\u00e4\u00e4n, kun hallitus katsoo t\u00e4m\u00e4n tarpeelliseksi tai v\u00e4hint\u00e4\u00e4n kymmenesosa yhdistyksen j\u00e4senist\u00e4 pyyt\u00e4\u00e4 t\u00e4t\u00e4 m\u00e4\u00e4r\u00e4tyn asian k\u00e4sittelemist\u00e4 varten.<\/p>\n<h3>4 \u00a7<\/h3>\n<p>Kutsu yhdistyksen kokoukseen toimitetaan paliskunnille kirjeell\u00e4, joka on l\u00e4hetett\u00e4v\u00e4 v\u00e4hint\u00e4\u00e4n kaksi viikkoa ennen kokousp\u00e4iv\u00e4\u00e4. Kirjeess\u00e4 on mainittava kokouksessa k\u00e4sitelt\u00e4v\u00e4t asiat. Muut tiedonannot yhdistyksen j\u00e4senille toimitetaan kirjeitse.<\/p>\n<h3>5 \u00a7<\/h3>\n<p>P\u00e4\u00e4t\u00f6ksenteosta yhdistyksen kokouksessa on s\u00e4\u00e4detty poronhoitolain 20 \u00a7:n 2 momentissa. Yhdistyksen kokouksen avaa yhdistyksen puheenjohtaja tai h\u00e4nen estyneen\u00e4 ollessaan varapuheenjohtaja taikka hallituksen keskuudestaan valitsema j\u00e4sen. Kokoukselle valitaan kolme puheenjohtajaa, kaksi sihteeri\u00e4, kaksi p\u00f6yt\u00e4kirjantarkastajaa ja kaksi \u00e4\u00e4ntenlaskijaa.<br \/>\nYhdistyksen varsinaisessa kokouksessa:<\/p>\n<p>1) todetaan kokouksen laillisuus;<br \/>\n2) vahvistetaan edustaja- ja \u00e4\u00e4niluettelo;<br \/>\n3) valitaan kokoukselle puheenjohtajat;<br \/>\n4) valitaan kokoukselle sihteerit;<br \/>\n5) valitaan kaksi p\u00f6yt\u00e4kirjantarkastajaa;<br \/>\n6) valitaan kaksi \u00e4\u00e4ntenlaskijaa;<br \/>\n7) esitet\u00e4\u00e4n edellisen toimintakauden vuosikertomus, tilit, tilintarkastajien lausunto sek\u00e4 vahvistetaan tilinp\u00e4\u00e4t\u00f6s;<br \/>\n8) p\u00e4\u00e4tet\u00e4\u00e4n vastuuvapauden my\u00f6nt\u00e4misest\u00e4 hallitukselle ja muille tilivelvollisille sek\u00e4 muista toimenpiteist\u00e4, joihin vuosikertomus, tilit ja tilintarkastajien lausunto ehk\u00e4 antavat aihetta;<br \/>\n9)\u00a0valitaan yhdistykselle kuluvalle vuodelle tilintarkastaja ja h\u00e4nelle varamies sek\u00e4 kaksi toiminnantarkastajaa ja heille varamiehet;<br \/>\n10) vahvistetaan toiminnan l\u00e4hivuosien suuntaviivat sek\u00e4 tulevan toimintavuoden toimintasuunnitelma;<br \/>\n11) vahvistetaan tulo- ja menoarvio tulevaksi toimintavuodeksi;<br \/>\n12) p\u00e4\u00e4tet\u00e4\u00e4n yhdistyksen kokouksen osallistujien kokouspalkkioista ja matkakustannusten korvauksista;<br \/>\n13) p\u00e4\u00e4tet\u00e4\u00e4n yhdistyksen puheenjohtajan, varapuheenjohtajan, hallituksen j\u00e4senten ja tilintarkastajien palkkioista;<br \/>\n14) valitaan yhdistyksen puheenjohtaja ja varapuheenjohtaja toimikauden p\u00e4\u00e4ttyess\u00e4 kolmeksi seuraavaksi toimintavuodeksi;<br \/>\n15) valitaan hallituksen j\u00e4senet (kaksitoista) kolmeksi vuodeksi;<br \/>\n16) vahvistetaan toiseen paliskuntaan kuuluvien porojen hoitamisesta peritt\u00e4v\u00e4n hoitomaksun suuruus.<\/p>\n<p>Yhdistyksen kokouksessa k\u00e4sitell\u00e4\u00e4n lis\u00e4ksi ne periaatteelliset ja laajakantoiset asiat, jotka yhdistyksen hallitus saattaa kokouksen k\u00e4sitelt\u00e4v\u00e4ksi sek\u00e4 asiat, joita v\u00e4hint\u00e4\u00e4n kymmenesosa kokouksen\u00a0\u00e4\u00e4nim\u00e4\u00e4r\u00e4st\u00e4 puoltaa yhdistyksen kokouksen k\u00e4sitelt\u00e4v\u00e4ksi.<\/p>\n<h3>6 \u00a7<\/h3>\n<p>Yhdistyksen hallitukseen kuuluu yhdistyksen puheenjohtaja puheenjohtajana, yhdistyksen varapuheenjohtaja varapuheenjohtajana ja 12 j\u00e4sent\u00e4 eri puolilta poronhoitoaluetta porolukujen mukaisessa suhteessa sek\u00e4 maa- ja mets\u00e4talousministeri\u00f6n m\u00e4\u00e4r\u00e4\u00e4m\u00e4 valtion edustaja ja saamelaisvaltuuskunnan nime\u00e4m\u00e4 saamelaisten edustaja. Yhdistyksen toiminnanjohtajalla on oikeus olla hallituksen kokouksissa l\u00e4sn\u00e4.<\/p>\n<h3>7 \u00a7<\/h3>\n<p>Hallitus kokoontuu puheenjohtajan tai h\u00e4nen estyneen\u00e4 ollessaan varapuheenjohtajan kutsusta. Hallitus on p\u00e4\u00e4t\u00f6svaltainen, kun puheenjohtaja tai varapuheenjohtaja ja v\u00e4hint\u00e4\u00e4n puolet j\u00e4senist\u00e4 on l\u00e4sn\u00e4. Kokouksen p\u00e4\u00e4t\u00f6kseksi katsotaan se mielipide, jota enemmist\u00f6 annetuista \u00e4\u00e4nist\u00e4 on kannattanut. \u00c4\u00e4nten menness\u00e4 tasan ratkaisee puheenjohtajan \u00e4\u00e4ni paitsi henkil\u00f6vaaleissa arpa. Hallitus asettaa ty\u00f6valiokunnan.<\/p>\n<h3>8 \u00a7<\/h3>\n<p>Hallituksen teht\u00e4v\u00e4n\u00e4 on<br \/>\n1) johtaa yhdistyksen toimintaa ja valvoa porotalouden etua;<br \/>\n2) kutsua koolle yhdistyksen kokous, valmistella sille esitett\u00e4v\u00e4t asiat ja panna sen p\u00e4\u00e4t\u00f6kset t\u00e4yt\u00e4nt\u00f6\u00f6n;<br \/>\n3) ottaa ja erottaa yhdistyksen toiminnanjohtaja ja muut toimihenkil\u00f6t sek\u00e4 m\u00e4\u00e4r\u00e4t\u00e4 heid\u00e4n palkkansa;<br \/>\n4) tehd\u00e4 valtionapuviranomaisille ehdotus yhdistykselle my\u00f6nnett\u00e4vist\u00e4 avustuksista sek\u00e4 laatia selostukset avustusten k\u00e4yt\u00f6st\u00e4;<br \/>\n5) hoitaa yhdistyksen omaisuutta ja pit\u00e4\u00e4 siit\u00e4 sek\u00e4 yhdistyksentuloista ja menoista kirjanpitoa sek\u00e4 laatia vuosikertomus ja tilinp\u00e4\u00e4t\u00f6s;<br \/>\n6) huolehtia yhdistyksen julkaisutoiminnasta; sek\u00e4<br \/>\n7) p\u00e4\u00e4tt\u00e4\u00e4 poromerkkien hyv\u00e4ksymisest\u00e4, peruuttamisesta ja raukeamisesta, ja huolehtia p\u00e4\u00e4t\u00f6sten tiedoksiannosta poronhoitoasetuksen 18 \u00a7:ss\u00e4 s\u00e4\u00e4detyll\u00e4 tavalla.<br \/>\nHallituksen ty\u00f6valiokunta suorittaa ne teht\u00e4v\u00e4t, jotka hallitus valiokunnalle m\u00e4\u00e4r\u00e4\u00e4.<\/p>\n<h3>9 \u00a7<\/h3>\n<p>Yhdistyksen nimen kirjoittaa puheenjohtaja tai toiminnanjohtaja yksin.<\/p>\n<h3>10 \u00a7<\/h3>\n<p>Yhdistyksen tilit p\u00e4\u00e4tet\u00e4\u00e4n kalenterivuosittain. Tilinp\u00e4\u00e4t\u00f6s ja muut yhdistyksen asiain hoitoa koskevat asiakirjat on maaliskuun 15. p\u00e4iv\u00e4\u00e4n menness\u00e4 toimitettava tilintarkastajille, joiden tulee antaa hallitukselle kertomuksensa tilien ja hallinnon tarkastuksesta huhtikuun 15. p\u00e4iv\u00e4\u00e4n menness\u00e4.<\/p>\n<h3>11 \u00a7<\/h3>\n<p>Muutoksenhausta yhdistyksen p\u00e4\u00e4t\u00f6ksiin on s\u00e4\u00e4detty poronhoitolain 45 \u00a7:ss\u00e4 ja poronhoitoasetuksen 22 \u00a7:ss\u00e4.<\/p>\n<h3>12 \u00a7<\/h3>\n<p>Jos yhdistyksen toiminta lakkaa, yhdistyksen varat k\u00e4ytet\u00e4\u00e4n sellaisen j\u00e4rjest\u00f6n tukemiseksi, joka ty\u00f6skentelee poronhoidon ja porotalouden edist\u00e4miseksi Suomessa.<\/p>\n<h3>13 \u00a7<\/h3>\n<p>Yhdistyksen s\u00e4\u00e4nt\u00f6jen muuttamisesta p\u00e4\u00e4tet\u00e4\u00e4n yhdistyksen varsinaisessa tai ylim\u00e4\u00e4r\u00e4isess\u00e4 kokouksessa ja muuttaminen edellytt\u00e4\u00e4, ett\u00e4 sit\u00e4 on kannattanut v\u00e4hint\u00e4\u00e4n kolme nelj\u00e4sosaa annetuista \u00e4\u00e4nist\u00e4. Muutos on maa- ja mets\u00e4talousministeri\u00f6n vahvistettava.<\/p>\n<h3>14 \u00a7<\/h3>\n<p>N\u00e4m\u00e4 s\u00e4\u00e4nn\u00f6t tulevat voimaan 20. p\u00e4iv\u00e4n\u00e4 marraskuuta 1990.<\/p>\n<p>S\u00e4\u00e4nn\u00f6t hyv\u00e4ksytty Paliskuntain yhdistyksen ylim\u00e4\u00e4r\u00e4isess\u00e4 edustajakokouksessa 29.10.1990<\/p>\n<p>&nbsp;<\/p>\n","protected":false},"excerpt":{"rendered":"<p>Paliskuntain yhdistyksen s\u00e4\u00e4nn\u00f6t 1 \u00a7 Paliskuntain yhdistyksen kotipaikka on Rovaniemen kaupunki ja yhdistyksen toiminta-alue on poronhoitolain 2 \u00a7:ss\u00e4 tarkoitettu poronhoitoalue. Yhdistyksen j\u00e4senist\u00e4 on s\u00e4\u00e4detty poronhoitolain 20 \u00a7:n 2 momentissa. 2 \u00a7 Yhdistyksen tarkoituksena on suorittaa sille poronhoitolain ja poronhoitoasetuksen mukaan kuuluvat teht\u00e4v\u00e4t. Teht\u00e4vien suorittamiseksi yhdistys: 1) harjoittaa poronhoitoa ja porotaloutta koskevaa neuvontaa 2) tukee ja [&hellip;]<\/p>\n","protected":false},"author":1,"featured_media":0,"parent":429,"menu_order":2,"comment_status":"open","ping_status":"closed","template":"","meta":{"footnotes":""},"class_list":["post-45","page","type-page","status-publish","hentry"],"_links":{"self":[{"href":"https:\/\/paliskunnat.fi\/py\/wp-json\/wp\/v2\/pages\/45","targetHints":{"allow":["GET"]}}],"collection":[{"href":"https:\/\/paliskunnat.fi\/py\/wp-json\/wp\/v2\/pages"}],"about":[{"href":"https:\/\/paliskunnat.fi\/py\/wp-json\/wp\/v2\/types\/page"}],"author":[{"embeddable":true,"href":"https:\/\/paliskunnat.fi\/py\/wp-json\/wp\/v2\/users\/1"}],"replies":[{"embeddable":true,"href":"https:\/\/paliskunnat.fi\/py\/wp-json\/wp\/v2\/comments?post=45"}],"version-history":[{"count":25,"href":"https:\/\/paliskunnat.fi\/py\/wp-json\/wp\/v2\/pages\/45\/revisions"}],"predecessor-version":[{"id":4848,"href":"https:\/\/paliskunnat.fi\/py\/wp-json\/wp\/v2\/pages\/45\/revisions\/4848"}],"up":[{"embeddable":true,"href":"https:\/\/paliskunnat.fi\/py\/wp-json\/wp\/v2\/pages\/429"}],"wp:attachment":[{"href":"https:\/\/paliskunnat.fi\/py\/wp-json\/wp\/v2\/media?parent=45"}],"curies":[{"name":"wp","href":"https:\/\/api.w.org\/{rel}","templated":true}]}}