{"id":454,"date":"2014-10-30T15:36:12","date_gmt":"2014-10-30T13:36:12","guid":{"rendered":"http:\/\/80.69.171.23\/py\/?page_id=454"},"modified":"2024-09-09T10:37:15","modified_gmt":"2024-09-09T07:37:15","slug":"kaynnissa-olevat-hankkeet","status":"publish","type":"page","link":"https:\/\/paliskunnat.fi\/py\/hankkeet\/py-hankkeet\/kaynnissa-olevat-hankkeet\/","title":{"rendered":"K\u00e4ynniss\u00e4 olevat hankkeet"},"content":{"rendered":"<h2>Paliskuntain yhdistyksen k\u00e4ynniss\u00e4 olevat hankkeet<\/h2>\n<h3>Paliskuntain yhdistyksen kokeilut<\/h3>\n<p>Paliskuntain yhdistyksell\u00e4 on k\u00e4ynniss\u00e4 kaksi omaa kokeilua, joihin ei ole viel\u00e4 haettu ulkopuolista hankerahoitusta.<\/p>\n<p>Vuonna 2012 k\u00e4ynnistimme <a href=\"http:\/\/www.porotyot.fi\">www.porotyot.fi<\/a> -kokeilun, jossa paliskunnat itse tiedottavat paikkatietosovelluksen avulla ajantasaisesti porot\u00f6ist\u00e4\u00e4n mets\u00e4st\u00e4jille. Tavoitteena on ehk\u00e4ist\u00e4 ennalta mets\u00e4st\u00e4jien, erityisesti mets\u00e4styskoirien, ja porojen ongelmalliset kohtaamiset. Kokeilu on\u00a0k\u00e4ynniss\u00e4 yhdeks\u00e4ss\u00e4 paliskunnassa Keski-Lapin alueella, miss\u00e4\u00a0mets\u00e4styskoirat aiheuttavat erityisen paljon porovahinkoja vuosittain.\u00a0Alustavat tulokset ovat kohtuullisen lupaavia.<\/p>\n<p>Toinen kokeilumme kytkeytyy pyrkimykseen est\u00e4\u00e4 ennalta liikennevahinkoja. Kev\u00e4\u00e4ll\u00e4 2014 kokeiltiin aidatuissa oloissa porojen sarvien maalaamista heijastinspraymaalilla. Kokeilu osoittautui suurta yleis\u00f6\u00e4 kiinnostavaksi ja levisi tietoverkkojen ja sosiaalisen median v\u00e4lityksell\u00e4 kirjaimellisesti koko maailman mediaan. Uutisia kokeilusta julkaistiin kaikissa maanosissa, Aasiaa, Afrikkaa ja Etel\u00e4-Amerikkaa my\u00f6ten. Sarvien maalaukseen ja samalla poroihin ja poronhoitoon ylip\u00e4\u00e4t\u00e4\u00e4n on kokeilun my\u00f6t\u00e4 k\u00e4ynyt tutustumassa toista kymment\u00e4 kansainv\u00e4list\u00e4 kuvausryhm\u00e4\u00e4 ja uusia on sovittuna edelleen. Maalin kest\u00e4minen porojen sarvissa j\u00e4tt\u00e4\u00e4 nykyisell\u00e4\u00e4n paljon toivomisen varaa, mutta kehitysty\u00f6t\u00e4 jatkettaneen edelleen. Heijastinmaalikokeilu on kuitenkin jo nykyisell\u00e4\u00e4n saanut aikaiseksi kaikkien aikojen liikennevalistuskampanjan.<\/p>\n<p>&nbsp;<\/p>\n","protected":false},"excerpt":{"rendered":"<p>Paliskuntain yhdistyksen k\u00e4ynniss\u00e4 olevat hankkeet Paliskuntain yhdistyksen kokeilut Paliskuntain yhdistyksell\u00e4 on k\u00e4ynniss\u00e4 kaksi omaa kokeilua, joihin ei ole viel\u00e4 haettu ulkopuolista hankerahoitusta. Vuonna 2012 k\u00e4ynnistimme www.porotyot.fi -kokeilun, jossa paliskunnat itse tiedottavat paikkatietosovelluksen avulla ajantasaisesti porot\u00f6ist\u00e4\u00e4n mets\u00e4st\u00e4jille. Tavoitteena on ehk\u00e4ist\u00e4 ennalta mets\u00e4st\u00e4jien, erityisesti mets\u00e4styskoirien, ja porojen ongelmalliset kohtaamiset. Kokeilu on\u00a0k\u00e4ynniss\u00e4 yhdeks\u00e4ss\u00e4 paliskunnassa Keski-Lapin alueella, miss\u00e4\u00a0mets\u00e4styskoirat aiheuttavat [&hellip;]<\/p>\n","protected":false},"author":1,"featured_media":0,"parent":450,"menu_order":1,"comment_status":"open","ping_status":"closed","template":"","meta":{"footnotes":""},"class_list":["post-454","page","type-page","status-publish","hentry"],"_links":{"self":[{"href":"https:\/\/paliskunnat.fi\/py\/wp-json\/wp\/v2\/pages\/454","targetHints":{"allow":["GET"]}}],"collection":[{"href":"https:\/\/paliskunnat.fi\/py\/wp-json\/wp\/v2\/pages"}],"about":[{"href":"https:\/\/paliskunnat.fi\/py\/wp-json\/wp\/v2\/types\/page"}],"author":[{"embeddable":true,"href":"https:\/\/paliskunnat.fi\/py\/wp-json\/wp\/v2\/users\/1"}],"replies":[{"embeddable":true,"href":"https:\/\/paliskunnat.fi\/py\/wp-json\/wp\/v2\/comments?post=454"}],"version-history":[{"count":51,"href":"https:\/\/paliskunnat.fi\/py\/wp-json\/wp\/v2\/pages\/454\/revisions"}],"predecessor-version":[{"id":8391,"href":"https:\/\/paliskunnat.fi\/py\/wp-json\/wp\/v2\/pages\/454\/revisions\/8391"}],"up":[{"embeddable":true,"href":"https:\/\/paliskunnat.fi\/py\/wp-json\/wp\/v2\/pages\/450"}],"wp:attachment":[{"href":"https:\/\/paliskunnat.fi\/py\/wp-json\/wp\/v2\/media?parent=454"}],"curies":[{"name":"wp","href":"https:\/\/api.w.org\/{rel}","templated":true}]}}