{"id":456,"date":"2014-10-30T15:37:40","date_gmt":"2014-10-30T13:37:40","guid":{"rendered":"http:\/\/80.69.171.23\/py\/?page_id=456"},"modified":"2024-09-09T10:51:01","modified_gmt":"2024-09-09T07:51:01","slug":"paattyneet-hankkeet","status":"publish","type":"page","link":"https:\/\/paliskunnat.fi\/py\/hankkeet\/py-hankkeet\/paattyneet-hankkeet\/","title":{"rendered":"P\u00e4\u00e4ttyneet hankkeet"},"content":{"rendered":"<h2>Paliskuntain yhdistyksen p\u00e4\u00e4ttyneet hankkeet<\/h2>\n<h3>Porolaidunten hoito- ja k\u00e4ytt\u00f6suunnitelmien pilotointi -hanke<\/h3>\n<p>Paliskuntain yhdistys sai maa- ja mets\u00e4talousministeri\u00f6lt\u00e4 hankerahoituksen paliskuntien porolaidunten hoito- ja k\u00e4ytt\u00f6suunnitelmien pilotointia varten 2022-2024. Hankkeen kokonaiskesto 13 kk ajalla 1.12.2022\u201331.3.2024.<\/p>\n<p>Hankkeessa k\u00e4ytiin l\u00e4pi HKS-prosessia yhteisty\u00f6ss\u00e4 kolmen pilottipaliskunnan kanssa, kehitettiin pohjaa laidunten hoito- ja k\u00e4ytt\u00f6suunnitelmille, vuosittaiselle raportoinnille ja selvitettiin suunnitelmien sek\u00e4 vuosittaisen raportoinnin jakelua ja tallentamista. Hankerahoitus 50 000 euroa.<\/p>\n<p>Hankkeen vastuullinen johtaja\/hankkeen tietoj\u00e4rjestelm\u00e4selvitys:<\/p>\n<p>Aarre Jortikka (e&#116;&#117;&#x6e;&#x69;mi&#46;&#115;&#x75;&#x6b;un&#105;&#109;&#x69;&#x40;pa&#108;&#x69;&#x73;&#x6b;u&#110;&#110;&#x61;&#x74;&#x2e;f&#105;, 040 484 5683)<br \/>\nProjektip\u00e4\u00e4llikk\u00f6\/hankkeen k\u00e4yt\u00e4nn\u00f6n toteutus: Vilma Sanaksenaho (e&#116;&#117;&#x6e;&#x69;&#x6d;i&#46;&#115;&#117;&#x6b;&#x75;&#x6e;i&#109;&#105;&#64;&#x70;&#x61;&#x6c;i&#115;&#107;&#x75;&#x6e;&#x6e;at&#46;&#102;&#x69; tai<br \/>\n040 159 5592).<\/p>\n<p><strong>Julkaisuja:<\/strong><\/p>\n<ul>\n<li>Paliskuntien n\u00e4kemyksi\u00e4 porotaloussuunnittelusta, paikkatiedoista ja laidunten hoito- ja k\u00e4ytt\u00f6suunnitelmista.<br \/>\nKirjoittaja: Vilma Sanaksenaho. <a href=\"https:\/\/poromieslehti.blogspot.com\/2023\/08\/paliskuntien-nakemyksia.html\">Poromies-lehti 3\/2023<\/a>.<\/li>\n<li>Liiteri &#8211; Porolaidunten hoidon ja k\u00e4yt\u00f6n suunnittelun tukena. Kirjoittajat: Vilma Sanaksenaho, Jouko Kumpula ja Kari Oinonen. <a href=\"https:\/\/poromieslehti.blogspot.com\/2024\/02\/liiteri-porolaidunten-hoidon-ja-kayton.html\">Poromies-lehti 4\/2023<\/a>.<\/li>\n<li>HKS-pilotointihanke p\u00e4\u00e4ttyi &#8211; mit\u00e4 suosituksia jatkoty\u00f6h\u00f6n. Kirjoittaja: Vilma Sanaksenaho. <a href=\"https:\/\/poromieslehti.blogspot.com\/2024\/09\/hks-pilotointihanke-paattyi-mita.html\">Poromies-lehti 2\/2024<\/a>.<\/li>\n<\/ul>\n<p><a href=\"https:\/\/paliskunnat.fi\/py\/wp-content\/uploads\/2023\/04\/maa-ja-metsatalousministerio-logo.png\" rel=\"lightbox[456]\"><img loading=\"lazy\" decoding=\"async\" class=\"alignnone wp-image-7657\" src=\"https:\/\/paliskunnat.fi\/py\/wp-content\/uploads\/2023\/04\/maa-ja-metsatalousministerio-logo.png\" alt=\"Suomen maa- ja mets\u00e4talousministeri\u00f6n logo\" width=\"460\" height=\"159\" srcset=\"https:\/\/paliskunnat.fi\/py\/wp-content\/uploads\/2023\/04\/maa-ja-metsatalousministerio-logo.png 1150w, https:\/\/paliskunnat.fi\/py\/wp-content\/uploads\/2023\/04\/maa-ja-metsatalousministerio-logo-300x104.png 300w, https:\/\/paliskunnat.fi\/py\/wp-content\/uploads\/2023\/04\/maa-ja-metsatalousministerio-logo-1024x354.png 1024w, https:\/\/paliskunnat.fi\/py\/wp-content\/uploads\/2023\/04\/maa-ja-metsatalousministerio-logo-768x266.png 768w\" sizes=\"auto, (max-width: 460px) 100vw, 460px\" \/><\/a><\/p>\n<h3>Poronlihan nelj\u00e4 vuodenaikaa -hanke 1.1.-31.12.2021<\/h3>\n<p>Poronlihan nelj\u00e4 vuodenaikaa -hankkeessa tuotetaan uusia reseptej\u00e4 nelj\u00e4lle eri vuodenajalle tukemaan poronlihan ymp\u00e4rivuotista menekki\u00e4. Reseptit tilataan ruokamarkkinoinnin ammattilaisilta ja niihin tuotetaan video- ja kuvamateriaalia. Reseptit julkaistaan Pororeseptit.fi -verkkosivuilla ja niiden avulla tuotetaan julkaisuja sosiaalisen median viestint\u00e4\u00e4n Pororeseptit.fi -kanaville. Yhteismarkkinointiin kutsutaan mukaan br\u00e4ndil\u00e4hettil\u00e4it\u00e4 poroelinkeinon sis\u00e4lt\u00e4. Lis\u00e4ksi jokaiselle vuodenajalle tuotetaan pororeseptiikkaan liittyv\u00e4 artikkeli tai liite laajalla jakelulla toimivaan printtimediaan.<\/p>\n<p>een materiaaleista kootaan vuodenkiertoon perustuva, poronlihan monipuolisuutta ja kotimaista alkuper\u00e4\u00e4 korostava viestinn\u00e4n v\u00e4lineist\u00f6, \u201dmarkkinoinnin vuosikello\u201d, joka on kaikkien elinkeinon toimijoiden vapaasti k\u00e4ytett\u00e4viss\u00e4. Markkinointiviestiss\u00e4 tuodaan esille paitsi tuotannon eettisyys ja kest\u00e4vyys, my\u00f6s uudenlaiset tavat hy\u00f6dynt\u00e4\u00e4 poronlihaa eri ruokasesonkeina.<\/p>\n<p>Hanketta rahoittaa Lapin liitto AKKE \u2013 alueellisen kehitt\u00e4misen m\u00e4\u00e4r\u00e4rahasta ja hankkeen kesto on 1.1.-31.12.2021<\/p>\n<p><a href=\"https:\/\/paliskunnat.fi\/py\/wp-content\/uploads\/2021\/05\/lapin-liitto-logo.png\" rel=\"lightbox[456]\"><img loading=\"lazy\" decoding=\"async\" class=\"alignnone wp-image-6964\" src=\"https:\/\/paliskunnat.fi\/py\/wp-content\/uploads\/2021\/05\/lapin-liitto-logo.png\" sizes=\"auto, (max-width: 350px) 100vw, 350px\" srcset=\"https:\/\/paliskunnat.fi\/py\/wp-content\/uploads\/2021\/05\/lapin-liitto-logo.png 350w, https:\/\/paliskunnat.fi\/py\/wp-content\/uploads\/2021\/05\/lapin-liitto-logo-300x132.png 300w\" alt=\"Lapin liitto\" width=\"200\" height=\"88\" \/><\/a><\/p>\n<p>Lis\u00e4tietoja: Anna-Riikka Lavia<\/p>\n<h3>Poroelinkeinon uudet toimintamallit ja imagomarkkinointi koronakriisiss\u00e4<\/h3>\n<p>Paliskuntain yhdistys on k\u00e4ynnist\u00e4nyt Poroelinkeinon uudet toimintamallit ja imagomarkkinointi koronakriisiss\u00e4 -hankkeen toukokuussa. Hankkeen tarkoituksena on helpottaa poronlihan myynti\u00e4 ja markkinointia imagomarkkinoinnin avulla.<\/p>\n<p>Pororeseptit.fi -sivu uudistetaan vastaamaan t\u00e4m\u00e4n p\u00e4iv\u00e4n tarpeita. Uutena Pororeseptit.fi -sivuille avataan osio, josta asiakkaat voivat etsi\u00e4 poronlihan myyji\u00e4. Sivu tarjoaa ostajille ja myyjille kohtaamispaikan, jonka kautta ostajat p\u00e4\u00e4sev\u00e4t helposti ottamaan yhteytt\u00e4 myyjiin tai siirtym\u00e4\u00e4n myyjien omille sivuille tai vaikkapa verkkokauppoihin. Rekister\u00f6ityminen tapahtuu <a href=\"https:\/\/pororeseptit.fi\/\">Pororeseptit.fi<\/a> -sivuilla.<\/p>\n<p><a href=\"https:\/\/paliskunnat.fi\/py\/wp-content\/uploads\/2020\/10\/Pororeseptit.jpg\" rel=\"lightbox[456]\"><img loading=\"lazy\" decoding=\"async\" class=\"alignnone wp-image-6676\" src=\"https:\/\/paliskunnat.fi\/py\/wp-content\/uploads\/2020\/10\/Pororeseptit.jpg\" alt=\"Pororeseptit.fi - sivusto\" width=\"460\" height=\"281\" srcset=\"https:\/\/paliskunnat.fi\/py\/wp-content\/uploads\/2020\/10\/Pororeseptit.jpg 1246w, https:\/\/paliskunnat.fi\/py\/wp-content\/uploads\/2020\/10\/Pororeseptit-300x183.jpg 300w, https:\/\/paliskunnat.fi\/py\/wp-content\/uploads\/2020\/10\/Pororeseptit-1024x625.jpg 1024w, https:\/\/paliskunnat.fi\/py\/wp-content\/uploads\/2020\/10\/Pororeseptit-768x468.jpg 768w\" sizes=\"auto, (max-width: 460px) 100vw, 460px\" \/><\/a><\/p>\n<p>Hankkeessa tuotetaan my\u00f6s tiedotuslehti, jonka avulla poronlihaa tehd\u00e4\u00e4n tunnetuksi laajalle asiakaskunnalle sek\u00e4 toteutetaan digitaalista markkinointia syksyn lihakaupan vauhdittamiseksi. Hankkeessa ker\u00e4t\u00e4\u00e4n my\u00f6s tietoa yritysyhteisty\u00f6st\u00e4 sek\u00e4 s\u00e4hk\u00f6isen kaupank\u00e4ynnin mahdollisuuksista, ja niist\u00e4 kerrotaan verkkojulkaisuissa ja Poromies-lehdess\u00e4.<\/p>\n<p>Hankkeen kokonaisrahoitus on 99 790 \u20ac ja EU-tuen m\u00e4\u00e4r\u00e4 89 811 \u20ac Hanketta rahoittaa Lapin liitto Euroopan Unionin aluekehitysrahastosta.<\/p>\n<p>Lis\u00e4tietoja: Anna-Riikka Lavia<\/p>\n<p><a href=\"https:\/\/paliskunnat.fi\/py\/wp-content\/uploads\/2020\/10\/EU_EAKR_FI.png\" rel=\"lightbox[456]\"><img loading=\"lazy\" decoding=\"async\" class=\"alignnone wp-image-6691\" src=\"https:\/\/paliskunnat.fi\/py\/wp-content\/uploads\/2020\/10\/EU_EAKR_FI.png\" alt=\"Euroopan unioni - Euroopan aluekehitysrahasto\" width=\"150\" height=\"139\" srcset=\"https:\/\/paliskunnat.fi\/py\/wp-content\/uploads\/2020\/10\/EU_EAKR_FI.png 354w, https:\/\/paliskunnat.fi\/py\/wp-content\/uploads\/2020\/10\/EU_EAKR_FI-300x278.png 300w\" sizes=\"auto, (max-width: 150px) 100vw, 150px\" \/><\/a><\/p>\n<p><a href=\"https:\/\/paliskunnat.fi\/py\/wp-content\/uploads\/2020\/10\/vipuvoimaa-eu-lta_2014_2020.png\" rel=\"lightbox[456]\"><img loading=\"lazy\" decoding=\"async\" class=\"alignnone wp-image-6688\" src=\"https:\/\/paliskunnat.fi\/py\/wp-content\/uploads\/2020\/10\/vipuvoimaa-eu-lta_2014_2020.png\" alt=\"Vipuvoimaa EU:lta 2014-2020\" width=\"150\" height=\"106\" srcset=\"https:\/\/paliskunnat.fi\/py\/wp-content\/uploads\/2020\/10\/vipuvoimaa-eu-lta_2014_2020.png 528w, https:\/\/paliskunnat.fi\/py\/wp-content\/uploads\/2020\/10\/vipuvoimaa-eu-lta_2014_2020-300x213.png 300w\" sizes=\"auto, (max-width: 150px) 100vw, 150px\" \/><\/a><\/p>\n<h3>Parasta poroa -koulutushanke<\/h3>\n<p>Rovaniemen koulutuskuntayhtym\u00e4 \/ Lapin ammattiopisto ja Paliskuntain yhdistys toteuttivat 1.8.2016\u201331.7.2019 Parasta poroa -koulutushankkeen, joka tarjosi koulutusta lyhytkursseina poronhoitajille koko poronhoitoalueella. Hankkeen tarkoituksena oli edist\u00e4\u00e4 poronhoitajien osaamista koko poronlihan elintarvikeketjun matkalla mets\u00e4st\u00e4 ja tunturista lautaselle. Lis\u00e4ksi hankkeessa tehostettiin poron teurastuksen ja lihanleikkuun sivutuotteiden hy\u00f6dynt\u00e4mist\u00e4 sek\u00e4 tehtiin hyvien toimintatapojen opas poroelintarvikeketjussa toimimiseen. Hanke sai rahoituksen Lapin ELY-keskuksen kautta Manner-Suomen maaseudun kehitt\u00e4misohjelmasta 2014\u20132020. Tukea my\u00f6nnettiin 297 000 euroa ja hankkeen kokonaiskustannusarvio on 330 000 euroa.<\/p>\n<p>Hankkeen tarkoituksena oli kehitt\u00e4\u00e4 poronhoitajien poronlihan pienjalostustaitoja, edist\u00e4\u00e4 osaamista koko poronlihan elintarvikeketjun matkalla, edist\u00e4\u00e4 poroteurastuksen sivutuotteiden hy\u00f6dynt\u00e4mist\u00e4 ja parantaa poronhoidon (peruselinkeinon ja paliskuntaj\u00e4rjestelm\u00e4n) toimintaa j\u00e4rjest\u00e4m\u00e4ll\u00e4 monipuolista koulutusta matalan kynnyksen menetelm\u00e4ll\u00e4.<\/p>\n<p>Hankkeen teht\u00e4v\u00e4n\u00e4:<\/p>\n<p>1) tarjota koulutusta poronlihan leikkuu- ja jalostusty\u00f6t\u00e4 tekeville poronomistajille,<\/p>\n<p>2) tehd\u00e4 hyvien toimintatapojen malli poroelintarvikeketjussa toimimiseen,<\/p>\n<p>3) tarjota koulutusta, jonka avulla tuetaan poronlihan tuotanto- ja paliskuntateht\u00e4viss\u00e4 toimivien poronomistajien osaamista, mink\u00e4 avulla pidet\u00e4\u00e4n yll\u00e4 toimivaa lihantuotanto- ja paliskuntaj\u00e4rjestelm\u00e4\u00e4 ja<\/p>\n<p>4) aloittaa poroteurastuksen sivutuotteiden talteenoton ja hy\u00f6dynt\u00e4misen osalta uusi aikakausi yhteisty\u00f6ss\u00e4 lemmikkiel\u00e4inteollisuuden kanssa.<\/p>\n<p>Hankkeesta ja sen j\u00e4rjest\u00e4mist\u00e4 koulutuksista tiedotettiin s\u00e4\u00e4nn\u00f6llisesti Poromies -lehdess\u00e4, Py porotalousneuvonnan Facebook-ryhm\u00e4ss\u00e4, Lapin ammattiopiston ja Paliskuntain yhdistyksen nettisivujen kautta sek\u00e4 osin my\u00f6s paikallislehdiss\u00e4. Koulutuksista ja hankkeen muista ajankohtaisista asioista tiedotettiin my\u00f6s hankkeen Facebook-sivuilla: <a href=\"http:\/\/www.facebook.com\/Parastaporoa\">www.facebook.com\/Parastaporoa<\/a>\u00a0sek\u00e4 hankkeen kotisivuilla\u00a0<a href=\"http:\/\/www.parastaporoa.blogspot.com\">parastaporoa.blogspot.com<\/a>.<\/p>\n<p>Hankkeen osa-aikaisena projektip\u00e4\u00e4llikk\u00f6n\u00e4 toimi Maaren Angeli.<\/p>\n<h3>Pohjoista poroa ammattikeitti\u00f6\u00f6n -hanke 2015-2016<\/h3>\n<p>Toteutimme Pohjoista poroa ammattikeitti\u00f6\u00f6n -hankkeen vuosina 2015-2016 maaseutuviraston ruokaketjun edist\u00e4miseen tarkoitetulla rahoituksella. Hankkeen tavoitteena oli saada ammattikeitti\u00f6t k\u00e4ytt\u00e4m\u00e4\u00e4n poronlihaa\/jalosteita enemm\u00e4n ja useammin kuin t\u00e4ll\u00e4 hetkell\u00e4. Hankkeen konkreettisia tavoitteita on muun muassa luoda uusia helposti toteutettavia pororeseptej\u00e4 ammattikeitti\u00f6iden tarpeeseen sek\u00e4 uusia jalosteita, joita on helppo k\u00e4ytt\u00e4\u00e4 isoissa ammattikeitti\u00f6iss\u00e4.<\/p>\n<p>Hankkeen projektip\u00e4\u00e4llikk\u00f6n\u00e4 toimi Niko Suopaj\u00e4rvi.<\/p>\n<h3>Poronliha 2020<\/h3>\n<p>Paliskuntain yhdistyksen toteuttama EU -osarahoitteinen Poronlihan tuottamisen, jalostamisen ja kouluttamisen hyv\u00e4t k\u00e4yt\u00e4nn\u00f6t vuoteen 2020\u2013hanke (Poronliha 2020) p\u00e4\u00e4ttyi 30.9.2014. Siin\u00e4 rakennettiin\u00a0kehitt\u00e4misen raamit poronlihan tuottamiselle, jalostamiselle ja poronliha-alan koulutukselle tulevalle EU-ohjelmakaudelle. Hanke jatkoi 2000-luvun alkupuolella tehty\u00e4 poronliha-alan kehitt\u00e4misty\u00f6t\u00e4.\u00a0Siin\u00e4 toteutettiin laaja nykytilan selvitys ja tarvekartoitus. Tarvekartoituksella nostettiin esiin t\u00e4rkeimm\u00e4t teemat ja haasteet kehitt\u00e4mistoimille.<\/p>\n<p>Puolivuotisen hankkeen rahoitti Lapin ELY-keskus EU:n maaseudun kehitt\u00e4misen maatalousrahastosta. Projektip\u00e4\u00e4llikk\u00f6n\u00e4 ty\u00f6skenteli Anna-Riikka Lavia. Porotalouden edustajina ohjausryhm\u00e4ss\u00e4 olivat Janne Mustonen ja Antti Vuolo, yhdistyksen edustajina Jukka Knuuti ja Matti S\u00e4rkel\u00e4.<\/p>\n<h3>PoroYVA -hanke<\/h3>\n<p>Erilaiset teolliseen maank\u00e4ytt\u00f6\u00f6n, kuten kaivostoimintaan sek\u00e4\u00a0turve- ja tuulivoimatuotantoon liittyv\u00e4t hankkeet ovat lis\u00e4\u00e4ntyneet poronhoitoalueella viime vuosina nopeasti. Teollinen maank\u00e4ytt\u00f6 heikent\u00e4\u00e4\u00a0v\u00e4ist\u00e4m\u00e4tt\u00e4 poronhoidon harjoittamisen edellytyksi\u00e4 pirstomalla porolaitumia ja aiheuttamalla poroelinkeinolle lis\u00e4ty\u00f6t\u00e4 ja -kustannuksia. Parantaakseen poronhoidon tilannetta ja ehk\u00e4ist\u00e4kseen ennalta potentiaalisia konflikteja, Paliskuntain yhdistys toteutti Poro YVA -hankkeen, jonka keskeisen\u00e4 tuloksena\u00a0laadittiin\u00a0opas poronhoidon tarkasteluun maank\u00e4ytt\u00f6hankkeissa (<a href=\"http:\/\/www.paliskunnat.fi\/poroyva\/\">PoroYVA-opas<\/a>). Oppaan ty\u00f6st\u00e4miseen osallistuivat\u00a0eri maank\u00e4ytt\u00e4jist\u00e4 ja viranomaistahoista muodostetun ty\u00f6ryhm\u00e4n j\u00e4senet.<\/p>\n<p>Opas on huomioitu muun muassa ymp\u00e4rist\u00f6ministeri\u00f6n ja ty\u00f6- ja elinkeinoministeri\u00f6n Kaivosten YVA-oppaan p\u00e4ivityksess\u00e4 sek\u00e4 Malminetsint\u00e4 ja kaivostoiminta suojelualueilla sek\u00e4 saamelaisten kotiseutualueella ja poronhoitoalueella-oppaan p\u00e4ivityksess\u00e4.<\/p>\n<p>Hanke rahoitettiin Lapin liiton hallinnoimalla Lapin maakunnan kehitt\u00e4misrahalla ja se toteutettiin 1.11.2011-28.2.2013. Projektip\u00e4\u00e4llikk\u00f6n\u00e4 ty\u00f6skenteli Marja Anttonen ja yhdistyksen edustajana ohjausryhm\u00e4ss\u00e4 Matti S\u00e4rkel\u00e4.<\/p>\n<p>Ymp\u00e4rist\u00f6ministeri\u00f6 k\u00e4\u00e4nn\u00e4tti oppaan englannin ja ven\u00e4j\u00e4n\u00a0kielille (<a href=\"http:\/\/www.paliskunnat.fi\/poroyva\/\">PoroYVA -kieliversiot)<\/a>.<\/p>\n<h3>PoroYVA -oppaan jalkauttaminen<\/h3>\n<p>PoroYVA-hanketta jatkettiin jalkauttamalla PoroYVA-oppaan tietokoulutuksen muodossa eri maank\u00e4ytt\u00f6- ja viranomaistahojen edustajille. Hanke\u00a0toteutettiin Lapin maakunnan kehitt\u00e4misrahalla v\u00e4lill\u00e4 1.10.2013-30.6.2014. Projektip\u00e4\u00e4llikk\u00f6n\u00e4 toimi Marja Anttonen ja yhdistyksen edustajana ohjausryhm\u00e4ss\u00e4 Matti S\u00e4rkel\u00e4.<\/p>\n<h3>Poronlihan menekinedist\u00e4minen<\/h3>\n<p>Poronlihan menekinedist\u00e4mishankkeita on toteutettu vuodesta 2004 l\u00e4htien yhteens\u00e4 kymmenen. Hankkeet ovat olleet p\u00e4\u00e4asiassa vuoden mittaisia. Hankkeiden avulla on\u00a0edistetty poronlihan tunnettavuutta, imagoa ja monipuolisia k\u00e4ytt\u00f6tapoja. Nykyisell\u00e4\u00e4n poronliha on korkeasti arvostettua ja kysytty\u00e4 laadukasta ruoan raaka-ainetta.<\/p>\n<p>Menekinedist\u00e4mishankkeissa on ty\u00f6stetty ja julkaistu muun muassa pororeseptivihkoja ja esitteit\u00e4, toteutettu <a href=\"http:\/\/www.pororeseptit.fi\">www.pororeseptit.fi<\/a> -sivusto, organisoitu porokokkikilpailuja ja toimittajavierailuja, j\u00e4rjestetty erilaisia poronlihaa ja porotaloutta esittelevi\u00e4 tilaisuuksia sek\u00e4\u00a0kerrottu poronlihan ominaisuuksista monenlaisissa tilaisuuksissa, tapahtumissa ja artikkeleissa.<\/p>\n<p>Ensimm\u00e4inen menekinedist\u00e4mishanke toteutettiin Lapin ELY-keskuksen hallinnoiman alueellisen maaseudun kehitt\u00e4misohjelman varoin. Sittemmin rahoitus on saatu maa- ja mets\u00e4talousministeri\u00f6n maataloustuotteiden markkinoinnin ja tuotannon kehitt\u00e4misen varoista. Hankkeissa projektip\u00e4\u00e4llikk\u00f6n\u00e4 ovat toimineet Erkki Viero, Meeri Ylinampa, Pihla V\u00e4\u00e4n\u00e4nen ja Martti Kotakorva. Hankkeiden seurantaryhmiss\u00e4 on ollut sek\u00e4 suurten ett\u00e4 pienten poronlihajalostajien edustajia, yhdistyksen edustajina hankkeissa ovat toimineet Pertti Viik ja Anne Ollila.<\/p>\n<p>&nbsp;<\/p>\n","protected":false},"excerpt":{"rendered":"<p>Paliskuntain yhdistyksen p\u00e4\u00e4ttyneet hankkeet Porolaidunten hoito- ja k\u00e4ytt\u00f6suunnitelmien pilotointi -hanke Paliskuntain yhdistys sai maa- ja mets\u00e4talousministeri\u00f6lt\u00e4 hankerahoituksen paliskuntien porolaidunten hoito- ja k\u00e4ytt\u00f6suunnitelmien pilotointia varten 2022-2024. Hankkeen kokonaiskesto 13 kk ajalla 1.12.2022\u201331.3.2024. Hankkeessa k\u00e4ytiin l\u00e4pi HKS-prosessia yhteisty\u00f6ss\u00e4 kolmen pilottipaliskunnan kanssa, kehitettiin pohjaa laidunten hoito- ja k\u00e4ytt\u00f6suunnitelmille, vuosittaiselle raportoinnille ja selvitettiin suunnitelmien sek\u00e4 vuosittaisen raportoinnin jakelua ja [&hellip;]<\/p>\n","protected":false},"author":1,"featured_media":0,"parent":450,"menu_order":2,"comment_status":"open","ping_status":"closed","template":"","meta":{"footnotes":""},"class_list":["post-456","page","type-page","status-publish","hentry"],"_links":{"self":[{"href":"https:\/\/paliskunnat.fi\/py\/wp-json\/wp\/v2\/pages\/456","targetHints":{"allow":["GET"]}}],"collection":[{"href":"https:\/\/paliskunnat.fi\/py\/wp-json\/wp\/v2\/pages"}],"about":[{"href":"https:\/\/paliskunnat.fi\/py\/wp-json\/wp\/v2\/types\/page"}],"author":[{"embeddable":true,"href":"https:\/\/paliskunnat.fi\/py\/wp-json\/wp\/v2\/users\/1"}],"replies":[{"embeddable":true,"href":"https:\/\/paliskunnat.fi\/py\/wp-json\/wp\/v2\/comments?post=456"}],"version-history":[{"count":25,"href":"https:\/\/paliskunnat.fi\/py\/wp-json\/wp\/v2\/pages\/456\/revisions"}],"predecessor-version":[{"id":8392,"href":"https:\/\/paliskunnat.fi\/py\/wp-json\/wp\/v2\/pages\/456\/revisions\/8392"}],"up":[{"embeddable":true,"href":"https:\/\/paliskunnat.fi\/py\/wp-json\/wp\/v2\/pages\/450"}],"wp:attachment":[{"href":"https:\/\/paliskunnat.fi\/py\/wp-json\/wp\/v2\/media?parent=456"}],"curies":[{"name":"wp","href":"https:\/\/api.w.org\/{rel}","templated":true}]}}