{"id":578,"date":"2014-11-05T14:17:40","date_gmt":"2014-11-05T12:17:40","guid":{"rendered":"http:\/\/80.69.171.23\/py\/?page_id=578"},"modified":"2026-03-04T14:37:41","modified_gmt":"2026-03-04T12:37:41","slug":"petoelainvahingot","status":"publish","type":"page","link":"https:\/\/paliskunnat.fi\/py\/porovahingot\/petoelainvahingot\/","title":{"rendered":"Petovahingot"},"content":{"rendered":"<h2>Petovahingot<\/h2>\n<p>Poronhoitoalueella on kautta historian ollut petoja. Ahmat, karhut, sudet ja kotkat ovat aina ottaneet poroista osansa. Viimeisten vuosikymmenten aikana koko poronhoitoalueelle on levitt\u00e4ytynyt my\u00f6s ilves.<\/p>\n<p>Ilves ja ahma ovat poronhoitoalueella t\u00e4ysin riippuvaisia poroista, sill\u00e4 muuta luontaista ravintoa ei niille alueelta merkitt\u00e4v\u00e4sti l\u00f6ydy. My\u00f6s susi ja karhu suosivat helpoimmin saaliiksi saatavilla olevaa poroa.<\/p>\n<p><a href=\"https:\/\/paliskunnat.fi\/py\/wp-content\/uploads\/2026\/03\/maasuurpetojen-tappamat-loydetyt-porot-1991-2025.jpg\" rel=\"lightbox[578]\"><img loading=\"lazy\" decoding=\"async\" class=\"alignnone wp-image-8782\" src=\"https:\/\/paliskunnat.fi\/py\/wp-content\/uploads\/2026\/03\/maasuurpetojen-tappamat-loydetyt-porot-1991-2025.jpg\" alt=\"Maasuurpetojen tappamana l\u00f6ydetyt porot 1991-2025.\" width=\"460\" height=\"281\" srcset=\"https:\/\/paliskunnat.fi\/py\/wp-content\/uploads\/2026\/03\/maasuurpetojen-tappamat-loydetyt-porot-1991-2025.jpg 1200w, https:\/\/paliskunnat.fi\/py\/wp-content\/uploads\/2026\/03\/maasuurpetojen-tappamat-loydetyt-porot-1991-2025-300x184.jpg 300w, https:\/\/paliskunnat.fi\/py\/wp-content\/uploads\/2026\/03\/maasuurpetojen-tappamat-loydetyt-porot-1991-2025-1024x626.jpg 1024w, https:\/\/paliskunnat.fi\/py\/wp-content\/uploads\/2026\/03\/maasuurpetojen-tappamat-loydetyt-porot-1991-2025-768x470.jpg 768w\" sizes=\"auto, (max-width: 460px) 100vw, 460px\" \/><\/a><\/p>\n<p>Kaavio 1 (yll\u00e4). Maasuurpetojen aiheuttamat porovahingot ovat kasvaneet voimakkaasti 2000-luvun aikana. Suuri osa petovahinkojen kasvusta johtuu ahman aiheuttamien vahinkojen m\u00e4\u00e4r\u00e4n lis\u00e4\u00e4ntymisest\u00e4.<\/p>\n<p>Petovahingot kuuluvat luonnollisena osana poronhoidon luonteeseen. Poronomistaja tekee konkreettista petojen suojeluty\u00f6t\u00e4 tarjoamalla pedoille ravintoa omalla omaisuudellaan. Valtio kompensoi korvausten muodossa poronomistajalle osan petojen tappamista poroista. Valtaosa taloudellisista seuraamuksista j\u00e4\u00e4 kuitenkin poronomistajan itsens\u00e4 kannettavaksi. Poronomistajat ovatkin Suomessa petojen suojelua k\u00e4yt\u00e4nn\u00f6ss\u00e4 eniten rahoittava taho.<\/p>\n<p><a href=\"https:\/\/paliskunnat.fi\/py\/wp-content\/uploads\/2026\/03\/eri-maasuurpetolajien-aiheuttamat-porovahingot.jpg\" rel=\"lightbox[578]\"><img loading=\"lazy\" decoding=\"async\" class=\"alignnone wp-image-8784\" src=\"https:\/\/paliskunnat.fi\/py\/wp-content\/uploads\/2026\/03\/eri-maasuurpetolajien-aiheuttamat-porovahingot.jpg\" alt=\"Eri maasuurpetolajien tappamat ja l\u00f6ydetyt porot 2000-2025.\" width=\"460\" height=\"281\" srcset=\"https:\/\/paliskunnat.fi\/py\/wp-content\/uploads\/2026\/03\/eri-maasuurpetolajien-aiheuttamat-porovahingot.jpg 1200w, https:\/\/paliskunnat.fi\/py\/wp-content\/uploads\/2026\/03\/eri-maasuurpetolajien-aiheuttamat-porovahingot-300x183.jpg 300w, https:\/\/paliskunnat.fi\/py\/wp-content\/uploads\/2026\/03\/eri-maasuurpetolajien-aiheuttamat-porovahingot-1024x625.jpg 1024w, https:\/\/paliskunnat.fi\/py\/wp-content\/uploads\/2026\/03\/eri-maasuurpetolajien-aiheuttamat-porovahingot-768x469.jpg 768w\" sizes=\"auto, (max-width: 460px) 100vw, 460px\" \/><\/a><\/p>\n<p>Kaavio 2 (yll\u00e4). Ahman tappamina l\u00f6ydettyjen porojen m\u00e4\u00e4r\u00e4 kasvoi jyrk\u00e4sti vuodesta 2011 alkaen. Susien aiheuttamat vahingot nousivat puolestaan huomattavasti 2021.<\/p>\n<p>Tehokkaan ja pitk\u00e4\u00e4n jatkuneen suurpetojen suojelupolitiikan seurauksena petokannat ovat lis\u00e4\u00e4ntyneet\u00a0huomattavasti ja t\u00e4m\u00e4n my\u00f6t\u00e4 my\u00f6s poronhoidon ongelmat petojen kanssa ovat kasvaneet.\u00a0Tilanteet eri petolajien kanssa poronhoitoalueen eri osissa vaihtelevat suuresti. Suuria vaikuttajia asiassa ovat valtakuntien v\u00e4liset raja-alueet sek\u00e4 poronhoitoalueen etel\u00e4raja, joiden yli pedot\u00a0sujuvasti liikkuvat. Lis\u00e4ksi maasto-olosuhteet ja erilaiset suojelualueet vaikuttavat tilanteisiin eri tavoin eri alueilla.<\/p>\n<p>Ratkaisevin vaikuttaja on kansallinen petopolitiikka, joka pohjautuu EU-s\u00e4\u00e4d\u00e4nt\u00f6\u00f6n\u00a0ja muihin kansainv\u00e4lisiin sopimuksiin.<\/p>\n<p>Petojen tappamista poroista l\u00f6ytyy tutkijoiden arvion mukaan noin viidennes. Kokonaisvahingot vaihtelevat vuosittain 25 000\u221235 000 pedoille menetetyn poron v\u00e4lill\u00e4. Erityisesti sulan maan aikana vahinkojen l\u00f6yt\u00e4minen laajoilta luonnonmailta on sattumanvaraista. Ahman aiheuttamat vahingot l\u00f6ytyv\u00e4t tehokkaimmin, sill\u00e4 ahman p\u00e4\u00e4asiallinen saalistuskausi ajoittuu lumelliseen aikaan. Karhuvahingot puolestaan j\u00e4\u00e4v\u00e4t p\u00e4\u00e4asiassa l\u00f6ytym\u00e4tt\u00e4, karhun saalistuspaineen sattuessa porojen kev\u00e4tkes\u00e4iseen vasontakauteen.<\/p>\n<p>&nbsp;<\/p>\n<p><!--more--><\/p>\n<h2>Luontodirektiivi<\/h2>\n<p><a href=\"http:\/\/eur-lex.europa.eu\/LexUriServ\/LexUriServ.do?uri=CELEX:31992L0043:FI:HTML\">Luontodirektiivi 92\/43\/ETY<\/a><\/p>\n<h2>EU Large Carnivores<\/h2>\n<p><a href=\"http:\/\/ec.europa.eu\/environment\/nature\/conservation\/species\/carnivores\/index_en.htm\">EU Large Carnivores information<\/a><\/p>\n<h2>Tietoa suurpedoista<\/h2>\n<p><a href=\"https:\/\/www.luke.fi\/fi\/luonnonvaratieto\/tiedetta-ja-tietoa\/suurpedot\">Luonnonvarakeskus &#8211; Suurpedot<br \/>\n<\/a><br \/>\n<a href=\"http:\/\/www.suurpedot.fi\/\">Suurpedot.fi<\/a><\/p>\n<h2>Petohanke<\/h2>\n<p>Toukokuussa 2014 p\u00e4\u00e4ttyneen Petohankkeen <a href=\"http:\/\/www.petohanke.fi\">sivusto<\/a> ja oppaat<\/p>\n","protected":false},"excerpt":{"rendered":"<p>Petovahingot Poronhoitoalueella on kautta historian ollut petoja. Ahmat, karhut, sudet ja kotkat ovat aina ottaneet poroista osansa. Viimeisten vuosikymmenten aikana koko poronhoitoalueelle on levitt\u00e4ytynyt my\u00f6s ilves. Ilves ja ahma ovat poronhoitoalueella t\u00e4ysin riippuvaisia poroista, sill\u00e4 muuta luontaista ravintoa ei niille alueelta merkitt\u00e4v\u00e4sti l\u00f6ydy. My\u00f6s susi ja karhu suosivat helpoimmin saaliiksi saatavilla olevaa poroa. Kaavio 1 [&hellip;]<\/p>\n","protected":false},"author":1,"featured_media":0,"parent":177,"menu_order":1,"comment_status":"open","ping_status":"closed","template":"","meta":{"footnotes":""},"class_list":["post-578","page","type-page","status-publish","hentry"],"_links":{"self":[{"href":"https:\/\/paliskunnat.fi\/py\/wp-json\/wp\/v2\/pages\/578","targetHints":{"allow":["GET"]}}],"collection":[{"href":"https:\/\/paliskunnat.fi\/py\/wp-json\/wp\/v2\/pages"}],"about":[{"href":"https:\/\/paliskunnat.fi\/py\/wp-json\/wp\/v2\/types\/page"}],"author":[{"embeddable":true,"href":"https:\/\/paliskunnat.fi\/py\/wp-json\/wp\/v2\/users\/1"}],"replies":[{"embeddable":true,"href":"https:\/\/paliskunnat.fi\/py\/wp-json\/wp\/v2\/comments?post=578"}],"version-history":[{"count":110,"href":"https:\/\/paliskunnat.fi\/py\/wp-json\/wp\/v2\/pages\/578\/revisions"}],"predecessor-version":[{"id":8785,"href":"https:\/\/paliskunnat.fi\/py\/wp-json\/wp\/v2\/pages\/578\/revisions\/8785"}],"up":[{"embeddable":true,"href":"https:\/\/paliskunnat.fi\/py\/wp-json\/wp\/v2\/pages\/177"}],"wp:attachment":[{"href":"https:\/\/paliskunnat.fi\/py\/wp-json\/wp\/v2\/media?parent=578"}],"curies":[{"name":"wp","href":"https:\/\/api.w.org\/{rel}","templated":true}]}}