{"id":582,"date":"2014-11-05T14:24:07","date_gmt":"2014-11-05T12:24:07","guid":{"rendered":"http:\/\/80.69.171.23\/py\/?page_id=582"},"modified":"2024-02-27T15:06:45","modified_gmt":"2024-02-27T13:06:45","slug":"ahma","status":"publish","type":"page","link":"https:\/\/paliskunnat.fi\/py\/porovahingot\/petoelainvahingot\/ahma\/","title":{"rendered":"Ahma"},"content":{"rendered":"<h2>Ahma (Gulo gulo)<\/h2>\n<p>Ahma tappaa poroja ymp\u00e4ri vuoden. Tehokkaimmin se\u00a0saalistaa kev\u00e4ttalvella. Ahmalle suotuisissa luonnonoloissa yksitt\u00e4inen ahma voi raadella yhden y\u00f6n aikana toista kymment\u00e4 poroa.\u00a0Tyypillisesti\u00a0ahma puree poroa niskaan, vie el\u00e4v\u00e4lt\u00e4 porolta kielen ja j\u00e4tt\u00e4\u00e4 poron kitumaan liikuntakyvytt\u00f6m\u00e4n\u00e4 paikalleen. N\u00e4in ahma pit\u00e4\u00e4 huolta ruoan saatavuudesta saalistusolosuhteiden heikentymisen varalta, eli ker\u00e4\u00e4 itselleen ja poikueilleen lihavarastoja pahan p\u00e4iv\u00e4n varalle.<\/p>\n<p><a href=\"https:\/\/paliskunnat.fi\/py\/wp-content\/uploads\/2020\/10\/jerv_per_harald_olsen_ccby20.jpg\" rel=\"lightbox[582]\"><img loading=\"lazy\" decoding=\"async\" class=\"alignnone wp-image-6708\" src=\"https:\/\/paliskunnat.fi\/py\/wp-content\/uploads\/2020\/10\/jerv_per_harald_olsen_ccby20.jpg\" alt=\"Ahma Gulo gulo. Kuva Per Harald Olsen\" width=\"460\" height=\"259\" srcset=\"https:\/\/paliskunnat.fi\/py\/wp-content\/uploads\/2020\/10\/jerv_per_harald_olsen_ccby20.jpg 1300w, https:\/\/paliskunnat.fi\/py\/wp-content\/uploads\/2020\/10\/jerv_per_harald_olsen_ccby20-300x169.jpg 300w, https:\/\/paliskunnat.fi\/py\/wp-content\/uploads\/2020\/10\/jerv_per_harald_olsen_ccby20-1024x577.jpg 1024w, https:\/\/paliskunnat.fi\/py\/wp-content\/uploads\/2020\/10\/jerv_per_harald_olsen_ccby20-768x432.jpg 768w\" sizes=\"auto, (max-width: 460px) 100vw, 460px\" \/><\/a><\/p>\n<p>Ahma liikkuu eritt\u00e4in laajoilla alueilla. M\u00e4\u00e4r\u00e4llisesti eniten ahmavahinkoja tapahtuu Tunturi-Lapin alueella. Vahinkom\u00e4\u00e4r\u00e4t ovat kasvaneet 2010-luvulla erityisesti Norjan ja Ven\u00e4j\u00e4n vastaisilla rajoilla sijaitsevissa paliskunnissa.<\/p>\n<p><a href=\"https:\/\/paliskunnat.fi\/py\/wp-content\/uploads\/2023\/09\/ahman_tappamana_loydetyt_porot_2015_2022.png\" rel=\"lightbox[582]\"><img loading=\"lazy\" decoding=\"async\" class=\"alignnone wp-image-7901\" src=\"https:\/\/paliskunnat.fi\/py\/wp-content\/uploads\/2023\/09\/ahman_tappamana_loydetyt_porot_2015_2022.png\" alt=\"Tilastograafi ahman tappamana l\u00f6ydetyist\u00e4 poroista paliskunnittain 2015-2022. Vahinkom\u00e4\u00e4r\u00e4t ovat suurimpia pohjoisissa tunturipaliskunnissa.\" width=\"460\" height=\"544\" srcset=\"https:\/\/paliskunnat.fi\/py\/wp-content\/uploads\/2023\/09\/ahman_tappamana_loydetyt_porot_2015_2022.png 761w, https:\/\/paliskunnat.fi\/py\/wp-content\/uploads\/2023\/09\/ahman_tappamana_loydetyt_porot_2015_2022-254x300.png 254w\" sizes=\"auto, (max-width: 460px) 100vw, 460px\" \/><\/a><\/p>\n<p>&nbsp;<\/p>\n<p><!--more--><\/p>\n<h2>Ahmakannan hoitosuunnitelma<\/h2>\n<p>MMM 19.6.2014 &#8211; suomeksi (<a href=\"http:\/\/mmm.fi\/documents\/1410837\/1516659\/Ahmakannan_hoitosuunnitelma.pdf\/5138edc3-ed8d-4221-938e-6c41feab57d3\">PDF<\/a> 551 kt)<\/p>\n<p>Taustajulkaisu\u00a0(<a href=\"http:\/\/mmm.fi\/documents\/1410837\/1516659\/MMM-160463-v1-Suomen_ahmakannan_hoitosuunnitelma_-_taustajulkaisu-2.pdf\/137d9359-206d-4105-bd3a-dc2cfbc2c2be\">PDF <\/a>1 576 kt)<\/p>\n<h2>Ahma varastoi el\u00e4v\u00e4n\u00e4<\/h2>\n<p>Ahman raatelema poro ei p\u00e4\u00e4se\u00a0liikkumaan, mutta voi s\u00e4ily\u00e4 hengiss\u00e4 eli tuoreena ja sulana ahman ravintona useita vuorokausia. Katso\u00a0<a href=\"http:\/\/vimeo.com\/54998054\">Vimeo-video<\/a>, kuvaaja Aslak Paltto.<\/p>\n<h2>Ahman j\u00e4ljill\u00e4 K\u00e4sivarressa<\/h2>\n<p><a href=\"https:\/\/www.youtube.com\/watch?v=QyOfrgpPtjw\">Tuomas I. Paloj\u00e4rven matkassa ahman j\u00e4ljill\u00e4 Enonteki\u00f6n Paloj\u00e4rvell\u00e4.<\/a><\/p>\n","protected":false},"excerpt":{"rendered":"<p>Ahma (Gulo gulo) Ahma tappaa poroja ymp\u00e4ri vuoden. Tehokkaimmin se\u00a0saalistaa kev\u00e4ttalvella. Ahmalle suotuisissa luonnonoloissa yksitt\u00e4inen ahma voi raadella yhden y\u00f6n aikana toista kymment\u00e4 poroa.\u00a0Tyypillisesti\u00a0ahma puree poroa niskaan, vie el\u00e4v\u00e4lt\u00e4 porolta kielen ja j\u00e4tt\u00e4\u00e4 poron kitumaan liikuntakyvytt\u00f6m\u00e4n\u00e4 paikalleen. N\u00e4in ahma pit\u00e4\u00e4 huolta ruoan saatavuudesta saalistusolosuhteiden heikentymisen varalta, eli ker\u00e4\u00e4 itselleen ja poikueilleen lihavarastoja pahan p\u00e4iv\u00e4n varalle. [&hellip;]<\/p>\n","protected":false},"author":1,"featured_media":0,"parent":578,"menu_order":1,"comment_status":"open","ping_status":"closed","template":"","meta":{"footnotes":""},"class_list":["post-582","page","type-page","status-publish","hentry"],"_links":{"self":[{"href":"https:\/\/paliskunnat.fi\/py\/wp-json\/wp\/v2\/pages\/582","targetHints":{"allow":["GET"]}}],"collection":[{"href":"https:\/\/paliskunnat.fi\/py\/wp-json\/wp\/v2\/pages"}],"about":[{"href":"https:\/\/paliskunnat.fi\/py\/wp-json\/wp\/v2\/types\/page"}],"author":[{"embeddable":true,"href":"https:\/\/paliskunnat.fi\/py\/wp-json\/wp\/v2\/users\/1"}],"replies":[{"embeddable":true,"href":"https:\/\/paliskunnat.fi\/py\/wp-json\/wp\/v2\/comments?post=582"}],"version-history":[{"count":76,"href":"https:\/\/paliskunnat.fi\/py\/wp-json\/wp\/v2\/pages\/582\/revisions"}],"predecessor-version":[{"id":8123,"href":"https:\/\/paliskunnat.fi\/py\/wp-json\/wp\/v2\/pages\/582\/revisions\/8123"}],"up":[{"embeddable":true,"href":"https:\/\/paliskunnat.fi\/py\/wp-json\/wp\/v2\/pages\/578"}],"wp:attachment":[{"href":"https:\/\/paliskunnat.fi\/py\/wp-json\/wp\/v2\/media?parent=582"}],"curies":[{"name":"wp","href":"https:\/\/api.w.org\/{rel}","templated":true}]}}