{"id":590,"date":"2014-11-05T14:47:40","date_gmt":"2014-11-05T12:47:40","guid":{"rendered":"http:\/\/80.69.171.23\/py\/?page_id=590"},"modified":"2020-10-30T10:26:43","modified_gmt":"2020-10-30T08:26:43","slug":"ilves","status":"publish","type":"page","link":"https:\/\/paliskunnat.fi\/py\/porovahingot\/petoelainvahingot\/ilves\/","title":{"rendered":"Ilves"},"content":{"rendered":"<h2>Ilves (Lynx lynx)<\/h2>\n<p>Ilves on levitt\u00e4ytynyt koko poronhoitoalueelle, alueen pohjoisimpia osia my\u00f6ten. Aiemmin pohjoisessa tuntematon kissael\u00e4in on yleistynyt nopeasti. Samalla ilveksen aiheuttamien porovahinkojen m\u00e4\u00e4r\u00e4 on kasvanut. Poronhoitoalueella ilves on riippuvainen porosta, sill\u00e4 muuta ravintoa on tarjolla niukasti.<\/p>\n<p>Ilves tappaa poroja l\u00e4pi vuoden. Saalism\u00e4\u00e4r\u00e4t kasvavat talvikaudella huomattavasti, sill\u00e4 ilves ei kykene hy\u00f6dynt\u00e4m\u00e4\u00e4n j\u00e4\u00e4tynytt\u00e4 saalista. Heikkoleukaisen kissael\u00e4imen on\u00a0tapettava j\u00e4\u00e4tyneen saaliinsa tilalle uusi. Niinp\u00e4 ilves tappaa pakkaskaudella poroja aktiiviseen tahtiin.<\/p>\n<div id=\"attachment_6710\" style=\"width: 470px\" class=\"wp-caption alignnone\"><a href=\"https:\/\/paliskunnat.fi\/py\/wp-content\/uploads\/2020\/10\/ilves-john-linnell-cc40.jpg\" rel=\"lightbox[590]\"><img loading=\"lazy\" decoding=\"async\" aria-describedby=\"caption-attachment-6710\" class=\"wp-image-6710\" src=\"https:\/\/paliskunnat.fi\/py\/wp-content\/uploads\/2020\/10\/ilves-john-linnell-cc40.jpg\" alt=\"Ilves - Lynx lynx - John Linnell\" width=\"460\" height=\"308\" srcset=\"https:\/\/paliskunnat.fi\/py\/wp-content\/uploads\/2020\/10\/ilves-john-linnell-cc40.jpg 1300w, https:\/\/paliskunnat.fi\/py\/wp-content\/uploads\/2020\/10\/ilves-john-linnell-cc40-300x201.jpg 300w, https:\/\/paliskunnat.fi\/py\/wp-content\/uploads\/2020\/10\/ilves-john-linnell-cc40-1024x685.jpg 1024w, https:\/\/paliskunnat.fi\/py\/wp-content\/uploads\/2020\/10\/ilves-john-linnell-cc40-768x514.jpg 768w\" sizes=\"auto, (max-width: 460px) 100vw, 460px\" \/><\/a><p id=\"caption-attachment-6710\" class=\"wp-caption-text\"><a href=\"https:\/\/creativecommons.org\/licenses\/by\/4.0\/deed.fi\">CC BY 4.0<\/a> <a href=\"https:\/\/www.artsdatabanken.no\/Pages\/F8197\">John Linnell<\/a><\/p><\/div>\n<p>Ilveksest\u00e4 on my\u00f6s hy\u00f6ty\u00e4, sill\u00e4 se pit\u00e4\u00e4 paikoin tehokkaasti kurissa alueen pienpetokantoja. Kannan koon s\u00e4\u00e4telyss\u00e4 on porovahinkojen hillitsemiseksi kuitenkin toteutettava aktiivista kannanhallintaa.<\/p>\n<p>&nbsp;<\/p>\n<p><!--more--><\/p>\n<h2>Ilveskannan hoitosuunnitelma<\/h2>\n<p>MMM 1\/2007 \u00a0(<a href=\"http:\/\/mmm.fi\/documents\/1410837\/1516659\/Ilveskannan+hoitosuunnitelma\/ab66f292-1d32-45f6-a78d-6ee228d89deb\">PDF<\/a> 498 kt)<\/p>\n<h2>Mets\u00e4stysasetukset<\/h2>\n<p>Ajantasaiset asetukset <a href=\"http:\/\/mmm.fi\/riista\/metsastyksen-rajoittaminen-ja-ministerion-asetukset\">MMM:n sivuilla<\/a><\/p>\n","protected":false},"excerpt":{"rendered":"<p>Ilves (Lynx lynx) Ilves on levitt\u00e4ytynyt koko poronhoitoalueelle, alueen pohjoisimpia osia my\u00f6ten. Aiemmin pohjoisessa tuntematon kissael\u00e4in on yleistynyt nopeasti. Samalla ilveksen aiheuttamien porovahinkojen m\u00e4\u00e4r\u00e4 on kasvanut. Poronhoitoalueella ilves on riippuvainen porosta, sill\u00e4 muuta ravintoa on tarjolla niukasti. Ilves tappaa poroja l\u00e4pi vuoden. Saalism\u00e4\u00e4r\u00e4t kasvavat talvikaudella huomattavasti, sill\u00e4 ilves ei kykene hy\u00f6dynt\u00e4m\u00e4\u00e4n j\u00e4\u00e4tynytt\u00e4 saalista. Heikkoleukaisen kissael\u00e4imen [&hellip;]<\/p>\n","protected":false},"author":1,"featured_media":0,"parent":578,"menu_order":2,"comment_status":"open","ping_status":"closed","template":"","meta":{"footnotes":""},"class_list":["post-590","page","type-page","status-publish","hentry"],"_links":{"self":[{"href":"https:\/\/paliskunnat.fi\/py\/wp-json\/wp\/v2\/pages\/590","targetHints":{"allow":["GET"]}}],"collection":[{"href":"https:\/\/paliskunnat.fi\/py\/wp-json\/wp\/v2\/pages"}],"about":[{"href":"https:\/\/paliskunnat.fi\/py\/wp-json\/wp\/v2\/types\/page"}],"author":[{"embeddable":true,"href":"https:\/\/paliskunnat.fi\/py\/wp-json\/wp\/v2\/users\/1"}],"replies":[{"embeddable":true,"href":"https:\/\/paliskunnat.fi\/py\/wp-json\/wp\/v2\/comments?post=590"}],"version-history":[{"count":25,"href":"https:\/\/paliskunnat.fi\/py\/wp-json\/wp\/v2\/pages\/590\/revisions"}],"predecessor-version":[{"id":6711,"href":"https:\/\/paliskunnat.fi\/py\/wp-json\/wp\/v2\/pages\/590\/revisions\/6711"}],"up":[{"embeddable":true,"href":"https:\/\/paliskunnat.fi\/py\/wp-json\/wp\/v2\/pages\/578"}],"wp:attachment":[{"href":"https:\/\/paliskunnat.fi\/py\/wp-json\/wp\/v2\/media?parent=590"}],"curies":[{"name":"wp","href":"https:\/\/api.w.org\/{rel}","templated":true}]}}