{"id":595,"date":"2014-11-05T14:54:35","date_gmt":"2014-11-05T12:54:35","guid":{"rendered":"http:\/\/80.69.171.23\/py\/?page_id=595"},"modified":"2020-10-30T12:53:15","modified_gmt":"2020-10-30T10:53:15","slug":"karhu","status":"publish","type":"page","link":"https:\/\/paliskunnat.fi\/py\/porovahingot\/petoelainvahingot\/karhu\/","title":{"rendered":"Karhu"},"content":{"rendered":"<h2>Karhu (Ursus arctos)<\/h2>\n<p>Karhu tappaa poroja koko poronhoitoalueella l\u00e4pi vuosittaisen hereill\u00e4 olon aikansa, mutta erityisen suuria vahinkoja se tekee porotokissa\u00a0kev\u00e4\u00e4ll\u00e4 ja alkukes\u00e4ll\u00e4. Karhun ruokalistalla on runsaasti vasoja, sill\u00e4 karhun lihansy\u00f6nnin huippukausi ja porojen vasontakausi ajoittuvat samaan vuodenaikaan, touko-kes\u00e4kuulle.<\/p>\n<div id=\"attachment_6712\" style=\"width: 1310px\" class=\"wp-caption alignnone\"><a href=\"https:\/\/paliskunnat.fi\/py\/wp-content\/uploads\/2020\/10\/karhu-per-harald-olsen.jpg\" rel=\"lightbox[595]\"><img loading=\"lazy\" decoding=\"async\" aria-describedby=\"caption-attachment-6712\" class=\"wp-image-6712 size-full\" src=\"https:\/\/paliskunnat.fi\/py\/wp-content\/uploads\/2020\/10\/karhu-per-harald-olsen.jpg\" alt=\"Karhu\" width=\"1300\" height=\"731\" srcset=\"https:\/\/paliskunnat.fi\/py\/wp-content\/uploads\/2020\/10\/karhu-per-harald-olsen.jpg 1300w, https:\/\/paliskunnat.fi\/py\/wp-content\/uploads\/2020\/10\/karhu-per-harald-olsen-300x169.jpg 300w, https:\/\/paliskunnat.fi\/py\/wp-content\/uploads\/2020\/10\/karhu-per-harald-olsen-1024x576.jpg 1024w, https:\/\/paliskunnat.fi\/py\/wp-content\/uploads\/2020\/10\/karhu-per-harald-olsen-768x432.jpg 768w\" sizes=\"auto, (max-width: 1300px) 100vw, 1300px\" \/><\/a><p id=\"caption-attachment-6712\" class=\"wp-caption-text\"><a href=\"https:\/\/creativecommons.org\/licenses\/by-sa\/4.0\/deed.fi\">CC BY-SA 4.0<\/a> <a href=\"https:\/\/www.artsdatabanken.no\/taxon\/Ursus%20arctos\/48039\">Per Harald Olsen<\/a><\/p><\/div>\n<p>Karhu sy\u00f6 saaliinsa useimmiten kokonaan, mik\u00e4 vaikuttaa tilastoitujen karhuvahinkojen m\u00e4\u00e4r\u00e4\u00e4n. Karhun sy\u00f6m\u00e4st\u00e4 porosta, etenk\u00e4\u00e4n kes\u00e4vasasta, ei\u00a0yleens\u00e4 j\u00e4\u00e4 j\u00e4ljelle mit\u00e4\u00e4n l\u00f6ydett\u00e4v\u00e4\u00e4 eli vahingoksi tilastoitavaa. Karhun vaikutus poroihin n\u00e4kyykin selkeimmin vasah\u00e4vikin ja muun poroh\u00e4vikin muodossa.<\/p>\n<p><!--more--><\/p>\n<h2>Karhukannan hoitosuunnitelma<\/h2>\n<p>MMM 2\/2007 (<a href=\"http:\/\/mmm.fi\/documents\/1410837\/1516659\/Karhukannan+hoitosuunnitelma+2_2007\/00bc40c6-1801-451f-8915-d8801b8b1286\">PDF<\/a>\u00a01374 kt)<\/p>\n<h2>Mets\u00e4stysasetukset<\/h2>\n<p>Ajantasaiset asetukset\u00a0<a href=\"http:\/\/mmm.fi\/riista\/metsastyksen-rajoittaminen-ja-ministerion-asetukset\">MMM:n sivuilla<\/a><\/p>\n","protected":false},"excerpt":{"rendered":"<p>Karhu (Ursus arctos) Karhu tappaa poroja koko poronhoitoalueella l\u00e4pi vuosittaisen hereill\u00e4 olon aikansa, mutta erityisen suuria vahinkoja se tekee porotokissa\u00a0kev\u00e4\u00e4ll\u00e4 ja alkukes\u00e4ll\u00e4. Karhun ruokalistalla on runsaasti vasoja, sill\u00e4 karhun lihansy\u00f6nnin huippukausi ja porojen vasontakausi ajoittuvat samaan vuodenaikaan, touko-kes\u00e4kuulle. Karhu sy\u00f6 saaliinsa useimmiten kokonaan, mik\u00e4 vaikuttaa tilastoitujen karhuvahinkojen m\u00e4\u00e4r\u00e4\u00e4n. Karhun sy\u00f6m\u00e4st\u00e4 porosta, etenk\u00e4\u00e4n kes\u00e4vasasta, ei\u00a0yleens\u00e4 j\u00e4\u00e4 [&hellip;]<\/p>\n","protected":false},"author":1,"featured_media":0,"parent":578,"menu_order":3,"comment_status":"open","ping_status":"closed","template":"","meta":{"footnotes":""},"class_list":["post-595","page","type-page","status-publish","hentry"],"_links":{"self":[{"href":"https:\/\/paliskunnat.fi\/py\/wp-json\/wp\/v2\/pages\/595","targetHints":{"allow":["GET"]}}],"collection":[{"href":"https:\/\/paliskunnat.fi\/py\/wp-json\/wp\/v2\/pages"}],"about":[{"href":"https:\/\/paliskunnat.fi\/py\/wp-json\/wp\/v2\/types\/page"}],"author":[{"embeddable":true,"href":"https:\/\/paliskunnat.fi\/py\/wp-json\/wp\/v2\/users\/1"}],"replies":[{"embeddable":true,"href":"https:\/\/paliskunnat.fi\/py\/wp-json\/wp\/v2\/comments?post=595"}],"version-history":[{"count":18,"href":"https:\/\/paliskunnat.fi\/py\/wp-json\/wp\/v2\/pages\/595\/revisions"}],"predecessor-version":[{"id":6713,"href":"https:\/\/paliskunnat.fi\/py\/wp-json\/wp\/v2\/pages\/595\/revisions\/6713"}],"up":[{"embeddable":true,"href":"https:\/\/paliskunnat.fi\/py\/wp-json\/wp\/v2\/pages\/578"}],"wp:attachment":[{"href":"https:\/\/paliskunnat.fi\/py\/wp-json\/wp\/v2\/media?parent=595"}],"curies":[{"name":"wp","href":"https:\/\/api.w.org\/{rel}","templated":true}]}}