{"id":599,"date":"2014-11-05T14:57:50","date_gmt":"2014-11-05T12:57:50","guid":{"rendered":"http:\/\/80.69.171.23\/py\/?page_id=599"},"modified":"2026-02-21T17:40:21","modified_gmt":"2026-02-21T15:40:21","slug":"kotka","status":"publish","type":"page","link":"https:\/\/paliskunnat.fi\/py\/porovahingot\/petoelainvahingot\/kotka\/","title":{"rendered":"Kotka"},"content":{"rendered":"<h2>Maakotka (Aquila chrysaetos)<\/h2>\n<p>Kotkien m\u00e4\u00e4r\u00e4\u00a0poronhoitoalueella on kasvanut l\u00e4helle maksimiaan: kotkien reviirit ovat t\u00e4ynn\u00e4.\u00a0T\u00e4m\u00e4n my\u00f6t\u00e4 my\u00f6s kotkien aiheuttamat porovahingot ovat lis\u00e4\u00e4ntyneet. Kotka\u00a0saalistaa p\u00e4\u00e4asiassa vasoja, jotka se\u00a0kykenee kuljettamaan pes\u00e4\u00e4ns\u00e4.\u00a0Kotka voi kuitenkin tappaa my\u00f6s aikuisen poron lent\u00e4m\u00e4ll\u00e4 sen selk\u00e4\u00e4n ja puhkaisemalla kyntens\u00e4 poron kylkien l\u00e4pi keuhkoihin.<\/p>\n<p>Suomessa vahvin maakotkakanta on juuri poronhoitoalueella. Yli 80 % tunnetuista maakotkan reviireist\u00e4 sijaitsee poronhoitoalueella. Pesivien maakotkien aiheuttamista vahingoista maksetaan paliskunnille reviiripohjaista korvausta.<\/p>\n<p>Merikotkat eiv\u00e4t kuulu kotkakorvausten piiriin.\u00a0Merikotkakannat ovat kasvaneet erityisesti pohjoisen suurten j\u00e4rvien ja tekoj\u00e4rvien alueella viime vuosina huomattavasti. Merikotkan p\u00e4\u00e4asiallinen ravinto koostuu kalasta, mutta Lapissa kalavedet ovat suuren osan vuodesta j\u00e4\u00e4ss\u00e4. Merikotkan tiedet\u00e4\u00e4n k\u00e4ytt\u00e4v\u00e4n pohjoisessa ravintonaan poron haaskojen lis\u00e4ksi my\u00f6s itse saalistettua poroa. Tutkimustietoa asiasta ei kuitenkaan ole.<\/p>\n<p><a href=\"https:\/\/paliskunnat.fi\/py\/wp-content\/uploads\/2026\/02\/maakotkan-pesintatulos-Suomesssa-1990-2025.jpg\" rel=\"lightbox[599]\"><img loading=\"lazy\" decoding=\"async\" class=\"alignnone wp-image-8758\" src=\"https:\/\/paliskunnat.fi\/py\/wp-content\/uploads\/2026\/02\/maakotkan-pesintatulos-Suomesssa-1990-2025.jpg\" alt=\"Maakotkan pesinn\u00e4t Suomessa 1990-2025.\" width=\"460\" height=\"296\" srcset=\"https:\/\/paliskunnat.fi\/py\/wp-content\/uploads\/2026\/02\/maakotkan-pesintatulos-Suomesssa-1990-2025.jpg 1200w, https:\/\/paliskunnat.fi\/py\/wp-content\/uploads\/2026\/02\/maakotkan-pesintatulos-Suomesssa-1990-2025-300x193.jpg 300w, https:\/\/paliskunnat.fi\/py\/wp-content\/uploads\/2026\/02\/maakotkan-pesintatulos-Suomesssa-1990-2025-1024x660.jpg 1024w, https:\/\/paliskunnat.fi\/py\/wp-content\/uploads\/2026\/02\/maakotkan-pesintatulos-Suomesssa-1990-2025-768x495.jpg 768w\" sizes=\"auto, (max-width: 460px) 100vw, 460px\" \/><\/a><\/p>\n<p><a href=\"https:\/\/paliskunnat.fi\/py\/wp-content\/uploads\/2026\/02\/maakotkan-porovahinkokorvaukset-a-1992-2025.jpg\" rel=\"lightbox[599]\"><img loading=\"lazy\" decoding=\"async\" class=\"alignnone wp-image-8763\" src=\"https:\/\/paliskunnat.fi\/py\/wp-content\/uploads\/2026\/02\/maakotkan-porovahinkokorvaukset-a-1992-2025.jpg\" alt=\"Maksetut korvaukset maakotkan porotaloudelle aiheuttamista vahingoista 1992-2025.\" width=\"460\" height=\"312\" srcset=\"https:\/\/paliskunnat.fi\/py\/wp-content\/uploads\/2026\/02\/maakotkan-porovahinkokorvaukset-a-1992-2025.jpg 1200w, https:\/\/paliskunnat.fi\/py\/wp-content\/uploads\/2026\/02\/maakotkan-porovahinkokorvaukset-a-1992-2025-300x204.jpg 300w, https:\/\/paliskunnat.fi\/py\/wp-content\/uploads\/2026\/02\/maakotkan-porovahinkokorvaukset-a-1992-2025-1024x695.jpg 1024w, https:\/\/paliskunnat.fi\/py\/wp-content\/uploads\/2026\/02\/maakotkan-porovahinkokorvaukset-a-1992-2025-768x521.jpg 768w\" sizes=\"auto, (max-width: 460px) 100vw, 460px\" \/><\/a><\/p>\n<p>&nbsp;<\/p>\n<p><!--more--><\/p>\n<h2>Raportti maakotkan, muuttohaukan, tunturihaukan pesinn\u00f6ist\u00e4 2025<\/h2>\n<p>Maakotkien pesim\u00e4tulos oli valtakunnallisesti heikko vuonna 2025. Tunnetuista maakotkareviireist\u00e4 noin 82 % sijaitsee poronhoitoalueella. Aiempien vuosien tapaan Mets\u00e4hallitus maksoi aiemmin tuntemattomasta maa- ja merikotkan pes\u00e4st\u00e4 100 euron l\u00f6yt\u00f6palkkion (merikotkan osalta vain poronhoitoalueelta. Vuonna 2025 poronhoitoalueelta l\u00f6ytyi 18 uutta maakotkan pes\u00e4\u00e4.<\/p>\n<p><a href=\"https:\/\/www.metsa.fi\/suojelu-ja-hoito\/lajien-suojelu\/maakotka\/\">Mets\u00e4hallitus &#8211; maakotka<\/a><\/p>\n<p><a href=\"https:\/\/www.metsa.fi\/suojelu-ja-hoito\/lajien-suojelu\/petolintutilanne\/\">Mets\u00e4hallitus &#8211; Petolintutilanne<\/a> (tilastopalvelu)<\/p>\n<h2>Merikotka hy\u00f6kk\u00e4si pystykorvan kimppuun<\/h2>\n<p>Satakunnan Kansan uutisen mukaan merikotka hy\u00f6kk\u00e4si koirien kimppuun Valkeakoskella. Asiasta raportoi<br \/>\n<a href=\"https:\/\/hirvikota.wordpress.com\/2018\/04\/06\/merikotka-hyokkasi-pystykorvan-kimppuun-valkeakoskella\/\">Hirvikota-blogi<\/a><\/p>\n","protected":false},"excerpt":{"rendered":"<p>Maakotka (Aquila chrysaetos) Kotkien m\u00e4\u00e4r\u00e4\u00a0poronhoitoalueella on kasvanut l\u00e4helle maksimiaan: kotkien reviirit ovat t\u00e4ynn\u00e4.\u00a0T\u00e4m\u00e4n my\u00f6t\u00e4 my\u00f6s kotkien aiheuttamat porovahingot ovat lis\u00e4\u00e4ntyneet. Kotka\u00a0saalistaa p\u00e4\u00e4asiassa vasoja, jotka se\u00a0kykenee kuljettamaan pes\u00e4\u00e4ns\u00e4.\u00a0Kotka voi kuitenkin tappaa my\u00f6s aikuisen poron lent\u00e4m\u00e4ll\u00e4 sen selk\u00e4\u00e4n ja puhkaisemalla kyntens\u00e4 poron kylkien l\u00e4pi keuhkoihin. Suomessa vahvin maakotkakanta on juuri poronhoitoalueella. Yli 80 % tunnetuista maakotkan reviireist\u00e4 [&hellip;]<\/p>\n","protected":false},"author":1,"featured_media":0,"parent":578,"menu_order":5,"comment_status":"open","ping_status":"closed","template":"","meta":{"footnotes":""},"class_list":["post-599","page","type-page","status-publish","hentry"],"_links":{"self":[{"href":"https:\/\/paliskunnat.fi\/py\/wp-json\/wp\/v2\/pages\/599","targetHints":{"allow":["GET"]}}],"collection":[{"href":"https:\/\/paliskunnat.fi\/py\/wp-json\/wp\/v2\/pages"}],"about":[{"href":"https:\/\/paliskunnat.fi\/py\/wp-json\/wp\/v2\/types\/page"}],"author":[{"embeddable":true,"href":"https:\/\/paliskunnat.fi\/py\/wp-json\/wp\/v2\/users\/1"}],"replies":[{"embeddable":true,"href":"https:\/\/paliskunnat.fi\/py\/wp-json\/wp\/v2\/comments?post=599"}],"version-history":[{"count":84,"href":"https:\/\/paliskunnat.fi\/py\/wp-json\/wp\/v2\/pages\/599\/revisions"}],"predecessor-version":[{"id":8764,"href":"https:\/\/paliskunnat.fi\/py\/wp-json\/wp\/v2\/pages\/599\/revisions\/8764"}],"up":[{"embeddable":true,"href":"https:\/\/paliskunnat.fi\/py\/wp-json\/wp\/v2\/pages\/578"}],"wp:attachment":[{"href":"https:\/\/paliskunnat.fi\/py\/wp-json\/wp\/v2\/media?parent=599"}],"curies":[{"name":"wp","href":"https:\/\/api.w.org\/{rel}","templated":true}]}}