{"id":6,"date":"2014-08-05T18:24:11","date_gmt":"2014-08-05T18:24:11","guid":{"rendered":"http:\/\/80.69.171.23\/py\/?page_id=6"},"modified":"2024-03-27T12:21:53","modified_gmt":"2024-03-27T10:21:53","slug":"paliskunnat","status":"publish","type":"page","link":"https:\/\/paliskunnat.fi\/py\/paliskunnat\/","title":{"rendered":"Paliskunnat"},"content":{"rendered":"<h2>Paliskunnat<\/h2>\n<p>Poronhoitolailla (<a href=\"http:\/\/www.finlex.fi\/fi\/laki\/ajantasa\/1990\/19900848\">848\/1990<\/a>) s\u00e4\u00e4dell\u00e4\u00e4n poronhoitoa ja m\u00e4\u00e4ritell\u00e4\u00e4n alue, jolla poronhoitoa saa harjoittaa maanomistuksesta\u00a0riippumatta. Poronhoitoalue on jaettu 54 paliskuntaan. Pohjoisimpien paliskuntien alueella sijaitsevat valtion maat muodostavat erityisesti poronhoitoa varten tarkoitetun alueen. T\u00e4ll\u00e4 alueella olevaa maata ei saa k\u00e4ytt\u00e4\u00e4 niin, ett\u00e4 siit\u00e4 aiheutuu huomattavaa haittaa poronhoidolle. Maan luovuttaminen tai vuokraaminen saa tapahtua vain sill\u00e4 ehdolla, ett\u00e4 maanomistajalla tai vuokramiehell\u00e4 ei ole oikeutta saada korvausta porojen aiheuttamista vahingoista.<\/p>\n<p><a href=\"https:\/\/paliskunnat.fi\/py\/wp-content\/uploads\/2024\/03\/suomen-paliskunnat.jpg\" rel=\"lightbox[6]\"><img loading=\"lazy\" decoding=\"async\" class=\"alignnone wp-image-8295\" src=\"https:\/\/paliskunnat.fi\/py\/wp-content\/uploads\/2024\/03\/suomen-paliskunnat.jpg\" alt=\"Suomen paliskunnat - porotalous\" width=\"460\" height=\"451\" srcset=\"https:\/\/paliskunnat.fi\/py\/wp-content\/uploads\/2024\/03\/suomen-paliskunnat.jpg 900w, https:\/\/paliskunnat.fi\/py\/wp-content\/uploads\/2024\/03\/suomen-paliskunnat-300x294.jpg 300w, https:\/\/paliskunnat.fi\/py\/wp-content\/uploads\/2024\/03\/suomen-paliskunnat-768x753.jpg 768w\" sizes=\"auto, (max-width: 460px) 100vw, 460px\" \/><\/a><\/p>\n<p>Oheinen paliskuntakartta suuriresoluutioisena painotarkoituksiin (<a href=\"https:\/\/paliskunnat.fi\/tiedostot\/suomen_paliskunnat_300dpi.zip\">PNG-tiedosto<\/a>).<\/p>\n<p>Paliskunnat ovat pinta-aloiltaan ja porom\u00e4\u00e4rilt\u00e4\u00e4n erikokoisia poronhoitoyksik\u00f6it\u00e4. Jokainen paliskunta on osakkaidensa muodostama yhteis\u00f6, joka vastaa poronhoidosta alueellaan. Kukin poronomistaja kuuluu yhteen paliskuntaan. Poroja saa omistaa Euroopan talousalueen kansalainen, joka asuu sen kunnan alueella, johon paliskunta osittain tai kokonaan kuuluu.<\/p>\n<p><a href=\"http:\/\/www.finlex.fi\/fi\/laki\/ajantasa\/1990\/19900848#P6\">Poronhoitolaki<\/a>\u00a0s\u00e4\u00e4telee paliskunnan toimintaa ja organisaatiota. Paliskunnan toimintaa johtaa paliskunnan yleisen kokouksen valitsema porois\u00e4nt\u00e4. Lis\u00e4ksi paliskunnan yleinen kokous valitsee varais\u00e4nn\u00e4n ja nelij\u00e4senisen hallituksen. Porois\u00e4nt\u00e4 valitsee paliskunnan rahastonhoitajan. Kaikki paliskunnat ovat lakis\u00e4\u00e4teisesti Paliskuntain yhdistyksen j\u00e4seni\u00e4 ja k\u00e4ytt\u00e4v\u00e4t porois\u00e4nt\u00e4ns\u00e4 v\u00e4lityksell\u00e4 yhdistyksen kokouksessa paliskunnan poroluvun mukaista \u00e4\u00e4nivaltaa.<\/p>\n<p>Poronhoitoasetuksella (<a href=\"https:\/\/www.finlex.fi\/fi\/laki\/ajantasa\/1990\/19900883\">883\/1990<\/a>) s\u00e4\u00e4det\u00e4\u00e4n tarkemmin muun muassa porois\u00e4nn\u00e4n ja paliskunnan teht\u00e4vist\u00e4.<br \/>\n<!--more--><\/p>\n<h2>Asetus merkkipiireist\u00e4 ja porom\u00e4\u00e4rist\u00e4<\/h2>\n<p><a href=\"https:\/\/www.finlex.fi\/fi\/laki\/alkup\/2020\/20200414\">MMM asetus 414\/2020<\/a><\/p>\n<h2>Paliskuntien rajakuvaukset<\/h2>\n<p><a href=\"https:\/\/avi.fi\/asioi\/yritys-tai-yhteiso\/luvat-ilmoitukset-ja-hakemukset\/elaimet\/poroasiat\">Paliskuntarekisteri<\/a> ja viralliset sanalliset rajakuvaukset AVIn verkkosivuilla.<\/p>\n<p>&nbsp;<\/p>\n","protected":false},"excerpt":{"rendered":"<p>Suomen paliskunnat<\/p>\n","protected":false},"author":1,"featured_media":0,"parent":0,"menu_order":2,"comment_status":"open","ping_status":"closed","template":"","meta":{"footnotes":""},"class_list":["post-6","page","type-page","status-publish","hentry"],"_links":{"self":[{"href":"https:\/\/paliskunnat.fi\/py\/wp-json\/wp\/v2\/pages\/6","targetHints":{"allow":["GET"]}}],"collection":[{"href":"https:\/\/paliskunnat.fi\/py\/wp-json\/wp\/v2\/pages"}],"about":[{"href":"https:\/\/paliskunnat.fi\/py\/wp-json\/wp\/v2\/types\/page"}],"author":[{"embeddable":true,"href":"https:\/\/paliskunnat.fi\/py\/wp-json\/wp\/v2\/users\/1"}],"replies":[{"embeddable":true,"href":"https:\/\/paliskunnat.fi\/py\/wp-json\/wp\/v2\/comments?post=6"}],"version-history":[{"count":102,"href":"https:\/\/paliskunnat.fi\/py\/wp-json\/wp\/v2\/pages\/6\/revisions"}],"predecessor-version":[{"id":8296,"href":"https:\/\/paliskunnat.fi\/py\/wp-json\/wp\/v2\/pages\/6\/revisions\/8296"}],"wp:attachment":[{"href":"https:\/\/paliskunnat.fi\/py\/wp-json\/wp\/v2\/media?parent=6"}],"curies":[{"name":"wp","href":"https:\/\/api.w.org\/{rel}","templated":true}]}}