{"id":606,"date":"2014-11-05T15:20:23","date_gmt":"2014-11-05T13:20:23","guid":{"rendered":"http:\/\/80.69.171.23\/py\/?page_id=606"},"modified":"2017-10-03T14:09:00","modified_gmt":"2017-10-03T11:09:00","slug":"seuraukset","status":"publish","type":"page","link":"https:\/\/paliskunnat.fi\/py\/porovahingot\/petoelainvahingot\/seuraukset\/","title":{"rendered":"Vahinkojen seuraukset"},"content":{"rendered":"<h2>Petovahinkojen seuraukset<\/h2>\n<p>Suomessa maasuurpetojen aiheuttamista l\u00f6ydetyist\u00e4 vahingoista\u00a0liki 95\u00a0prosenttia kohdistuu poroihin.\u00a0Poroja menetet\u00e4\u00e4n\u00a0pedoille vuosittain kaikkiaan noin 25 000-35 000.\u00a0N\u00e4ist\u00e4 arviolta noin viidennes l\u00f6ytyy maastosta.<\/p>\n<p>Porot laiduntavat laajoilla alueilla erityyppisiss\u00e4 maastoissa. Raato katoaa maastosta nopeasti petojen ja erilaisten haaskansy\u00f6jien suihin. T\u00e4st\u00e4 johtuen valtaosa petojen tappamista poroista j\u00e4\u00e4 l\u00f6ytym\u00e4tt\u00e4. Lis\u00e4ksi petokorvauksen saaminen edellytt\u00e4\u00e4 poron kuolinsyyn selvitt\u00e4mist\u00e4, joka puolestaan edellytt\u00e4\u00e4 raadon l\u00f6ytymist\u00e4 melko tuoreeltaan. Vanhemman haaskan kuolinsyyt\u00e4 on\u00a0usein\u00a0mahdotonta todentaa, jolloin my\u00f6sk\u00e4\u00e4n korvauksia siit\u00e4 ei ole mahdollista saada.<\/p>\n<p><a href=\"https:\/\/paliskunnat.fi\/py\/wp-content\/uploads\/2014\/11\/petojentappamatporot.jpg\" rel=\"lightbox[606]\"><img loading=\"lazy\" decoding=\"async\" class=\"alignnone wp-image-1661\" src=\"https:\/\/paliskunnat.fi\/py\/wp-content\/uploads\/2014\/11\/petojentappamatporot.jpg\" alt=\"Petojen tappamien porojen p\u00e4\u00e4t ker\u00e4ttyn\u00e4 todisteena vahingoista\" width=\"500\" height=\"282\" srcset=\"https:\/\/paliskunnat.fi\/py\/wp-content\/uploads\/2014\/11\/petojentappamatporot.jpg 1000w, https:\/\/paliskunnat.fi\/py\/wp-content\/uploads\/2014\/11\/petojentappamatporot-300x168.jpg 300w\" sizes=\"auto, (max-width: 500px) 100vw, 500px\" \/><\/a><\/p>\n\n\t\t<style type=\"text\/css\">\n\t\t\t#gallery-1 {\n\t\t\t\tmargin: auto;\n\t\t\t}\n\t\t\t#gallery-1 .gallery-item {\n\t\t\t\tfloat: left;\n\t\t\t\tmargin-top: 10px;\n\t\t\t\ttext-align: center;\n\t\t\t\twidth: 33%;\n\t\t\t}\n\t\t\t#gallery-1 img {\n\t\t\t\tborder: 2px solid #cfcfcf;\n\t\t\t}\n\t\t\t#gallery-1 .gallery-caption {\n\t\t\t\tmargin-left: 0;\n\t\t\t}\n\t\t\t\/* see gallery_shortcode() in wp-includes\/media.php *\/\n\t\t<\/style>\n\t\t<div id='gallery-1' class='gallery galleryid-606 gallery-columns-3 gallery-size-thumbnail'><dl class='gallery-item'>\n\t\t\t<dt class='gallery-icon landscape'>\n\t\t\t\t<a href='https:\/\/paliskunnat.fi\/py\/wp-content\/uploads\/2014\/11\/mielenosoitus_a.jpg' rel=\"lightbox[606]\"><img loading=\"lazy\" decoding=\"async\" width=\"150\" height=\"150\" src=\"https:\/\/paliskunnat.fi\/py\/wp-content\/uploads\/2014\/11\/mielenosoitus_a-150x150.jpg\" class=\"attachment-thumbnail size-thumbnail\" alt=\"\" \/><\/a>\n\t\t\t<\/dt><\/dl><dl class='gallery-item'>\n\t\t\t<dt class='gallery-icon landscape'>\n\t\t\t\t<a href='https:\/\/paliskunnat.fi\/py\/wp-content\/uploads\/2014\/11\/mielenosoitus_c.jpg' rel=\"lightbox[606]\"><img loading=\"lazy\" decoding=\"async\" width=\"150\" height=\"150\" src=\"https:\/\/paliskunnat.fi\/py\/wp-content\/uploads\/2014\/11\/mielenosoitus_c-150x150.jpg\" class=\"attachment-thumbnail size-thumbnail\" alt=\"\" \/><\/a>\n\t\t\t<\/dt><\/dl><dl class='gallery-item'>\n\t\t\t<dt class='gallery-icon landscape'>\n\t\t\t\t<a href='https:\/\/paliskunnat.fi\/py\/wp-content\/uploads\/2014\/11\/mielenosoitus_b.jpg' rel=\"lightbox[606]\"><img loading=\"lazy\" decoding=\"async\" width=\"150\" height=\"150\" src=\"https:\/\/paliskunnat.fi\/py\/wp-content\/uploads\/2014\/11\/mielenosoitus_b-150x150.jpg\" class=\"attachment-thumbnail size-thumbnail\" alt=\"\" \/><\/a>\n\t\t\t<\/dt><\/dl><br style=\"clear: both\" \/>\n\t\t<\/div>\n\n<p>&nbsp;<\/p>\n<p>Talvella lumij\u00e4ljet mahdollistavat paremmin petojen liikkumisen seurannan ja raatojen etsinn\u00e4n. Lumettomana aikana\u00a0petojen liikkeit\u00e4 on kuitenkin\u00a0l\u00e4hes mahdotonta seurata, kun j\u00e4lki\u00e4 ei maastoon j\u00e4\u00e4. Petojen\u00a0tappamia poroja l\u00f6ydet\u00e4\u00e4nkin\u00a0t\u00e4ll\u00f6in p\u00e4\u00e4osin sattumalta.\u00a0Muutamilla poronhoitoalueen etel\u00e4osan\u00a0paliskunnilla on k\u00e4yt\u00f6ss\u00e4 ns. kuolinkelloja kuolleiden porojen paikantamiseen. Kellojen avulla haaska l\u00f6ytyy nopeasti ja sen kuolinsyy on mahdollista todentaa. Porom\u00e4\u00e4rist\u00e4 ja katvealueista johtuen nykyteknologia ei kuitenkaan viel\u00e4 tarjoa ongelmaan apua kaikkialla.<\/p>\n<p>Petovahinkojen m\u00e4\u00e4r\u00e4n kasvu johtuu p\u00e4\u00e4asiassa poronhoitoalueella vahvistuneista petokannoista. Vuosittaista vaihtelua vahinkom\u00e4\u00e4riin aiheuttavat ensisijassa s\u00e4\u00e4- eli saalistusolosuhteet sek\u00e4 muiden ravinnoksi sopiven saalisel\u00e4inten saatavuus. Runsaiden myyr\u00e4el\u00e4invuosien\u00a0j\u00e4lkeen petojen aiheuttamat porovahingot n\u00e4ytt\u00e4v\u00e4t kasvavan harpaten. T\u00e4m\u00e4 johtunee petojen j\u00e4lkikasvun poikkeuksellisen hyv\u00e4st\u00e4 selviytymisest\u00e4 aikuisik\u00e4\u00e4n.<\/p>\n<p>Viime vuosina erityisesti ahman aiheuttamien porovahinkojen\u00a0m\u00e4\u00e4r\u00e4 on kasvanut paljon.\u00a0Vuonna 2013 petojen tappamana l\u00f6ydetyist\u00e4 poroista 68 prosenttia oli tappanut ahma. M\u00e4\u00e4r\u00e4llisesti suurimmat vahinkokertym\u00e4t ovat Saamelaisten kotiseutualueeseen kuuluvissa tunturipaliskunnissa. My\u00f6s it\u00e4rajan paliskunnissa Inarista Suomussalmelle saakka vahinkokertym\u00e4t ovat mittavat.<\/p>\n<p>Suurpetojen aiheuttamat vahingot vaikuttavat poronhoitoon monella tavalla. Pahimmilla vahinkoalueilla\u00a0peto-ongelmien aikaansaama taloudellinen, sosiaalinen ja psyykkinen\u00a0paine on mittava.<\/p>\n<p>&nbsp;<\/p>\n<p>&nbsp;<\/p>\n<p><!--more--><\/p>\n<h2>Poronhoitajien hyvinvoinnin uhat ja avun tarpeet<\/h2>\n<p><a href=\"https:\/\/lauda.ulapland.fi\/bitstream\/handle\/10024\/61819\/Porohoitajien_hyvinvoinnin_uhat_ja_avun_tarpeetpdfA.pdf?sequence=4\">Anneli Pohjola &amp; Jarno Valkonen (toim.) 2012, Lapin yliopisto<\/a><\/p>\n<h2>Selvitys petojen aiheuttamien vahinkojen vaikutuksista poronhoidolle ja toimenpiteet pedoista aiheutuvien ongelmien ratkaisemiseksi<\/h2>\n<p><a href=\"http:\/\/www.lappi.fi\/lapinliitto\/c\/document_library\/get_file?folderId=223971&amp;name=DLFE-6999.pdf\">Lapin liitto 2011 (PDF)<\/a><\/p>\n","protected":false},"excerpt":{"rendered":"<p>Petovahinkojen seuraukset Suomessa maasuurpetojen aiheuttamista l\u00f6ydetyist\u00e4 vahingoista\u00a0liki 95\u00a0prosenttia kohdistuu poroihin.\u00a0Poroja menetet\u00e4\u00e4n\u00a0pedoille vuosittain kaikkiaan noin 25 000-35 000.\u00a0N\u00e4ist\u00e4 arviolta noin viidennes l\u00f6ytyy maastosta. Porot laiduntavat laajoilla alueilla erityyppisiss\u00e4 maastoissa. Raato katoaa maastosta nopeasti petojen ja erilaisten haaskansy\u00f6jien suihin. T\u00e4st\u00e4 johtuen valtaosa petojen tappamista poroista j\u00e4\u00e4 l\u00f6ytym\u00e4tt\u00e4. Lis\u00e4ksi petokorvauksen saaminen edellytt\u00e4\u00e4 poron kuolinsyyn selvitt\u00e4mist\u00e4, joka puolestaan edellytt\u00e4\u00e4 [&hellip;]<\/p>\n","protected":false},"author":1,"featured_media":0,"parent":578,"menu_order":6,"comment_status":"open","ping_status":"closed","template":"","meta":{"footnotes":""},"class_list":["post-606","page","type-page","status-publish","hentry"],"_links":{"self":[{"href":"https:\/\/paliskunnat.fi\/py\/wp-json\/wp\/v2\/pages\/606","targetHints":{"allow":["GET"]}}],"collection":[{"href":"https:\/\/paliskunnat.fi\/py\/wp-json\/wp\/v2\/pages"}],"about":[{"href":"https:\/\/paliskunnat.fi\/py\/wp-json\/wp\/v2\/types\/page"}],"author":[{"embeddable":true,"href":"https:\/\/paliskunnat.fi\/py\/wp-json\/wp\/v2\/users\/1"}],"replies":[{"embeddable":true,"href":"https:\/\/paliskunnat.fi\/py\/wp-json\/wp\/v2\/comments?post=606"}],"version-history":[{"count":51,"href":"https:\/\/paliskunnat.fi\/py\/wp-json\/wp\/v2\/pages\/606\/revisions"}],"predecessor-version":[{"id":5360,"href":"https:\/\/paliskunnat.fi\/py\/wp-json\/wp\/v2\/pages\/606\/revisions\/5360"}],"up":[{"embeddable":true,"href":"https:\/\/paliskunnat.fi\/py\/wp-json\/wp\/v2\/pages\/578"}],"wp:attachment":[{"href":"https:\/\/paliskunnat.fi\/py\/wp-json\/wp\/v2\/media?parent=606"}],"curies":[{"name":"wp","href":"https:\/\/api.w.org\/{rel}","templated":true}]}}