{"id":608,"date":"2014-11-05T15:21:55","date_gmt":"2014-11-05T13:21:55","guid":{"rendered":"http:\/\/80.69.171.23\/py\/?page_id=608"},"modified":"2026-03-06T14:15:08","modified_gmt":"2026-03-06T12:15:08","slug":"petovahinkokorvaukset","status":"publish","type":"page","link":"https:\/\/paliskunnat.fi\/py\/porovahingot\/petoelainvahingot\/petovahinkokorvaukset\/","title":{"rendered":"Petovahinkokorvaukset"},"content":{"rendered":"<h2>Petovahinkokorvaukset<\/h2>\n<p>Nykyisen korvausj\u00e4rjestelm\u00e4n puitteissa arviolta noin puolet\u00a0petojen poronhoidolle aiheuttamista suorista vahingoista korvataan vahingonk\u00e4rsij\u00f6ille.<\/p>\n<p>Pedon tappamaksi joutuneen poron omistajalle tai, milloin omistajaa ei voida selvitt\u00e4\u00e4, paliskunnalle\u00a0maksetaan korvauksia petojen tekemist\u00e4 vahingoista. Suoriin kokonaisvahinkoihin kuuluvat menetettyjen porojen ja siitostuoton lis\u00e4ksi ylim\u00e4\u00e4r\u00e4isest\u00e4 paimennuksesta tai\u00a0aitaamisesta, vahinkojen etsinn\u00e4st\u00e4 sek\u00e4 vahinkoa tekevien petojen poistoprosesseista syntyv\u00e4t kustannukset.<\/p>\n<p>Petojen aiheuttamien porovahinkojen korvausperusteet jaetaan kahteen osaan: porovahinkoihin ja vasah\u00e4vikkiin.<\/p>\n<p><a href=\"https:\/\/paliskunnat.fi\/py\/wp-content\/uploads\/2026\/03\/petovahinkokorvaukset-suomessa-2000-2025.jpg\" rel=\"lightbox[608]\"><img loading=\"lazy\" decoding=\"async\" class=\"alignnone wp-image-8794\" src=\"https:\/\/paliskunnat.fi\/py\/wp-content\/uploads\/2026\/03\/petovahinkokorvaukset-suomessa-2000-2025.jpg\" alt=\"Petovahinkokorvaukset maasuurpetojen aiheuttamista porovahingoista 2000-2025.\" width=\"460\" height=\"288\" srcset=\"https:\/\/paliskunnat.fi\/py\/wp-content\/uploads\/2026\/03\/petovahinkokorvaukset-suomessa-2000-2025.jpg 1200w, https:\/\/paliskunnat.fi\/py\/wp-content\/uploads\/2026\/03\/petovahinkokorvaukset-suomessa-2000-2025-300x188.jpg 300w, https:\/\/paliskunnat.fi\/py\/wp-content\/uploads\/2026\/03\/petovahinkokorvaukset-suomessa-2000-2025-1024x640.jpg 1024w, https:\/\/paliskunnat.fi\/py\/wp-content\/uploads\/2026\/03\/petovahinkokorvaukset-suomessa-2000-2025-768x480.jpg 768w\" sizes=\"auto, (max-width: 460px) 100vw, 460px\" \/><\/a><\/p>\n<p>Porovahingot korvataan\u00a0<a href=\"http:\/\/www.finlex.fi\/fi\/laki\/ajantasa\/2009\/20090105\"><strong>Riistavahinkolain\u00a0<\/strong><\/a>(105\/2009) mukaisesti poronomistajalle tai paliskunnalle valtion talousarvion rajoissa. Mik\u00e4li korvauksia ei voida suorittaa talousarvion puitteissa t\u00e4ysim\u00e4\u00e4r\u00e4isesti, v\u00e4hennet\u00e4\u00e4n jokaiselta korvaukseen oikeutetulta korvauksen m\u00e4\u00e4r\u00e4\u00e4 samassa suhteessa. Lis\u00e4ksi Suomen EU:lta pyyt\u00e4m\u00e4 vuotuinen enimm\u00e4ism\u00e4\u00e4r\u00e4 porovahinkojen korvaamiseksi kansallisista varoista on t\u00e4ll\u00e4 hetkell\u00e4 10 miljoonaa euroa.<\/p>\n<p>Porovahingosta voidaan korvata enint\u00e4\u00e4n suurpedon tappaman tai suurpetovahingon takia lopetetun poron k\u00e4yp\u00e4\u00e4 arvoa vastaava m\u00e4\u00e4r\u00e4 puolitoistakertaisena.\u00a0Lis\u00e4ksi paliskunnalle voidaan maksaa poronomistajille edelleen jaettavaksi vasonnan ja marraskuun viimeisen p\u00e4iv\u00e4n v\u00e4liselt\u00e4 ajalta laskennallisin perustein m\u00e4\u00e4r\u00e4ytyv\u00e4\u00e4 korvausta suurpetojen aiheuttamien vahinkojen vuoksi kadoksiin j\u00e4\u00e4neist\u00e4 poronvasoista (vasah\u00e4vikkikorvaus) (<a href=\"http:\/\/www.finlex.fi\/fi\/laki\/ajantasa\/2009\/20090105#P14\"><strong>Riistavahinkolaki\u00a0<\/strong><\/a>14 \u00a7 1 mom.).<\/p>\n<p>Maaseutuvirasto antaa tarkemmat m\u00e4\u00e4r\u00e4ykset porovahinkojen korvaamisessa k\u00e4ytett\u00e4vist\u00e4 k\u00e4yvist\u00e4 arvoista porolajeittain v\u00e4hint\u00e4\u00e4n viiden vuoden v\u00e4lein. K\u00e4yp\u00e4 arvo m\u00e4\u00e4ritet\u00e4\u00e4n porolajin keskim\u00e4\u00e4r\u00e4isen painon ja porolajikohtaisen siitoskertoimen sek\u00e4 poronlihan tuottajahinnan perusteella. (<a href=\"https:\/\/www.finlex.fi\/fi\/laki\/ajantasa\/2009\/20090105#P13\"><strong>Riistavahinkolaki<\/strong><\/a>\u00a013 \u00a7 3 mom.). Vasah\u00e4vikkikorvauksen laskennassa k\u00e4ytett\u00e4v\u00e4 poronlihan tuottajahinta on m\u00e4\u00e4r\u00e4tt\u00e4v\u00e4 kolmen viimeksi kuluneen poronhoitovuoden tuottajahintojen keskiarvona (<a href=\"http:\/\/www.finlex.fi\/fi\/laki\/ajantasa\/2009\/20090105#P14\"><strong>Riistavahinkolaki<\/strong><\/a>\u00a014 \u00a7 3 mom.).<\/p>\n<p>Vasah\u00e4vikkikorvaus lasketaan paliskunnittain poronlihan tuottajahinnan ja poronhoitoalueelle arvioidun vasontaprosentin sek\u00e4 paliskunnan alueen vaadinten m\u00e4\u00e4r\u00e4n ja paliskunnan alueelle arvioidun suurpetojen aiheuttaman vasakuolleisuusprosentin perusteella. (<a href=\"http:\/\/www.finlex.fi\/fi\/laki\/ajantasa\/2009\/20090105#P14\"><strong>Riistavahinkolaki<\/strong><\/a>\u00a014 \u00a7 2 mom.) Tarkemmat s\u00e4\u00e4nn\u00f6kset poronhoitoalueella arvioidusta vasontaprosentista ja paliskunnittain arvioiduista vasakuolleisuusprosenteista annetaan valtioneuvoston asetuksella v\u00e4hint\u00e4\u00e4n kolmen vuoden v\u00e4lein.<\/p>\n<p>Maasuurpetojen aiheuttamien porovahinkokorvausten m\u00e4\u00e4r\u00e4\u00e4n vaikuttavat suorimmin 1) petojen m\u00e4\u00e4r\u00e4st\u00e4 johtuva porovahinkojen m\u00e4\u00e4r\u00e4 ja poikkeuksellisten suurten porovahinkojen levinneisyys ja 2) poronlihan hinta.<\/p>\n<p>Porovahingot ja sit\u00e4 my\u00f6t\u00e4 vahinkojen korvaussummat ovat olleen kasvusuunnassa koko Suomen EU-j\u00e4senyyden ja sen my\u00f6t\u00e4 muuttuneet suojelupolitiikan ajan. Vuosituhannen vaihteessa vahinkojen korvaussummat olivat hetken alhaisemmalla tasolla, mutta vuodesta 2004 l\u00e4htenyt vahinkokorvausten nousu on ollut mittava. T\u00e4m\u00e4 johtuu sek\u00e4 vahinkom\u00e4\u00e4rien jatkuvasta kasvusta ett\u00e4 poronlihan suotuisasta hintakehityksest\u00e4.<\/p>\n<p>&nbsp;<\/p>\n<p><!--more--><\/p>\n<h2>Suurpetovahingot<\/h2>\n<p>Maa- ja mets\u00e4talousministeri\u00f6:<br \/>\n<a href=\"https:\/\/mmm.fi\/riista\/riistavahingot\/suurpetovahingot\">Suurpetovahingot<\/a><\/p>\n<h2>Valtio ei pysty korvaamaan<\/h2>\n<p>Porovahingot kasvavat entisest\u00e4\u00e4n, koska ahmoille ei my\u00f6nnet\u00e4 pyyntilupia &#8211; valtio ei pysty korvaamaan tuhoja kokonaan<br \/>\n(<a href=\"https:\/\/yle.fi\/a\/74-20026744\">Yle Luonto 12.4.2023<\/a>).<\/p>\n","protected":false},"excerpt":{"rendered":"<p>Petovahinkokorvaukset Nykyisen korvausj\u00e4rjestelm\u00e4n puitteissa arviolta noin puolet\u00a0petojen poronhoidolle aiheuttamista suorista vahingoista korvataan vahingonk\u00e4rsij\u00f6ille. Pedon tappamaksi joutuneen poron omistajalle tai, milloin omistajaa ei voida selvitt\u00e4\u00e4, paliskunnalle\u00a0maksetaan korvauksia petojen tekemist\u00e4 vahingoista. Suoriin kokonaisvahinkoihin kuuluvat menetettyjen porojen ja siitostuoton lis\u00e4ksi ylim\u00e4\u00e4r\u00e4isest\u00e4 paimennuksesta tai\u00a0aitaamisesta, vahinkojen etsinn\u00e4st\u00e4 sek\u00e4 vahinkoa tekevien petojen poistoprosesseista syntyv\u00e4t kustannukset. Petojen aiheuttamien porovahinkojen korvausperusteet jaetaan kahteen [&hellip;]<\/p>\n","protected":false},"author":1,"featured_media":0,"parent":578,"menu_order":7,"comment_status":"open","ping_status":"closed","template":"","meta":{"footnotes":""},"class_list":["post-608","page","type-page","status-publish","hentry"],"_links":{"self":[{"href":"https:\/\/paliskunnat.fi\/py\/wp-json\/wp\/v2\/pages\/608","targetHints":{"allow":["GET"]}}],"collection":[{"href":"https:\/\/paliskunnat.fi\/py\/wp-json\/wp\/v2\/pages"}],"about":[{"href":"https:\/\/paliskunnat.fi\/py\/wp-json\/wp\/v2\/types\/page"}],"author":[{"embeddable":true,"href":"https:\/\/paliskunnat.fi\/py\/wp-json\/wp\/v2\/users\/1"}],"replies":[{"embeddable":true,"href":"https:\/\/paliskunnat.fi\/py\/wp-json\/wp\/v2\/comments?post=608"}],"version-history":[{"count":82,"href":"https:\/\/paliskunnat.fi\/py\/wp-json\/wp\/v2\/pages\/608\/revisions"}],"predecessor-version":[{"id":8796,"href":"https:\/\/paliskunnat.fi\/py\/wp-json\/wp\/v2\/pages\/608\/revisions\/8796"}],"up":[{"embeddable":true,"href":"https:\/\/paliskunnat.fi\/py\/wp-json\/wp\/v2\/pages\/578"}],"wp:attachment":[{"href":"https:\/\/paliskunnat.fi\/py\/wp-json\/wp\/v2\/media?parent=608"}],"curies":[{"name":"wp","href":"https:\/\/api.w.org\/{rel}","templated":true}]}}