{"id":611,"date":"2014-11-05T15:23:42","date_gmt":"2014-11-05T13:23:42","guid":{"rendered":"http:\/\/80.69.171.23\/py\/?page_id=611"},"modified":"2024-03-17T18:28:03","modified_gmt":"2024-03-17T16:28:03","slug":"haaskakuvaus","status":"publish","type":"page","link":"https:\/\/paliskunnat.fi\/py\/porovahingot\/petoelainvahingot\/haaskakuvaus\/","title":{"rendered":"Haaskakuvaus"},"content":{"rendered":"<h2>Haaskakuvaus<\/h2>\n<p>Nykyisell\u00e4\u00e4n petojen haaskakuvaustoiminta on Suomessa s\u00e4\u00e4telem\u00e4t\u00f6nt\u00e4, eik\u00e4 tutkimustietoa toiminnan aiheuttamista vahingoista ja haitasta ole. Tilanne aiheuttaa massiivisia ongelmia erityisesti etel\u00e4isell\u00e4 poronhoitoalueella, miss\u00e4 haaskakuvaustoimintaa aktiivisemmin harrastetaan. Alueilla, joilla petokannat ovat suuria, jo yksitt\u00e4inen haaskakuvauspaikka ker\u00e4\u00e4 ymp\u00e4rilleen eritt\u00e4in tihe\u00e4n petokeskittym\u00e4n.<\/p>\n<p><a href=\"http:\/\/paliskunnat.fi\/py\/wp-content\/uploads\/2019\/11\/bear_finland.jpg\" rel=\"lightbox[611]\"><img loading=\"lazy\" decoding=\"async\" class=\"alignnone wp-image-6278\" src=\"http:\/\/paliskunnat.fi\/py\/wp-content\/uploads\/2019\/11\/bear_finland.jpg\" alt=\"Karhuemo pentuineen suolla. Kuvan kuvauspaikkaa ei ole m\u00e4\u00e4ritelty. Saajaja [&lt;a href=&quot;https:\/\/creativecommons.org\/licenses\/by-sa\/3.0&quot;&gt;CC BY-SA 3.0&lt;\/a&gt;], via Wikimedia Commons\" width=\"460\" height=\"259\" srcset=\"https:\/\/paliskunnat.fi\/py\/wp-content\/uploads\/2019\/11\/bear_finland.jpg 1200w, https:\/\/paliskunnat.fi\/py\/wp-content\/uploads\/2019\/11\/bear_finland-300x169.jpg 300w, https:\/\/paliskunnat.fi\/py\/wp-content\/uploads\/2019\/11\/bear_finland-1024x576.jpg 1024w, https:\/\/paliskunnat.fi\/py\/wp-content\/uploads\/2019\/11\/bear_finland-768x432.jpg 768w\" sizes=\"auto, (max-width: 460px) 100vw, 460px\" \/><\/a><\/p>\n<p>Petokeskittymien alueella ja l\u00e4heisyydess\u00e4 porovahinkojen m\u00e4\u00e4r\u00e4 kasvaa. T\u00e4st\u00e4 syyst\u00e4 haaskakuvauspaikat aiheuttavat huomattavia menetyksi\u00e4 poronhoidolle. Mets\u00e4hallitus ei my\u00f6nn\u00e4 valtion maille haaskakuvauslupia. Yksityismaiden osalta asian pikainen s\u00e4\u00e4ntely on v\u00e4ltt\u00e4m\u00e4t\u00f6nt\u00e4. My\u00f6s tutkimustietoa asiasta tarvitaan s\u00e4\u00e4ntelyn pohjaksi.<\/p>\n<p><a href=\"https:\/\/paliskunnat.fi\/py\/wp-content\/uploads\/2020\/03\/haaskakuvauspaikat-ita-suomi-ruokavirasto-2019.jpg\" rel=\"lightbox[611]\"><img loading=\"lazy\" decoding=\"async\" class=\"alignnone wp-image-6412\" src=\"https:\/\/paliskunnat.fi\/py\/wp-content\/uploads\/2020\/03\/haaskakuvauspaikat-ita-suomi-ruokavirasto-2019.jpg\" alt=\"Haaskakuvauspaikat poronhoitoalueella tai v\u00e4litt\u00f6m\u00e4ss\u00e4 l\u00e4heisyydess\u00e4 2019. L\u00e4hde: Ruokavirasto.\" width=\"460\" height=\"655\" srcset=\"https:\/\/paliskunnat.fi\/py\/wp-content\/uploads\/2020\/03\/haaskakuvauspaikat-ita-suomi-ruokavirasto-2019.jpg 632w, https:\/\/paliskunnat.fi\/py\/wp-content\/uploads\/2020\/03\/haaskakuvauspaikat-ita-suomi-ruokavirasto-2019-211x300.jpg 211w\" sizes=\"auto, (max-width: 460px) 100vw, 460px\" \/><\/a><\/p>\n<p><!--more--><\/p>\n<h2>Haaskakuvauksen haasteita<\/h2>\n<p>Suurpetojen haaskakuvauspalveluista voi aiheutua vaaraa l\u00e4hiymp\u00e4rist\u00f6\u00f6n (<a href=\"https:\/\/tukes.fi\/-\/suurpetojen-haaskakuvauspalveluista-voi-aiheutua-vaaraa-lahiymparistoon\">Tukes tiedote 10\/2019<\/a>).<\/p>\n","protected":false},"excerpt":{"rendered":"<p>Haaskakuvaus Nykyisell\u00e4\u00e4n petojen haaskakuvaustoiminta on Suomessa s\u00e4\u00e4telem\u00e4t\u00f6nt\u00e4, eik\u00e4 tutkimustietoa toiminnan aiheuttamista vahingoista ja haitasta ole. Tilanne aiheuttaa massiivisia ongelmia erityisesti etel\u00e4isell\u00e4 poronhoitoalueella, miss\u00e4 haaskakuvaustoimintaa aktiivisemmin harrastetaan. Alueilla, joilla petokannat ovat suuria, jo yksitt\u00e4inen haaskakuvauspaikka ker\u00e4\u00e4 ymp\u00e4rilleen eritt\u00e4in tihe\u00e4n petokeskittym\u00e4n. Petokeskittymien alueella ja l\u00e4heisyydess\u00e4 porovahinkojen m\u00e4\u00e4r\u00e4 kasvaa. T\u00e4st\u00e4 syyst\u00e4 haaskakuvauspaikat aiheuttavat huomattavia menetyksi\u00e4 poronhoidolle. Mets\u00e4hallitus ei [&hellip;]<\/p>\n","protected":false},"author":1,"featured_media":0,"parent":578,"menu_order":8,"comment_status":"open","ping_status":"closed","template":"","meta":{"footnotes":""},"class_list":["post-611","page","type-page","status-publish","hentry"],"_links":{"self":[{"href":"https:\/\/paliskunnat.fi\/py\/wp-json\/wp\/v2\/pages\/611","targetHints":{"allow":["GET"]}}],"collection":[{"href":"https:\/\/paliskunnat.fi\/py\/wp-json\/wp\/v2\/pages"}],"about":[{"href":"https:\/\/paliskunnat.fi\/py\/wp-json\/wp\/v2\/types\/page"}],"author":[{"embeddable":true,"href":"https:\/\/paliskunnat.fi\/py\/wp-json\/wp\/v2\/users\/1"}],"replies":[{"embeddable":true,"href":"https:\/\/paliskunnat.fi\/py\/wp-json\/wp\/v2\/comments?post=611"}],"version-history":[{"count":18,"href":"https:\/\/paliskunnat.fi\/py\/wp-json\/wp\/v2\/pages\/611\/revisions"}],"predecessor-version":[{"id":8270,"href":"https:\/\/paliskunnat.fi\/py\/wp-json\/wp\/v2\/pages\/611\/revisions\/8270"}],"up":[{"embeddable":true,"href":"https:\/\/paliskunnat.fi\/py\/wp-json\/wp\/v2\/pages\/578"}],"wp:attachment":[{"href":"https:\/\/paliskunnat.fi\/py\/wp-json\/wp\/v2\/media?parent=611"}],"curies":[{"name":"wp","href":"https:\/\/api.w.org\/{rel}","templated":true}]}}