{"id":6120,"date":"2019-04-11T13:22:10","date_gmt":"2019-04-11T10:22:10","guid":{"rendered":"http:\/\/paliskunnat.fi\/py\/?page_id=6120"},"modified":"2026-02-22T07:14:16","modified_gmt":"2026-02-22T05:14:16","slug":"liikennevahingot","status":"publish","type":"page","link":"https:\/\/paliskunnat.fi\/py\/materiaalit\/tilastot\/liikennevahingot\/","title":{"rendered":"Liikennevahingot"},"content":{"rendered":"<h2>Liikennevahingot paliskunnittain<\/h2>\n<p>Autojen ja junien alle j\u00e4\u00e4neet porot. Klikkaamalla kuvaa n\u00e4et graafin suuremmassa koossa.<\/p>\n<p><a href=\"https:\/\/paliskunnat.fi\/py\/wp-content\/uploads\/2026\/02\/liikenteen-aiheuttamat-porovahingot-2025.jpg\" rel=\"lightbox[6120]\"><img loading=\"lazy\" decoding=\"async\" class=\"alignnone wp-image-8770\" src=\"https:\/\/paliskunnat.fi\/py\/wp-content\/uploads\/2026\/02\/liikenteen-aiheuttamat-porovahingot-2025.jpg\" alt=\"Liikenteen poroille aiheuttamat vahingot 2025.\" width=\"460\" height=\"366\" srcset=\"https:\/\/paliskunnat.fi\/py\/wp-content\/uploads\/2026\/02\/liikenteen-aiheuttamat-porovahingot-2025.jpg 1200w, https:\/\/paliskunnat.fi\/py\/wp-content\/uploads\/2026\/02\/liikenteen-aiheuttamat-porovahingot-2025-300x239.jpg 300w, https:\/\/paliskunnat.fi\/py\/wp-content\/uploads\/2026\/02\/liikenteen-aiheuttamat-porovahingot-2025-1024x814.jpg 1024w, https:\/\/paliskunnat.fi\/py\/wp-content\/uploads\/2026\/02\/liikenteen-aiheuttamat-porovahingot-2025-768x611.jpg 768w\" sizes=\"auto, (max-width: 460px) 100vw, 460px\" \/><\/a><\/p>\n<p><a href=\"https:\/\/paliskunnat.fi\/py\/wp-content\/uploads\/2025\/02\/liikenteen-poroille-aiheuttamat-vahingot-2024-1.jpg\" rel=\"lightbox[6120]\"><img loading=\"lazy\" decoding=\"async\" class=\"alignnone wp-image-8530\" src=\"https:\/\/paliskunnat.fi\/py\/wp-content\/uploads\/2025\/02\/liikenteen-poroille-aiheuttamat-vahingot-2024-1.jpg\" alt=\"Liikenteen poroille aiheuttamat vahingot 2024.\" width=\"460\" height=\"366\" srcset=\"https:\/\/paliskunnat.fi\/py\/wp-content\/uploads\/2025\/02\/liikenteen-poroille-aiheuttamat-vahingot-2024-1.jpg 1200w, https:\/\/paliskunnat.fi\/py\/wp-content\/uploads\/2025\/02\/liikenteen-poroille-aiheuttamat-vahingot-2024-1-300x239.jpg 300w, https:\/\/paliskunnat.fi\/py\/wp-content\/uploads\/2025\/02\/liikenteen-poroille-aiheuttamat-vahingot-2024-1-1024x815.jpg 1024w, https:\/\/paliskunnat.fi\/py\/wp-content\/uploads\/2025\/02\/liikenteen-poroille-aiheuttamat-vahingot-2024-1-768x611.jpg 768w\" sizes=\"auto, (max-width: 460px) 100vw, 460px\" \/><\/a><\/p>\n<p><a href=\"https:\/\/paliskunnat.fi\/py\/wp-content\/uploads\/2025\/02\/liikenteen-poroille-aiheuttamat-vahingot-2023.jpg\" rel=\"lightbox[6120]\"><img loading=\"lazy\" decoding=\"async\" class=\"alignnone wp-image-8528\" src=\"https:\/\/paliskunnat.fi\/py\/wp-content\/uploads\/2025\/02\/liikenteen-poroille-aiheuttamat-vahingot-2023.jpg\" alt=\"Liikenteen poroille aiheuttamat vahingot 2023.\" width=\"460\" height=\"366\" srcset=\"https:\/\/paliskunnat.fi\/py\/wp-content\/uploads\/2025\/02\/liikenteen-poroille-aiheuttamat-vahingot-2023.jpg 1200w, https:\/\/paliskunnat.fi\/py\/wp-content\/uploads\/2025\/02\/liikenteen-poroille-aiheuttamat-vahingot-2023-300x239.jpg 300w, https:\/\/paliskunnat.fi\/py\/wp-content\/uploads\/2025\/02\/liikenteen-poroille-aiheuttamat-vahingot-2023-1024x815.jpg 1024w, https:\/\/paliskunnat.fi\/py\/wp-content\/uploads\/2025\/02\/liikenteen-poroille-aiheuttamat-vahingot-2023-768x611.jpg 768w\" sizes=\"auto, (max-width: 460px) 100vw, 460px\" \/><\/a><\/p>\n<p><a href=\"https:\/\/paliskunnat.fi\/py\/wp-content\/uploads\/2025\/02\/liikenteen-poroille-aiheuttamat-vahingot-2022.jpg\" rel=\"lightbox[6120]\"><img loading=\"lazy\" decoding=\"async\" class=\"alignnone wp-image-8529\" src=\"https:\/\/paliskunnat.fi\/py\/wp-content\/uploads\/2025\/02\/liikenteen-poroille-aiheuttamat-vahingot-2022.jpg\" alt=\"Liikenteen poroille aiheuttamat vahingot 2022.\" width=\"460\" height=\"366\" srcset=\"https:\/\/paliskunnat.fi\/py\/wp-content\/uploads\/2025\/02\/liikenteen-poroille-aiheuttamat-vahingot-2022.jpg 1200w, https:\/\/paliskunnat.fi\/py\/wp-content\/uploads\/2025\/02\/liikenteen-poroille-aiheuttamat-vahingot-2022-300x239.jpg 300w, https:\/\/paliskunnat.fi\/py\/wp-content\/uploads\/2025\/02\/liikenteen-poroille-aiheuttamat-vahingot-2022-1024x814.jpg 1024w, https:\/\/paliskunnat.fi\/py\/wp-content\/uploads\/2025\/02\/liikenteen-poroille-aiheuttamat-vahingot-2022-768x611.jpg 768w\" sizes=\"auto, (max-width: 460px) 100vw, 460px\" \/><\/a><\/p>\n<p><a href=\"https:\/\/paliskunnat.fi\/py\/wp-content\/uploads\/2022\/02\/Liikenteen_poroille_aiheuttamat_vahingot_2021.png\" rel=\"lightbox[6120]\"><img loading=\"lazy\" decoding=\"async\" class=\"alignnone wp-image-7175\" src=\"https:\/\/paliskunnat.fi\/py\/wp-content\/uploads\/2022\/02\/Liikenteen_poroille_aiheuttamat_vahingot_2021.png\" alt=\"Liikenteen poroille aiheuttamat vahingot 2021\" width=\"460\" height=\"365\" srcset=\"https:\/\/paliskunnat.fi\/py\/wp-content\/uploads\/2022\/02\/Liikenteen_poroille_aiheuttamat_vahingot_2021.png 1200w, https:\/\/paliskunnat.fi\/py\/wp-content\/uploads\/2022\/02\/Liikenteen_poroille_aiheuttamat_vahingot_2021-300x238.png 300w, https:\/\/paliskunnat.fi\/py\/wp-content\/uploads\/2022\/02\/Liikenteen_poroille_aiheuttamat_vahingot_2021-1024x813.png 1024w, https:\/\/paliskunnat.fi\/py\/wp-content\/uploads\/2022\/02\/Liikenteen_poroille_aiheuttamat_vahingot_2021-768x610.png 768w\" sizes=\"auto, (max-width: 460px) 100vw, 460px\" \/><\/a><\/p>\n<p><a href=\"https:\/\/paliskunnat.fi\/py\/wp-content\/uploads\/2021\/02\/liikenne_vahingot_2020_a.png\" rel=\"lightbox[6120]\"><img loading=\"lazy\" decoding=\"async\" class=\"alignnone wp-image-6804\" src=\"https:\/\/paliskunnat.fi\/py\/wp-content\/uploads\/2021\/02\/liikenne_vahingot_2020_a.png\" alt=\"Liikenteen poroille aiheuttamat vahingot 2020\" width=\"460\" height=\"366\" srcset=\"https:\/\/paliskunnat.fi\/py\/wp-content\/uploads\/2021\/02\/liikenne_vahingot_2020_a.png 1200w, https:\/\/paliskunnat.fi\/py\/wp-content\/uploads\/2021\/02\/liikenne_vahingot_2020_a-300x239.png 300w, https:\/\/paliskunnat.fi\/py\/wp-content\/uploads\/2021\/02\/liikenne_vahingot_2020_a-1024x814.png 1024w, https:\/\/paliskunnat.fi\/py\/wp-content\/uploads\/2021\/02\/liikenne_vahingot_2020_a-768x611.png 768w\" sizes=\"auto, (max-width: 460px) 100vw, 460px\" \/><\/a><\/p>\n<p><a href=\"https:\/\/paliskunnat.fi\/py\/wp-content\/uploads\/2020\/03\/porokolarit_2019_kaavioA.png\" rel=\"lightbox[6120]\"><img loading=\"lazy\" decoding=\"async\" class=\"alignnone wp-image-6403\" src=\"https:\/\/paliskunnat.fi\/py\/wp-content\/uploads\/2020\/03\/porokolarit_2019_kaavioA.png\" alt=\"Liikenteen poroille aiheuttamat vahingot 2019\" width=\"460\" height=\"366\" srcset=\"https:\/\/paliskunnat.fi\/py\/wp-content\/uploads\/2020\/03\/porokolarit_2019_kaavioA.png 1200w, https:\/\/paliskunnat.fi\/py\/wp-content\/uploads\/2020\/03\/porokolarit_2019_kaavioA-300x239.png 300w, https:\/\/paliskunnat.fi\/py\/wp-content\/uploads\/2020\/03\/porokolarit_2019_kaavioA-1024x814.png 1024w, https:\/\/paliskunnat.fi\/py\/wp-content\/uploads\/2020\/03\/porokolarit_2019_kaavioA-768x611.png 768w\" sizes=\"auto, (max-width: 460px) 100vw, 460px\" \/><\/a><\/p>\n<p><a href=\"https:\/\/paliskunnat.fi\/py\/wp-content\/uploads\/2019\/04\/liikenne_vahingot_2018.jpg\" rel=\"lightbox[6120]\"><img loading=\"lazy\" decoding=\"async\" class=\"alignnone wp-image-6118\" src=\"https:\/\/paliskunnat.fi\/py\/wp-content\/uploads\/2019\/04\/liikenne_vahingot_2018.jpg\" alt=\"Liikenteen poroille aiheuttamat vahingot 2018\" width=\"460\" height=\"366\" srcset=\"https:\/\/paliskunnat.fi\/py\/wp-content\/uploads\/2019\/04\/liikenne_vahingot_2018.jpg 1100w, https:\/\/paliskunnat.fi\/py\/wp-content\/uploads\/2019\/04\/liikenne_vahingot_2018-300x239.jpg 300w, https:\/\/paliskunnat.fi\/py\/wp-content\/uploads\/2019\/04\/liikenne_vahingot_2018-768x611.jpg 768w, https:\/\/paliskunnat.fi\/py\/wp-content\/uploads\/2019\/04\/liikenne_vahingot_2018-1024x815.jpg 1024w\" sizes=\"auto, (max-width: 460px) 100vw, 460px\" \/><\/a><\/p>\n<p><a href=\"https:\/\/paliskunnat.fi\/py\/wp-content\/uploads\/2019\/04\/liikenne_vahingot_2017.jpg\" rel=\"lightbox[6120]\"><img loading=\"lazy\" decoding=\"async\" class=\"alignnone wp-image-6125\" src=\"https:\/\/paliskunnat.fi\/py\/wp-content\/uploads\/2019\/04\/liikenne_vahingot_2017.jpg\" alt=\"Liikenteen poroille aiheuttamat vahingot 2017\" width=\"460\" height=\"366\" srcset=\"https:\/\/paliskunnat.fi\/py\/wp-content\/uploads\/2019\/04\/liikenne_vahingot_2017.jpg 1100w, https:\/\/paliskunnat.fi\/py\/wp-content\/uploads\/2019\/04\/liikenne_vahingot_2017-300x239.jpg 300w, https:\/\/paliskunnat.fi\/py\/wp-content\/uploads\/2019\/04\/liikenne_vahingot_2017-768x611.jpg 768w, https:\/\/paliskunnat.fi\/py\/wp-content\/uploads\/2019\/04\/liikenne_vahingot_2017-1024x815.jpg 1024w\" sizes=\"auto, (max-width: 460px) 100vw, 460px\" \/><\/a><\/p>\n<p><a href=\"https:\/\/paliskunnat.fi\/py\/wp-content\/uploads\/2019\/04\/liikenne_vahingot_2016.jpg\" rel=\"lightbox[6120]\"><img loading=\"lazy\" decoding=\"async\" class=\"alignnone wp-image-6124\" src=\"https:\/\/paliskunnat.fi\/py\/wp-content\/uploads\/2019\/04\/liikenne_vahingot_2016.jpg\" alt=\"Liikenteen poroille aiheuttamat vahingot 2016\" width=\"460\" height=\"366\" srcset=\"https:\/\/paliskunnat.fi\/py\/wp-content\/uploads\/2019\/04\/liikenne_vahingot_2016.jpg 1100w, https:\/\/paliskunnat.fi\/py\/wp-content\/uploads\/2019\/04\/liikenne_vahingot_2016-300x239.jpg 300w, https:\/\/paliskunnat.fi\/py\/wp-content\/uploads\/2019\/04\/liikenne_vahingot_2016-768x611.jpg 768w, https:\/\/paliskunnat.fi\/py\/wp-content\/uploads\/2019\/04\/liikenne_vahingot_2016-1024x815.jpg 1024w\" sizes=\"auto, (max-width: 460px) 100vw, 460px\" \/><\/a><\/p>\n<p><a href=\"https:\/\/paliskunnat.fi\/py\/wp-content\/uploads\/2019\/04\/liikenne_vahingot_2015.jpg\" rel=\"lightbox[6120]\"><img loading=\"lazy\" decoding=\"async\" class=\"alignnone wp-image-6123\" src=\"https:\/\/paliskunnat.fi\/py\/wp-content\/uploads\/2019\/04\/liikenne_vahingot_2015.jpg\" alt=\"Liikenteen poroille aiheuttamat vahingot 2015\" width=\"460\" height=\"366\" srcset=\"https:\/\/paliskunnat.fi\/py\/wp-content\/uploads\/2019\/04\/liikenne_vahingot_2015.jpg 1100w, https:\/\/paliskunnat.fi\/py\/wp-content\/uploads\/2019\/04\/liikenne_vahingot_2015-300x239.jpg 300w, https:\/\/paliskunnat.fi\/py\/wp-content\/uploads\/2019\/04\/liikenne_vahingot_2015-768x611.jpg 768w, https:\/\/paliskunnat.fi\/py\/wp-content\/uploads\/2019\/04\/liikenne_vahingot_2015-1024x815.jpg 1024w\" sizes=\"auto, (max-width: 460px) 100vw, 460px\" \/><\/a><\/p>\n<p><a href=\"https:\/\/paliskunnat.fi\/py\/wp-content\/uploads\/2019\/04\/liikenne_vahingot_2014.jpg\" rel=\"lightbox[6120]\"><img loading=\"lazy\" decoding=\"async\" class=\"alignnone wp-image-6122\" src=\"https:\/\/paliskunnat.fi\/py\/wp-content\/uploads\/2019\/04\/liikenne_vahingot_2014.jpg\" alt=\"Liikenteen poroille aiheuttamat vahingot 2014\" width=\"460\" height=\"366\" srcset=\"https:\/\/paliskunnat.fi\/py\/wp-content\/uploads\/2019\/04\/liikenne_vahingot_2014.jpg 1100w, https:\/\/paliskunnat.fi\/py\/wp-content\/uploads\/2019\/04\/liikenne_vahingot_2014-300x239.jpg 300w, https:\/\/paliskunnat.fi\/py\/wp-content\/uploads\/2019\/04\/liikenne_vahingot_2014-768x611.jpg 768w, https:\/\/paliskunnat.fi\/py\/wp-content\/uploads\/2019\/04\/liikenne_vahingot_2014-1024x815.jpg 1024w\" sizes=\"auto, (max-width: 460px) 100vw, 460px\" \/><\/a><\/p>\n<p>&nbsp;<\/p>\n<p>&nbsp;<\/p>\n","protected":false},"excerpt":{"rendered":"<p>Liikennevahingot paliskunnittain Autojen ja junien alle j\u00e4\u00e4neet porot. Klikkaamalla kuvaa n\u00e4et graafin suuremmassa koossa. &nbsp; &nbsp;<\/p>\n","protected":false},"author":1,"featured_media":0,"parent":1105,"menu_order":4,"comment_status":"closed","ping_status":"closed","template":"","meta":{"footnotes":""},"class_list":["post-6120","page","type-page","status-publish","hentry"],"_links":{"self":[{"href":"https:\/\/paliskunnat.fi\/py\/wp-json\/wp\/v2\/pages\/6120","targetHints":{"allow":["GET"]}}],"collection":[{"href":"https:\/\/paliskunnat.fi\/py\/wp-json\/wp\/v2\/pages"}],"about":[{"href":"https:\/\/paliskunnat.fi\/py\/wp-json\/wp\/v2\/types\/page"}],"author":[{"embeddable":true,"href":"https:\/\/paliskunnat.fi\/py\/wp-json\/wp\/v2\/users\/1"}],"replies":[{"embeddable":true,"href":"https:\/\/paliskunnat.fi\/py\/wp-json\/wp\/v2\/comments?post=6120"}],"version-history":[{"count":29,"href":"https:\/\/paliskunnat.fi\/py\/wp-json\/wp\/v2\/pages\/6120\/revisions"}],"predecessor-version":[{"id":8771,"href":"https:\/\/paliskunnat.fi\/py\/wp-json\/wp\/v2\/pages\/6120\/revisions\/8771"}],"up":[{"embeddable":true,"href":"https:\/\/paliskunnat.fi\/py\/wp-json\/wp\/v2\/pages\/1105"}],"wp:attachment":[{"href":"https:\/\/paliskunnat.fi\/py\/wp-json\/wp\/v2\/media?parent=6120"}],"curies":[{"name":"wp","href":"https:\/\/api.w.org\/{rel}","templated":true}]}}