{"id":629,"date":"2014-11-05T19:12:11","date_gmt":"2014-11-05T17:12:11","guid":{"rendered":"http:\/\/80.69.171.23\/py\/?page_id=629"},"modified":"2026-03-20T11:10:29","modified_gmt":"2026-03-20T09:10:29","slug":"henkilokunta","status":"publish","type":"page","link":"https:\/\/paliskunnat.fi\/py\/organisaatio\/yhteystiedot\/henkilokunta\/","title":{"rendered":"Henkil\u00f6kunta"},"content":{"rendered":"<h2>Henkil\u00f6kunta<\/h2>\n<p>S\u00e4hk\u00f6postiosoitteet: &#x65;&#116;u&#x6e;&#x69;&#109;i&#x2e;&#115;u&#x6b;&#x75;&#110;i&#x6d;&#105;&#64;&#x70;&#x61;&#108;i&#x73;&#x6b;&#117;&#x6e;&#x6e;&#97;t&#x2e;&#x66;&#105;<br \/>\nLausuntopyynn\u00f6t: kirjaamo&#64;pal&#105;&#115;&#107;&#117;&#110;&#110;&#97;&#116;&#46;&#102;&#105;<br \/>\nPaliskuntain yhdistyksen keskuspuhelin: 016 331 6000<\/p>\n<p>&nbsp;<\/p>\n\n<table id=\"tablepress-1\" class=\"tablepress tablepress-id-1\">\n<tbody>\n<tr class=\"row-1\">\n\t<td class=\"column-1\"><a href=\"https:\/\/paliskunnat.fi\/py\/wp-content\/uploads\/2025\/08\/hanna-nurmi.jpg\" rel=\"lightbox[629]\"><img loading=\"lazy\" decoding=\"async\" src=\"https:\/\/paliskunnat.fi\/py\/wp-content\/uploads\/2025\/08\/hanna-nurmi.jpg\" alt=\"Hanna Nurmi\" width=\"150\" height=\"200\" class=\"alignleft size-full wp-image-4141\" \/><\/a><\/td><td class=\"column-2\"><h3 id=\"Nurmi\">Nurmi Hanna<\/h3><br \/>\n<em>Toiminnanjohtaja<\/em><br \/>\n<br \/>\nPoromies-lehden p\u00e4\u00e4toimittaja <br \/>\n<br \/>\n016 331 6000<\/td>\n<\/tr>\n<tr class=\"row-2\">\n\t<td class=\"column-1\"><a href=\"https:\/\/paliskunnat.fi\/py\/wp-content\/uploads\/2014\/12\/Konstig_Tarja.jpg\" rel=\"lightbox[629]\"><img loading=\"lazy\" decoding=\"async\" src=\"https:\/\/paliskunnat.fi\/py\/wp-content\/uploads\/2014\/12\/Konstig_Tarja.jpg\" alt=\"Tarja Konstig\" width=\"150\" height=\"200\" class=\"alignleft size-full wp-image-4141\" \/><\/a><\/td><td class=\"column-2\"><h3 id=\"Konstig\">Konstig Tarja<\/h3><br \/>\n<em>Johdon sihteeri<\/em><br \/>\n<br \/>\nPoromies-lehden toimitussihteeri <br \/>\nPoromerkkiasiat <br \/>\n<br \/>\n040 063 3159<\/td>\n<\/tr>\n<tr class=\"row-3\">\n\t<td class=\"column-1\"><a href=\"https:\/\/paliskunnat.fi\/py\/wp-content\/uploads\/2014\/12\/Sarkela_Matti.jpg\" rel=\"lightbox[629]\"><img loading=\"lazy\" decoding=\"async\" src=\"https:\/\/paliskunnat.fi\/py\/wp-content\/uploads\/2014\/12\/Sarkela_Matti.jpg\" alt=\"S\u00e4rkel\u00e4 Matti\" width=\"150\" height=\"199\" class=\"alignleft size-full wp-image-644\" \/><\/a><\/td><td class=\"column-2\"><h3 id=\"Sarkela\">S\u00e4rkel\u00e4 Matti<\/h3><br \/>\n<em>Toimistop\u00e4\u00e4llikk\u00f6<\/em><br \/>\n<br \/>\nHankkeet, kehitt\u00e4minen, hallinnollinen raportointi ja yhteydenpito sidosryhmiin. <br \/>\nLaatuvastaava<br \/>\n<br \/>\n040 581 1971<\/td>\n<\/tr>\n<tr class=\"row-4\">\n\t<td class=\"column-1\"><a href=\"https:\/\/paliskunnat.fi\/py\/wp-content\/uploads\/2025\/11\/sara_lehtola_paliskuntain_yhdistys.jpg\" rel=\"lightbox[629]\"><img loading=\"lazy\" decoding=\"async\" src=\"https:\/\/paliskunnat.fi\/py\/wp-content\/uploads\/2025\/11\/sara_lehtola_paliskuntain_yhdistys.jpg\" alt=\"Lehtola Sara\" width=\"150\" height=\"198\" class=\"alignleft size-full wp-image-555\" \/><\/a><\/td><td class=\"column-2\"><h3 id=\"Lehtola\">Lehtola Sara<\/h3><br \/>\n<em>Porotalousneuvoja<\/em><br \/>\n<br \/>\nPaliskuntain yhdistyksen asiankirjanhallinto ja keskus<br \/>\n<br \/>\n040 162 2260<\/td>\n<\/tr>\n<tr class=\"row-5\">\n\t<td class=\"column-1\"><a href=\"https:\/\/paliskunnat.fi\/py\/wp-content\/uploads\/2014\/12\/Jortikka_Aarre.jpg\" rel=\"lightbox[629]\"><img loading=\"lazy\" decoding=\"async\" src=\"https:\/\/paliskunnat.fi\/py\/wp-content\/uploads\/2014\/12\/Jortikka_Aarre.jpg\" alt=\"Jortikka Aarre\" width=\"150\" height=\"199\" class=\"alignleft size-full wp-image-644\" \/><\/a><\/td><td class=\"column-2\"><h3 id=\"Jortikka\">Jortikka Aarre<\/h3><br \/>\n<em>IT-asiantuntija<\/em><br \/>\n<br \/>\nTietoj\u00e4rjestelm\u00e4t, verkot ja yll\u00e4pito.<br \/>\nPoronet-tunnukset<br \/>\nS\u00e4hk\u00f6postiasiat<br \/>\n<br \/>\n040 484 5683<\/td>\n<\/tr>\n<tr class=\"row-6\">\n\t<td class=\"column-1\"><\/td><td class=\"column-2\"><\/td>\n<\/tr>\n<tr class=\"row-7\">\n\t<td class=\"column-1\"><a href=\"https:\/\/paliskunnat.fi\/py\/wp-content\/uploads\/2024\/05\/pirkko-otra-aho.jpg\" rel=\"lightbox[629]\"><img loading=\"lazy\" decoding=\"async\" src=\"https:\/\/paliskunnat.fi\/py\/wp-content\/uploads\/2024\/05\/pirkko-otra-aho.jpg\" alt=\"Otra-Aho Pirkko\" width=\"150\" height=\"199\" class=\"alignleft size-full wp-image-699\" \/><\/a><\/td><td class=\"column-2\"><h3 id=\"Otra-Aho\">Otra-Aho Pirkko<\/h3><br \/>\n<em>Kirjanpidonneuvoja<\/em><br \/>\n<br \/>\nYhdistyksen talous- ja henkil\u00f6st\u00f6hallinnon teht\u00e4v\u00e4t<br \/>\nRahastonhoitajien kirjanpidon neuvonta<br \/>\nRekisteri ja arkistojen hoito<br \/>\nPorotalouden verotuksen valmistelu<br \/>\n<br \/>\n040 676 1988<\/td>\n<\/tr>\n<tr class=\"row-8\">\n\t<td class=\"column-1\"><a href=\"https:\/\/paliskunnat.fi\/py\/wp-content\/uploads\/2014\/12\/Jankala_Anna-Leena.jpg\" rel=\"lightbox[629]\"><img loading=\"lazy\" decoding=\"async\" src=\"https:\/\/paliskunnat.fi\/py\/wp-content\/uploads\/2014\/12\/Jankala_Anna-Leena.jpg\" alt=\"J\u00e4nk\u00e4l\u00e4 Anna-Leena\" width=\"150\" height=\"200\" class=\"alignleft size-full wp-image-1946\" \/><\/a><\/td><td class=\"column-2\"><h3 id=\"J\u00e4nk\u00e4l\u00e4\">J\u00e4nk\u00e4l\u00e4 Anna-Leena<\/h3><br \/>\n<em>Porotalousneuvoja<\/em><br \/>\n<br \/>\nYleisneuvonta<br \/>\nTietotekniikka<br \/>\nKustannusarviot, maksuvalmiuslaskelmat ja elinkeinosuunnitelmat<br \/>\n<br \/>\n040 038 8560<\/td>\n<\/tr>\n<tr class=\"row-9\">\n\t<td class=\"column-1\"><a href=\"https:\/\/paliskunnat.fi\/py\/wp-content\/uploads\/2014\/12\/Angeli_Maaren.jpg\" rel=\"lightbox[629]\"><img loading=\"lazy\" decoding=\"async\" src=\"https:\/\/paliskunnat.fi\/py\/wp-content\/uploads\/2014\/12\/Angeli_Maaren.jpg\" alt=\"Angeli Maaren\" width=\"150\" height=\"199\" class=\"alignleft size-full wp-image-644\" \/><\/a><\/td><td class=\"column-2\"><h3 id=\"Angeli\">Angeli Maaren<\/h3><br \/>\n<em>Porotalousneuvoja<\/em><br \/>\n<br \/>\nTy\u00f6vapaalla toistaiseksi 23.1.2026 alkaen<\/td>\n<\/tr>\n<tr class=\"row-10\">\n\t<td class=\"column-1\"><a href=\"https:\/\/paliskunnat.fi\/py\/wp-content\/uploads\/2014\/12\/Anttonen_Marja.jpg\" rel=\"lightbox[629]\"><img loading=\"lazy\" decoding=\"async\" src=\"https:\/\/paliskunnat.fi\/py\/wp-content\/uploads\/2014\/12\/Anttonen_Marja.jpg\" alt=\"Anttonen Marja\" width=\"150\" height=\"199\" class=\"alignleft size-full wp-image-1943\" \/><\/a><\/td><td class=\"column-2\"><h3 id=\"Anttonen\">Anttonen Marja<\/h3><br \/>\n<em>Porotalousneuvoja<\/em><br \/>\n<br \/>\nTy\u00f6vapaalla 30.11.2026 asti.<\/td>\n<\/tr>\n<tr class=\"row-11\">\n\t<td class=\"column-1\"><a href=\"https:\/\/paliskunnat.fi\/py\/wp-content\/uploads\/2021\/12\/vilma-sanaksenaho-paliskuntain-yhdistys.jpg\" rel=\"lightbox[629]\"><img loading=\"lazy\" decoding=\"async\" src=\"https:\/\/paliskunnat.fi\/py\/wp-content\/uploads\/2021\/12\/vilma-sanaksenaho-paliskuntain-yhdistys.jpg\" alt=\"Sanaksenaho Vilma\" width=\"150\" height=\"198\" class=\"alignleft size-full wp-image-1988\" \/><\/a><\/td><td class=\"column-2\"><h3 id=\"Sanaksenaho\">Sanaksenaho Vilma<\/h3><br \/>\n<em>Porotalousneuvoja<\/em><br \/>\n<br \/>\nMaank\u00e4ytt\u00f6asiat (YVA, kaavoitus)<br \/>\nPaikkatietoasiat<br \/>\n040 159 5592<\/td>\n<\/tr>\n<tr class=\"row-12\">\n\t<td class=\"column-1\"><a href=\"https:\/\/paliskunnat.fi\/py\/wp-content\/uploads\/2017\/08\/sanna_hast_2017.jpg\" rel=\"lightbox[629]\"><img loading=\"lazy\" decoding=\"async\" src=\"https:\/\/paliskunnat.fi\/py\/wp-content\/uploads\/2017\/08\/sanna_hast_2017.jpg\" alt=\"Hast Sanna\" width=\"150\" height=\"199\" class=\"alignleft size-full wp-image-688\" \/><\/a><\/td><td class=\"column-2\"><h3 id=\"Hast\">Hast Sanna<\/h3><br \/>\n<em>Erityisasiantuntija<\/em><br \/>\n<br \/>\nMaank\u00e4ytt\u00f6<br \/>\n<br \/>\n040 723 9966<\/td>\n<\/tr>\n<tr class=\"row-13\">\n\t<td class=\"column-1\"><\/td><td class=\"column-2\"><h3 id=\"rajaporoaidat\">VALTAKUNTIEN V\u00c4LISET POROAIDAT<\/h3><\/td>\n<\/tr>\n<tr class=\"row-14\">\n\t<td class=\"column-1\"><a href=\"https:\/\/paliskunnat.fi\/py\/wp-content\/uploads\/2014\/12\/Henttunen_Kari.jpg\" rel=\"lightbox[629]\"><img loading=\"lazy\" decoding=\"async\" src=\"https:\/\/paliskunnat.fi\/py\/wp-content\/uploads\/2014\/12\/Henttunen_Kari.jpg\" alt=\"Henttunen Kari\" width=\"150\" height=\"199\" class=\"alignleft size-full wp-image-644\" \/><\/a><\/td><td class=\"column-2\"><h3 id=\"Henttunen\">Henttunen Kari<\/h3><br \/>\n<em>Aitaty\u00f6njohtaja<\/em><br \/>\n<br \/>\nValtakuntien v\u00e4liset poroaidat: suunnittelu ja ty\u00f6njohto <br \/>\n<br \/>\n040 029 0394<\/td>\n<\/tr>\n<tr class=\"row-15\">\n\t<td class=\"column-1\"><a href=\"https:\/\/paliskunnat.fi\/py\/wp-content\/uploads\/2026\/01\/Holappa-Timo.jpg\" rel=\"lightbox[629]\"><img loading=\"lazy\" decoding=\"async\" src=\"https:\/\/paliskunnat.fi\/py\/wp-content\/uploads\/2026\/01\/Holappa-Timo.jpg\" alt=\"Henttunen Kari\" width=\"150\" height=\"200\" class=\"alignleft size-full wp-image-654\" \/><\/a><\/td><td class=\"column-2\"><h3 id=\"Holappa\">Holappa Timo<\/h3><br \/>\n<em>Aitaty\u00f6njohtaja<\/em><br \/>\n<br \/>\nValtakuntien v\u00e4liset poroaidat: suunnittelu ja ty\u00f6njohto <br \/>\n<br \/>\n040 678 1416<\/td>\n<\/tr>\n<tr class=\"row-16\">\n\t<td class=\"column-1\"><\/td><td class=\"column-2\"><h3 id=\"koeporotarha\">KUTUHARJUN KOEPOROTARHA<\/h3><\/td>\n<\/tr>\n<tr class=\"row-17\">\n\t<td class=\"column-1\"><a href=\"https:\/\/paliskunnat.fi\/py\/wp-content\/uploads\/2014\/12\/Tervonen_Mika.jpg\" rel=\"lightbox[629]\"><img loading=\"lazy\" decoding=\"async\" src=\"https:\/\/paliskunnat.fi\/py\/wp-content\/uploads\/2014\/12\/Tervonen_Mika.jpg\" alt=\"Tervonen Mika\" width=\"150\" height=\"199\" class=\"alignleft size-full wp-image-644\" \/><\/a><\/td><td class=\"column-2\"><h3 id=\"Tervonen\">Tervonen Mika<\/h3><br \/>\n<em>Koeporotarhanhoitaja<\/em><br \/>\n<br \/>\nKutuharjun koeporotarhan toiminnan suunnittelu ja toteutus<br \/>\n<br \/>\n050 3244772 Kutuharjun p\u00f6yt\u00e4puhelin<br \/>\n044 355 3574 Mika Tervonen<br \/>\n<br \/>\n<\/td>\n<\/tr>\n<tr class=\"row-18\">\n\t<td class=\"column-1\"><a href=\"https:\/\/paliskunnat.fi\/py\/wp-content\/uploads\/2025\/11\/eero-morottaja.jpg\" rel=\"lightbox[629]\"><img loading=\"lazy\" decoding=\"async\" src=\"https:\/\/paliskunnat.fi\/py\/wp-content\/uploads\/2025\/11\/eero-morottaja.jpg\" alt=\"Morottaja Eero\" width=\"150\" height=\"199\" class=\"alignleft size-full wp-image-6443\" \/><\/a><\/td><td class=\"column-2\"><h3 id=\"Morottaja\">Morottaja Eero<\/h3><br \/>\n<em><\/em><br \/>\n<br \/>\nKutuharjun koeporotarhan teht\u00e4v\u00e4t<br \/>\n<br \/>\n050 3244772 Kutuharjun p\u00f6yt\u00e4puhelin<br \/>\n<br \/>\n<\/td>\n<\/tr>\n<\/tbody>\n<\/table>\n<!-- #tablepress-1 from cache -->\n<p>&nbsp;<\/p>\n","protected":false},"excerpt":{"rendered":"<p>Henkil\u00f6kunta S\u00e4hk\u00f6postiosoitteet: etunimi&#46;sukunimi&#64;palisku&#110;&#110;&#97;&#116;&#46;&#102;&#105; Lausuntopyynn\u00f6t: &#107;&#105;&#x72;j&#97;&#x61;&#x6d;o&#64;&#x70;&#x61;l&#105;&#x73;&#x6b;u&#110;&#x6e;&#x61;t&#46;&#x66;&#x69; Paliskuntain yhdistyksen keskuspuhelin: 016 331 6000 &nbsp; &nbsp;<\/p>\n","protected":false},"author":1,"featured_media":0,"parent":280,"menu_order":1,"comment_status":"open","ping_status":"closed","template":"","meta":{"footnotes":""},"class_list":["post-629","page","type-page","status-publish","hentry"],"_links":{"self":[{"href":"https:\/\/paliskunnat.fi\/py\/wp-json\/wp\/v2\/pages\/629","targetHints":{"allow":["GET"]}}],"collection":[{"href":"https:\/\/paliskunnat.fi\/py\/wp-json\/wp\/v2\/pages"}],"about":[{"href":"https:\/\/paliskunnat.fi\/py\/wp-json\/wp\/v2\/types\/page"}],"author":[{"embeddable":true,"href":"https:\/\/paliskunnat.fi\/py\/wp-json\/wp\/v2\/users\/1"}],"replies":[{"embeddable":true,"href":"https:\/\/paliskunnat.fi\/py\/wp-json\/wp\/v2\/comments?post=629"}],"version-history":[{"count":32,"href":"https:\/\/paliskunnat.fi\/py\/wp-json\/wp\/v2\/pages\/629\/revisions"}],"predecessor-version":[{"id":8806,"href":"https:\/\/paliskunnat.fi\/py\/wp-json\/wp\/v2\/pages\/629\/revisions\/8806"}],"up":[{"embeddable":true,"href":"https:\/\/paliskunnat.fi\/py\/wp-json\/wp\/v2\/pages\/280"}],"wp:attachment":[{"href":"https:\/\/paliskunnat.fi\/py\/wp-json\/wp\/v2\/media?parent=629"}],"curies":[{"name":"wp","href":"https:\/\/api.w.org\/{rel}","templated":true}]}}