{"id":7162,"date":"2022-02-08T08:51:57","date_gmt":"2022-02-08T06:51:57","guid":{"rendered":"https:\/\/paliskunnat.fi\/py\/?page_id=7162"},"modified":"2026-02-20T13:16:08","modified_gmt":"2026-02-20T11:16:08","slug":"poromaarien-kehitys","status":"publish","type":"page","link":"https:\/\/paliskunnat.fi\/py\/materiaalit\/tilastot\/poromaarien-kehitys\/","title":{"rendered":"Porom\u00e4\u00e4rien kehitys"},"content":{"rendered":"<h2>Porom\u00e4\u00e4rien kehitys<\/h2>\n<p>Suurin sallittu eloporojen m\u00e4\u00e4r\u00e4 on 203 700 poroa. Suuret maapetojen lukum\u00e4\u00e4r\u00e4t ja vaikeat lumitalvet ovat viime vuosina vaikuttaneet porom\u00e4\u00e4riin.<\/p>\n<p><a href=\"https:\/\/paliskunnat.fi\/py\/wp-content\/uploads\/2026\/02\/poromaarien-kehitys-2000-2025.jpg\" rel=\"lightbox[7162]\"><img loading=\"lazy\" decoding=\"async\" class=\"alignnone wp-image-8751\" src=\"https:\/\/paliskunnat.fi\/py\/wp-content\/uploads\/2026\/02\/poromaarien-kehitys-2000-2025.jpg\" alt=\"Porom\u00e4\u00e4rien kehitys Suomessa 2000-2025.\" width=\"460\" height=\"285\" srcset=\"https:\/\/paliskunnat.fi\/py\/wp-content\/uploads\/2026\/02\/poromaarien-kehitys-2000-2025.jpg 1200w, https:\/\/paliskunnat.fi\/py\/wp-content\/uploads\/2026\/02\/poromaarien-kehitys-2000-2025-300x186.jpg 300w, https:\/\/paliskunnat.fi\/py\/wp-content\/uploads\/2026\/02\/poromaarien-kehitys-2000-2025-1024x635.jpg 1024w, https:\/\/paliskunnat.fi\/py\/wp-content\/uploads\/2026\/02\/poromaarien-kehitys-2000-2025-768x476.jpg 768w\" sizes=\"auto, (max-width: 460px) 100vw, 460px\" \/><\/a><\/p>\n<p>&nbsp;<\/p>\n","protected":false},"excerpt":{"rendered":"<p>Porom\u00e4\u00e4rien kehitys Suurin sallittu eloporojen m\u00e4\u00e4r\u00e4 on 203 700 poroa. Suuret maapetojen lukum\u00e4\u00e4r\u00e4t ja vaikeat lumitalvet ovat viime vuosina vaikuttaneet porom\u00e4\u00e4riin. &nbsp;<\/p>\n","protected":false},"author":1,"featured_media":0,"parent":1105,"menu_order":3,"comment_status":"closed","ping_status":"closed","template":"","meta":{"footnotes":""},"class_list":["post-7162","page","type-page","status-publish","hentry"],"_links":{"self":[{"href":"https:\/\/paliskunnat.fi\/py\/wp-json\/wp\/v2\/pages\/7162","targetHints":{"allow":["GET"]}}],"collection":[{"href":"https:\/\/paliskunnat.fi\/py\/wp-json\/wp\/v2\/pages"}],"about":[{"href":"https:\/\/paliskunnat.fi\/py\/wp-json\/wp\/v2\/types\/page"}],"author":[{"embeddable":true,"href":"https:\/\/paliskunnat.fi\/py\/wp-json\/wp\/v2\/users\/1"}],"replies":[{"embeddable":true,"href":"https:\/\/paliskunnat.fi\/py\/wp-json\/wp\/v2\/comments?post=7162"}],"version-history":[{"count":9,"href":"https:\/\/paliskunnat.fi\/py\/wp-json\/wp\/v2\/pages\/7162\/revisions"}],"predecessor-version":[{"id":8753,"href":"https:\/\/paliskunnat.fi\/py\/wp-json\/wp\/v2\/pages\/7162\/revisions\/8753"}],"up":[{"embeddable":true,"href":"https:\/\/paliskunnat.fi\/py\/wp-json\/wp\/v2\/pages\/1105"}],"wp:attachment":[{"href":"https:\/\/paliskunnat.fi\/py\/wp-json\/wp\/v2\/media?parent=7162"}],"curies":[{"name":"wp","href":"https:\/\/api.w.org\/{rel}","templated":true}]}}