{"id":774,"date":"2014-11-09T21:27:03","date_gmt":"2014-11-09T19:27:03","guid":{"rendered":"http:\/\/80.69.171.23\/py\/?page_id=774"},"modified":"2026-02-22T15:26:43","modified_gmt":"2026-02-22T13:26:43","slug":"liikennevahingot","status":"publish","type":"page","link":"https:\/\/paliskunnat.fi\/py\/porovahingot\/liikennevahingot\/","title":{"rendered":"Liikennevahingot"},"content":{"rendered":"<h2>Liikennevahingot<\/h2>\n<p>Tiet ja rautatiet halkovat porojen elinymp\u00e4rist\u00f6j\u00e4 ja laidunalueita. Porokolareja tapahtuu vuosittain sek\u00e4 tie- ett\u00e4 raideliikenteess\u00e4. Kolarim\u00e4\u00e4r\u00e4t vaihtelevat suuresti, sill\u00e4 muun muassa s\u00e4\u00e4olot vaikuttavat paljon porojen kulkemiseen teill\u00e4 ja raiteilla. Kolarialtteinta aikaa ovat marraskuu, joulukuu ja tammikuu.<\/p>\n<p><a href=\"https:\/\/youtu.be\/Sq5dqLG0X5E\" target=\"_blank\" rel=\"noopener\"><img loading=\"lazy\" decoding=\"async\" class=\"alignnone wp-image-8433\" src=\"https:\/\/paliskunnat.fi\/py\/wp-content\/uploads\/2024\/10\/pohjoisen-pitkilla-taipaleilla.jpg\" alt=\"Pohjoisen pitkill\u00e4 taipaleilla - miten toimia porokolaritilanteessa. Linkki Youtube-videoon.\" width=\"460\" height=\"291\" srcset=\"https:\/\/paliskunnat.fi\/py\/wp-content\/uploads\/2024\/10\/pohjoisen-pitkilla-taipaleilla.jpg 1100w, https:\/\/paliskunnat.fi\/py\/wp-content\/uploads\/2024\/10\/pohjoisen-pitkilla-taipaleilla-300x190.jpg 300w, https:\/\/paliskunnat.fi\/py\/wp-content\/uploads\/2024\/10\/pohjoisen-pitkilla-taipaleilla-1024x648.jpg 1024w, https:\/\/paliskunnat.fi\/py\/wp-content\/uploads\/2024\/10\/pohjoisen-pitkilla-taipaleilla-768x486.jpg 768w\" sizes=\"auto, (max-width: 460px) 100vw, 460px\" \/><\/a><\/p>\n<h3>Noudata erityist\u00e4 varovaisuutta n\u00e4ill\u00e4 kolarialtteimmilla tieosuuksilla<\/h3>\n<ul>\n<li>Valtatie 20 v\u00e4lill\u00e4 Panumanj\u00e4rvi\u2212Taivalkoski<\/li>\n<li>Valtatie 5 v\u00e4lill\u00e4 Kuusamo\u2212Ruka<\/li>\n<li>Kantatie 82 v\u00e4lill\u00e4 Vikaj\u00e4rvi\u2212Kemij\u00e4rvi<\/li>\n<li>Valtatie 4 v\u00e4lill\u00e4 Rovaniemi\u2212Sodankyl\u00e4<\/li>\n<li>Kantatie 79 v\u00e4lill\u00e4 Rovaniemi\u2212Kittil\u00e4<\/li>\n<li>Valtatie 21 v\u00e4lill\u00e4 Kihlanki\u2212Muonio<\/li>\n<li>Valtatie 4 v\u00e4lill\u00e4 Vuotso\u2212Ivalo<\/li>\n<\/ul>\n<p><a href=\"https:\/\/paliskunnat.fi\/py\/wp-content\/uploads\/2014\/11\/suuri_kolaririski.png\" rel=\"lightbox[825]\"><img loading=\"lazy\" decoding=\"async\" class=\"alignnone wp-image-1010\" src=\"https:\/\/paliskunnat.fi\/py\/wp-content\/uploads\/2014\/11\/suuri_kolaririski.png\" alt=\"Lapin tiet, joilla on korkea porokolaririski\" width=\"400\" height=\"513\" srcset=\"https:\/\/paliskunnat.fi\/py\/wp-content\/uploads\/2014\/11\/suuri_kolaririski.png 1000w, https:\/\/paliskunnat.fi\/py\/wp-content\/uploads\/2014\/11\/suuri_kolaririski-234x300.png 234w, https:\/\/paliskunnat.fi\/py\/wp-content\/uploads\/2014\/11\/suuri_kolaririski-798x1024.png 798w\" sizes=\"auto, (max-width: 400px) 100vw, 400px\" \/><\/a><\/p>\n<h3>Vahingon aiheuttaja ei ole korvausvastuussa porosta<\/h3>\n<p>Suomessa <a href=\"http:\/\/www.lvk.fi\/fi\/liikennevahingon-korvaukset\/liikennevakuutuskeskuksen-korvaamat-vahingot\/\">Liikennevakuutuskeskus<\/a> (LVK) korvaa poronomistajalle liikennevahingossa\u00a0menetetyn poron. Jos poron omistajaa ei voida selvitt\u00e4\u00e4, korvauksen saa tapahtumapaikan paliskunta.<\/p>\n<p>LVK korvaa my\u00f6s ulkomaisten ajoneuvojen aiheuttamat porovahingot. Porokolarissa aiheutuneista ajoneuvon vaurioista\u00a0tai henkil\u00f6vahingoista\u00a0haetaan korvausta\u00a0ajoneuvon omasta\u00a0liikenne- ja kaskovakuutuksesta.<\/p>\n<p>K\u00e4yt\u00e4nn\u00f6ss\u00e4 auton tai junan alle j\u00e4\u00e4neest\u00e4 porosta koituva tappio on poronomistajalle aina suurempi kuin onnettomuudessa menetetyn poron korvausarvo. Erityisesti tuottavassa i\u00e4ss\u00e4 menetettyjen siitosporojen korvaaminen uusilla on hidasta: naarasvasan siitosik\u00e4\u00e4n kasvattamiseen kuluu aikaa v\u00e4hint\u00e4\u00e4n\u00a0kolme vuotta.<\/p>\n\n\t\t<style type=\"text\/css\">\n\t\t\t#gallery-1 {\n\t\t\t\tmargin: auto;\n\t\t\t}\n\t\t\t#gallery-1 .gallery-item {\n\t\t\t\tfloat: left;\n\t\t\t\tmargin-top: 10px;\n\t\t\t\ttext-align: center;\n\t\t\t\twidth: 33%;\n\t\t\t}\n\t\t\t#gallery-1 img {\n\t\t\t\tborder: 2px solid #cfcfcf;\n\t\t\t}\n\t\t\t#gallery-1 .gallery-caption {\n\t\t\t\tmargin-left: 0;\n\t\t\t}\n\t\t\t\/* see gallery_shortcode() in wp-includes\/media.php *\/\n\t\t<\/style>\n\t\t<div id='gallery-1' class='gallery galleryid-774 gallery-columns-3 gallery-size-thumbnail'><dl class='gallery-item'>\n\t\t\t<dt class='gallery-icon landscape'>\n\t\t\t\t<a href='https:\/\/paliskunnat.fi\/py\/wp-content\/uploads\/2014\/11\/poroja_tiella.jpg' rel=\"lightbox[774]\"><img loading=\"lazy\" decoding=\"async\" width=\"150\" height=\"150\" src=\"https:\/\/paliskunnat.fi\/py\/wp-content\/uploads\/2014\/11\/poroja_tiella-150x150.jpg\" class=\"attachment-thumbnail size-thumbnail\" alt=\"Kes\u00e4ll\u00e4 porot nousevat tielle r\u00e4kk\u00e4\u00e4 v\u00e4ltt\u00e4\u00e4kseen.\" \/><\/a>\n\t\t\t<\/dt><\/dl><dl class='gallery-item'>\n\t\t\t<dt class='gallery-icon landscape'>\n\t\t\t\t<a href='https:\/\/paliskunnat.fi\/py\/wp-content\/uploads\/2026\/02\/auton-alle-jaaneet-porot-1995-2025.jpg' rel=\"lightbox[774]\"><img loading=\"lazy\" decoding=\"async\" width=\"150\" height=\"150\" src=\"https:\/\/paliskunnat.fi\/py\/wp-content\/uploads\/2026\/02\/auton-alle-jaaneet-porot-1995-2025-150x150.jpg\" class=\"attachment-thumbnail size-thumbnail\" alt=\"Ajoneuvoliikenteen uhreina kuolleet porot 1995-2025.\" \/><\/a>\n\t\t\t<\/dt><\/dl><dl class='gallery-item'>\n\t\t\t<dt class='gallery-icon landscape'>\n\t\t\t\t<a href='https:\/\/paliskunnat.fi\/py\/wp-content\/uploads\/2014\/11\/porovarotius.jpg' rel=\"lightbox[774]\"><img loading=\"lazy\" decoding=\"async\" width=\"150\" height=\"150\" src=\"https:\/\/paliskunnat.fi\/py\/wp-content\/uploads\/2014\/11\/porovarotius-150x150.jpg\" class=\"attachment-thumbnail size-thumbnail\" alt=\"Poromiehet pystytt\u00e4v\u00e4t porovaroitusmerkkej\u00e4 varoittaakseen menossa olevista porot\u00f6ist\u00e4.\" \/><\/a>\n\t\t\t<\/dt><\/dl><br style=\"clear: both\" \/><dl class='gallery-item'>\n\t\t\t<dt class='gallery-icon landscape'>\n\t\t\t\t<a href='https:\/\/paliskunnat.fi\/py\/wp-content\/uploads\/2026\/02\/porokolarit-kuukausittain-2016-2025.jpg' rel=\"lightbox[774]\"><img loading=\"lazy\" decoding=\"async\" width=\"150\" height=\"150\" src=\"https:\/\/paliskunnat.fi\/py\/wp-content\/uploads\/2026\/02\/porokolarit-kuukausittain-2016-2025-150x150.jpg\" class=\"attachment-thumbnail size-thumbnail\" alt=\"Porokolarien kuukausittainen kertym\u00e4 2016-2025.\" \/><\/a>\n\t\t\t<\/dt><\/dl><dl class='gallery-item'>\n\t\t\t<dt class='gallery-icon landscape'>\n\t\t\t\t<a href='https:\/\/paliskunnat.fi\/py\/wp-content\/uploads\/2014\/11\/porot_tiella.jpg' rel=\"lightbox[774]\"><img loading=\"lazy\" decoding=\"async\" width=\"150\" height=\"150\" src=\"https:\/\/paliskunnat.fi\/py\/wp-content\/uploads\/2014\/11\/porot_tiella-150x150.jpg\" class=\"attachment-thumbnail size-thumbnail\" alt=\"Poroja kuvaamaan rynt\u00e4\u00e4v\u00e4t matkailijat aiheuttavat vuosittain lukuisia vaaratilanteita.\" \/><\/a>\n\t\t\t<\/dt><\/dl><dl class='gallery-item'>\n\t\t\t<dt class='gallery-icon landscape'>\n\t\t\t\t<a href='https:\/\/paliskunnat.fi\/py\/wp-content\/uploads\/2026\/02\/liikenteen-aiheuttamat-porovahingot-2025.jpg' rel=\"lightbox[774]\"><img loading=\"lazy\" decoding=\"async\" width=\"150\" height=\"150\" src=\"https:\/\/paliskunnat.fi\/py\/wp-content\/uploads\/2026\/02\/liikenteen-aiheuttamat-porovahingot-2025-150x150.jpg\" class=\"attachment-thumbnail size-thumbnail\" alt=\"Liikenteen poroille aiheuttamat vahingot 2025.\" \/><\/a>\n\t\t\t<\/dt><\/dl><br style=\"clear: both\" \/>\n\t\t<\/div>\n\n<p>&nbsp;<\/p>\n<p>Paliskuntain yhdistys, paliskunnat ja poromiehet pyrkiv\u00e4t aktiivisesti l\u00f6yt\u00e4m\u00e4\u00e4n keinoja porokolarien v\u00e4hent\u00e4miseksi. Poroja paimennetaan pois teiden v\u00e4litt\u00f6m\u00e4st\u00e4 l\u00e4heisyydest\u00e4. Vuosien saatossa on kokeiltu monenlaisia keinoja vahinkojen est\u00e4miseksi, mutta tehokasta keinoa ei ole viel\u00e4 onnistuttu keksim\u00e4\u00e4n.<\/p>\n<p>Porojen varustaminen heijastinpannoilla voi jopa lis\u00e4t\u00e4 vahinkoalttiutta, autoilijan erehtyess\u00e4 pit\u00e4m\u00e4\u00e4n heijastinporoa ihmisen\u00e4.\u00a0Kuuluisin heijastinkokeilu k\u00e4ynnistyi vuonna 2014, jolloin maalasimme porojen sarvia ensi kertaa heijastavalla maalilla.\u00a0\u00a0Heijastinmaalikokeilu toimi kaikkien aikojen kattavimpana Pohjois-Lappia koskevana liikennevalistuskampanjana, mutta maalin kest\u00e4vyydess\u00e4 ja k\u00e4ytett\u00e4vyydess\u00e4 oli ongelmia, joten kokeilu jouduttiin lopettamaan.<\/p>\n<p>&nbsp;<\/p>\n<p><!--more--><\/p>\n<h2>Poro liikenteess\u00e4<\/h2>\n<p>Poro liikenteess\u00e4 -esite (<a href=\"https:\/\/paliskunnat.fi\/py\/wp-content\/uploads\/2014\/11\/poro_liikenteessa.pdf\">PDF<\/a> 1822 kt)<\/p>\n<h2>LVK Porovahingot<\/h2>\n<p><a href=\"https:\/\/www.lvk.fi\/korvaukset\/lvkn-korvaamat-vahingot\/?openaccordion=open-accordion_25307828\">Liikennevakuutuskeskus<\/a><\/p>\n<h2>Liikennevahingot 2023-2014<\/h2>\n<p>Tilasto: auton ja junan alle j\u00e4\u00e4neet <a href=\"http:\/\/paliskunnat.fi\/py\/materiaalit\/tilastot\/liikennevahingot\/\">porot<\/a> 2022-2014.<\/p>\n<h2>Heijastinmaalikokeilu<\/h2>\n<p>Maailmanlaajuista huomiota her\u00e4tt\u00e4nyt kokeilu <a href=\"https:\/\/www.bbc.com\/news\/blogs-news-from-elsewhere-26244339\">2014<\/a><\/p>\n","protected":false},"excerpt":{"rendered":"<p>Liikennevahingot Tiet ja rautatiet halkovat porojen elinymp\u00e4rist\u00f6j\u00e4 ja laidunalueita. Porokolareja tapahtuu vuosittain sek\u00e4 tie- ett\u00e4 raideliikenteess\u00e4. Kolarim\u00e4\u00e4r\u00e4t vaihtelevat suuresti, sill\u00e4 muun muassa s\u00e4\u00e4olot vaikuttavat paljon porojen kulkemiseen teill\u00e4 ja raiteilla. Kolarialtteinta aikaa ovat marraskuu, joulukuu ja tammikuu. Noudata erityist\u00e4 varovaisuutta n\u00e4ill\u00e4 kolarialtteimmilla tieosuuksilla Valtatie 20 v\u00e4lill\u00e4 Panumanj\u00e4rvi\u2212Taivalkoski Valtatie 5 v\u00e4lill\u00e4 Kuusamo\u2212Ruka Kantatie 82 v\u00e4lill\u00e4 Vikaj\u00e4rvi\u2212Kemij\u00e4rvi [&hellip;]<\/p>\n","protected":false},"author":1,"featured_media":0,"parent":177,"menu_order":2,"comment_status":"open","ping_status":"closed","template":"","meta":{"footnotes":""},"class_list":["post-774","page","type-page","status-publish","hentry"],"_links":{"self":[{"href":"https:\/\/paliskunnat.fi\/py\/wp-json\/wp\/v2\/pages\/774","targetHints":{"allow":["GET"]}}],"collection":[{"href":"https:\/\/paliskunnat.fi\/py\/wp-json\/wp\/v2\/pages"}],"about":[{"href":"https:\/\/paliskunnat.fi\/py\/wp-json\/wp\/v2\/types\/page"}],"author":[{"embeddable":true,"href":"https:\/\/paliskunnat.fi\/py\/wp-json\/wp\/v2\/users\/1"}],"replies":[{"embeddable":true,"href":"https:\/\/paliskunnat.fi\/py\/wp-json\/wp\/v2\/comments?post=774"}],"version-history":[{"count":139,"href":"https:\/\/paliskunnat.fi\/py\/wp-json\/wp\/v2\/pages\/774\/revisions"}],"predecessor-version":[{"id":6529,"href":"https:\/\/paliskunnat.fi\/py\/wp-json\/wp\/v2\/pages\/774\/revisions\/6529"}],"up":[{"embeddable":true,"href":"https:\/\/paliskunnat.fi\/py\/wp-json\/wp\/v2\/pages\/177"}],"wp:attachment":[{"href":"https:\/\/paliskunnat.fi\/py\/wp-json\/wp\/v2\/media?parent=774"}],"curies":[{"name":"wp","href":"https:\/\/api.w.org\/{rel}","templated":true}]}}