{"id":8200,"date":"2024-03-07T12:40:10","date_gmt":"2024-03-07T10:40:10","guid":{"rendered":"https:\/\/paliskunnat.fi\/py\/?page_id=8200"},"modified":"2024-03-17T16:10:32","modified_gmt":"2024-03-17T14:10:32","slug":"metsan-kasittely","status":"publish","type":"page","link":"https:\/\/paliskunnat.fi\/py\/materiaalit\/tutkimustietoa\/metsan-kasittely\/","title":{"rendered":"Mets\u00e4n k\u00e4sittely"},"content":{"rendered":"<h2>Mets\u00e4n k\u00e4sittely<\/h2>\n<p>Korosuo, A., Sandstr\u00f6m, P., \u00d6hman, K. &amp; Eriksson, L. O. 2014. Impacts of different forest management scenarios on forestry and reindeer husbandry, Scandinavian Journal of Forest Research, Vol. 29, No. Supplement 1, 234\u2013251.<br \/>\n<a href=\"https:\/\/dx.doi.org\/10.1080\/02827581.2013.865782\">https:\/\/dx.doi.org\/10.1080\/02827581.2013.865782<\/a><\/p>\n<p>Miina, J., Tolvanen, A., Kumpula, J. &amp; Tyrv\u00e4inen, L. 2020. Metsien luonnontuotteet, virkistysk\u00e4ytt\u00f6 ja porolaitumet jatkuvapeitteisess\u00e4 ja jaksollisessa kasvatuksessa.<br \/>\n<a href=\"https:\/\/www.metsatieteenaikakauskirja.fi\/article\/10345\">https:\/\/www.metsatieteenaikakauskirja.fi\/article\/10345<\/a><\/p>\n<p>Rikkonen, T., Turunen, M., Hallikainen, V. &amp; Rautio, P. 2023. Multiple-use forests and reindeer husbandry \u2013 Case of pendulous lichens in continuous cover forests. Forest Ecology and Management 529, 1-14.<br \/>\n<a href=\"https:\/\/doi.org\/10.1016\/j.foreco.2022.120651\">https:\/\/doi.org\/10.1016\/j.foreco.2022.120651<\/a><\/p>\n<p>Roturier, S. 2009. Managing Reindeer Lichen during Forest Regeneration Procedures: Linking S\u00e1mi Herders\u2019 Knowledge and Forestry, Faculty of Forest Sciences Department of Forest Ecology and Management Ume\u00e5, Doctoral Thesis Swedish University of Agricultural Sciences &amp; French National Museum of Natural History.<\/p>\n<p>Roturier, S., Picard, J., Cogos, S. &amp; Spataro, T. 2022. Influence of prescribed burning on reindeer winter pastures at landscape scale in northern Sweden: A modelling approach, Ambio vol 52, s. 453\u2013464.<br \/>\n<a href=\"https:\/\/doi.org\/10.1007\/s13280-022-01805-0\">https:\/\/doi.org\/10.1007\/s13280-022-01805-0<\/a><\/p>\n<p>Sandstr\u00f6m, P., Cory, N., Svensson, J., Heden\u00e5s, H., Jougda, L. &amp; Borchert, N. 2016. On the decline of ground lichen forests in the Swedish boreal landscape: Implications for reindeer husbandry and sustainable forest management, Ambio 2016, 45:415\u2013429. <a href=\"https:\/\/doi.org\/10.1007\/s13280-015-0759-0\">https:\/\/doi.org\/10.1007\/s13280-015-0759-0<\/a><\/p>\n<p>Tonteri, T., Hallikainen, V., Meril\u00e4, P., Miina, J., Rautio, P., Salemaa, M., Tolvanen, A. 2022. Response of ground macrolichens to site factors, co-existing plants and forestry in boreal forests, Applied Vegetation Science 2022;25.<br \/>\n<a href=\"https:\/\/doi.org\/10.1111\/avsc.12690\">https:\/\/doi.org\/10.1111\/avsc.12690<\/a><\/p>\n<p>Turunen, M., Rasmus, S., J\u00e4rvenp\u00e4\u00e4, J. &amp; Kivinen, S. 2020. Mets\u00e4talouden ja porotalouden keskin\u00e4iset vaikutukset ja suhteen muutokset Pohjois-Suomessa. Finnish Journal of Rural Studies 1\/2020, pp. 29-67.<br \/>\n<a href=\"https:\/\/journal.fi\/maaseutututkimus\/article\/view\/94484\">https:\/\/journal.fi\/maaseutututkimus\/article\/view\/94484<\/a><\/p>\n<p>&nbsp;<\/p>\n","protected":false},"excerpt":{"rendered":"<p>Mets\u00e4n k\u00e4sittely Korosuo, A., Sandstr\u00f6m, P., \u00d6hman, K. &amp; Eriksson, L. O. 2014. Impacts of different forest management scenarios on forestry and reindeer husbandry, Scandinavian Journal of Forest Research, Vol. 29, No. Supplement 1, 234\u2013251. https:\/\/dx.doi.org\/10.1080\/02827581.2013.865782 Miina, J., Tolvanen, A., Kumpula, J. &amp; Tyrv\u00e4inen, L. 2020. Metsien luonnontuotteet, virkistysk\u00e4ytt\u00f6 ja porolaitumet jatkuvapeitteisess\u00e4 ja jaksollisessa kasvatuksessa. [&hellip;]<\/p>\n","protected":false},"author":1,"featured_media":0,"parent":2616,"menu_order":0,"comment_status":"closed","ping_status":"closed","template":"","meta":{"footnotes":""},"class_list":["post-8200","page","type-page","status-publish","hentry"],"_links":{"self":[{"href":"https:\/\/paliskunnat.fi\/py\/wp-json\/wp\/v2\/pages\/8200","targetHints":{"allow":["GET"]}}],"collection":[{"href":"https:\/\/paliskunnat.fi\/py\/wp-json\/wp\/v2\/pages"}],"about":[{"href":"https:\/\/paliskunnat.fi\/py\/wp-json\/wp\/v2\/types\/page"}],"author":[{"embeddable":true,"href":"https:\/\/paliskunnat.fi\/py\/wp-json\/wp\/v2\/users\/1"}],"replies":[{"embeddable":true,"href":"https:\/\/paliskunnat.fi\/py\/wp-json\/wp\/v2\/comments?post=8200"}],"version-history":[{"count":7,"href":"https:\/\/paliskunnat.fi\/py\/wp-json\/wp\/v2\/pages\/8200\/revisions"}],"predecessor-version":[{"id":8269,"href":"https:\/\/paliskunnat.fi\/py\/wp-json\/wp\/v2\/pages\/8200\/revisions\/8269"}],"up":[{"embeddable":true,"href":"https:\/\/paliskunnat.fi\/py\/wp-json\/wp\/v2\/pages\/2616"}],"wp:attachment":[{"href":"https:\/\/paliskunnat.fi\/py\/wp-json\/wp\/v2\/media?parent=8200"}],"curies":[{"name":"wp","href":"https:\/\/api.w.org\/{rel}","templated":true}]}}