{"id":8203,"date":"2024-03-07T12:41:10","date_gmt":"2024-03-07T10:41:10","guid":{"rendered":"https:\/\/paliskunnat.fi\/py\/?page_id=8203"},"modified":"2024-03-07T12:52:22","modified_gmt":"2024-03-07T10:52:22","slug":"luke-raportteja","status":"publish","type":"page","link":"https:\/\/paliskunnat.fi\/py\/materiaalit\/tutkimustietoa\/luke-raportteja\/","title":{"rendered":"Luken raportteja"},"content":{"rendered":"<h2>Luonnonvarakeskuksen julkaisuja<\/h2>\n<p>Aro, K., Karvinen, S., Pynn\u00f6nen, S., Soini, K. &amp; Vehmasto, E. (toim.) 2022. N\u00e4k\u00f6kulmia mets\u00e4alan kest\u00e4vyyskeskusteluun, Systeeminen l\u00e4hestymistapa, Luonnonvara- ja biotalouden tutkimus 85\/2022.<\/p>\n<p>Kumpula, J., Siitari, J., Siitari, S., Kurkilahti, M., Heikkinen, J. &amp; Oinonen, K. 2019. Poronhoitoalueen talvilaitumet vuosien 2016\u20132018 laiduninventoinnissa. Talvilaidunten tilan muutokset ja muutosten syyt. Luonnonvara- ja biotalouden tutkimus 29\/2019.<br \/>\n<a href=\"https:\/\/jukuri.luke.fi\/handle\/10024\/543976\">https:\/\/jukuri.luke.fi\/handle\/10024\/543976<\/a><\/p>\n<p>Kumpula, J., Tanskanen, A., Colpaert, A., Anttonen, M., T\u00f6rm\u00e4nen, H., Siitari, J. &amp; Siitari, S. 2009. Poronhoitoalueen pohjoisosan talvilaitumet vuosina 2005\u20132008. Laidunten tilan muutokset 1990-luvun puoliv\u00e4lin j\u00e4lkeen, RKTL tutkimuksia ja selvityksi\u00e4 3\/2009.<br \/>\n<a href=\"https:\/\/jukuri.luke.fi\/bitstream\/handle\/10024\/532848\/tutkimuksia_3_2009.pdf?sequence=1\">https:\/\/jukuri.luke.fi\/bitstream\/handle\/10024\/532848\/tutkimuksia_3_2009.pdf?sequence=1<\/a><\/p>\n<p>Kumpula, J. &amp; Siitari, S. (toim.) 2020. Kest\u00e4v\u00e4 biotalous porolaitumilla -hankkeen osaraportit, johtop\u00e4\u00e4t\u00f6kset ja toimenpide-ehdotukset, Luonnonvara- ja biotalouden tutkimus 29\/2020.<\/p>\n<p>Routa, J. &amp; Huuskonen, S. (toim.) 2022. Jatkuvapeitteinen mets\u00e4nkasvatus \u2013 Synteesiraportti, Luonnonvara- ja biotalouden tutkimus 40\/2022<\/p>\n<p>Rytk\u00f6nen, A-M., Saarikoski, H., Kumpula, J., Hypp\u00f6nen, M. ja Hallikainen, V. 2013. Mets\u00e4talouden ja poronhoidon v\u00e4liset suhteet Yl\u00e4-Lapissa \u2013 synteesi tutkimustiedosta, RKTL tutkimuksia ja selvityksi\u00e4 6\/2013<\/p>\n","protected":false},"excerpt":{"rendered":"<p>Luonnonvarakeskuksen julkaisuja Aro, K., Karvinen, S., Pynn\u00f6nen, S., Soini, K. &amp; Vehmasto, E. (toim.) 2022. N\u00e4k\u00f6kulmia mets\u00e4alan kest\u00e4vyyskeskusteluun, Systeeminen l\u00e4hestymistapa, Luonnonvara- ja biotalouden tutkimus 85\/2022. Kumpula, J., Siitari, J., Siitari, S., Kurkilahti, M., Heikkinen, J. &amp; Oinonen, K. 2019. Poronhoitoalueen talvilaitumet vuosien 2016\u20132018 laiduninventoinnissa. Talvilaidunten tilan muutokset ja muutosten syyt. Luonnonvara- ja biotalouden tutkimus 29\/2019. [&hellip;]<\/p>\n","protected":false},"author":1,"featured_media":0,"parent":2616,"menu_order":5,"comment_status":"closed","ping_status":"closed","template":"","meta":{"footnotes":""},"class_list":["post-8203","page","type-page","status-publish","hentry"],"_links":{"self":[{"href":"https:\/\/paliskunnat.fi\/py\/wp-json\/wp\/v2\/pages\/8203","targetHints":{"allow":["GET"]}}],"collection":[{"href":"https:\/\/paliskunnat.fi\/py\/wp-json\/wp\/v2\/pages"}],"about":[{"href":"https:\/\/paliskunnat.fi\/py\/wp-json\/wp\/v2\/types\/page"}],"author":[{"embeddable":true,"href":"https:\/\/paliskunnat.fi\/py\/wp-json\/wp\/v2\/users\/1"}],"replies":[{"embeddable":true,"href":"https:\/\/paliskunnat.fi\/py\/wp-json\/wp\/v2\/comments?post=8203"}],"version-history":[{"count":5,"href":"https:\/\/paliskunnat.fi\/py\/wp-json\/wp\/v2\/pages\/8203\/revisions"}],"predecessor-version":[{"id":8208,"href":"https:\/\/paliskunnat.fi\/py\/wp-json\/wp\/v2\/pages\/8203\/revisions\/8208"}],"up":[{"embeddable":true,"href":"https:\/\/paliskunnat.fi\/py\/wp-json\/wp\/v2\/pages\/2616"}],"wp:attachment":[{"href":"https:\/\/paliskunnat.fi\/py\/wp-json\/wp\/v2\/media?parent=8203"}],"curies":[{"name":"wp","href":"https:\/\/api.w.org\/{rel}","templated":true}]}}