{"id":825,"date":"2014-11-12T13:37:17","date_gmt":"2014-11-12T11:37:17","guid":{"rendered":"http:\/\/80.69.171.23\/py\/?page_id=825"},"modified":"2024-10-07T16:39:16","modified_gmt":"2024-10-07T13:39:16","slug":"porokolarin-sattuessa","status":"publish","type":"page","link":"https:\/\/paliskunnat.fi\/py\/porovahingot\/liikennevahingot\/porokolarin-sattuessa\/","title":{"rendered":"Porokolarin sattuessa"},"content":{"rendered":"<h2>Porokolarin sattuessa toimi n\u00e4in:<\/h2>\n<ul>\n<li>Est\u00e4 lis\u00e4vahinkojen syntyminen. Aseta varoituskolmio tielle varoittamaan muita.<\/li>\n<li>Huolehdi loukkaantuneiden ensiavusta ja soita v\u00e4litt\u00f6m\u00e4sti h\u00e4t\u00e4keskukseen (112).<\/li>\n<li>Lopeta loukkaantunut poro tai hanki paikalle henkil\u00f6, joka tekee sen.<\/li>\n<li>Ilmoita h\u00e4t\u00e4keskukseen (112) aina, jos kolhaiset poroa. Vaikka poro jatkaisi matkaansa, se on todenn\u00e4k\u00f6isesti loukkaantunut.<br \/>\n<span style=\"color: #ff0000;\">\u00c4L\u00c4 J\u00c4T\u00c4 EL\u00c4INT\u00c4 K\u00c4RSIM\u00c4\u00c4N!<\/span><\/li>\n<li>Siirr\u00e4 ruho pientareelle ja merkitse paikka mahdollisimman n\u00e4kyv\u00e4sti. Ruhoa ei saa ottaa mukaan.<\/li>\n<li>Ilmoita vakuutusyhti\u00f6\u00f6si, mik\u00e4li t\u00f6rm\u00e4yksest\u00e4 on seurannut henkil\u00f6- tai omaisuusvahinkoja.<\/li>\n<\/ul>\n<h3>Paliskuntien rajat<\/h3>\n<p>Paliskunnat <a href=\"https:\/\/paliskunnat.fi\/map\" target=\"_blank\" rel=\"noopener noreferrer\">Leaflet<\/a>-kartalla (kartta avautuu omaan selainv\u00e4lilehteen).<\/p>\n<h3>Koordinaateista on etua<\/h3>\n<p>On suositeltavaa k\u00e4ytt\u00e4\u00e4 112-sovellusta, jolloin saat H\u00e4t\u00e4keskukselle v\u00e4littyv\u00e4n koordinaattitiedon. Vastaavasti voit katsoa koordinaatit Google Maps -appsista. Kolaripaikkaa voi olla vaikea ilmaista tarkasti tuntemattomalla mets\u00e4taipaleella, pime\u00e4ss\u00e4 tai heikoissa keliolosuhteissa. T\u00e4sm\u00e4llinen tieto kolaripaikasta helpottaa loukkaantuneen tai kuolleen poron l\u00f6yt\u00e4mist\u00e4 sek\u00e4 edist\u00e4\u00e4 liikenneturvallisuutta.<\/p>\n","protected":false},"excerpt":{"rendered":"<p>Porokolarin sattuessa toimi n\u00e4in: Est\u00e4 lis\u00e4vahinkojen syntyminen. Aseta varoituskolmio tielle varoittamaan muita. Huolehdi loukkaantuneiden ensiavusta ja soita v\u00e4litt\u00f6m\u00e4sti h\u00e4t\u00e4keskukseen (112). Lopeta loukkaantunut poro tai hanki paikalle henkil\u00f6, joka tekee sen. Ilmoita h\u00e4t\u00e4keskukseen (112) aina, jos kolhaiset poroa. Vaikka poro jatkaisi matkaansa, se on todenn\u00e4k\u00f6isesti loukkaantunut. \u00c4L\u00c4 J\u00c4T\u00c4 EL\u00c4INT\u00c4 K\u00c4RSIM\u00c4\u00c4N! Siirr\u00e4 ruho pientareelle ja merkitse paikka [&hellip;]<\/p>\n","protected":false},"author":1,"featured_media":0,"parent":774,"menu_order":2,"comment_status":"open","ping_status":"closed","template":"","meta":{"footnotes":""},"class_list":["post-825","page","type-page","status-publish","hentry"],"_links":{"self":[{"href":"https:\/\/paliskunnat.fi\/py\/wp-json\/wp\/v2\/pages\/825","targetHints":{"allow":["GET"]}}],"collection":[{"href":"https:\/\/paliskunnat.fi\/py\/wp-json\/wp\/v2\/pages"}],"about":[{"href":"https:\/\/paliskunnat.fi\/py\/wp-json\/wp\/v2\/types\/page"}],"author":[{"embeddable":true,"href":"https:\/\/paliskunnat.fi\/py\/wp-json\/wp\/v2\/users\/1"}],"replies":[{"embeddable":true,"href":"https:\/\/paliskunnat.fi\/py\/wp-json\/wp\/v2\/comments?post=825"}],"version-history":[{"count":63,"href":"https:\/\/paliskunnat.fi\/py\/wp-json\/wp\/v2\/pages\/825\/revisions"}],"predecessor-version":[{"id":8424,"href":"https:\/\/paliskunnat.fi\/py\/wp-json\/wp\/v2\/pages\/825\/revisions\/8424"}],"up":[{"embeddable":true,"href":"https:\/\/paliskunnat.fi\/py\/wp-json\/wp\/v2\/pages\/774"}],"wp:attachment":[{"href":"https:\/\/paliskunnat.fi\/py\/wp-json\/wp\/v2\/media?parent=825"}],"curies":[{"name":"wp","href":"https:\/\/api.w.org\/{rel}","templated":true}]}}