{"id":830,"date":"2014-11-12T13:44:43","date_gmt":"2014-11-12T11:44:43","guid":{"rendered":"http:\/\/80.69.171.23\/py\/?page_id=830"},"modified":"2024-10-07T15:35:56","modified_gmt":"2024-10-07T12:35:56","slug":"liikennevahinkoarviomies","status":"publish","type":"page","link":"https:\/\/paliskunnat.fi\/py\/porovahingot\/liikennevahingot\/liikennevahinkoarviomies\/","title":{"rendered":"Liikennevahinkoarviomies"},"content":{"rendered":"<h2>Liikennevahinkoarviomies<\/h2>\n<p>Liikennevahinkoarviomies on paliskunnan yleisen kokouksen valitsema henkil\u00f6, joka toimii <a href=\"http:\/\/www.finlex.fi\/fi\/laki\/ajantasa\/1990\/19900848#P51\">poronhoitolain 51 \u00a7<\/a> mukaisella vakuutuksella.<\/p>\n<p>Porokolarista ilmoitetaan liikennevahinkoarviomiehelle joko suoraan, poliisin tai porois\u00e4nn\u00e4n kautta. Arviomies k\u00e4y viipym\u00e4tt\u00e4 tapahtumapaikalla tarkistamassa ilmoituksen vahingoittuneesta porosta sek\u00e4 ottaa yl\u00f6s vahingon osapuolten tiedot, tekee vahinkoilmoituksen ja ilmoittaa tapahtuneesta asianosaiselle poronomistajalle.<\/p>\n<p>Kolarissa loukkaantunut poro pyrit\u00e4\u00e4n l\u00f6yt\u00e4m\u00e4\u00e4n mahdollisimman nopeasti. Arviomies huolehtii raadon pois. Raadon h\u00e4vityksess\u00e4 huomioidaan ymp\u00e4rist\u00f6viranomaisen ohjeet. P\u00e4\u00e4s\u00e4\u00e4nt\u00f6isesti raadot haudataan.<\/p>\n<p>Liikennevakuutuskeskus korvaa kolarissa menetetyn poron. Porojen korvausarvot m\u00e4\u00e4r\u00e4ytyv\u00e4t porolajikohtaisesti keskipainon, keskim\u00e4\u00e4r\u00e4isen kilohinnan ja siitoskertoimen mukaan. Korvausarvot m\u00e4\u00e4ritet\u00e4\u00e4n vuosittain. Korvaus maksetaan paliskunnalle, joka maksaa sen edelleen vahingon k\u00e4rsineelle poronomistajalle.<\/p>\n<p>&nbsp;<\/p>\n<p><!--more--><\/p>\n<h2>Poromiehen tieturva<\/h2>\n<p>Ohjeet liikenteen varoittamisesta porokolarin arviomiehelle ja paliskunnalle 15.11.2010 (V\u00e4yl\u00e4virasto, <a href=\"https:\/\/www.doria.fi\/handle\/10024\/121347\">PDF-tiedosto<\/a>).<\/p>\n","protected":false},"excerpt":{"rendered":"<p>Liikennevahinkoarviomies Liikennevahinkoarviomies on paliskunnan yleisen kokouksen valitsema henkil\u00f6, joka toimii poronhoitolain 51 \u00a7 mukaisella vakuutuksella. Porokolarista ilmoitetaan liikennevahinkoarviomiehelle joko suoraan, poliisin tai porois\u00e4nn\u00e4n kautta. Arviomies k\u00e4y viipym\u00e4tt\u00e4 tapahtumapaikalla tarkistamassa ilmoituksen vahingoittuneesta porosta sek\u00e4 ottaa yl\u00f6s vahingon osapuolten tiedot, tekee vahinkoilmoituksen ja ilmoittaa tapahtuneesta asianosaiselle poronomistajalle. Kolarissa loukkaantunut poro pyrit\u00e4\u00e4n l\u00f6yt\u00e4m\u00e4\u00e4n mahdollisimman nopeasti. Arviomies huolehtii raadon [&hellip;]<\/p>\n","protected":false},"author":1,"featured_media":0,"parent":774,"menu_order":4,"comment_status":"open","ping_status":"closed","template":"","meta":{"footnotes":""},"class_list":["post-830","page","type-page","status-publish","hentry"],"_links":{"self":[{"href":"https:\/\/paliskunnat.fi\/py\/wp-json\/wp\/v2\/pages\/830","targetHints":{"allow":["GET"]}}],"collection":[{"href":"https:\/\/paliskunnat.fi\/py\/wp-json\/wp\/v2\/pages"}],"about":[{"href":"https:\/\/paliskunnat.fi\/py\/wp-json\/wp\/v2\/types\/page"}],"author":[{"embeddable":true,"href":"https:\/\/paliskunnat.fi\/py\/wp-json\/wp\/v2\/users\/1"}],"replies":[{"embeddable":true,"href":"https:\/\/paliskunnat.fi\/py\/wp-json\/wp\/v2\/comments?post=830"}],"version-history":[{"count":17,"href":"https:\/\/paliskunnat.fi\/py\/wp-json\/wp\/v2\/pages\/830\/revisions"}],"predecessor-version":[{"id":7947,"href":"https:\/\/paliskunnat.fi\/py\/wp-json\/wp\/v2\/pages\/830\/revisions\/7947"}],"up":[{"embeddable":true,"href":"https:\/\/paliskunnat.fi\/py\/wp-json\/wp\/v2\/pages\/774"}],"wp:attachment":[{"href":"https:\/\/paliskunnat.fi\/py\/wp-json\/wp\/v2\/media?parent=830"}],"curies":[{"name":"wp","href":"https:\/\/api.w.org\/{rel}","templated":true}]}}