{"id":836,"date":"2014-11-12T13:51:19","date_gmt":"2014-11-12T11:51:19","guid":{"rendered":"http:\/\/80.69.171.23\/py\/?page_id=836"},"modified":"2022-02-24T11:50:05","modified_gmt":"2022-02-24T09:50:05","slug":"viljelysvahingot","status":"publish","type":"page","link":"https:\/\/paliskunnat.fi\/py\/porovahingot\/viljelysvahingot\/","title":{"rendered":"Viljelysvahingot"},"content":{"rendered":"<h2>Viljelysvahingot<\/h2>\n<p>Poronhoito perustuu luonnonlaidunten k\u00e4ytt\u00f6\u00f6n. Lains\u00e4\u00e4d\u00e4nn\u00f6ll\u00e4 on turvattu poronhoidolle pysyv\u00e4sti vapaa laidunnusoikeus, s\u00e4\u00e4dettyine rajoituksineen. Poroilla on maanomistussuhteista riippumaton oikeus oleskella ja ottaa ravintonsa luonnosta, mutta ei aiheuttaa taloudellista vahinkoa maa- ja mets\u00e4taloudelle (<a href=\"http:\/\/www.finlex.fi\/fi\/laki\/ajantasa\/1990\/19900848#P3\">PHL 3 \u00a7<\/a> ja <a href=\"http:\/\/www.finlex.fi\/fi\/laki\/ajantasa\/1990\/19900848#P31\">PHL 31 \u00a7<\/a>). Vapaasti laiduntavat porot ovat paliskunnan hoidossa ja paliskunta vastaa niiden mahdollisesti aiheuttamista vahingoista.<\/p>\n<p>Poronhoitoalue on jaettu kolmeen vy\u00f6hykkeeseen. N\u00e4m\u00e4 ovat saamelaisten kotiseutualue, erityisesti poronhoitoa varten tarkoitettu alue eli erityinen poronhoitoalue ja muu poronhoitoalue. Erityisell\u00e4 poronhoitoalueella, johon my\u00f6s saamelaisten kotiseutualue kuuluu, poronhoidon asema elinkeinona on erityisen merkitt\u00e4v\u00e4. T\u00e4m\u00e4 on huomioitu my\u00f6s lains\u00e4\u00e4d\u00e4nn\u00f6ss\u00e4 poronhoitoa erityisesti suojaavin s\u00e4\u00e4d\u00f6ksin.<\/p>\n<p>Porois\u00e4ntien <a href=\"http:\/\/paliskunnat.fi\/py\/poroisannat\/\">yhteystiedot<\/a><\/p>\n<p>Ruokavirasto: <a href=\"https:\/\/www.ruokavirasto.fi\/tietoa-meista\/asiointi\/porovahinkolautakunta\/\">Porovahinkolautakunta<\/a><\/p>\n<p>Porovahinkolautakunnan <a href=\"https:\/\/www.ruokavirasto.fi\/tietoa-meista\/asiointi\/porovahinkolautakunta\/porovahinkolautakunnan-lausuntoja-ja-ratkaisuja\/\">lausuntoja ja ratkaisuja<\/a><\/p>\n<p><!--more--><\/p>\n<h2>Opas porovahinkojen arviointiin<\/h2>\n<p>Peltovahinkoarvioinnin opas poronhoitoalueelle (<a href=\"http:\/\/urn.fi\/URN:ISBN:978-952-380-097-7\">PDF<\/a> 6256 kt)<br \/>\n<!--\n\n\n<h2>Arviointilomake<\/h2>\n\n\nLomake (<a href=\"http:\/\/paliskunnat.fi\/py\/wp-content\/uploads\/2015\/03\/Arvioimislautakunnan_asiakirja.pdf\">PDF<\/a>\u00a0312 kt)\n\n\n<h2>Puheenjohtajien yhteystiedot<\/h2>\n\n\nArvioimislautakuntien puheenjohtajat ja varapuheenjohtajat 15.2.2019 (<a href=\"http:\/\/paliskunnat.fi\/py\/wp-content\/uploads\/2019\/02\/Arvioimislautakuntien-puheenjohtajat_15022019.pdf\">PDF<\/a>,\u00a082 kt)\n--><\/p>\n<h2>Peltovahinkojen arviointiprosessi<\/h2>\n<p>Arviointiprosessi (<a href=\"https:\/\/paliskunnat.fi\/ohjeet_oppaat\/Peltovahinkojen_arviontiprosessi_2021.pdf\">PDF<\/a> 10233 kt)<\/p>\n<p>Arviointiprosessi <a href=\"https:\/\/www.slideshare.net\/LukeFinland\/vahinkoarvioprosessin-kuvaus\">Slideshare-julkaisuna<\/a><\/p>\n<h2>Poronhoito ja maatalous<\/h2>\n<p>Sanna Hast: Poronhoito ja maatalous (<a href=\"https:\/\/paliskunnat.fi\/py\/wp-content\/uploads\/2018\/03\/Poronhoito_ja_maatalous.pdf\">PDF<\/a> 1953 kt)<\/p>\n","protected":false},"excerpt":{"rendered":"<p>Viljelysvahingot Poronhoito perustuu luonnonlaidunten k\u00e4ytt\u00f6\u00f6n. Lains\u00e4\u00e4d\u00e4nn\u00f6ll\u00e4 on turvattu poronhoidolle pysyv\u00e4sti vapaa laidunnusoikeus, s\u00e4\u00e4dettyine rajoituksineen. Poroilla on maanomistussuhteista riippumaton oikeus oleskella ja ottaa ravintonsa luonnosta, mutta ei aiheuttaa taloudellista vahinkoa maa- ja mets\u00e4taloudelle (PHL 3 \u00a7 ja PHL 31 \u00a7). Vapaasti laiduntavat porot ovat paliskunnan hoidossa ja paliskunta vastaa niiden mahdollisesti aiheuttamista vahingoista. Poronhoitoalue on jaettu [&hellip;]<\/p>\n","protected":false},"author":1,"featured_media":0,"parent":177,"menu_order":3,"comment_status":"open","ping_status":"closed","template":"","meta":{"footnotes":""},"class_list":["post-836","page","type-page","status-publish","hentry"],"_links":{"self":[{"href":"https:\/\/paliskunnat.fi\/py\/wp-json\/wp\/v2\/pages\/836","targetHints":{"allow":["GET"]}}],"collection":[{"href":"https:\/\/paliskunnat.fi\/py\/wp-json\/wp\/v2\/pages"}],"about":[{"href":"https:\/\/paliskunnat.fi\/py\/wp-json\/wp\/v2\/types\/page"}],"author":[{"embeddable":true,"href":"https:\/\/paliskunnat.fi\/py\/wp-json\/wp\/v2\/users\/1"}],"replies":[{"embeddable":true,"href":"https:\/\/paliskunnat.fi\/py\/wp-json\/wp\/v2\/comments?post=836"}],"version-history":[{"count":32,"href":"https:\/\/paliskunnat.fi\/py\/wp-json\/wp\/v2\/pages\/836\/revisions"}],"predecessor-version":[{"id":7232,"href":"https:\/\/paliskunnat.fi\/py\/wp-json\/wp\/v2\/pages\/836\/revisions\/7232"}],"up":[{"embeddable":true,"href":"https:\/\/paliskunnat.fi\/py\/wp-json\/wp\/v2\/pages\/177"}],"wp:attachment":[{"href":"https:\/\/paliskunnat.fi\/py\/wp-json\/wp\/v2\/media?parent=836"}],"curies":[{"name":"wp","href":"https:\/\/api.w.org\/{rel}","templated":true}]}}