{"id":840,"date":"2014-11-12T13:56:05","date_gmt":"2014-11-12T11:56:05","guid":{"rendered":"http:\/\/80.69.171.23\/py\/?page_id=840"},"modified":"2021-08-13T12:11:05","modified_gmt":"2021-08-13T09:11:05","slug":"toimintaohjeet-viljelijoille","status":"publish","type":"page","link":"https:\/\/paliskunnat.fi\/py\/porovahingot\/viljelysvahingot\/toimintaohjeet-viljelijoille\/","title":{"rendered":"Ohje viljelij\u00e4lle"},"content":{"rendered":"<h2>Ohje viljelij\u00e4lle<\/h2>\n<p>Jos\u00a0poroja tavataan alueella, jossa ne voivat aiheuttaa vahinkoa, tulee potentiaalisen vahingonk\u00e4rsij\u00e4n ottaa v\u00e4litt\u00f6m\u00e4sti yhteytt\u00e4 paliskunnan porois\u00e4nt\u00e4\u00e4n. Porois\u00e4nt\u00e4 on velvollinen huolehtimaan siit\u00e4, ett\u00e4 porot toimitetaan pois alueelta. Jos paliskunta laiminly\u00f6 velvollisuutensa, maanomistajalla tai vahinkoa k\u00e4rsineell\u00e4 on oikeus toimittaa porot pois paliskunnan kustannuksella.<\/p>\n<p>Jos porot ovat aiheuttaneet vahinkoja, asianosaiset neuvottelevat vahingon arvioinnista, korvaamisesta ja tulevien vahinkojen est\u00e4misest\u00e4. Mik\u00e4li neuvotteluissa ei p\u00e4\u00e4st\u00e4 yhteisymm\u00e4rrykseen, voidaan asia vied\u00e4 porovahinkolautakunnan k\u00e4sitelt\u00e4v\u00e4ksi.<\/p>\n<p>Porois\u00e4ntien <a href=\"http:\/\/paliskunnat.fi\/py\/poroisannat\/\">yhteystiedot<\/a><\/p>\n<p>Lis\u00e4tietoa <a href=\"http:\/\/www.ruokavirasto.fi\/tietoa-meista\/asiointi\/porovahinkolautakunta\/\">porovahinkolautakunnasta<\/a><\/p>\n<p>&nbsp;<\/p>\n<p>&nbsp;<\/p>\n","protected":false},"excerpt":{"rendered":"<p>Ohje viljelij\u00e4lle Jos\u00a0poroja tavataan alueella, jossa ne voivat aiheuttaa vahinkoa, tulee potentiaalisen vahingonk\u00e4rsij\u00e4n ottaa v\u00e4litt\u00f6m\u00e4sti yhteytt\u00e4 paliskunnan porois\u00e4nt\u00e4\u00e4n. Porois\u00e4nt\u00e4 on velvollinen huolehtimaan siit\u00e4, ett\u00e4 porot toimitetaan pois alueelta. Jos paliskunta laiminly\u00f6 velvollisuutensa, maanomistajalla tai vahinkoa k\u00e4rsineell\u00e4 on oikeus toimittaa porot pois paliskunnan kustannuksella. Jos porot ovat aiheuttaneet vahinkoja, asianosaiset neuvottelevat vahingon arvioinnista, korvaamisesta ja tulevien [&hellip;]<\/p>\n","protected":false},"author":1,"featured_media":0,"parent":836,"menu_order":1,"comment_status":"open","ping_status":"closed","template":"","meta":{"footnotes":""},"class_list":["post-840","page","type-page","status-publish","hentry"],"_links":{"self":[{"href":"https:\/\/paliskunnat.fi\/py\/wp-json\/wp\/v2\/pages\/840","targetHints":{"allow":["GET"]}}],"collection":[{"href":"https:\/\/paliskunnat.fi\/py\/wp-json\/wp\/v2\/pages"}],"about":[{"href":"https:\/\/paliskunnat.fi\/py\/wp-json\/wp\/v2\/types\/page"}],"author":[{"embeddable":true,"href":"https:\/\/paliskunnat.fi\/py\/wp-json\/wp\/v2\/users\/1"}],"replies":[{"embeddable":true,"href":"https:\/\/paliskunnat.fi\/py\/wp-json\/wp\/v2\/comments?post=840"}],"version-history":[{"count":20,"href":"https:\/\/paliskunnat.fi\/py\/wp-json\/wp\/v2\/pages\/840\/revisions"}],"predecessor-version":[{"id":7013,"href":"https:\/\/paliskunnat.fi\/py\/wp-json\/wp\/v2\/pages\/840\/revisions\/7013"}],"up":[{"embeddable":true,"href":"https:\/\/paliskunnat.fi\/py\/wp-json\/wp\/v2\/pages\/836"}],"wp:attachment":[{"href":"https:\/\/paliskunnat.fi\/py\/wp-json\/wp\/v2\/media?parent=840"}],"curies":[{"name":"wp","href":"https:\/\/api.w.org\/{rel}","templated":true}]}}