{"id":8419,"date":"2024-10-07T15:36:46","date_gmt":"2024-10-07T12:36:46","guid":{"rendered":"https:\/\/paliskunnat.fi\/py\/?page_id=8419"},"modified":"2024-10-08T13:29:41","modified_gmt":"2024-10-08T10:29:41","slug":"porokolarin-valttaminen","status":"publish","type":"page","link":"https:\/\/paliskunnat.fi\/py\/porovahingot\/liikennevahingot\/porokolarin-valttaminen\/","title":{"rendered":"Porokolarin v\u00e4ltt\u00e4minen"},"content":{"rendered":"<h2>Porot ihastuttavat, mutta liikenneturvallisuus ensin<\/h2>\n<p><a href=\"https:\/\/youtu.be\/R95OcBejDLg\" target=\"_blank\" rel=\"noopener\"><img loading=\"lazy\" decoding=\"async\" class=\"alignnone wp-image-8434\" src=\"https:\/\/paliskunnat.fi\/py\/wp-content\/uploads\/2024\/10\/lapin_maisemissa-ajaessa.jpg\" alt=\"Lapin maisemissa ajaessa kuvaa poroja maltilla.\" width=\"460\" height=\"291\" srcset=\"https:\/\/paliskunnat.fi\/py\/wp-content\/uploads\/2024\/10\/lapin_maisemissa-ajaessa.jpg 1100w, https:\/\/paliskunnat.fi\/py\/wp-content\/uploads\/2024\/10\/lapin_maisemissa-ajaessa-300x190.jpg 300w, https:\/\/paliskunnat.fi\/py\/wp-content\/uploads\/2024\/10\/lapin_maisemissa-ajaessa-1024x648.jpg 1024w, https:\/\/paliskunnat.fi\/py\/wp-content\/uploads\/2024\/10\/lapin_maisemissa-ajaessa-768x486.jpg 768w\" sizes=\"auto, (max-width: 460px) 100vw, 460px\" \/><\/a><\/p>\n<h3>Varaudu porojen liikkumiseen poronhoitoalueen teill\u00e4<\/h3>\n<ul>\n<li style=\"list-style-type: none;\">\n<ul>\n<li>Varaa matkantekoon aikaa.<\/li>\n<li>Aja nopeutta, jossa hallitset auton yll\u00e4tt\u00e4viss\u00e4kin tilanteissa. Poroja voi olla mutkien takana ja painanteissa.<\/li>\n<li>Pid\u00e4 turvav\u00e4li.<\/li>\n<li>Tarkkaile teiden varsia. Talvisin j\u00e4ljist\u00e4 n\u00e4kee, ett\u00e4 l\u00e4hell\u00e4 voi olla poroja.<\/li>\n<li>Jos n\u00e4et yhden poron, l\u00e4hist\u00f6ll\u00e4 on todenn\u00e4k\u00f6isesti lis\u00e4\u00e4. Poro on laumael\u00e4in.<\/li>\n<li>K\u00e4yt\u00e4 kaukovaloja jo h\u00e4m\u00e4r\u00e4ss\u00e4. Porojen silm\u00e4t kiiluvat valokiilassa kauas varoitusmerkkin\u00e4.<\/li>\n<li>Varoita toisia tiell\u00e4 liikkujia poroista v\u00e4l\u00e4ytt\u00e4m\u00e4ll\u00e4 pitki\u00e4 valoja.<\/li>\n<li>Huomioi, ett\u00e4 poroillakin voi olla heijastimia.<\/li>\n<\/ul>\n<\/li>\n<\/ul>\n","protected":false},"excerpt":{"rendered":"<p>Porot ihastuttavat, mutta liikenneturvallisuus ensin Varaudu porojen liikkumiseen poronhoitoalueen teill\u00e4 Varaa matkantekoon aikaa. Aja nopeutta, jossa hallitset auton yll\u00e4tt\u00e4viss\u00e4kin tilanteissa. Poroja voi olla mutkien takana ja painanteissa. Pid\u00e4 turvav\u00e4li. Tarkkaile teiden varsia. Talvisin j\u00e4ljist\u00e4 n\u00e4kee, ett\u00e4 l\u00e4hell\u00e4 voi olla poroja. Jos n\u00e4et yhden poron, l\u00e4hist\u00f6ll\u00e4 on todenn\u00e4k\u00f6isesti lis\u00e4\u00e4. Poro on laumael\u00e4in. K\u00e4yt\u00e4 kaukovaloja jo h\u00e4m\u00e4r\u00e4ss\u00e4. [&hellip;]<\/p>\n","protected":false},"author":1,"featured_media":0,"parent":774,"menu_order":1,"comment_status":"closed","ping_status":"closed","template":"","meta":{"footnotes":""},"class_list":["post-8419","page","type-page","status-publish","hentry"],"_links":{"self":[{"href":"https:\/\/paliskunnat.fi\/py\/wp-json\/wp\/v2\/pages\/8419","targetHints":{"allow":["GET"]}}],"collection":[{"href":"https:\/\/paliskunnat.fi\/py\/wp-json\/wp\/v2\/pages"}],"about":[{"href":"https:\/\/paliskunnat.fi\/py\/wp-json\/wp\/v2\/types\/page"}],"author":[{"embeddable":true,"href":"https:\/\/paliskunnat.fi\/py\/wp-json\/wp\/v2\/users\/1"}],"replies":[{"embeddable":true,"href":"https:\/\/paliskunnat.fi\/py\/wp-json\/wp\/v2\/comments?post=8419"}],"version-history":[{"count":8,"href":"https:\/\/paliskunnat.fi\/py\/wp-json\/wp\/v2\/pages\/8419\/revisions"}],"predecessor-version":[{"id":8440,"href":"https:\/\/paliskunnat.fi\/py\/wp-json\/wp\/v2\/pages\/8419\/revisions\/8440"}],"up":[{"embeddable":true,"href":"https:\/\/paliskunnat.fi\/py\/wp-json\/wp\/v2\/pages\/774"}],"wp:attachment":[{"href":"https:\/\/paliskunnat.fi\/py\/wp-json\/wp\/v2\/media?parent=8419"}],"curies":[{"name":"wp","href":"https:\/\/api.w.org\/{rel}","templated":true}]}}