{"id":842,"date":"2014-11-12T13:57:38","date_gmt":"2014-11-12T11:57:38","guid":{"rendered":"http:\/\/80.69.171.23\/py\/?page_id=842"},"modified":"2015-05-09T10:31:41","modified_gmt":"2015-05-09T07:31:41","slug":"toimintaohjeet-paliskunnalle","status":"publish","type":"page","link":"https:\/\/paliskunnat.fi\/py\/porovahingot\/viljelysvahingot\/toimintaohjeet-paliskunnalle\/","title":{"rendered":"Ohje paliskunnalle"},"content":{"rendered":"<h2>Ohje paliskunnalle<\/h2>\n<p>Paliskunta on velvollinen toimimaan saadessaan ilmoituksen poroista alueella, jossa ne voivat aiheuttaa vahinkoa. Jos paliskunta laiminly\u00f6 velvollisuutensa, maanomistajalla tai vahinkoa k\u00e4rsineell\u00e4 on oikeus toimittaa porot pois paliskunnan kustannuksella.<\/p>\n<p>Aina kun poroja poistetaan paliskunnan toimesta kielletylt\u00e4 alueelta, tulee toimenpiteet p\u00e4iv\u00e4m\u00e4\u00e4rineen ja kellonaikoineen kirjata yl\u00f6s huolellisesti. Hyv\u00e4 k\u00e4yt\u00e4nt\u00f6 on my\u00f6s k\u00e4yd\u00e4 paikan p\u00e4\u00e4ll\u00e4 ilmoittamassa asianosaisille tehdyist\u00e4 toimenpiteist\u00e4 tai muulla tavoin huolehtia siit\u00e4, ett\u00e4 tieto tehdyst\u00e4 ty\u00f6st\u00e4 tavoittaa kaikki asianosaiset.<\/p>\n<p>&nbsp;<\/p>\n","protected":false},"excerpt":{"rendered":"<p>Ohje paliskunnalle Paliskunta on velvollinen toimimaan saadessaan ilmoituksen poroista alueella, jossa ne voivat aiheuttaa vahinkoa. Jos paliskunta laiminly\u00f6 velvollisuutensa, maanomistajalla tai vahinkoa k\u00e4rsineell\u00e4 on oikeus toimittaa porot pois paliskunnan kustannuksella. Aina kun poroja poistetaan paliskunnan toimesta kielletylt\u00e4 alueelta, tulee toimenpiteet p\u00e4iv\u00e4m\u00e4\u00e4rineen ja kellonaikoineen kirjata yl\u00f6s huolellisesti. Hyv\u00e4 k\u00e4yt\u00e4nt\u00f6 on my\u00f6s k\u00e4yd\u00e4 paikan p\u00e4\u00e4ll\u00e4 ilmoittamassa asianosaisille [&hellip;]<\/p>\n","protected":false},"author":1,"featured_media":0,"parent":836,"menu_order":2,"comment_status":"open","ping_status":"closed","template":"","meta":{"footnotes":""},"class_list":["post-842","page","type-page","status-publish","hentry"],"_links":{"self":[{"href":"https:\/\/paliskunnat.fi\/py\/wp-json\/wp\/v2\/pages\/842","targetHints":{"allow":["GET"]}}],"collection":[{"href":"https:\/\/paliskunnat.fi\/py\/wp-json\/wp\/v2\/pages"}],"about":[{"href":"https:\/\/paliskunnat.fi\/py\/wp-json\/wp\/v2\/types\/page"}],"author":[{"embeddable":true,"href":"https:\/\/paliskunnat.fi\/py\/wp-json\/wp\/v2\/users\/1"}],"replies":[{"embeddable":true,"href":"https:\/\/paliskunnat.fi\/py\/wp-json\/wp\/v2\/comments?post=842"}],"version-history":[{"count":6,"href":"https:\/\/paliskunnat.fi\/py\/wp-json\/wp\/v2\/pages\/842\/revisions"}],"predecessor-version":[{"id":3793,"href":"https:\/\/paliskunnat.fi\/py\/wp-json\/wp\/v2\/pages\/842\/revisions\/3793"}],"up":[{"embeddable":true,"href":"https:\/\/paliskunnat.fi\/py\/wp-json\/wp\/v2\/pages\/836"}],"wp:attachment":[{"href":"https:\/\/paliskunnat.fi\/py\/wp-json\/wp\/v2\/media?parent=842"}],"curies":[{"name":"wp","href":"https:\/\/api.w.org\/{rel}","templated":true}]}}