{"id":844,"date":"2014-11-12T14:03:04","date_gmt":"2014-11-12T12:03:04","guid":{"rendered":"http:\/\/80.69.171.23\/py\/?page_id=844"},"modified":"2021-08-13T12:12:15","modified_gmt":"2021-08-13T09:12:15","slug":"viljelyssuoja-aita","status":"publish","type":"page","link":"https:\/\/paliskunnat.fi\/py\/porovahingot\/viljelysvahingot\/viljelyssuoja-aita\/","title":{"rendered":"Viljelyssuoja-aita"},"content":{"rendered":"<h2>Viljelyssuoja-aita<\/h2>\n<p>Viljelysten aitaaminen voi olla tarpeen, mik\u00e4li k\u00e4ytett\u00e4viss\u00e4 ei ole muta keinoa porojen pit\u00e4miseksi poissa viljelyksilt\u00e4. Aitaamiskustannusten tulee kuitenkin olla kohtuulliset suhteessa mahdollisiin vahinkoihin. Aitaamisesta neuvotellaan ja sovitaan asianosaisten kesken. Mik\u00e4li neuvotteluissa ei p\u00e4\u00e4st\u00e4 yhteisymm\u00e4rrykseen, voidaan asia vied\u00e4 porovahinkolautakunnan k\u00e4sitelt\u00e4v\u00e4ksi.<\/p>\n<p>Oikeuden m\u00e4\u00e4rittelem\u00e4 hyv\u00e4n aidanrakennustavan mukainen aita on tehty metrinkorkuisesta aitaverkosta (23.6.2004, 04\/627). Tolppina k\u00e4ytet\u00e4\u00e4n aisattuja kuusi- tai m\u00e4ntytolppia.<\/p>\n<p>Aitaamiseen tarvitaan aina maanomistajan lupa. Mik\u00e4li maanomistaja kielt\u00e4\u00e4 aidan rakentamisen omistamalleen maalle, ei paliskunnan todenn\u00e4k\u00f6isesti tarvitse korvata porojen aiheuttamia vahinkoja (Rovaniemen hovioikeuden p\u00e4\u00e4t\u00f6s 6.9.2006 \/756). Korvausvelvollisuutta ei v\u00e4ltt\u00e4m\u00e4tt\u00e4\u00a0synny, mik\u00e4li vahingonk\u00e4rsij\u00e4 my\u00f6t\u00e4vaikuttaa toiminnallaan vahingon syntymiseen. Maanomistajan tai haltijan huolellisuusvelvoitteeseen ja vahinkojen est\u00e4misvelvoitteeseen kuuluu muun muassa pit\u00e4\u00e4 aitojen ver\u00e4j\u00e4t suljettuina, jotta porot eiv\u00e4t p\u00e4\u00e4se alueelle, jolla ne eiv\u00e4t saa olla.<\/p>\n<p>Aitaamisesta tehd\u00e4\u00e4n aina kirjallinen sopimus paliskunnan ja maanomistajan kesken. My\u00f6s aidan kunnossapidosta tulee\u00a0sopia osapuolten kesken kirjallisesti.<\/p>\n<p>Paliskunnat voivat hakea Lapin ELY-keskukselta porotalouden ja luontaiselinkeinojen rahoituslain (<a href=\"http:\/\/www.finlex.fi\/fi\/laki\/ajantasa\/2011\/20110986\">POLURA 896\/2011)<\/a>\u00a0mukaista aitaamisavustusta suoja-aidan rakentamiskustannuksiin.<\/p>\n<p>Viljelysaidat ovat paliskunnan omaisuutta. Aitoja vahingoittava on vahingonkorvausvelvollinen aiheuttamastaan vahingosta.<\/p>\n<p>&nbsp;<\/p>\n","protected":false},"excerpt":{"rendered":"<p>Viljelyssuoja-aita Viljelysten aitaaminen voi olla tarpeen, mik\u00e4li k\u00e4ytett\u00e4viss\u00e4 ei ole muta keinoa porojen pit\u00e4miseksi poissa viljelyksilt\u00e4. Aitaamiskustannusten tulee kuitenkin olla kohtuulliset suhteessa mahdollisiin vahinkoihin. Aitaamisesta neuvotellaan ja sovitaan asianosaisten kesken. Mik\u00e4li neuvotteluissa ei p\u00e4\u00e4st\u00e4 yhteisymm\u00e4rrykseen, voidaan asia vied\u00e4 porovahinkolautakunnan k\u00e4sitelt\u00e4v\u00e4ksi. Oikeuden m\u00e4\u00e4rittelem\u00e4 hyv\u00e4n aidanrakennustavan mukainen aita on tehty metrinkorkuisesta aitaverkosta (23.6.2004, 04\/627). Tolppina k\u00e4ytet\u00e4\u00e4n aisattuja [&hellip;]<\/p>\n","protected":false},"author":1,"featured_media":0,"parent":836,"menu_order":3,"comment_status":"open","ping_status":"closed","template":"","meta":{"footnotes":""},"class_list":["post-844","page","type-page","status-publish","hentry"],"_links":{"self":[{"href":"https:\/\/paliskunnat.fi\/py\/wp-json\/wp\/v2\/pages\/844","targetHints":{"allow":["GET"]}}],"collection":[{"href":"https:\/\/paliskunnat.fi\/py\/wp-json\/wp\/v2\/pages"}],"about":[{"href":"https:\/\/paliskunnat.fi\/py\/wp-json\/wp\/v2\/types\/page"}],"author":[{"embeddable":true,"href":"https:\/\/paliskunnat.fi\/py\/wp-json\/wp\/v2\/users\/1"}],"replies":[{"embeddable":true,"href":"https:\/\/paliskunnat.fi\/py\/wp-json\/wp\/v2\/comments?post=844"}],"version-history":[{"count":16,"href":"https:\/\/paliskunnat.fi\/py\/wp-json\/wp\/v2\/pages\/844\/revisions"}],"predecessor-version":[{"id":7014,"href":"https:\/\/paliskunnat.fi\/py\/wp-json\/wp\/v2\/pages\/844\/revisions\/7014"}],"up":[{"embeddable":true,"href":"https:\/\/paliskunnat.fi\/py\/wp-json\/wp\/v2\/pages\/836"}],"wp:attachment":[{"href":"https:\/\/paliskunnat.fi\/py\/wp-json\/wp\/v2\/media?parent=844"}],"curies":[{"name":"wp","href":"https:\/\/api.w.org\/{rel}","templated":true}]}}