{"id":855,"date":"2014-11-12T14:54:24","date_gmt":"2014-11-12T12:54:24","guid":{"rendered":"http:\/\/80.69.171.23\/py\/?page_id=855"},"modified":"2021-08-17T07:40:19","modified_gmt":"2021-08-17T04:40:19","slug":"pihaporot","status":"publish","type":"page","link":"https:\/\/paliskunnat.fi\/py\/porovahingot\/pihaporot\/","title":{"rendered":"Vakinaisen asunnon piha"},"content":{"rendered":"<h2>Vakinaisen asunnon piha<\/h2>\n<p>Poronhoito perustuu luonnonlaidunten k\u00e4ytt\u00f6\u00f6n. Lains\u00e4\u00e4d\u00e4nn\u00f6ll\u00e4 on turvattu poronhoidolle pysyv\u00e4sti vapaa laidunnusoikeus, s\u00e4\u00e4dettyine rajoituksineen. Poroilla on maanomistussuhteista riippumaton oikeus oleskella ja ottaa ravintonsa luonnosta, mutta ei aiheuttaa taloudellista vahinkoa maa- ja mets\u00e4taloudelle (<a href=\"http:\/\/www.finlex.fi\/fi\/laki\/ajantasa\/1990\/19900848#P3\">PHL 3 \u00a7<\/a> ja <a href=\"http:\/\/www.finlex.fi\/fi\/laki\/ajantasa\/1990\/19900848#P31\">PHL 31 \u00a7<\/a>).<\/p>\n<p>Vapaasti laiduntavat porot ovat paliskunnan hoidossa ja paliskunta vastaa niiden mahdollisesti aiheuttamista vahingoista.<\/p>\n<p>Poronhoitoalue on jaettu kolmeen vy\u00f6hykkeeseen. N\u00e4m\u00e4 ovat saamelaisten kotiseutualue, erityisesti poronhoitoa varten tarkoitettu alue eli erityinen poronhoitoalue ja muu poronhoitoalue. Erityisell\u00e4 poronhoitoalueella, johon my\u00f6s saamelaisten kotiseutualue kuuluu, poronhoidon asema elinkeinona on erityisen merkitt\u00e4v\u00e4. T\u00e4m\u00e4 on huomioitu my\u00f6s lains\u00e4\u00e4d\u00e4nn\u00f6ss\u00e4 poronhoitoa erityisesti suojaavin s\u00e4\u00e4d\u00f6ksin.<\/p>\n<p>Muualla kuin saamelaisten kotiseutualueella poroja on hoidettava siten, etteiv\u00e4t ne p\u00e4\u00e4se puutarhoihin, vakinaisten asuntojen pihoihin tai muille erityiseen k\u00e4ytt\u00f6\u00f6n otetulle alueille (<a href=\"http:\/\/www.finlex.fi\/fi\/laki\/ajantasa\/1990\/19900848#P31\">PHL 31 \u00a7<\/a>).<\/p>\n<p>Jos poroja tulee alueelle jossa ne eiv\u00e4t saa olla ja jossa ne voivat aiheuttaa vahinkoa, tulee ottaa v\u00e4litt\u00f6m\u00e4sti yhteys asianosaisen paliskunnan porois\u00e4nt\u00e4\u00e4n. Porois\u00e4nt\u00e4 on velvollinen huolehtimaan siit\u00e4, ett\u00e4 porot toimitetaan pois alueelta. Jos porot ovat aiheuttaneet vahinkoja, neuvotellaan asianosaisten kesken vahingon korvaamisesta ja tulevien vahinkojen est\u00e4misest\u00e4. Jos asianosaisten v\u00e4lisess\u00e4 neuvottelussa ei p\u00e4\u00e4st\u00e4 yhteisymm\u00e4rrykseen, voidaan asia vied\u00e4 porovahinkolautakunnan ratkaistavaksi.<\/p>\n<p>Aitaamisvelvoite ei koske vapaa-ajan asuntoja. Saamelaisten kotiseutualueella velvoite koskee ainoastaan maa- ja mets\u00e4talouden k\u00e4yt\u00f6ss\u00e4 olevia alueita.<\/p>\n<p>Porois\u00e4ntien\u00a0<a href=\"http:\/\/paliskunnat.fi\/py\/poroisannat\/\">yhteystiedot<\/a><\/p>\n<p>&nbsp;<\/p>\n<p>&nbsp;<\/p>\n","protected":false},"excerpt":{"rendered":"<p>Vakinaisen asunnon piha Poronhoito perustuu luonnonlaidunten k\u00e4ytt\u00f6\u00f6n. Lains\u00e4\u00e4d\u00e4nn\u00f6ll\u00e4 on turvattu poronhoidolle pysyv\u00e4sti vapaa laidunnusoikeus, s\u00e4\u00e4dettyine rajoituksineen. Poroilla on maanomistussuhteista riippumaton oikeus oleskella ja ottaa ravintonsa luonnosta, mutta ei aiheuttaa taloudellista vahinkoa maa- ja mets\u00e4taloudelle (PHL 3 \u00a7 ja PHL 31 \u00a7). Vapaasti laiduntavat porot ovat paliskunnan hoidossa ja paliskunta vastaa niiden mahdollisesti aiheuttamista vahingoista. Poronhoitoalue [&hellip;]<\/p>\n","protected":false},"author":1,"featured_media":0,"parent":177,"menu_order":4,"comment_status":"open","ping_status":"closed","template":"","meta":{"footnotes":""},"class_list":["post-855","page","type-page","status-publish","hentry"],"_links":{"self":[{"href":"https:\/\/paliskunnat.fi\/py\/wp-json\/wp\/v2\/pages\/855","targetHints":{"allow":["GET"]}}],"collection":[{"href":"https:\/\/paliskunnat.fi\/py\/wp-json\/wp\/v2\/pages"}],"about":[{"href":"https:\/\/paliskunnat.fi\/py\/wp-json\/wp\/v2\/types\/page"}],"author":[{"embeddable":true,"href":"https:\/\/paliskunnat.fi\/py\/wp-json\/wp\/v2\/users\/1"}],"replies":[{"embeddable":true,"href":"https:\/\/paliskunnat.fi\/py\/wp-json\/wp\/v2\/comments?post=855"}],"version-history":[{"count":21,"href":"https:\/\/paliskunnat.fi\/py\/wp-json\/wp\/v2\/pages\/855\/revisions"}],"predecessor-version":[{"id":7022,"href":"https:\/\/paliskunnat.fi\/py\/wp-json\/wp\/v2\/pages\/855\/revisions\/7022"}],"up":[{"embeddable":true,"href":"https:\/\/paliskunnat.fi\/py\/wp-json\/wp\/v2\/pages\/177"}],"wp:attachment":[{"href":"https:\/\/paliskunnat.fi\/py\/wp-json\/wp\/v2\/media?parent=855"}],"curies":[{"name":"wp","href":"https:\/\/api.w.org\/{rel}","templated":true}]}}