{"id":863,"date":"2014-11-12T15:18:31","date_gmt":"2014-11-12T13:18:31","guid":{"rendered":"http:\/\/80.69.171.23\/py\/?page_id=863"},"modified":"2018-11-27T13:42:06","modified_gmt":"2018-11-27T11:42:06","slug":"koiravahingot","status":"publish","type":"page","link":"https:\/\/paliskunnat.fi\/py\/porovahingot\/koiravahingot\/","title":{"rendered":"Koiravahingot"},"content":{"rendered":"<h2>Koiravahingot<\/h2>\n<p>Poronhoitoalue on yksi Suomen suosituimpia matkailu- ja mets\u00e4stysalueita. Koiranomistajien on syyt\u00e4 huomioida porojen ja koirien kohtaamiseen liittyv\u00e4t ongelmat sek\u00e4 keinot ei-toivottujen kohtaamisten ja vahinkojen ehk\u00e4isemiseksi. Hyv\u00e4ll\u00e4 yhteisty\u00f6ll\u00e4 pohjoisen luonnossa liikkuminen on kaikille osapuolille miellytt\u00e4v\u00e4 kokemus.<\/p>\n<p>Paras keino vahinkojen ehk\u00e4isemiseksi on noudattaa koirien kiinnipitoa koskevaa lains\u00e4\u00e4d\u00e4nt\u00f6\u00e4. Koirat on l\u00e4ht\u00f6kohtaisesti pidett\u00e4v\u00e4 kytkettyin\u00e4. Koiraa ei my\u00f6sk\u00e4\u00e4n saa koskaan pit\u00e4\u00e4 irti toisen alueella ilman maanomistajan tai mets\u00e4stysoikeuden haltijan lupaa. Kiinnipitoaikana ja my\u00f6s luvallisena aikana mets\u00e4stystilanteissa koiranomistajalla on ankara vastuu koirastaan.<\/p>\n<p><a href=\"https:\/\/paliskunnat.fi\/py\/wp-content\/uploads\/2014\/11\/koira-ja-poro.jpg\" rel=\"lightbox[863]\"><img loading=\"lazy\" decoding=\"async\" class=\"alignnone wp-image-1781\" src=\"https:\/\/paliskunnat.fi\/py\/wp-content\/uploads\/2014\/11\/koira-ja-poro.jpg\" alt=\"Mets\u00e4styskoira ja poro\" width=\"500\" height=\"352\" srcset=\"https:\/\/paliskunnat.fi\/py\/wp-content\/uploads\/2014\/11\/koira-ja-poro.jpg 532w, https:\/\/paliskunnat.fi\/py\/wp-content\/uploads\/2014\/11\/koira-ja-poro-300x210.jpg 300w\" sizes=\"auto, (max-width: 500px) 100vw, 500px\" \/><\/a><\/p>\n<p>Koirien poroille ja poronhoitot\u00f6ille aiheuttamat vahingot ja h\u00e4iri\u00f6t ovat lis\u00e4\u00e4ntyneet huomattavasti viime vuosina. Erityisen suuria ongelmia on saanut aikaan yleistynyt usean mets\u00e4styskoiran yht\u00e4aikainen k\u00e4ytt\u00f6. My\u00f6s muut kuin mets\u00e4styskoirat aiheuttavat usein porovahinkoja ollessaan ilman valvontaa.<\/p>\n<p>Koirat tappavat poroja raatelemalla hengilt\u00e4 tai vahingoittavat raatelemalla tai ajamalla poroja niin, ett\u00e4 poro on vammautumisen vuoksi lopetettava. Koirat aiheuttavat my\u00f6s porojen hukkumisia ja porokolareita ajamalla poroja esimerkiksi heikoille j\u00e4ille tai liikenteen sekaan. Muita hyvin tyypillisi\u00e4 vahinkoja ovat porojen ajaminen aitojen l\u00e4pi, tokkien hajottaminen sek\u00e4 laidunten k\u00e4yt\u00f6n ja poronhoitot\u00f6iden h\u00e4iriintyminen tai estyminen.<\/p>\n<p>Lains\u00e4\u00e4d\u00e4nn\u00f6n koiria koskevat pyk\u00e4l\u00e4t on hyv\u00e4 tuntea poronhoitoalueella liikuttaessa. Koirien irtipito on aina l\u00e4ht\u00f6kohtaisesti kielletty: <a href=\"http:\/\/www.finlex.fi\/fi\/laki\/ajantasa\/1993\/19930615#P53\">Mets\u00e4styslain 53 \u00a7:n<\/a> mukaan koiraa ei saa pit\u00e4\u00e4 irti toisen alueella ilman maanomistajan tai mets\u00e4stysoikeuden haltijan lupaa. Yleisen kiinnipitovelvoitteen lis\u00e4ksi mets\u00e4styslain s\u00e4\u00e4t\u00e4m\u00e4 koirien kiinnipitoaika on 1.3.\u201319.8. Tuona aikana my\u00f6s mets\u00e4styskoira on pidett\u00e4v\u00e4 kytkettyn\u00e4 tai v\u00e4litt\u00f6m\u00e4sti kytkett\u00e4viss\u00e4.<\/p>\n<p><a href=\"https:\/\/www.finlex.fi\/fi\/laki\/ajantasa\/1990\/19900848#P42\">Poronhoitolain 42 \u00a7:ss\u00e4<\/a> s\u00e4\u00e4det\u00e4\u00e4n porojen pelottelemisen ehk\u00e4isemisest\u00e4. Porojen pelotteleminen on kielletty. Pelottelemisesta poronomistajalle ja paliskunnalle aiheutunut vahinko ja haitta on korvattava. (PHL 42.1 \u00a7.) Mets\u00e4styslain\u00a0noudattamista valvova viranomainen sek\u00e4 poronomistaja ja poropaimen saavat oman paliskuntansa alueella tappaa is\u00e4nn\u00e4tt\u00f6m\u00e4n koiran, joka koirien kiinnipitoaikana tavataan ajamasta poroja niiden laitumella tai joka muuna aikana tavataan repim\u00e4st\u00e4 ajamaansa poroa. Koiraa ei kuitenkaan saa tappaa, jos se saadaan kiinni tai vahinko voidaan muuten est\u00e4\u00e4. Kiinniottamisesta tai tappamisesta on ilmoitettava v\u00e4litt\u00f6m\u00e4sti poliisille. (PHL 42.2 \u00a7.)<\/p>\n<p>Porovahinkojen riski moninkertaistuu, jos irrallaan on samanaikaisesti kaksi tai useampia koiria. Poronhoitoalueella mets\u00e4stett\u00e4ess\u00e4 vahinkoriski minimoidaan pit\u00e4m\u00e4ll\u00e4 irti vain yht\u00e4 hallinnassa olevaa ja porovapaata koiraa kerrallaan. Poroja ajavaa tai poroa vahingoittanutta koiraa ei tule miss\u00e4\u00e4n olosuhteissa laskea toistamiseen irti poronhoitoalueella.<\/p>\n<p>Mets\u00e4styst\u00e4 ei tule harrastaa porot\u00f6iden kannalta keskeisill\u00e4 alueilla porot\u00f6iden ollessa k\u00e4ynniss\u00e4. T\u00e4m\u00e4n osalta tiedonkulku sujuu parhaiten, kun koiran kanssa alueilla liikkuvat ilmoittavat liikkumisestaan paliskuntien porois\u00e4nnille. Paliskuntien kiinteille aita-alueille ei pid\u00e4 vied\u00e4 koiria lainkaan. Porojen kokoaminen on mittava ty\u00f6 ja poroja pidet\u00e4\u00e4n ennen erotusaitaan laittamista koontialueilla erotusaitojen l\u00e4heisyydess\u00e4 lyhyit\u00e4 aikoja, jolloin on t\u00e4rke\u00e4\u00e4, ett\u00e4 poroja ei h\u00e4irit\u00e4. Ajantasaisen tiedon porot\u00f6ist\u00e4 saa paliskunnasta. My\u00f6s Mets\u00e4hallitus jakaa paliskuntien yhteystiedot mets\u00e4st\u00e4jille lupien my\u00f6nt\u00e4misen yhteydess\u00e4.<\/p>\n<p>Poroty\u00f6t alkavat syyskuun puoliv\u00e4lin j\u00e4lkeen ja jatkuvat vuoden loppuun, paikoin my\u00f6s kev\u00e4ttalven ajan. Ajantasaisen tiedon k\u00e4ynniss\u00e4 olevista t\u00f6ist\u00e4 saa paliskuntien porois\u00e4nnilt\u00e4. Muutamissa paliskunnissa on k\u00e4yt\u00f6ss\u00e4 porot\u00f6ist\u00e4 ilmoittava palvelu <a href=\"http:\/\/www.porotyot.fi\/\">www.porotyot.fi<\/a>. Varmuuden vuoksi on kuitenkin aina syyt\u00e4 olla yhteydess\u00e4 paliskuntaan ennen mets\u00e4lle l\u00e4ht\u00f6\u00e4.<\/p>\n<p>Eniten koirien aiheuttamia vahinkoja sattuu syksyisin ja talvisin. Syksyisen mets\u00e4styskauden aikaan osuu my\u00f6s poroerotuskauden kiivain ty\u00f6jakso. Suuri osa vahingoista on estett\u00e4viss\u00e4 huolellisella toiminnalla koiraa k\u00e4ytett\u00e4ess\u00e4 sek\u00e4 tiiviill\u00e4 kommunikoinnilla ja yhteisty\u00f6ll\u00e4 alueen paliskunnan kanssa. Aina vahingoilta ei huolellisellakaan toiminnalla v\u00e4ltyt\u00e4. Koiran kanssa liikkuvan onkin hyv\u00e4 tiet\u00e4\u00e4, kuinka vahingon satuttua tulee toimia.<\/p>\n<p>&nbsp;<\/p>\n<p><!--more--><\/p>\n<h2>Tietoa porot\u00f6ist\u00e4<\/h2>\n<p><a href=\"http:\/\/www.porotyot.fi\/\">www.porotyot.fi<\/a> -palvelu tarjoaa mets\u00e4styskauden aikana mets\u00e4st\u00e4jille ajantasaista tietoa k\u00e4ynniss\u00e4 olevista porot\u00f6ist\u00e4. Tietoa on tarjolla vain palvelussa mukana olevista paliskunnista (katkoviivan reunustamat alueet). Muiden paliskuntien osalta tiedon saa soittamalla <a href=\"http:\/\/paliskunnat.fi\/py\/organisaatio\/yhteystiedot\/paliskunnat\/\">porois\u00e4nn\u00e4lle<\/a>.<\/p>\n<p>&nbsp;<\/p>\n<p>&nbsp;<\/p>\n","protected":false},"excerpt":{"rendered":"<p>Koiravahingot Poronhoitoalue on yksi Suomen suosituimpia matkailu- ja mets\u00e4stysalueita. Koiranomistajien on syyt\u00e4 huomioida porojen ja koirien kohtaamiseen liittyv\u00e4t ongelmat sek\u00e4 keinot ei-toivottujen kohtaamisten ja vahinkojen ehk\u00e4isemiseksi. Hyv\u00e4ll\u00e4 yhteisty\u00f6ll\u00e4 pohjoisen luonnossa liikkuminen on kaikille osapuolille miellytt\u00e4v\u00e4 kokemus. Paras keino vahinkojen ehk\u00e4isemiseksi on noudattaa koirien kiinnipitoa koskevaa lains\u00e4\u00e4d\u00e4nt\u00f6\u00e4. Koirat on l\u00e4ht\u00f6kohtaisesti pidett\u00e4v\u00e4 kytkettyin\u00e4. Koiraa ei my\u00f6sk\u00e4\u00e4n saa [&hellip;]<\/p>\n","protected":false},"author":1,"featured_media":0,"parent":177,"menu_order":3,"comment_status":"open","ping_status":"closed","template":"","meta":{"footnotes":""},"class_list":["post-863","page","type-page","status-publish","hentry"],"_links":{"self":[{"href":"https:\/\/paliskunnat.fi\/py\/wp-json\/wp\/v2\/pages\/863","targetHints":{"allow":["GET"]}}],"collection":[{"href":"https:\/\/paliskunnat.fi\/py\/wp-json\/wp\/v2\/pages"}],"about":[{"href":"https:\/\/paliskunnat.fi\/py\/wp-json\/wp\/v2\/types\/page"}],"author":[{"embeddable":true,"href":"https:\/\/paliskunnat.fi\/py\/wp-json\/wp\/v2\/users\/1"}],"replies":[{"embeddable":true,"href":"https:\/\/paliskunnat.fi\/py\/wp-json\/wp\/v2\/comments?post=863"}],"version-history":[{"count":33,"href":"https:\/\/paliskunnat.fi\/py\/wp-json\/wp\/v2\/pages\/863\/revisions"}],"predecessor-version":[{"id":5907,"href":"https:\/\/paliskunnat.fi\/py\/wp-json\/wp\/v2\/pages\/863\/revisions\/5907"}],"up":[{"embeddable":true,"href":"https:\/\/paliskunnat.fi\/py\/wp-json\/wp\/v2\/pages\/177"}],"wp:attachment":[{"href":"https:\/\/paliskunnat.fi\/py\/wp-json\/wp\/v2\/media?parent=863"}],"curies":[{"name":"wp","href":"https:\/\/api.w.org\/{rel}","templated":true}]}}