{"id":870,"date":"2014-11-12T15:37:59","date_gmt":"2014-11-12T13:37:59","guid":{"rendered":"http:\/\/80.69.171.23\/py\/?page_id=870"},"modified":"2015-05-14T18:40:18","modified_gmt":"2015-05-14T15:40:18","slug":"koiravahingot-sattuessa","status":"publish","type":"page","link":"https:\/\/paliskunnat.fi\/py\/porovahingot\/koiravahingot\/koiravahingot-sattuessa\/","title":{"rendered":"Koiravahingon sattuessa"},"content":{"rendered":"<h2>Koiravahingon sattuessa<\/h2>\n<p>Lopeta pahoin loukkaantunut poro. Ilmoita tapahtuneesta v\u00e4litt\u00f6m\u00e4sti poliisille, 112 ja <a href=\"http:\/\/paliskunnat.fi\/py\/poroisannat\/\">porois\u00e4nn\u00e4lle<\/a>.<\/p>\n<p>Koiranomistaja on aina vastuussa koirastaan ja sen aiheuttamista vahingoista. Poro on korvattava poronomistajalle. Poron arvo m\u00e4\u00e4r\u00e4ytyy porolajin mukaan. Tarvittaessa poron arvosta voi pyyt\u00e4\u00e4 lausunnon Paliskuntain yhdistyksest\u00e4.<\/p>\n<p><a href=\"http:\/\/paliskunnat.fi\/py\/organisaatio\/yhteystiedot\/\">Yhteystiedot<\/a><\/p>\n","protected":false},"excerpt":{"rendered":"<p>Koiravahingon sattuessa Lopeta pahoin loukkaantunut poro. Ilmoita tapahtuneesta v\u00e4litt\u00f6m\u00e4sti poliisille, 112 ja porois\u00e4nn\u00e4lle. Koiranomistaja on aina vastuussa koirastaan ja sen aiheuttamista vahingoista. Poro on korvattava poronomistajalle. Poron arvo m\u00e4\u00e4r\u00e4ytyy porolajin mukaan. Tarvittaessa poron arvosta voi pyyt\u00e4\u00e4 lausunnon Paliskuntain yhdistyksest\u00e4. Yhteystiedot<\/p>\n","protected":false},"author":1,"featured_media":0,"parent":863,"menu_order":1,"comment_status":"open","ping_status":"closed","template":"","meta":{"footnotes":""},"class_list":["post-870","page","type-page","status-publish","hentry"],"_links":{"self":[{"href":"https:\/\/paliskunnat.fi\/py\/wp-json\/wp\/v2\/pages\/870","targetHints":{"allow":["GET"]}}],"collection":[{"href":"https:\/\/paliskunnat.fi\/py\/wp-json\/wp\/v2\/pages"}],"about":[{"href":"https:\/\/paliskunnat.fi\/py\/wp-json\/wp\/v2\/types\/page"}],"author":[{"embeddable":true,"href":"https:\/\/paliskunnat.fi\/py\/wp-json\/wp\/v2\/users\/1"}],"replies":[{"embeddable":true,"href":"https:\/\/paliskunnat.fi\/py\/wp-json\/wp\/v2\/comments?post=870"}],"version-history":[{"count":16,"href":"https:\/\/paliskunnat.fi\/py\/wp-json\/wp\/v2\/pages\/870\/revisions"}],"predecessor-version":[{"id":3927,"href":"https:\/\/paliskunnat.fi\/py\/wp-json\/wp\/v2\/pages\/870\/revisions\/3927"}],"up":[{"embeddable":true,"href":"https:\/\/paliskunnat.fi\/py\/wp-json\/wp\/v2\/pages\/863"}],"wp:attachment":[{"href":"https:\/\/paliskunnat.fi\/py\/wp-json\/wp\/v2\/media?parent=870"}],"curies":[{"name":"wp","href":"https:\/\/api.w.org\/{rel}","templated":true}]}}