{"id":1304,"date":"2014-11-22T20:06:02","date_gmt":"2014-11-22T18:06:02","guid":{"rendered":"http:\/\/80.69.171.23\/py\/?page_id=1304"},"modified":"2023-06-06T14:25:04","modified_gmt":"2023-06-06T11:25:04","slug":"muddusjarvi","status":"publish","type":"page","link":"https:\/\/paliskunnat.fi\/reindeer-herders-association\/cooperatives\/cooperatives-info\/muddusjarvi\/","title":{"rendered":"4 Muddusj\u00e4rvi"},"content":{"rendered":"<h2>Muddusj\u00e4rvi<\/h2>\n<p>Chief of District: Seuruj\u00e4rvi Osmo<br \/>\nMobile: +358 40 352 4151<br \/>\nEmail: s&#101;&#117;&#x72;&#x75;&#x6a;ar&#118;&#105;&#x6f;&#x73;&#x6d;o&#64;&#103;&#109;&#x61;&#x69;&#x6c;&#46;&#99;&#111;&#x6d;<\/p>\n<p><a href=\"https:\/\/paliskunnat.fi\/reindeer-herders-association\/wp-content\/uploads\/2014\/11\/4_muddusjarvi1.png\" rel=\"lightbox[1304]\"><img loading=\"lazy\" decoding=\"async\" class=\"alignnone wp-image-1306\" src=\"https:\/\/paliskunnat.fi\/reindeer-herders-association\/wp-content\/uploads\/2014\/11\/4_muddusjarvi1.png\" alt=\"4 Muddusj\u00e4rvi\" width=\"300\" height=\"387\" srcset=\"https:\/\/paliskunnat.fi\/reindeer-herders-association\/wp-content\/uploads\/2014\/11\/4_muddusjarvi1.png 776w, https:\/\/paliskunnat.fi\/reindeer-herders-association\/wp-content\/uploads\/2014\/11\/4_muddusjarvi1-233x300.png 233w\" sizes=\"auto, (max-width: 300px) 100vw, 300px\" \/><\/a><\/p>\n<table style=\"height: 122px;\" width=\"450\">\n<tbody>\n<tr>\n<td>Hometown:<\/td>\n<td>Inari<\/td>\n<\/tr>\n<tr>\n<td>Total area:<\/td>\n<td>2 874.5 km<sup>2<\/sup><\/td>\n<\/tr>\n<tr>\n<td>Maximum number of reindeer:<\/td>\n<td>5 200<\/td>\n<\/tr>\n<tr>\n<td>Reindeer herders:<\/td>\n<td>67<\/td>\n<\/tr>\n<\/tbody>\n<\/table>\n<p>Muddusj\u00e4rvi cooperative is located in the Inari municipality area. It is part of the Inari reindeer marking district. In north, the cooperative borders with Kaldoaivi, in northeast with N\u00e4\u00e4t\u00e4m\u00f6, in southeast with Paatsjoki, in south with Hammastunturi, in west with Muotkatunturi and in northwest with Paistunturi herding cooperatives.<\/p>\n<p>84.6 % of the cooperative\u2019s total area is state land and 15.4 % is owned by other landowners. Other land owners are farms and reindeer farms in Utsjoki that collectively own forest, and private land owners. The cooperative is affected by the mire reserves in Vaijoen \u2013 Sammuttij\u00e4nk\u00e4, Piera-Mari j\u00e4nk\u00e4 and Halstimaj\u00e4nk\u00e4.<\/p>\n<p>The main round up fence is Siuttajoki. The summer calve marking fences have not been used since 1994. Some herders keep reindeer in their own fences until the calves have been born.<\/p>\n<p>Population in the area is sparse and is mainly located to the southern part of the cooperative. Most of the reindeer herders live in the Inari town centre or smaller villages such as Riutula, Kaamanen, V\u00e4yl\u00e4 and Partakko.<\/p>\n<p>&nbsp;<\/p>\n<p>&nbsp;<\/p>\n","protected":false},"excerpt":{"rendered":"<p>Muddusj\u00e4rvi Chief of District: Seuruj\u00e4rvi Osmo Mobile: +358 40 352 4151 Email: &#x73;&#x65;&#x75;&#x72;&#x75;&#x6a;&#x61;&#x72;&#118;&#105;&#111;&#115;&#109;&#111;&#64;gmai&#x6c;&#x2e;&#x63;&#x6f;&#x6d; Hometown: Inari Total area: 2 874.5 km2 Maximum number of reindeer: 5 200 Reindeer herders: 67 Muddusj\u00e4rvi cooperative is located in the Inari municipality area. It is part of the Inari reindeer marking district. In north, the cooperative borders with Kaldoaivi, in [&hellip;]<\/p>\n","protected":false},"author":1,"featured_media":0,"parent":420,"menu_order":4,"comment_status":"open","ping_status":"closed","template":"paliskuntasivut.php","meta":{"footnotes":""},"class_list":["post-1304","page","type-page","status-publish","hentry"],"yoast_head":"<!-- This site is optimized with the Yoast SEO plugin v27.1.1 - https:\/\/yoast.com\/product\/yoast-seo-wordpress\/ -->\n<title>4 Muddusj\u00e4rvi - Reindeer Herders&#039; Association<\/title>\n<meta name=\"robots\" content=\"index, follow, max-snippet:-1, max-image-preview:large, max-video-preview:-1\" \/>\n<link rel=\"canonical\" href=\"https:\/\/paliskunnat.fi\/reindeer-herders-association\/cooperatives\/cooperatives-info\/muddusjarvi\/\" \/>\n<meta property=\"og:locale\" content=\"en_US\" \/>\n<meta property=\"og:type\" content=\"article\" \/>\n<meta property=\"og:title\" content=\"4 Muddusj\u00e4rvi - Reindeer Herders&#039; Association\" \/>\n<meta property=\"og:description\" content=\"Muddusj\u00e4rvi Chief of District: Seuruj\u00e4rvi Osmo Mobile: +358 40 352 4151 Email: &#115;&#x65;&#117;&#x72;&#117;&#x6a;&#097;&#x72;&#118;&#x69;&#111;&#x73;m&#x6f;&#064;&#x67;m&#x61;i&#x6c;&#046;&#x63;o&#109; Hometown: Inari Total area: 2 874.5 km2 Maximum number of reindeer: 5 200 Reindeer herders: 67 Muddusj\u00e4rvi cooperative is located in the Inari municipality area. It is part of the Inari reindeer marking district. In north, the cooperative borders with Kaldoaivi, in [&hellip;]\" \/>\n<meta property=\"og:url\" content=\"https:\/\/paliskunnat.fi\/reindeer-herders-association\/cooperatives\/cooperatives-info\/muddusjarvi\/\" \/>\n<meta property=\"og:site_name\" content=\"Reindeer Herders&#039; Association\" \/>\n<meta property=\"article:modified_time\" content=\"2023-06-06T11:25:04+00:00\" \/>\n<meta property=\"og:image\" content=\"https:\/\/paliskunnat.fi\/reindeer-herders-association\/wp-content\/uploads\/2014\/11\/4_muddusjarvi1.png\" \/>\n<meta name=\"twitter:card\" content=\"summary_large_image\" \/>\n<meta name=\"twitter:label1\" content=\"Est. reading time\" \/>\n\t<meta name=\"twitter:data1\" content=\"2 minutes\" \/>\n<script type=\"application\/ld+json\" class=\"yoast-schema-graph\">{\"@context\":\"https:\/\/schema.org\",\"@graph\":[{\"@type\":\"WebPage\",\"@id\":\"https:\/\/paliskunnat.fi\/reindeer-herders-association\/cooperatives\/cooperatives-info\/muddusjarvi\/\",\"url\":\"https:\/\/paliskunnat.fi\/reindeer-herders-association\/cooperatives\/cooperatives-info\/muddusjarvi\/\",\"name\":\"4 Muddusj\u00e4rvi - Reindeer Herders&#039; Association\",\"isPartOf\":{\"@id\":\"https:\/\/paliskunnat.fi\/reindeer-herders-association\/#website\"},\"primaryImageOfPage\":{\"@id\":\"https:\/\/paliskunnat.fi\/reindeer-herders-association\/cooperatives\/cooperatives-info\/muddusjarvi\/#primaryimage\"},\"image\":{\"@id\":\"https:\/\/paliskunnat.fi\/reindeer-herders-association\/cooperatives\/cooperatives-info\/muddusjarvi\/#primaryimage\"},\"thumbnailUrl\":\"https:\/\/paliskunnat.fi\/reindeer-herders-association\/wp-content\/uploads\/2014\/11\/4_muddusjarvi1.png\",\"datePublished\":\"2014-11-22T18:06:02+00:00\",\"dateModified\":\"2023-06-06T11:25:04+00:00\",\"breadcrumb\":{\"@id\":\"https:\/\/paliskunnat.fi\/reindeer-herders-association\/cooperatives\/cooperatives-info\/muddusjarvi\/#breadcrumb\"},\"inLanguage\":\"en-US\",\"potentialAction\":[{\"@type\":\"ReadAction\",\"target\":[\"https:\/\/paliskunnat.fi\/reindeer-herders-association\/cooperatives\/cooperatives-info\/muddusjarvi\/\"]}]},{\"@type\":\"ImageObject\",\"inLanguage\":\"en-US\",\"@id\":\"https:\/\/paliskunnat.fi\/reindeer-herders-association\/cooperatives\/cooperatives-info\/muddusjarvi\/#primaryimage\",\"url\":\"https:\/\/paliskunnat.fi\/reindeer-herders-association\/wp-content\/uploads\/2014\/11\/4_muddusjarvi1.png\",\"contentUrl\":\"https:\/\/paliskunnat.fi\/reindeer-herders-association\/wp-content\/uploads\/2014\/11\/4_muddusjarvi1.png\"},{\"@type\":\"BreadcrumbList\",\"@id\":\"https:\/\/paliskunnat.fi\/reindeer-herders-association\/cooperatives\/cooperatives-info\/muddusjarvi\/#breadcrumb\",\"itemListElement\":[{\"@type\":\"ListItem\",\"position\":1,\"name\":\"Home\",\"item\":\"https:\/\/paliskunnat.fi\/reindeer-herders-association\/\"},{\"@type\":\"ListItem\",\"position\":2,\"name\":\"Cooperatives\",\"item\":\"https:\/\/paliskunnat.fi\/reindeer-herders-association\/cooperatives\/\"},{\"@type\":\"ListItem\",\"position\":3,\"name\":\"Information of cooperatives\",\"item\":\"https:\/\/paliskunnat.fi\/reindeer-herders-association\/cooperatives\/cooperatives-info\/\"},{\"@type\":\"ListItem\",\"position\":4,\"name\":\"4 Muddusj\u00e4rvi\"}]},{\"@type\":\"WebSite\",\"@id\":\"https:\/\/paliskunnat.fi\/reindeer-herders-association\/#website\",\"url\":\"https:\/\/paliskunnat.fi\/reindeer-herders-association\/\",\"name\":\"Reindeer Herders&#039; Association\",\"description\":\"Finnish Reindeer Herders&#039; Association\",\"potentialAction\":[{\"@type\":\"SearchAction\",\"target\":{\"@type\":\"EntryPoint\",\"urlTemplate\":\"https:\/\/paliskunnat.fi\/reindeer-herders-association\/?s={search_term_string}\"},\"query-input\":{\"@type\":\"PropertyValueSpecification\",\"valueRequired\":true,\"valueName\":\"search_term_string\"}}],\"inLanguage\":\"en-US\"}]}<\/script>\n<!-- \/ Yoast SEO plugin. -->","yoast_head_json":{"title":"4 Muddusj\u00e4rvi - Reindeer Herders&#039; Association","robots":{"index":"index","follow":"follow","max-snippet":"max-snippet:-1","max-image-preview":"max-image-preview:large","max-video-preview":"max-video-preview:-1"},"canonical":"https:\/\/paliskunnat.fi\/reindeer-herders-association\/cooperatives\/cooperatives-info\/muddusjarvi\/","og_locale":"en_US","og_type":"article","og_title":"4 Muddusj\u00e4rvi - Reindeer Herders&#039; Association","og_description":"Muddusj\u00e4rvi Chief of District: Seuruj\u00e4rvi Osmo Mobile: +358 40 352 4151 Email: &#115;&#x65;&#117;&#x72;&#117;&#x6a;&#97;&#x72;&#118;&#x69;&#111;&#x73;m&#x6f;&#64;&#x67;m&#x61;i&#x6c;&#46;&#x63;o&#109; Hometown: Inari Total area: 2 874.5 km2 Maximum number of reindeer: 5 200 Reindeer herders: 67 Muddusj\u00e4rvi cooperative is located in the Inari municipality area. It is part of the Inari reindeer marking district. In north, the cooperative borders with Kaldoaivi, in [&hellip;]","og_url":"https:\/\/paliskunnat.fi\/reindeer-herders-association\/cooperatives\/cooperatives-info\/muddusjarvi\/","og_site_name":"Reindeer Herders&#039; Association","article_modified_time":"2023-06-06T11:25:04+00:00","og_image":[{"url":"https:\/\/paliskunnat.fi\/reindeer-herders-association\/wp-content\/uploads\/2014\/11\/4_muddusjarvi1.png","type":"","width":"","height":""}],"twitter_card":"summary_large_image","twitter_misc":{"Est. reading time":"2 minutes"},"schema":{"@context":"https:\/\/schema.org","@graph":[{"@type":"WebPage","@id":"https:\/\/paliskunnat.fi\/reindeer-herders-association\/cooperatives\/cooperatives-info\/muddusjarvi\/","url":"https:\/\/paliskunnat.fi\/reindeer-herders-association\/cooperatives\/cooperatives-info\/muddusjarvi\/","name":"4 Muddusj\u00e4rvi - Reindeer Herders&#039; Association","isPartOf":{"@id":"https:\/\/paliskunnat.fi\/reindeer-herders-association\/#website"},"primaryImageOfPage":{"@id":"https:\/\/paliskunnat.fi\/reindeer-herders-association\/cooperatives\/cooperatives-info\/muddusjarvi\/#primaryimage"},"image":{"@id":"https:\/\/paliskunnat.fi\/reindeer-herders-association\/cooperatives\/cooperatives-info\/muddusjarvi\/#primaryimage"},"thumbnailUrl":"https:\/\/paliskunnat.fi\/reindeer-herders-association\/wp-content\/uploads\/2014\/11\/4_muddusjarvi1.png","datePublished":"2014-11-22T18:06:02+00:00","dateModified":"2023-06-06T11:25:04+00:00","breadcrumb":{"@id":"https:\/\/paliskunnat.fi\/reindeer-herders-association\/cooperatives\/cooperatives-info\/muddusjarvi\/#breadcrumb"},"inLanguage":"en-US","potentialAction":[{"@type":"ReadAction","target":["https:\/\/paliskunnat.fi\/reindeer-herders-association\/cooperatives\/cooperatives-info\/muddusjarvi\/"]}]},{"@type":"ImageObject","inLanguage":"en-US","@id":"https:\/\/paliskunnat.fi\/reindeer-herders-association\/cooperatives\/cooperatives-info\/muddusjarvi\/#primaryimage","url":"https:\/\/paliskunnat.fi\/reindeer-herders-association\/wp-content\/uploads\/2014\/11\/4_muddusjarvi1.png","contentUrl":"https:\/\/paliskunnat.fi\/reindeer-herders-association\/wp-content\/uploads\/2014\/11\/4_muddusjarvi1.png"},{"@type":"BreadcrumbList","@id":"https:\/\/paliskunnat.fi\/reindeer-herders-association\/cooperatives\/cooperatives-info\/muddusjarvi\/#breadcrumb","itemListElement":[{"@type":"ListItem","position":1,"name":"Home","item":"https:\/\/paliskunnat.fi\/reindeer-herders-association\/"},{"@type":"ListItem","position":2,"name":"Cooperatives","item":"https:\/\/paliskunnat.fi\/reindeer-herders-association\/cooperatives\/"},{"@type":"ListItem","position":3,"name":"Information of cooperatives","item":"https:\/\/paliskunnat.fi\/reindeer-herders-association\/cooperatives\/cooperatives-info\/"},{"@type":"ListItem","position":4,"name":"4 Muddusj\u00e4rvi"}]},{"@type":"WebSite","@id":"https:\/\/paliskunnat.fi\/reindeer-herders-association\/#website","url":"https:\/\/paliskunnat.fi\/reindeer-herders-association\/","name":"Reindeer Herders&#039; Association","description":"Finnish Reindeer Herders&#039; Association","potentialAction":[{"@type":"SearchAction","target":{"@type":"EntryPoint","urlTemplate":"https:\/\/paliskunnat.fi\/reindeer-herders-association\/?s={search_term_string}"},"query-input":{"@type":"PropertyValueSpecification","valueRequired":true,"valueName":"search_term_string"}}],"inLanguage":"en-US"}]}},"_links":{"self":[{"href":"https:\/\/paliskunnat.fi\/reindeer-herders-association\/wp-json\/wp\/v2\/pages\/1304","targetHints":{"allow":["GET"]}}],"collection":[{"href":"https:\/\/paliskunnat.fi\/reindeer-herders-association\/wp-json\/wp\/v2\/pages"}],"about":[{"href":"https:\/\/paliskunnat.fi\/reindeer-herders-association\/wp-json\/wp\/v2\/types\/page"}],"author":[{"embeddable":true,"href":"https:\/\/paliskunnat.fi\/reindeer-herders-association\/wp-json\/wp\/v2\/users\/1"}],"replies":[{"embeddable":true,"href":"https:\/\/paliskunnat.fi\/reindeer-herders-association\/wp-json\/wp\/v2\/comments?post=1304"}],"version-history":[{"count":7,"href":"https:\/\/paliskunnat.fi\/reindeer-herders-association\/wp-json\/wp\/v2\/pages\/1304\/revisions"}],"predecessor-version":[{"id":6172,"href":"https:\/\/paliskunnat.fi\/reindeer-herders-association\/wp-json\/wp\/v2\/pages\/1304\/revisions\/6172"}],"up":[{"embeddable":true,"href":"https:\/\/paliskunnat.fi\/reindeer-herders-association\/wp-json\/wp\/v2\/pages\/420"}],"wp:attachment":[{"href":"https:\/\/paliskunnat.fi\/reindeer-herders-association\/wp-json\/wp\/v2\/media?parent=1304"}],"curies":[{"name":"wp","href":"https:\/\/api.w.org\/{rel}","templated":true}]}}