{"id":1338,"date":"2014-11-22T22:00:58","date_gmt":"2014-11-22T20:00:58","guid":{"rendered":"http:\/\/80.69.171.23\/py\/?page_id=1338"},"modified":"2023-06-06T14:27:54","modified_gmt":"2023-06-06T11:27:54","slug":"sallivaara","status":"publish","type":"page","link":"https:\/\/paliskunnat.fi\/reindeer-herders-association\/cooperatives\/cooperatives-info\/sallivaara\/","title":{"rendered":"9 Sallivaara"},"content":{"rendered":"<h2>Sallivaara<\/h2>\n<p>Chief of District: N\u00e4kk\u00e4l\u00e4j\u00e4rvi Iisko-Henrik<br \/>\nMobile: +358 40 481 7212<br \/>\nEmail: &#115;a&#x6c;l&#x69;v&#x61;a&#x72;&#97;&#x6e;&#112;&#x61;&#108;&#x69;&#115;k&#117;n&#x74;a&#x40;g&#x6d;&#97;&#x69;&#108;&#x2e;&#99;&#x6f;&#109;<\/p>\n<p><a href=\"https:\/\/paliskunnat.fi\/reindeer-herders-association\/wp-content\/uploads\/2014\/11\/9_sallivaara1.png\" rel=\"lightbox[1338]\"><img loading=\"lazy\" decoding=\"async\" class=\"alignnone wp-image-1342\" src=\"https:\/\/paliskunnat.fi\/reindeer-herders-association\/wp-content\/uploads\/2014\/11\/9_sallivaara1.png\" alt=\"9 Sallivaara\" width=\"300\" height=\"387\" srcset=\"https:\/\/paliskunnat.fi\/reindeer-herders-association\/wp-content\/uploads\/2014\/11\/9_sallivaara1.png 776w, https:\/\/paliskunnat.fi\/reindeer-herders-association\/wp-content\/uploads\/2014\/11\/9_sallivaara1-233x300.png 233w\" sizes=\"auto, (max-width: 300px) 100vw, 300px\" \/><\/a><\/p>\n<table width=\"450\">\n<tbody>\n<tr>\n<td>Hometown:<\/td>\n<td>Inari<\/td>\n<\/tr>\n<tr>\n<td>Total area:<\/td>\n<td>2 988.8 km<sup>2<\/sup><\/td>\n<\/tr>\n<tr>\n<td>Maximum number of reindeer:<\/td>\n<td>7 500<\/td>\n<\/tr>\n<tr>\n<td>Reindeer herders:<\/td>\n<td>126<\/td>\n<\/tr>\n<\/tbody>\n<\/table>\n<p>Sallivaara reindeer herding cooperative is part of the Inari reindeer marking district. The cooperative is located in the western side of Inari municipality. The cooperative borders with Norway in northwest. In north, it borders with Muotkatunturi, in east with Hammastunturi, in south with Lappi and Kuivasalmi, and in west with N\u00e4kk\u00e4l\u00e4 cooperative.<\/p>\n<p>98.2 % of the cooperative\u2019s total area is state land and 1.8 % is owned by other landowners. Most of the cooperative located in the Lemmenjoki National Park and Hammantunturi wilderness area.<\/p>\n<p>The main round up fence is in Hirvassalmi. Another important fence is in Lisma. The calve markings are made in Peltotunturi and Marasto.<\/p>\n<p>The herders live in the Lemmenjoki, Menesj\u00e4rvi, Kuttura, Lisma, Repojoki and Ivalonmatti villages. The village of Lisma is entirely in the national park.<\/p>\n<p>&nbsp;<\/p>\n<p>&nbsp;<\/p>\n","protected":false},"excerpt":{"rendered":"<p>Sallivaara Chief of District: N\u00e4kk\u00e4l\u00e4j\u00e4rvi Iisko-Henrik Mobile: +358 40 481 7212 Email: &#115;&#x61;l&#108;&#x69;v&#97;&#x61;r&#97;&#x6e;p&#97;&#x6c;&#105;&#x73;&#x6b;&#117;&#x6e;&#x74;&#97;&#x40;g&#109;&#x61;i&#108;&#x2e;c&#111;&#x6d; Hometown: Inari Total area: 2 988.8 km2 Maximum number of reindeer: 7 500 Reindeer herders: 126 Sallivaara reindeer herding cooperative is part of the Inari reindeer marking district. The cooperative is located in the western side of Inari municipality. The cooperative borders [&hellip;]<\/p>\n","protected":false},"author":1,"featured_media":0,"parent":420,"menu_order":9,"comment_status":"open","ping_status":"closed","template":"paliskuntasivut.php","meta":{"footnotes":""},"class_list":["post-1338","page","type-page","status-publish","hentry"],"yoast_head":"<!-- This site is optimized with the Yoast SEO plugin v27.1.1 - https:\/\/yoast.com\/product\/yoast-seo-wordpress\/ -->\n<title>9 Sallivaara - Reindeer Herders&#039; Association<\/title>\n<meta name=\"robots\" content=\"index, follow, max-snippet:-1, max-image-preview:large, max-video-preview:-1\" \/>\n<link rel=\"canonical\" href=\"https:\/\/paliskunnat.fi\/reindeer-herders-association\/cooperatives\/cooperatives-info\/sallivaara\/\" \/>\n<meta property=\"og:locale\" content=\"en_US\" \/>\n<meta property=\"og:type\" content=\"article\" \/>\n<meta property=\"og:title\" content=\"9 Sallivaara - Reindeer Herders&#039; Association\" \/>\n<meta property=\"og:description\" content=\"Sallivaara Chief of District: N\u00e4kk\u00e4l\u00e4j\u00e4rvi Iisko-Henrik Mobile: +358 40 481 7212 Email: &#115;&#097;&#x6c;&#x6c;&#105;&#118;&#x61;&#x61;&#114;&#097;&#x6e;&#x70;&#097;&#108;&#x69;&#x73;&#107;&#117;&#x6e;&#x74;&#097;&#064;&#x67;&#x6d;&#097;&#105;&#x6c;&#x2e;&#099;&#111;&#x6d; Hometown: Inari Total area: 2 988.8 km2 Maximum number of reindeer: 7 500 Reindeer herders: 126 Sallivaara reindeer herding cooperative is part of the Inari reindeer marking district. The cooperative is located in the western side of Inari municipality. The cooperative borders [&hellip;]\" \/>\n<meta property=\"og:url\" content=\"https:\/\/paliskunnat.fi\/reindeer-herders-association\/cooperatives\/cooperatives-info\/sallivaara\/\" \/>\n<meta property=\"og:site_name\" content=\"Reindeer Herders&#039; Association\" \/>\n<meta property=\"article:modified_time\" content=\"2023-06-06T11:27:54+00:00\" \/>\n<meta property=\"og:image\" content=\"https:\/\/paliskunnat.fi\/reindeer-herders-association\/wp-content\/uploads\/2014\/11\/9_sallivaara1.png\" \/>\n<meta name=\"twitter:card\" content=\"summary_large_image\" \/>\n<meta name=\"twitter:label1\" content=\"Est. reading time\" \/>\n\t<meta name=\"twitter:data1\" content=\"1 minute\" \/>\n<script type=\"application\/ld+json\" class=\"yoast-schema-graph\">{\"@context\":\"https:\/\/schema.org\",\"@graph\":[{\"@type\":\"WebPage\",\"@id\":\"https:\/\/paliskunnat.fi\/reindeer-herders-association\/cooperatives\/cooperatives-info\/sallivaara\/\",\"url\":\"https:\/\/paliskunnat.fi\/reindeer-herders-association\/cooperatives\/cooperatives-info\/sallivaara\/\",\"name\":\"9 Sallivaara - Reindeer Herders&#039; Association\",\"isPartOf\":{\"@id\":\"https:\/\/paliskunnat.fi\/reindeer-herders-association\/#website\"},\"primaryImageOfPage\":{\"@id\":\"https:\/\/paliskunnat.fi\/reindeer-herders-association\/cooperatives\/cooperatives-info\/sallivaara\/#primaryimage\"},\"image\":{\"@id\":\"https:\/\/paliskunnat.fi\/reindeer-herders-association\/cooperatives\/cooperatives-info\/sallivaara\/#primaryimage\"},\"thumbnailUrl\":\"https:\/\/paliskunnat.fi\/reindeer-herders-association\/wp-content\/uploads\/2014\/11\/9_sallivaara1.png\",\"datePublished\":\"2014-11-22T20:00:58+00:00\",\"dateModified\":\"2023-06-06T11:27:54+00:00\",\"breadcrumb\":{\"@id\":\"https:\/\/paliskunnat.fi\/reindeer-herders-association\/cooperatives\/cooperatives-info\/sallivaara\/#breadcrumb\"},\"inLanguage\":\"en-US\",\"potentialAction\":[{\"@type\":\"ReadAction\",\"target\":[\"https:\/\/paliskunnat.fi\/reindeer-herders-association\/cooperatives\/cooperatives-info\/sallivaara\/\"]}]},{\"@type\":\"ImageObject\",\"inLanguage\":\"en-US\",\"@id\":\"https:\/\/paliskunnat.fi\/reindeer-herders-association\/cooperatives\/cooperatives-info\/sallivaara\/#primaryimage\",\"url\":\"https:\/\/paliskunnat.fi\/reindeer-herders-association\/wp-content\/uploads\/2014\/11\/9_sallivaara1.png\",\"contentUrl\":\"https:\/\/paliskunnat.fi\/reindeer-herders-association\/wp-content\/uploads\/2014\/11\/9_sallivaara1.png\"},{\"@type\":\"BreadcrumbList\",\"@id\":\"https:\/\/paliskunnat.fi\/reindeer-herders-association\/cooperatives\/cooperatives-info\/sallivaara\/#breadcrumb\",\"itemListElement\":[{\"@type\":\"ListItem\",\"position\":1,\"name\":\"Home\",\"item\":\"https:\/\/paliskunnat.fi\/reindeer-herders-association\/\"},{\"@type\":\"ListItem\",\"position\":2,\"name\":\"Cooperatives\",\"item\":\"https:\/\/paliskunnat.fi\/reindeer-herders-association\/cooperatives\/\"},{\"@type\":\"ListItem\",\"position\":3,\"name\":\"Information of cooperatives\",\"item\":\"https:\/\/paliskunnat.fi\/reindeer-herders-association\/cooperatives\/cooperatives-info\/\"},{\"@type\":\"ListItem\",\"position\":4,\"name\":\"9 Sallivaara\"}]},{\"@type\":\"WebSite\",\"@id\":\"https:\/\/paliskunnat.fi\/reindeer-herders-association\/#website\",\"url\":\"https:\/\/paliskunnat.fi\/reindeer-herders-association\/\",\"name\":\"Reindeer Herders&#039; Association\",\"description\":\"Finnish Reindeer Herders&#039; Association\",\"potentialAction\":[{\"@type\":\"SearchAction\",\"target\":{\"@type\":\"EntryPoint\",\"urlTemplate\":\"https:\/\/paliskunnat.fi\/reindeer-herders-association\/?s={search_term_string}\"},\"query-input\":{\"@type\":\"PropertyValueSpecification\",\"valueRequired\":true,\"valueName\":\"search_term_string\"}}],\"inLanguage\":\"en-US\"}]}<\/script>\n<!-- \/ Yoast SEO plugin. -->","yoast_head_json":{"title":"9 Sallivaara - Reindeer Herders&#039; Association","robots":{"index":"index","follow":"follow","max-snippet":"max-snippet:-1","max-image-preview":"max-image-preview:large","max-video-preview":"max-video-preview:-1"},"canonical":"https:\/\/paliskunnat.fi\/reindeer-herders-association\/cooperatives\/cooperatives-info\/sallivaara\/","og_locale":"en_US","og_type":"article","og_title":"9 Sallivaara - Reindeer Herders&#039; Association","og_description":"Sallivaara Chief of District: N\u00e4kk\u00e4l\u00e4j\u00e4rvi Iisko-Henrik Mobile: +358 40 481 7212 Email: &#115;&#97;&#x6c;&#x6c;&#105;&#118;&#x61;&#x61;&#114;&#97;&#x6e;&#x70;&#97;&#108;&#x69;&#x73;&#107;&#117;&#x6e;&#x74;&#97;&#64;&#x67;&#x6d;&#97;&#105;&#x6c;&#x2e;&#99;&#111;&#x6d; Hometown: Inari Total area: 2 988.8 km2 Maximum number of reindeer: 7 500 Reindeer herders: 126 Sallivaara reindeer herding cooperative is part of the Inari reindeer marking district. The cooperative is located in the western side of Inari municipality. The cooperative borders [&hellip;]","og_url":"https:\/\/paliskunnat.fi\/reindeer-herders-association\/cooperatives\/cooperatives-info\/sallivaara\/","og_site_name":"Reindeer Herders&#039; Association","article_modified_time":"2023-06-06T11:27:54+00:00","og_image":[{"url":"https:\/\/paliskunnat.fi\/reindeer-herders-association\/wp-content\/uploads\/2014\/11\/9_sallivaara1.png","type":"","width":"","height":""}],"twitter_card":"summary_large_image","twitter_misc":{"Est. reading time":"1 minute"},"schema":{"@context":"https:\/\/schema.org","@graph":[{"@type":"WebPage","@id":"https:\/\/paliskunnat.fi\/reindeer-herders-association\/cooperatives\/cooperatives-info\/sallivaara\/","url":"https:\/\/paliskunnat.fi\/reindeer-herders-association\/cooperatives\/cooperatives-info\/sallivaara\/","name":"9 Sallivaara - Reindeer Herders&#039; Association","isPartOf":{"@id":"https:\/\/paliskunnat.fi\/reindeer-herders-association\/#website"},"primaryImageOfPage":{"@id":"https:\/\/paliskunnat.fi\/reindeer-herders-association\/cooperatives\/cooperatives-info\/sallivaara\/#primaryimage"},"image":{"@id":"https:\/\/paliskunnat.fi\/reindeer-herders-association\/cooperatives\/cooperatives-info\/sallivaara\/#primaryimage"},"thumbnailUrl":"https:\/\/paliskunnat.fi\/reindeer-herders-association\/wp-content\/uploads\/2014\/11\/9_sallivaara1.png","datePublished":"2014-11-22T20:00:58+00:00","dateModified":"2023-06-06T11:27:54+00:00","breadcrumb":{"@id":"https:\/\/paliskunnat.fi\/reindeer-herders-association\/cooperatives\/cooperatives-info\/sallivaara\/#breadcrumb"},"inLanguage":"en-US","potentialAction":[{"@type":"ReadAction","target":["https:\/\/paliskunnat.fi\/reindeer-herders-association\/cooperatives\/cooperatives-info\/sallivaara\/"]}]},{"@type":"ImageObject","inLanguage":"en-US","@id":"https:\/\/paliskunnat.fi\/reindeer-herders-association\/cooperatives\/cooperatives-info\/sallivaara\/#primaryimage","url":"https:\/\/paliskunnat.fi\/reindeer-herders-association\/wp-content\/uploads\/2014\/11\/9_sallivaara1.png","contentUrl":"https:\/\/paliskunnat.fi\/reindeer-herders-association\/wp-content\/uploads\/2014\/11\/9_sallivaara1.png"},{"@type":"BreadcrumbList","@id":"https:\/\/paliskunnat.fi\/reindeer-herders-association\/cooperatives\/cooperatives-info\/sallivaara\/#breadcrumb","itemListElement":[{"@type":"ListItem","position":1,"name":"Home","item":"https:\/\/paliskunnat.fi\/reindeer-herders-association\/"},{"@type":"ListItem","position":2,"name":"Cooperatives","item":"https:\/\/paliskunnat.fi\/reindeer-herders-association\/cooperatives\/"},{"@type":"ListItem","position":3,"name":"Information of cooperatives","item":"https:\/\/paliskunnat.fi\/reindeer-herders-association\/cooperatives\/cooperatives-info\/"},{"@type":"ListItem","position":4,"name":"9 Sallivaara"}]},{"@type":"WebSite","@id":"https:\/\/paliskunnat.fi\/reindeer-herders-association\/#website","url":"https:\/\/paliskunnat.fi\/reindeer-herders-association\/","name":"Reindeer Herders&#039; Association","description":"Finnish Reindeer Herders&#039; Association","potentialAction":[{"@type":"SearchAction","target":{"@type":"EntryPoint","urlTemplate":"https:\/\/paliskunnat.fi\/reindeer-herders-association\/?s={search_term_string}"},"query-input":{"@type":"PropertyValueSpecification","valueRequired":true,"valueName":"search_term_string"}}],"inLanguage":"en-US"}]}},"_links":{"self":[{"href":"https:\/\/paliskunnat.fi\/reindeer-herders-association\/wp-json\/wp\/v2\/pages\/1338","targetHints":{"allow":["GET"]}}],"collection":[{"href":"https:\/\/paliskunnat.fi\/reindeer-herders-association\/wp-json\/wp\/v2\/pages"}],"about":[{"href":"https:\/\/paliskunnat.fi\/reindeer-herders-association\/wp-json\/wp\/v2\/types\/page"}],"author":[{"embeddable":true,"href":"https:\/\/paliskunnat.fi\/reindeer-herders-association\/wp-json\/wp\/v2\/users\/1"}],"replies":[{"embeddable":true,"href":"https:\/\/paliskunnat.fi\/reindeer-herders-association\/wp-json\/wp\/v2\/comments?post=1338"}],"version-history":[{"count":11,"href":"https:\/\/paliskunnat.fi\/reindeer-herders-association\/wp-json\/wp\/v2\/pages\/1338\/revisions"}],"predecessor-version":[{"id":6177,"href":"https:\/\/paliskunnat.fi\/reindeer-herders-association\/wp-json\/wp\/v2\/pages\/1338\/revisions\/6177"}],"up":[{"embeddable":true,"href":"https:\/\/paliskunnat.fi\/reindeer-herders-association\/wp-json\/wp\/v2\/pages\/420"}],"wp:attachment":[{"href":"https:\/\/paliskunnat.fi\/reindeer-herders-association\/wp-json\/wp\/v2\/media?parent=1338"}],"curies":[{"name":"wp","href":"https:\/\/api.w.org\/{rel}","templated":true}]}}