{"id":1351,"date":"2014-11-22T22:50:50","date_gmt":"2014-11-22T20:50:50","guid":{"rendered":"http:\/\/80.69.171.23\/py\/?page_id=1351"},"modified":"2023-06-06T14:29:24","modified_gmt":"2023-06-06T11:29:24","slug":"nakkala","status":"publish","type":"page","link":"https:\/\/paliskunnat.fi\/reindeer-herders-association\/cooperatives\/cooperatives-info\/nakkala\/","title":{"rendered":"11 N\u00e4kk\u00e4l\u00e4"},"content":{"rendered":"<h2>N\u00e4kk\u00e4l\u00e4<\/h2>\n<p>Chief of District: Ranta Hannu<br \/>\nMobile: +358 400 173 820<br \/>\nEmail: &#x68;&#x61;&#x6e;&#110;&#117;&#46;r&#x61;&#x6e;&#x74;&#97;&#53;18&#x40;&#x6f;&#x75;&#116;&#108;oo&#x6b;&#x2e;&#x63;&#111;&#109;<\/p>\n<p><a href=\"https:\/\/paliskunnat.fi\/reindeer-herders-association\/wp-content\/uploads\/2014\/11\/11_nakkala.png\" rel=\"lightbox[1351]\"><img loading=\"lazy\" decoding=\"async\" class=\"alignnone wp-image-1353\" src=\"https:\/\/paliskunnat.fi\/reindeer-herders-association\/wp-content\/uploads\/2014\/11\/11_nakkala.png\" alt=\"11 N\u00e4kk\u00e4l\u00e4\" width=\"300\" height=\"387\" srcset=\"https:\/\/paliskunnat.fi\/reindeer-herders-association\/wp-content\/uploads\/2014\/11\/11_nakkala.png 776w, https:\/\/paliskunnat.fi\/reindeer-herders-association\/wp-content\/uploads\/2014\/11\/11_nakkala-233x300.png 233w\" sizes=\"auto, (max-width: 300px) 100vw, 300px\" \/><\/a><\/p>\n<table width=\"450\">\n<tbody>\n<tr>\n<td>Hometown:<\/td>\n<td>Enonteki\u00f6<\/td>\n<\/tr>\n<tr>\n<td>Total area:<\/td>\n<td>3 557.0 km<sup>2<\/sup><\/td>\n<\/tr>\n<tr>\n<td>Maximum number of reindeer:<\/td>\n<td>8 300<\/td>\n<\/tr>\n<tr>\n<td>Reindeer herders:<\/td>\n<td>166<\/td>\n<\/tr>\n<\/tbody>\n<\/table>\n<p>N\u00e4kk\u00e4l\u00e4 reindeer herding cooperative is part of Enonteki\u00f6 reindeer marking district. The cooperative is located to the southern part of Enonteki\u00f6 municipality.<\/p>\n<p>The cooperative borders with Norway in north. In east with Sallivaara, in south with Kyr\u00f6 and Muonio cooperatives. In west it borders with Sweden and K\u00e4sivarsi cooperative.<\/p>\n<p>78.5 % of the cooperative\u2019s total area is state land and 21.5 % is owned by other landowners.<\/p>\n<p>&nbsp;<\/p>\n<p>&nbsp;<\/p>\n","protected":false},"excerpt":{"rendered":"<p>N\u00e4kk\u00e4l\u00e4 Chief of District: Ranta Hannu Mobile: +358 400 173 820 Email: &#x68;&#97;n&#x6e;&#117;&#46;&#x72;&#97;n&#x74;&#97;5&#x31;&#56;&#64;&#x6f;&#117;t&#x6c;&#111;o&#x6b;&#46;c&#x6f;&#109; Hometown: Enonteki\u00f6 Total area: 3 557.0 km2 Maximum number of reindeer: 8 300 Reindeer herders: 166 N\u00e4kk\u00e4l\u00e4 reindeer herding cooperative is part of Enonteki\u00f6 reindeer marking district. The cooperative is located to the southern part of Enonteki\u00f6 municipality. The cooperative borders with [&hellip;]<\/p>\n","protected":false},"author":1,"featured_media":0,"parent":420,"menu_order":11,"comment_status":"open","ping_status":"closed","template":"paliskuntasivut.php","meta":{"footnotes":""},"class_list":["post-1351","page","type-page","status-publish","hentry"],"yoast_head":"<!-- This site is optimized with the Yoast SEO plugin v27.1.1 - https:\/\/yoast.com\/product\/yoast-seo-wordpress\/ -->\n<title>11 N\u00e4kk\u00e4l\u00e4 - Reindeer Herders&#039; Association<\/title>\n<meta name=\"robots\" content=\"index, follow, max-snippet:-1, max-image-preview:large, max-video-preview:-1\" \/>\n<link rel=\"canonical\" href=\"https:\/\/paliskunnat.fi\/reindeer-herders-association\/cooperatives\/cooperatives-info\/nakkala\/\" \/>\n<meta property=\"og:locale\" content=\"en_US\" \/>\n<meta property=\"og:type\" content=\"article\" \/>\n<meta property=\"og:title\" content=\"11 N\u00e4kk\u00e4l\u00e4 - Reindeer Herders&#039; Association\" \/>\n<meta property=\"og:description\" content=\"N\u00e4kk\u00e4l\u00e4 Chief of District: Ranta Hannu Mobile: +358 400 173 820 Email: &#104;&#x61;&#110;&#x6e;u&#x2e;r&#097;&#x6e;&#116;&#x61;5&#x31;8&#064;&#x6f;&#117;&#x74;l&#x6f;o&#107;&#x2e;&#099;&#x6f;m Hometown: Enonteki\u00f6 Total area: 3 557.0 km2 Maximum number of reindeer: 8 300 Reindeer herders: 166 N\u00e4kk\u00e4l\u00e4 reindeer herding cooperative is part of Enonteki\u00f6 reindeer marking district. The cooperative is located to the southern part of Enonteki\u00f6 municipality. The cooperative borders with [&hellip;]\" \/>\n<meta property=\"og:url\" content=\"https:\/\/paliskunnat.fi\/reindeer-herders-association\/cooperatives\/cooperatives-info\/nakkala\/\" \/>\n<meta property=\"og:site_name\" content=\"Reindeer Herders&#039; Association\" \/>\n<meta property=\"article:modified_time\" content=\"2023-06-06T11:29:24+00:00\" \/>\n<meta property=\"og:image\" content=\"https:\/\/paliskunnat.fi\/reindeer-herders-association\/wp-content\/uploads\/2014\/11\/11_nakkala.png\" \/>\n<meta name=\"twitter:card\" content=\"summary_large_image\" \/>\n<meta name=\"twitter:label1\" content=\"Est. reading time\" \/>\n\t<meta name=\"twitter:data1\" content=\"1 minute\" \/>\n<script type=\"application\/ld+json\" class=\"yoast-schema-graph\">{\"@context\":\"https:\/\/schema.org\",\"@graph\":[{\"@type\":\"WebPage\",\"@id\":\"https:\/\/paliskunnat.fi\/reindeer-herders-association\/cooperatives\/cooperatives-info\/nakkala\/\",\"url\":\"https:\/\/paliskunnat.fi\/reindeer-herders-association\/cooperatives\/cooperatives-info\/nakkala\/\",\"name\":\"11 N\u00e4kk\u00e4l\u00e4 - Reindeer Herders&#039; Association\",\"isPartOf\":{\"@id\":\"https:\/\/paliskunnat.fi\/reindeer-herders-association\/#website\"},\"primaryImageOfPage\":{\"@id\":\"https:\/\/paliskunnat.fi\/reindeer-herders-association\/cooperatives\/cooperatives-info\/nakkala\/#primaryimage\"},\"image\":{\"@id\":\"https:\/\/paliskunnat.fi\/reindeer-herders-association\/cooperatives\/cooperatives-info\/nakkala\/#primaryimage\"},\"thumbnailUrl\":\"https:\/\/paliskunnat.fi\/reindeer-herders-association\/wp-content\/uploads\/2014\/11\/11_nakkala.png\",\"datePublished\":\"2014-11-22T20:50:50+00:00\",\"dateModified\":\"2023-06-06T11:29:24+00:00\",\"breadcrumb\":{\"@id\":\"https:\/\/paliskunnat.fi\/reindeer-herders-association\/cooperatives\/cooperatives-info\/nakkala\/#breadcrumb\"},\"inLanguage\":\"en-US\",\"potentialAction\":[{\"@type\":\"ReadAction\",\"target\":[\"https:\/\/paliskunnat.fi\/reindeer-herders-association\/cooperatives\/cooperatives-info\/nakkala\/\"]}]},{\"@type\":\"ImageObject\",\"inLanguage\":\"en-US\",\"@id\":\"https:\/\/paliskunnat.fi\/reindeer-herders-association\/cooperatives\/cooperatives-info\/nakkala\/#primaryimage\",\"url\":\"https:\/\/paliskunnat.fi\/reindeer-herders-association\/wp-content\/uploads\/2014\/11\/11_nakkala.png\",\"contentUrl\":\"https:\/\/paliskunnat.fi\/reindeer-herders-association\/wp-content\/uploads\/2014\/11\/11_nakkala.png\"},{\"@type\":\"BreadcrumbList\",\"@id\":\"https:\/\/paliskunnat.fi\/reindeer-herders-association\/cooperatives\/cooperatives-info\/nakkala\/#breadcrumb\",\"itemListElement\":[{\"@type\":\"ListItem\",\"position\":1,\"name\":\"Home\",\"item\":\"https:\/\/paliskunnat.fi\/reindeer-herders-association\/\"},{\"@type\":\"ListItem\",\"position\":2,\"name\":\"Cooperatives\",\"item\":\"https:\/\/paliskunnat.fi\/reindeer-herders-association\/cooperatives\/\"},{\"@type\":\"ListItem\",\"position\":3,\"name\":\"Information of cooperatives\",\"item\":\"https:\/\/paliskunnat.fi\/reindeer-herders-association\/cooperatives\/cooperatives-info\/\"},{\"@type\":\"ListItem\",\"position\":4,\"name\":\"11 N\u00e4kk\u00e4l\u00e4\"}]},{\"@type\":\"WebSite\",\"@id\":\"https:\/\/paliskunnat.fi\/reindeer-herders-association\/#website\",\"url\":\"https:\/\/paliskunnat.fi\/reindeer-herders-association\/\",\"name\":\"Reindeer Herders&#039; Association\",\"description\":\"Finnish Reindeer Herders&#039; Association\",\"potentialAction\":[{\"@type\":\"SearchAction\",\"target\":{\"@type\":\"EntryPoint\",\"urlTemplate\":\"https:\/\/paliskunnat.fi\/reindeer-herders-association\/?s={search_term_string}\"},\"query-input\":{\"@type\":\"PropertyValueSpecification\",\"valueRequired\":true,\"valueName\":\"search_term_string\"}}],\"inLanguage\":\"en-US\"}]}<\/script>\n<!-- \/ Yoast SEO plugin. -->","yoast_head_json":{"title":"11 N\u00e4kk\u00e4l\u00e4 - Reindeer Herders&#039; Association","robots":{"index":"index","follow":"follow","max-snippet":"max-snippet:-1","max-image-preview":"max-image-preview:large","max-video-preview":"max-video-preview:-1"},"canonical":"https:\/\/paliskunnat.fi\/reindeer-herders-association\/cooperatives\/cooperatives-info\/nakkala\/","og_locale":"en_US","og_type":"article","og_title":"11 N\u00e4kk\u00e4l\u00e4 - Reindeer Herders&#039; Association","og_description":"N\u00e4kk\u00e4l\u00e4 Chief of District: Ranta Hannu Mobile: +358 400 173 820 Email: &#104;&#x61;&#110;&#x6e;u&#x2e;r&#97;&#x6e;&#116;&#x61;5&#x31;8&#64;&#x6f;&#117;&#x74;l&#x6f;o&#107;&#x2e;&#99;&#x6f;m Hometown: Enonteki\u00f6 Total area: 3 557.0 km2 Maximum number of reindeer: 8 300 Reindeer herders: 166 N\u00e4kk\u00e4l\u00e4 reindeer herding cooperative is part of Enonteki\u00f6 reindeer marking district. The cooperative is located to the southern part of Enonteki\u00f6 municipality. The cooperative borders with [&hellip;]","og_url":"https:\/\/paliskunnat.fi\/reindeer-herders-association\/cooperatives\/cooperatives-info\/nakkala\/","og_site_name":"Reindeer Herders&#039; Association","article_modified_time":"2023-06-06T11:29:24+00:00","og_image":[{"url":"https:\/\/paliskunnat.fi\/reindeer-herders-association\/wp-content\/uploads\/2014\/11\/11_nakkala.png","type":"","width":"","height":""}],"twitter_card":"summary_large_image","twitter_misc":{"Est. reading time":"1 minute"},"schema":{"@context":"https:\/\/schema.org","@graph":[{"@type":"WebPage","@id":"https:\/\/paliskunnat.fi\/reindeer-herders-association\/cooperatives\/cooperatives-info\/nakkala\/","url":"https:\/\/paliskunnat.fi\/reindeer-herders-association\/cooperatives\/cooperatives-info\/nakkala\/","name":"11 N\u00e4kk\u00e4l\u00e4 - Reindeer Herders&#039; Association","isPartOf":{"@id":"https:\/\/paliskunnat.fi\/reindeer-herders-association\/#website"},"primaryImageOfPage":{"@id":"https:\/\/paliskunnat.fi\/reindeer-herders-association\/cooperatives\/cooperatives-info\/nakkala\/#primaryimage"},"image":{"@id":"https:\/\/paliskunnat.fi\/reindeer-herders-association\/cooperatives\/cooperatives-info\/nakkala\/#primaryimage"},"thumbnailUrl":"https:\/\/paliskunnat.fi\/reindeer-herders-association\/wp-content\/uploads\/2014\/11\/11_nakkala.png","datePublished":"2014-11-22T20:50:50+00:00","dateModified":"2023-06-06T11:29:24+00:00","breadcrumb":{"@id":"https:\/\/paliskunnat.fi\/reindeer-herders-association\/cooperatives\/cooperatives-info\/nakkala\/#breadcrumb"},"inLanguage":"en-US","potentialAction":[{"@type":"ReadAction","target":["https:\/\/paliskunnat.fi\/reindeer-herders-association\/cooperatives\/cooperatives-info\/nakkala\/"]}]},{"@type":"ImageObject","inLanguage":"en-US","@id":"https:\/\/paliskunnat.fi\/reindeer-herders-association\/cooperatives\/cooperatives-info\/nakkala\/#primaryimage","url":"https:\/\/paliskunnat.fi\/reindeer-herders-association\/wp-content\/uploads\/2014\/11\/11_nakkala.png","contentUrl":"https:\/\/paliskunnat.fi\/reindeer-herders-association\/wp-content\/uploads\/2014\/11\/11_nakkala.png"},{"@type":"BreadcrumbList","@id":"https:\/\/paliskunnat.fi\/reindeer-herders-association\/cooperatives\/cooperatives-info\/nakkala\/#breadcrumb","itemListElement":[{"@type":"ListItem","position":1,"name":"Home","item":"https:\/\/paliskunnat.fi\/reindeer-herders-association\/"},{"@type":"ListItem","position":2,"name":"Cooperatives","item":"https:\/\/paliskunnat.fi\/reindeer-herders-association\/cooperatives\/"},{"@type":"ListItem","position":3,"name":"Information of cooperatives","item":"https:\/\/paliskunnat.fi\/reindeer-herders-association\/cooperatives\/cooperatives-info\/"},{"@type":"ListItem","position":4,"name":"11 N\u00e4kk\u00e4l\u00e4"}]},{"@type":"WebSite","@id":"https:\/\/paliskunnat.fi\/reindeer-herders-association\/#website","url":"https:\/\/paliskunnat.fi\/reindeer-herders-association\/","name":"Reindeer Herders&#039; Association","description":"Finnish Reindeer Herders&#039; Association","potentialAction":[{"@type":"SearchAction","target":{"@type":"EntryPoint","urlTemplate":"https:\/\/paliskunnat.fi\/reindeer-herders-association\/?s={search_term_string}"},"query-input":{"@type":"PropertyValueSpecification","valueRequired":true,"valueName":"search_term_string"}}],"inLanguage":"en-US"}]}},"_links":{"self":[{"href":"https:\/\/paliskunnat.fi\/reindeer-herders-association\/wp-json\/wp\/v2\/pages\/1351","targetHints":{"allow":["GET"]}}],"collection":[{"href":"https:\/\/paliskunnat.fi\/reindeer-herders-association\/wp-json\/wp\/v2\/pages"}],"about":[{"href":"https:\/\/paliskunnat.fi\/reindeer-herders-association\/wp-json\/wp\/v2\/types\/page"}],"author":[{"embeddable":true,"href":"https:\/\/paliskunnat.fi\/reindeer-herders-association\/wp-json\/wp\/v2\/users\/1"}],"replies":[{"embeddable":true,"href":"https:\/\/paliskunnat.fi\/reindeer-herders-association\/wp-json\/wp\/v2\/comments?post=1351"}],"version-history":[{"count":10,"href":"https:\/\/paliskunnat.fi\/reindeer-herders-association\/wp-json\/wp\/v2\/pages\/1351\/revisions"}],"predecessor-version":[{"id":6179,"href":"https:\/\/paliskunnat.fi\/reindeer-herders-association\/wp-json\/wp\/v2\/pages\/1351\/revisions\/6179"}],"up":[{"embeddable":true,"href":"https:\/\/paliskunnat.fi\/reindeer-herders-association\/wp-json\/wp\/v2\/pages\/420"}],"wp:attachment":[{"href":"https:\/\/paliskunnat.fi\/reindeer-herders-association\/wp-json\/wp\/v2\/media?parent=1351"}],"curies":[{"name":"wp","href":"https:\/\/api.w.org\/{rel}","templated":true}]}}