{"id":1375,"date":"2014-11-22T23:14:54","date_gmt":"2014-11-22T21:14:54","guid":{"rendered":"http:\/\/80.69.171.23\/py\/?page_id=1375"},"modified":"2023-06-06T14:26:50","modified_gmt":"2023-06-06T11:26:50","slug":"ivalo","status":"publish","type":"page","link":"https:\/\/paliskunnat.fi\/reindeer-herders-association\/cooperatives\/cooperatives-info\/ivalo\/","title":{"rendered":"7 Ivalo"},"content":{"rendered":"<h2>Ivalo<\/h2>\n<p>Chief of District: Kustula Niko<br \/>\nMobile: +358 040 844 6247<br \/>\nEmail: &#105;&#x76;&#x61;l&#111;&#x6e;p&#108;&#x6b;&#64;&#103;&#x6d;a&#105;&#x6c;&#x2e;&#99;&#x6f;&#x6d;<\/p>\n<p><a href=\"https:\/\/paliskunnat.fi\/reindeer-herders-association\/wp-content\/uploads\/2014\/11\/7_ivalo.png\" rel=\"lightbox[1375]\"><img loading=\"lazy\" decoding=\"async\" class=\"alignnone wp-image-1376\" src=\"https:\/\/paliskunnat.fi\/reindeer-herders-association\/wp-content\/uploads\/2014\/11\/7_ivalo.png\" alt=\"7 Ivalo\" width=\"300\" height=\"387\" srcset=\"https:\/\/paliskunnat.fi\/reindeer-herders-association\/wp-content\/uploads\/2014\/11\/7_ivalo.png 776w, https:\/\/paliskunnat.fi\/reindeer-herders-association\/wp-content\/uploads\/2014\/11\/7_ivalo-233x300.png 233w\" sizes=\"auto, (max-width: 300px) 100vw, 300px\" \/><\/a><\/p>\n<table width=\"450\">\n<tbody>\n<tr>\n<td>Hometown:<\/td>\n<td>Inari<\/td>\n<\/tr>\n<tr>\n<td>Total area:<\/td>\n<td>2 825.6 km<sup>2<\/sup><\/td>\n<\/tr>\n<tr>\n<td>Maximum number of reindeer:<\/td>\n<td>6 000<\/td>\n<\/tr>\n<tr>\n<td>Reindeer herders:<\/td>\n<td>87<\/td>\n<\/tr>\n<\/tbody>\n<\/table>\n<p>Ivalo reindeer herding cooperative is part of the Inari reindeer marking district. The cooperative is located in the southern part of Inari. In east it neighbours with Russia. In south with Lappi, in west with Hammastunturi and in north with Paatsjoki herding cooperatives.<\/p>\n<p>90.2 % of the cooperative\u2019s total area is state land and 9.8 % is owned by other landowners. Saariselk\u00e4 tourism centre and part of the Urho Kekkonen National Park are located in the cooperative area.<\/p>\n<p>Calve marking and round ups are held in Moitakuru, Juurakkomaa, Kettuj\u00e4rvi, Martinj\u00e4rvi, Mutalampi, Pet\u00e4j\u00e4j\u00e4rvi and Kostiatalasvaara. In addition, the cooperative can rent Rajajooseppi fence area from Lappi reindeer herding cooperative if needed.<\/p>\n<p>The villages located in the cooperative area are: Ivalo, T\u00f6rm\u00e4nen, Akuj\u00e4rvi, Veskoniemi, Nellimi and Saariselk\u00e4. Herders live in nearly all of these villages.<\/p>\n<p>&nbsp;<\/p>\n<p>&nbsp;<\/p>\n<p><!--more--><\/p>\n<h2>Feeding reindeer to the forests in Ivalo reindeer herding cooperative<\/h2>\n<p>Feeding reindeer in the centre and southern parts of the cooperative area. (<a href=\"https:\/\/www.youtube.com\/watch?v=NpKRrJz-kvM\">Youtube<\/a>\u00a0in Finnish).\u00a0Lapland University of Applied sciences, pLAB \u2013 published 3\/2013.<\/p>\n<p>&nbsp;<\/p>\n","protected":false},"excerpt":{"rendered":"<p>Ivalo Chief of District: Kustula Niko Mobile: +358 040 844 6247 Email: iv&#97;&#108;&#x6f;&#x6e;&#x70;&#x6c;k&#64;&#103;&#109;&#x61;&#x69;&#x6c;&#x2e;co&#109; Hometown: Inari Total area: 2 825.6 km2 Maximum number of reindeer: 6 000 Reindeer herders: 87 Ivalo reindeer herding cooperative is part of the Inari reindeer marking district. The cooperative is located in the southern part of Inari. In east it neighbours [&hellip;]<\/p>\n","protected":false},"author":1,"featured_media":0,"parent":420,"menu_order":7,"comment_status":"open","ping_status":"closed","template":"paliskuntasivut.php","meta":{"footnotes":""},"class_list":["post-1375","page","type-page","status-publish","hentry"],"yoast_head":"<!-- This site is optimized with the Yoast SEO plugin v27.1.1 - https:\/\/yoast.com\/product\/yoast-seo-wordpress\/ -->\n<title>7 Ivalo - Reindeer Herders&#039; Association<\/title>\n<meta name=\"robots\" content=\"index, follow, max-snippet:-1, max-image-preview:large, max-video-preview:-1\" \/>\n<link rel=\"canonical\" href=\"https:\/\/paliskunnat.fi\/reindeer-herders-association\/cooperatives\/cooperatives-info\/ivalo\/\" \/>\n<meta property=\"og:locale\" content=\"en_US\" \/>\n<meta property=\"og:type\" content=\"article\" \/>\n<meta property=\"og:title\" content=\"7 Ivalo - Reindeer Herders&#039; Association\" \/>\n<meta property=\"og:description\" content=\"Ivalo Chief of District: Kustula Niko Mobile: +358 040 844 6247 Email: &#105;v&#x61;l&#x6f;n&#x70;&#108;&#x6b;&#064;&#x67;&#109;a&#x69;l&#x2e;c&#x6f;&#109; Hometown: Inari Total area: 2 825.6 km2 Maximum number of reindeer: 6 000 Reindeer herders: 87 Ivalo reindeer herding cooperative is part of the Inari reindeer marking district. The cooperative is located in the southern part of Inari. In east it neighbours [&hellip;]\" \/>\n<meta property=\"og:url\" content=\"https:\/\/paliskunnat.fi\/reindeer-herders-association\/cooperatives\/cooperatives-info\/ivalo\/\" \/>\n<meta property=\"og:site_name\" content=\"Reindeer Herders&#039; Association\" \/>\n<meta property=\"article:modified_time\" content=\"2023-06-06T11:26:50+00:00\" \/>\n<meta property=\"og:image\" content=\"https:\/\/paliskunnat.fi\/reindeer-herders-association\/wp-content\/uploads\/2014\/11\/7_ivalo.png\" \/>\n<meta name=\"twitter:card\" content=\"summary_large_image\" \/>\n<meta name=\"twitter:label1\" content=\"Est. reading time\" \/>\n\t<meta name=\"twitter:data1\" content=\"2 minutes\" \/>\n<script type=\"application\/ld+json\" class=\"yoast-schema-graph\">{\"@context\":\"https:\/\/schema.org\",\"@graph\":[{\"@type\":\"WebPage\",\"@id\":\"https:\/\/paliskunnat.fi\/reindeer-herders-association\/cooperatives\/cooperatives-info\/ivalo\/\",\"url\":\"https:\/\/paliskunnat.fi\/reindeer-herders-association\/cooperatives\/cooperatives-info\/ivalo\/\",\"name\":\"7 Ivalo - Reindeer Herders&#039; Association\",\"isPartOf\":{\"@id\":\"https:\/\/paliskunnat.fi\/reindeer-herders-association\/#website\"},\"primaryImageOfPage\":{\"@id\":\"https:\/\/paliskunnat.fi\/reindeer-herders-association\/cooperatives\/cooperatives-info\/ivalo\/#primaryimage\"},\"image\":{\"@id\":\"https:\/\/paliskunnat.fi\/reindeer-herders-association\/cooperatives\/cooperatives-info\/ivalo\/#primaryimage\"},\"thumbnailUrl\":\"https:\/\/paliskunnat.fi\/reindeer-herders-association\/wp-content\/uploads\/2014\/11\/7_ivalo.png\",\"datePublished\":\"2014-11-22T21:14:54+00:00\",\"dateModified\":\"2023-06-06T11:26:50+00:00\",\"breadcrumb\":{\"@id\":\"https:\/\/paliskunnat.fi\/reindeer-herders-association\/cooperatives\/cooperatives-info\/ivalo\/#breadcrumb\"},\"inLanguage\":\"en-US\",\"potentialAction\":[{\"@type\":\"ReadAction\",\"target\":[\"https:\/\/paliskunnat.fi\/reindeer-herders-association\/cooperatives\/cooperatives-info\/ivalo\/\"]}]},{\"@type\":\"ImageObject\",\"inLanguage\":\"en-US\",\"@id\":\"https:\/\/paliskunnat.fi\/reindeer-herders-association\/cooperatives\/cooperatives-info\/ivalo\/#primaryimage\",\"url\":\"https:\/\/paliskunnat.fi\/reindeer-herders-association\/wp-content\/uploads\/2014\/11\/7_ivalo.png\",\"contentUrl\":\"https:\/\/paliskunnat.fi\/reindeer-herders-association\/wp-content\/uploads\/2014\/11\/7_ivalo.png\"},{\"@type\":\"BreadcrumbList\",\"@id\":\"https:\/\/paliskunnat.fi\/reindeer-herders-association\/cooperatives\/cooperatives-info\/ivalo\/#breadcrumb\",\"itemListElement\":[{\"@type\":\"ListItem\",\"position\":1,\"name\":\"Home\",\"item\":\"https:\/\/paliskunnat.fi\/reindeer-herders-association\/\"},{\"@type\":\"ListItem\",\"position\":2,\"name\":\"Cooperatives\",\"item\":\"https:\/\/paliskunnat.fi\/reindeer-herders-association\/cooperatives\/\"},{\"@type\":\"ListItem\",\"position\":3,\"name\":\"Information of cooperatives\",\"item\":\"https:\/\/paliskunnat.fi\/reindeer-herders-association\/cooperatives\/cooperatives-info\/\"},{\"@type\":\"ListItem\",\"position\":4,\"name\":\"7 Ivalo\"}]},{\"@type\":\"WebSite\",\"@id\":\"https:\/\/paliskunnat.fi\/reindeer-herders-association\/#website\",\"url\":\"https:\/\/paliskunnat.fi\/reindeer-herders-association\/\",\"name\":\"Reindeer Herders&#039; Association\",\"description\":\"Finnish Reindeer Herders&#039; Association\",\"potentialAction\":[{\"@type\":\"SearchAction\",\"target\":{\"@type\":\"EntryPoint\",\"urlTemplate\":\"https:\/\/paliskunnat.fi\/reindeer-herders-association\/?s={search_term_string}\"},\"query-input\":{\"@type\":\"PropertyValueSpecification\",\"valueRequired\":true,\"valueName\":\"search_term_string\"}}],\"inLanguage\":\"en-US\"}]}<\/script>\n<!-- \/ Yoast SEO plugin. -->","yoast_head_json":{"title":"7 Ivalo - Reindeer Herders&#039; Association","robots":{"index":"index","follow":"follow","max-snippet":"max-snippet:-1","max-image-preview":"max-image-preview:large","max-video-preview":"max-video-preview:-1"},"canonical":"https:\/\/paliskunnat.fi\/reindeer-herders-association\/cooperatives\/cooperatives-info\/ivalo\/","og_locale":"en_US","og_type":"article","og_title":"7 Ivalo - Reindeer Herders&#039; Association","og_description":"Ivalo Chief of District: Kustula Niko Mobile: +358 040 844 6247 Email: &#105;v&#x61;l&#x6f;n&#x70;&#108;&#x6b;&#64;&#x67;&#109;a&#x69;l&#x2e;c&#x6f;&#109; Hometown: Inari Total area: 2 825.6 km2 Maximum number of reindeer: 6 000 Reindeer herders: 87 Ivalo reindeer herding cooperative is part of the Inari reindeer marking district. The cooperative is located in the southern part of Inari. In east it neighbours [&hellip;]","og_url":"https:\/\/paliskunnat.fi\/reindeer-herders-association\/cooperatives\/cooperatives-info\/ivalo\/","og_site_name":"Reindeer Herders&#039; Association","article_modified_time":"2023-06-06T11:26:50+00:00","og_image":[{"url":"https:\/\/paliskunnat.fi\/reindeer-herders-association\/wp-content\/uploads\/2014\/11\/7_ivalo.png","type":"","width":"","height":""}],"twitter_card":"summary_large_image","twitter_misc":{"Est. reading time":"2 minutes"},"schema":{"@context":"https:\/\/schema.org","@graph":[{"@type":"WebPage","@id":"https:\/\/paliskunnat.fi\/reindeer-herders-association\/cooperatives\/cooperatives-info\/ivalo\/","url":"https:\/\/paliskunnat.fi\/reindeer-herders-association\/cooperatives\/cooperatives-info\/ivalo\/","name":"7 Ivalo - Reindeer Herders&#039; Association","isPartOf":{"@id":"https:\/\/paliskunnat.fi\/reindeer-herders-association\/#website"},"primaryImageOfPage":{"@id":"https:\/\/paliskunnat.fi\/reindeer-herders-association\/cooperatives\/cooperatives-info\/ivalo\/#primaryimage"},"image":{"@id":"https:\/\/paliskunnat.fi\/reindeer-herders-association\/cooperatives\/cooperatives-info\/ivalo\/#primaryimage"},"thumbnailUrl":"https:\/\/paliskunnat.fi\/reindeer-herders-association\/wp-content\/uploads\/2014\/11\/7_ivalo.png","datePublished":"2014-11-22T21:14:54+00:00","dateModified":"2023-06-06T11:26:50+00:00","breadcrumb":{"@id":"https:\/\/paliskunnat.fi\/reindeer-herders-association\/cooperatives\/cooperatives-info\/ivalo\/#breadcrumb"},"inLanguage":"en-US","potentialAction":[{"@type":"ReadAction","target":["https:\/\/paliskunnat.fi\/reindeer-herders-association\/cooperatives\/cooperatives-info\/ivalo\/"]}]},{"@type":"ImageObject","inLanguage":"en-US","@id":"https:\/\/paliskunnat.fi\/reindeer-herders-association\/cooperatives\/cooperatives-info\/ivalo\/#primaryimage","url":"https:\/\/paliskunnat.fi\/reindeer-herders-association\/wp-content\/uploads\/2014\/11\/7_ivalo.png","contentUrl":"https:\/\/paliskunnat.fi\/reindeer-herders-association\/wp-content\/uploads\/2014\/11\/7_ivalo.png"},{"@type":"BreadcrumbList","@id":"https:\/\/paliskunnat.fi\/reindeer-herders-association\/cooperatives\/cooperatives-info\/ivalo\/#breadcrumb","itemListElement":[{"@type":"ListItem","position":1,"name":"Home","item":"https:\/\/paliskunnat.fi\/reindeer-herders-association\/"},{"@type":"ListItem","position":2,"name":"Cooperatives","item":"https:\/\/paliskunnat.fi\/reindeer-herders-association\/cooperatives\/"},{"@type":"ListItem","position":3,"name":"Information of cooperatives","item":"https:\/\/paliskunnat.fi\/reindeer-herders-association\/cooperatives\/cooperatives-info\/"},{"@type":"ListItem","position":4,"name":"7 Ivalo"}]},{"@type":"WebSite","@id":"https:\/\/paliskunnat.fi\/reindeer-herders-association\/#website","url":"https:\/\/paliskunnat.fi\/reindeer-herders-association\/","name":"Reindeer Herders&#039; Association","description":"Finnish Reindeer Herders&#039; Association","potentialAction":[{"@type":"SearchAction","target":{"@type":"EntryPoint","urlTemplate":"https:\/\/paliskunnat.fi\/reindeer-herders-association\/?s={search_term_string}"},"query-input":{"@type":"PropertyValueSpecification","valueRequired":true,"valueName":"search_term_string"}}],"inLanguage":"en-US"}]}},"_links":{"self":[{"href":"https:\/\/paliskunnat.fi\/reindeer-herders-association\/wp-json\/wp\/v2\/pages\/1375","targetHints":{"allow":["GET"]}}],"collection":[{"href":"https:\/\/paliskunnat.fi\/reindeer-herders-association\/wp-json\/wp\/v2\/pages"}],"about":[{"href":"https:\/\/paliskunnat.fi\/reindeer-herders-association\/wp-json\/wp\/v2\/types\/page"}],"author":[{"embeddable":true,"href":"https:\/\/paliskunnat.fi\/reindeer-herders-association\/wp-json\/wp\/v2\/users\/1"}],"replies":[{"embeddable":true,"href":"https:\/\/paliskunnat.fi\/reindeer-herders-association\/wp-json\/wp\/v2\/comments?post=1375"}],"version-history":[{"count":9,"href":"https:\/\/paliskunnat.fi\/reindeer-herders-association\/wp-json\/wp\/v2\/pages\/1375\/revisions"}],"predecessor-version":[{"id":6175,"href":"https:\/\/paliskunnat.fi\/reindeer-herders-association\/wp-json\/wp\/v2\/pages\/1375\/revisions\/6175"}],"up":[{"embeddable":true,"href":"https:\/\/paliskunnat.fi\/reindeer-herders-association\/wp-json\/wp\/v2\/pages\/420"}],"wp:attachment":[{"href":"https:\/\/paliskunnat.fi\/reindeer-herders-association\/wp-json\/wp\/v2\/media?parent=1375"}],"curies":[{"name":"wp","href":"https:\/\/api.w.org\/{rel}","templated":true}]}}