{"id":1378,"date":"2014-11-22T23:21:48","date_gmt":"2014-11-22T21:21:48","guid":{"rendered":"http:\/\/80.69.171.23\/py\/?page_id=1378"},"modified":"2026-02-25T10:19:23","modified_gmt":"2026-02-25T08:19:23","slug":"kuivasalmi","status":"publish","type":"page","link":"https:\/\/paliskunnat.fi\/reindeer-herders-association\/cooperatives\/cooperatives-info\/kuivasalmi\/","title":{"rendered":"15 Kuivasalmi"},"content":{"rendered":"<h2>Kuivasalmi<\/h2>\n<p>Chief of District:\u00a0Koskela Antti I.<br \/>\nMobile: +358\u00a040 846 8321<br \/>\nEmail: &#x61;&#x6b;&#x6f;&#x73;&#x6b;&#x65;&#108;&#97;&#56;&#54;&#64;gma&#x69;&#x6c;&#x2e;&#x63;&#x6f;&#x6d;<\/p>\n<p><a href=\"https:\/\/paliskunnat.fi\/reindeer-herders-association\/wp-content\/uploads\/2014\/11\/15_kuivasalmi.png\" rel=\"lightbox[1378]\"><img loading=\"lazy\" decoding=\"async\" class=\"alignnone wp-image-1380\" src=\"https:\/\/paliskunnat.fi\/reindeer-herders-association\/wp-content\/uploads\/2014\/11\/15_kuivasalmi.png\" alt=\"15 Kuivasalmi\" width=\"300\" height=\"387\" srcset=\"https:\/\/paliskunnat.fi\/reindeer-herders-association\/wp-content\/uploads\/2014\/11\/15_kuivasalmi.png 776w, https:\/\/paliskunnat.fi\/reindeer-herders-association\/wp-content\/uploads\/2014\/11\/15_kuivasalmi-233x300.png 233w\" sizes=\"auto, (max-width: 300px) 100vw, 300px\" \/><\/a><\/p>\n<table width=\"450\">\n<tbody>\n<tr>\n<td>Hometown:<\/td>\n<td>Kittil\u00e4<\/td>\n<\/tr>\n<tr>\n<td>Total area:<\/td>\n<td>3 518.9 km<sup>2<\/sup><\/td>\n<\/tr>\n<tr>\n<td>Maximum number of reindeer:<\/td>\n<td>6 000<\/td>\n<\/tr>\n<tr>\n<td>Reindeer herders:<\/td>\n<td>153<\/td>\n<\/tr>\n<\/tbody>\n<\/table>\n<p>Kuivasalmi reindeer herding cooperative is part of the Kittil\u00e4 reindeer marking district. The cooperative is located to the northwest part of the Kittil\u00e4 municipality. The cooperative borders in north with N\u00e4kk\u00e4l\u00e4 and Sallivaara, in east with Sattasniemi and Lappi, in south with Alakyl\u00e4 and in west with Kyr\u00f6 herding cooperatives.<\/p>\n<p>78.8 % of the cooperative\u2019s total area is state land and 21.2 % is owned by other landowners. The northern part of the cooperative reaches Lemmenjoki National Park. In the northwest there is Pulju wilderness area and in the northeast corner relatively small area of the Hammastunturi wilderness area.<\/p>\n<p>The Suurkuusikko gold mine in Kittil\u00e4 is located to the centre of the cooperative. The mine has been operating since 2009. There is project to broaden the mine toward Kuotko. \u00a0Enlargement of the operations requires building a new tailing pool and broadening of the mining district. Another significant and growing industry in the area is tourism. Levi tourism centre is located into the cooperative area. In addition a wind farm will be built in the Kuolavaara-Keulakkop\u00e4\u00e4 area.<\/p>\n<p>The main round up fences are in Kursuj\u00e4rvenmaa and Sammalselk\u00e4.<\/p>\n<p>The cooperative area is sparsely populated. The most important villages area Pulju, Lompolo, K\u00f6ng\u00e4s-Rauduskyl\u00e4, Hanhimaa, Pokka, Kuivasalmi, Kiistala, Jeesi\u00f6j\u00e4rvi and Tepsa. The centre of Kittil\u00e4 does not belong to the cooperative area.<\/p>\n<p>&nbsp;<\/p>\n<p>&nbsp;<\/p>\n","protected":false},"excerpt":{"rendered":"<p>Kuivasalmi Chief of District:\u00a0Koskela Antti I. Mobile: +358\u00a040 846 8321 Email: &#x61;&#x6b;&#x6f;&#x73;&#x6b;&#x65;&#x6c;&#x61;&#x38;&#x36;&#x40;&#x67;&#x6d;&#x61;&#x69;&#x6c;&#x2e;&#x63;&#x6f;&#x6d; Hometown: Kittil\u00e4 Total area: 3 518.9 km2 Maximum number of reindeer: 6 000 Reindeer herders: 153 Kuivasalmi reindeer herding cooperative is part of the Kittil\u00e4 reindeer marking district. The cooperative is located to the northwest part of the Kittil\u00e4 municipality. The cooperative borders [&hellip;]<\/p>\n","protected":false},"author":1,"featured_media":0,"parent":420,"menu_order":15,"comment_status":"open","ping_status":"closed","template":"paliskuntasivut.php","meta":{"footnotes":""},"class_list":["post-1378","page","type-page","status-publish","hentry"],"yoast_head":"<!-- This site is optimized with the Yoast SEO plugin v27.1.1 - https:\/\/yoast.com\/product\/yoast-seo-wordpress\/ -->\n<title>15 Kuivasalmi - Reindeer Herders&#039; Association<\/title>\n<meta name=\"robots\" content=\"index, follow, max-snippet:-1, max-image-preview:large, max-video-preview:-1\" \/>\n<link rel=\"canonical\" href=\"https:\/\/paliskunnat.fi\/reindeer-herders-association\/cooperatives\/cooperatives-info\/kuivasalmi\/\" \/>\n<meta property=\"og:locale\" content=\"en_US\" \/>\n<meta property=\"og:type\" content=\"article\" \/>\n<meta property=\"og:title\" content=\"15 Kuivasalmi - Reindeer Herders&#039; Association\" \/>\n<meta property=\"og:description\" content=\"Kuivasalmi Chief of District:\u00a0Koskela Antti I. Mobile: +358\u00a040 846 8321 Email: akos&#107;&#101;&#108;&#097;&#056;&#054;&#064;&#x67;&#x6d;&#x61;&#x69;&#x6c;&#x2e;&#x63;&#x6f;&#x6d; Hometown: Kittil\u00e4 Total area: 3 518.9 km2 Maximum number of reindeer: 6 000 Reindeer herders: 153 Kuivasalmi reindeer herding cooperative is part of the Kittil\u00e4 reindeer marking district. The cooperative is located to the northwest part of the Kittil\u00e4 municipality. The cooperative borders [&hellip;]\" \/>\n<meta property=\"og:url\" content=\"https:\/\/paliskunnat.fi\/reindeer-herders-association\/cooperatives\/cooperatives-info\/kuivasalmi\/\" \/>\n<meta property=\"og:site_name\" content=\"Reindeer Herders&#039; Association\" \/>\n<meta property=\"article:modified_time\" content=\"2026-02-25T08:19:23+00:00\" \/>\n<meta property=\"og:image\" content=\"https:\/\/paliskunnat.fi\/reindeer-herders-association\/wp-content\/uploads\/2014\/11\/15_kuivasalmi.png\" \/>\n\t<meta property=\"og:image:width\" content=\"776\" \/>\n\t<meta property=\"og:image:height\" content=\"1000\" \/>\n\t<meta property=\"og:image:type\" content=\"image\/png\" \/>\n<meta name=\"twitter:card\" content=\"summary_large_image\" \/>\n<meta name=\"twitter:label1\" content=\"Est. reading time\" \/>\n\t<meta name=\"twitter:data1\" content=\"2 minutes\" \/>\n<script type=\"application\/ld+json\" class=\"yoast-schema-graph\">{\"@context\":\"https:\/\/schema.org\",\"@graph\":[{\"@type\":\"WebPage\",\"@id\":\"https:\/\/paliskunnat.fi\/reindeer-herders-association\/cooperatives\/cooperatives-info\/kuivasalmi\/\",\"url\":\"https:\/\/paliskunnat.fi\/reindeer-herders-association\/cooperatives\/cooperatives-info\/kuivasalmi\/\",\"name\":\"15 Kuivasalmi - Reindeer Herders&#039; Association\",\"isPartOf\":{\"@id\":\"https:\/\/paliskunnat.fi\/reindeer-herders-association\/#website\"},\"primaryImageOfPage\":{\"@id\":\"https:\/\/paliskunnat.fi\/reindeer-herders-association\/cooperatives\/cooperatives-info\/kuivasalmi\/#primaryimage\"},\"image\":{\"@id\":\"https:\/\/paliskunnat.fi\/reindeer-herders-association\/cooperatives\/cooperatives-info\/kuivasalmi\/#primaryimage\"},\"thumbnailUrl\":\"https:\/\/paliskunnat.fi\/reindeer-herders-association\/wp-content\/uploads\/2014\/11\/15_kuivasalmi.png\",\"datePublished\":\"2014-11-22T21:21:48+00:00\",\"dateModified\":\"2026-02-25T08:19:23+00:00\",\"breadcrumb\":{\"@id\":\"https:\/\/paliskunnat.fi\/reindeer-herders-association\/cooperatives\/cooperatives-info\/kuivasalmi\/#breadcrumb\"},\"inLanguage\":\"en-US\",\"potentialAction\":[{\"@type\":\"ReadAction\",\"target\":[\"https:\/\/paliskunnat.fi\/reindeer-herders-association\/cooperatives\/cooperatives-info\/kuivasalmi\/\"]}]},{\"@type\":\"ImageObject\",\"inLanguage\":\"en-US\",\"@id\":\"https:\/\/paliskunnat.fi\/reindeer-herders-association\/cooperatives\/cooperatives-info\/kuivasalmi\/#primaryimage\",\"url\":\"https:\/\/paliskunnat.fi\/reindeer-herders-association\/wp-content\/uploads\/2014\/11\/15_kuivasalmi.png\",\"contentUrl\":\"https:\/\/paliskunnat.fi\/reindeer-herders-association\/wp-content\/uploads\/2014\/11\/15_kuivasalmi.png\"},{\"@type\":\"BreadcrumbList\",\"@id\":\"https:\/\/paliskunnat.fi\/reindeer-herders-association\/cooperatives\/cooperatives-info\/kuivasalmi\/#breadcrumb\",\"itemListElement\":[{\"@type\":\"ListItem\",\"position\":1,\"name\":\"Home\",\"item\":\"https:\/\/paliskunnat.fi\/reindeer-herders-association\/\"},{\"@type\":\"ListItem\",\"position\":2,\"name\":\"Cooperatives\",\"item\":\"https:\/\/paliskunnat.fi\/reindeer-herders-association\/cooperatives\/\"},{\"@type\":\"ListItem\",\"position\":3,\"name\":\"Information of cooperatives\",\"item\":\"https:\/\/paliskunnat.fi\/reindeer-herders-association\/cooperatives\/cooperatives-info\/\"},{\"@type\":\"ListItem\",\"position\":4,\"name\":\"15 Kuivasalmi\"}]},{\"@type\":\"WebSite\",\"@id\":\"https:\/\/paliskunnat.fi\/reindeer-herders-association\/#website\",\"url\":\"https:\/\/paliskunnat.fi\/reindeer-herders-association\/\",\"name\":\"Reindeer Herders&#039; Association\",\"description\":\"Finnish Reindeer Herders&#039; Association\",\"potentialAction\":[{\"@type\":\"SearchAction\",\"target\":{\"@type\":\"EntryPoint\",\"urlTemplate\":\"https:\/\/paliskunnat.fi\/reindeer-herders-association\/?s={search_term_string}\"},\"query-input\":{\"@type\":\"PropertyValueSpecification\",\"valueRequired\":true,\"valueName\":\"search_term_string\"}}],\"inLanguage\":\"en-US\"}]}<\/script>\n<!-- \/ Yoast SEO plugin. -->","yoast_head_json":{"title":"15 Kuivasalmi - Reindeer Herders&#039; Association","robots":{"index":"index","follow":"follow","max-snippet":"max-snippet:-1","max-image-preview":"max-image-preview:large","max-video-preview":"max-video-preview:-1"},"canonical":"https:\/\/paliskunnat.fi\/reindeer-herders-association\/cooperatives\/cooperatives-info\/kuivasalmi\/","og_locale":"en_US","og_type":"article","og_title":"15 Kuivasalmi - Reindeer Herders&#039; Association","og_description":"Kuivasalmi Chief of District:\u00a0Koskela Antti I. Mobile: +358\u00a040 846 8321 Email: akos&#107;&#101;&#108;&#97;&#56;&#54;&#64;&#x67;&#x6d;&#x61;&#x69;&#x6c;&#x2e;&#x63;&#x6f;&#x6d; Hometown: Kittil\u00e4 Total area: 3 518.9 km2 Maximum number of reindeer: 6 000 Reindeer herders: 153 Kuivasalmi reindeer herding cooperative is part of the Kittil\u00e4 reindeer marking district. The cooperative is located to the northwest part of the Kittil\u00e4 municipality. The cooperative borders [&hellip;]","og_url":"https:\/\/paliskunnat.fi\/reindeer-herders-association\/cooperatives\/cooperatives-info\/kuivasalmi\/","og_site_name":"Reindeer Herders&#039; Association","article_modified_time":"2026-02-25T08:19:23+00:00","og_image":[{"width":776,"height":1000,"url":"https:\/\/paliskunnat.fi\/reindeer-herders-association\/wp-content\/uploads\/2014\/11\/15_kuivasalmi.png","type":"image\/png"}],"twitter_card":"summary_large_image","twitter_misc":{"Est. reading time":"2 minutes"},"schema":{"@context":"https:\/\/schema.org","@graph":[{"@type":"WebPage","@id":"https:\/\/paliskunnat.fi\/reindeer-herders-association\/cooperatives\/cooperatives-info\/kuivasalmi\/","url":"https:\/\/paliskunnat.fi\/reindeer-herders-association\/cooperatives\/cooperatives-info\/kuivasalmi\/","name":"15 Kuivasalmi - Reindeer Herders&#039; Association","isPartOf":{"@id":"https:\/\/paliskunnat.fi\/reindeer-herders-association\/#website"},"primaryImageOfPage":{"@id":"https:\/\/paliskunnat.fi\/reindeer-herders-association\/cooperatives\/cooperatives-info\/kuivasalmi\/#primaryimage"},"image":{"@id":"https:\/\/paliskunnat.fi\/reindeer-herders-association\/cooperatives\/cooperatives-info\/kuivasalmi\/#primaryimage"},"thumbnailUrl":"https:\/\/paliskunnat.fi\/reindeer-herders-association\/wp-content\/uploads\/2014\/11\/15_kuivasalmi.png","datePublished":"2014-11-22T21:21:48+00:00","dateModified":"2026-02-25T08:19:23+00:00","breadcrumb":{"@id":"https:\/\/paliskunnat.fi\/reindeer-herders-association\/cooperatives\/cooperatives-info\/kuivasalmi\/#breadcrumb"},"inLanguage":"en-US","potentialAction":[{"@type":"ReadAction","target":["https:\/\/paliskunnat.fi\/reindeer-herders-association\/cooperatives\/cooperatives-info\/kuivasalmi\/"]}]},{"@type":"ImageObject","inLanguage":"en-US","@id":"https:\/\/paliskunnat.fi\/reindeer-herders-association\/cooperatives\/cooperatives-info\/kuivasalmi\/#primaryimage","url":"https:\/\/paliskunnat.fi\/reindeer-herders-association\/wp-content\/uploads\/2014\/11\/15_kuivasalmi.png","contentUrl":"https:\/\/paliskunnat.fi\/reindeer-herders-association\/wp-content\/uploads\/2014\/11\/15_kuivasalmi.png"},{"@type":"BreadcrumbList","@id":"https:\/\/paliskunnat.fi\/reindeer-herders-association\/cooperatives\/cooperatives-info\/kuivasalmi\/#breadcrumb","itemListElement":[{"@type":"ListItem","position":1,"name":"Home","item":"https:\/\/paliskunnat.fi\/reindeer-herders-association\/"},{"@type":"ListItem","position":2,"name":"Cooperatives","item":"https:\/\/paliskunnat.fi\/reindeer-herders-association\/cooperatives\/"},{"@type":"ListItem","position":3,"name":"Information of cooperatives","item":"https:\/\/paliskunnat.fi\/reindeer-herders-association\/cooperatives\/cooperatives-info\/"},{"@type":"ListItem","position":4,"name":"15 Kuivasalmi"}]},{"@type":"WebSite","@id":"https:\/\/paliskunnat.fi\/reindeer-herders-association\/#website","url":"https:\/\/paliskunnat.fi\/reindeer-herders-association\/","name":"Reindeer Herders&#039; Association","description":"Finnish Reindeer Herders&#039; Association","potentialAction":[{"@type":"SearchAction","target":{"@type":"EntryPoint","urlTemplate":"https:\/\/paliskunnat.fi\/reindeer-herders-association\/?s={search_term_string}"},"query-input":{"@type":"PropertyValueSpecification","valueRequired":true,"valueName":"search_term_string"}}],"inLanguage":"en-US"}]}},"_links":{"self":[{"href":"https:\/\/paliskunnat.fi\/reindeer-herders-association\/wp-json\/wp\/v2\/pages\/1378","targetHints":{"allow":["GET"]}}],"collection":[{"href":"https:\/\/paliskunnat.fi\/reindeer-herders-association\/wp-json\/wp\/v2\/pages"}],"about":[{"href":"https:\/\/paliskunnat.fi\/reindeer-herders-association\/wp-json\/wp\/v2\/types\/page"}],"author":[{"embeddable":true,"href":"https:\/\/paliskunnat.fi\/reindeer-herders-association\/wp-json\/wp\/v2\/users\/1"}],"replies":[{"embeddable":true,"href":"https:\/\/paliskunnat.fi\/reindeer-herders-association\/wp-json\/wp\/v2\/comments?post=1378"}],"version-history":[{"count":11,"href":"https:\/\/paliskunnat.fi\/reindeer-herders-association\/wp-json\/wp\/v2\/pages\/1378\/revisions"}],"predecessor-version":[{"id":6527,"href":"https:\/\/paliskunnat.fi\/reindeer-herders-association\/wp-json\/wp\/v2\/pages\/1378\/revisions\/6527"}],"up":[{"embeddable":true,"href":"https:\/\/paliskunnat.fi\/reindeer-herders-association\/wp-json\/wp\/v2\/pages\/420"}],"wp:attachment":[{"href":"https:\/\/paliskunnat.fi\/reindeer-herders-association\/wp-json\/wp\/v2\/media?parent=1378"}],"curies":[{"name":"wp","href":"https:\/\/api.w.org\/{rel}","templated":true}]}}