{"id":1400,"date":"2014-11-22T23:47:35","date_gmt":"2014-11-22T21:47:35","guid":{"rendered":"http:\/\/80.69.171.23\/py\/?page_id=1400"},"modified":"2025-06-10T15:07:35","modified_gmt":"2025-06-10T12:07:35","slug":"pohjois-salla","status":"publish","type":"page","link":"https:\/\/paliskunnat.fi\/reindeer-herders-association\/cooperatives\/cooperatives-info\/pohjois-salla\/","title":{"rendered":"23 Pohjois-Salla"},"content":{"rendered":"<h2>Pohjois-Salla<\/h2>\n<p>Chief of District: Aatsinki Lasse<br \/>\nMobile: +358 40 535 0184<br \/>\nEmail: &#x6c;&#x61;&#x73;&#x73;&#x65;&#x61;&#x61;&#x74;&#115;&#105;&#110;&#107;&#105;&#46;&#112;ohjo&#x69;&#x73;&#x73;&#x61;&#x6c;&#x6c;&#x61;&#x40;&#x67;&#109;&#97;&#105;&#108;&#46;&#99;&#111;m<\/p>\n<p><a href=\"https:\/\/paliskunnat.fi\/reindeer-herders-association\/wp-content\/uploads\/2014\/11\/23_pohjois_salla.png\" rel=\"lightbox[1400]\"><img loading=\"lazy\" decoding=\"async\" class=\"alignnone wp-image-1401\" src=\"https:\/\/paliskunnat.fi\/reindeer-herders-association\/wp-content\/uploads\/2014\/11\/23_pohjois_salla.png\" alt=\"23 Pohjois-Salla\" width=\"300\" height=\"387\" srcset=\"https:\/\/paliskunnat.fi\/reindeer-herders-association\/wp-content\/uploads\/2014\/11\/23_pohjois_salla.png 776w, https:\/\/paliskunnat.fi\/reindeer-herders-association\/wp-content\/uploads\/2014\/11\/23_pohjois_salla-233x300.png 233w\" sizes=\"auto, (max-width: 300px) 100vw, 300px\" \/><\/a><\/p>\n<table width=\"450\">\n<tbody>\n<tr>\n<td>Hometown:<\/td>\n<td>Salla<\/td>\n<\/tr>\n<tr>\n<td>Total area:<\/td>\n<td>2 149,0 km<sup>2<\/sup><\/td>\n<\/tr>\n<tr>\n<td>Maximum number of reindeer:<\/td>\n<td>4 800<\/td>\n<\/tr>\n<tr>\n<td>Reindeer herders:<\/td>\n<td>102<\/td>\n<\/tr>\n<\/tbody>\n<\/table>\n<p>Pohjois-Salla reindeer herding cooperative is part of the Keminkyl\u00e4 reindeer marking district. The cooperative is located to the northern part of Salla municipality. The cooperative borders in north and east with Russia. In south with Salla and west with Kemin-Sompio cooperatives.<\/p>\n<p>Around 70 % of the cooperative area is state owned.<\/p>\n<p>The round up fences are in Aukiselk\u00e4, Kungastolppa, Tuohivaara, Sarasaari, Lautakotaoja, Aitatsivaara, V\u00e4rri\u00f6, R\u00e4ntselm\u00e4selk\u00e4 and Peurahaara.<\/p>\n<p>Few herders live in Naruska. Most of the herders do not live in the cooperative area, but in the centre of Salla or other villages.<\/p>\n<p>&nbsp;<\/p>\n<p>&nbsp;<\/p>\n","protected":false},"excerpt":{"rendered":"<p>Pohjois-Salla Chief of District: Aatsinki Lasse Mobile: +358 40 535 0184 Email: la&#115;&#115;&#101;&#97;&#x61;&#x74;&#x73;&#x69;&#x6e;ki&#46;&#112;&#111;&#104;&#x6a;&#x6f;&#x69;&#x73;&#x73;al&#108;&#97;&#64;&#103;&#x6d;&#x61;&#x69;&#x6c;&#x2e;com Hometown: Salla Total area: 2 149,0 km2 Maximum number of reindeer: 4 800 Reindeer herders: 102 Pohjois-Salla reindeer herding cooperative is part of the Keminkyl\u00e4 reindeer marking district. The cooperative is located to the northern part of Salla municipality. The cooperative borders [&hellip;]<\/p>\n","protected":false},"author":1,"featured_media":0,"parent":420,"menu_order":23,"comment_status":"open","ping_status":"closed","template":"paliskuntasivut.php","meta":{"footnotes":""},"class_list":["post-1400","page","type-page","status-publish","hentry"],"yoast_head":"<!-- This site is optimized with the Yoast SEO plugin v27.1.1 - https:\/\/yoast.com\/product\/yoast-seo-wordpress\/ -->\n<title>23 Pohjois-Salla - Reindeer Herders&#039; Association<\/title>\n<meta name=\"robots\" content=\"index, follow, max-snippet:-1, max-image-preview:large, max-video-preview:-1\" \/>\n<link rel=\"canonical\" href=\"https:\/\/paliskunnat.fi\/reindeer-herders-association\/cooperatives\/cooperatives-info\/pohjois-salla\/\" \/>\n<meta property=\"og:locale\" content=\"en_US\" \/>\n<meta property=\"og:type\" content=\"article\" \/>\n<meta property=\"og:title\" content=\"23 Pohjois-Salla - Reindeer Herders&#039; Association\" \/>\n<meta property=\"og:description\" content=\"Pohjois-Salla Chief of District: Aatsinki Lasse Mobile: +358 40 535 0184 Email: &#x6c;a&#x73;&#115;&#x65;&#097;a&#x74;s&#x69;&#110;&#x6b;&#105;&#046;&#x70;&#111;&#x68;&#106;o&#x69;s&#x73;&#097;&#x6c;&#108;a&#x40;g&#x6d;&#097;&#x69;&#x6c;&#046;&#x63;&#111;&#x6d; Hometown: Salla Total area: 2 149,0 km2 Maximum number of reindeer: 4 800 Reindeer herders: 102 Pohjois-Salla reindeer herding cooperative is part of the Keminkyl\u00e4 reindeer marking district. The cooperative is located to the northern part of Salla municipality. The cooperative borders [&hellip;]\" \/>\n<meta property=\"og:url\" content=\"https:\/\/paliskunnat.fi\/reindeer-herders-association\/cooperatives\/cooperatives-info\/pohjois-salla\/\" \/>\n<meta property=\"og:site_name\" content=\"Reindeer Herders&#039; Association\" \/>\n<meta property=\"article:modified_time\" content=\"2025-06-10T12:07:35+00:00\" \/>\n<meta property=\"og:image\" content=\"https:\/\/paliskunnat.fi\/reindeer-herders-association\/wp-content\/uploads\/2014\/11\/23_pohjois_salla.png\" \/>\n\t<meta property=\"og:image:width\" content=\"776\" \/>\n\t<meta property=\"og:image:height\" content=\"1000\" \/>\n\t<meta property=\"og:image:type\" content=\"image\/png\" \/>\n<meta name=\"twitter:card\" content=\"summary_large_image\" \/>\n<meta name=\"twitter:label1\" content=\"Est. reading time\" \/>\n\t<meta name=\"twitter:data1\" content=\"1 minute\" \/>\n<script type=\"application\/ld+json\" class=\"yoast-schema-graph\">{\"@context\":\"https:\/\/schema.org\",\"@graph\":[{\"@type\":\"WebPage\",\"@id\":\"https:\/\/paliskunnat.fi\/reindeer-herders-association\/cooperatives\/cooperatives-info\/pohjois-salla\/\",\"url\":\"https:\/\/paliskunnat.fi\/reindeer-herders-association\/cooperatives\/cooperatives-info\/pohjois-salla\/\",\"name\":\"23 Pohjois-Salla - Reindeer Herders&#039; Association\",\"isPartOf\":{\"@id\":\"https:\/\/paliskunnat.fi\/reindeer-herders-association\/#website\"},\"primaryImageOfPage\":{\"@id\":\"https:\/\/paliskunnat.fi\/reindeer-herders-association\/cooperatives\/cooperatives-info\/pohjois-salla\/#primaryimage\"},\"image\":{\"@id\":\"https:\/\/paliskunnat.fi\/reindeer-herders-association\/cooperatives\/cooperatives-info\/pohjois-salla\/#primaryimage\"},\"thumbnailUrl\":\"https:\/\/paliskunnat.fi\/reindeer-herders-association\/wp-content\/uploads\/2014\/11\/23_pohjois_salla.png\",\"datePublished\":\"2014-11-22T21:47:35+00:00\",\"dateModified\":\"2025-06-10T12:07:35+00:00\",\"breadcrumb\":{\"@id\":\"https:\/\/paliskunnat.fi\/reindeer-herders-association\/cooperatives\/cooperatives-info\/pohjois-salla\/#breadcrumb\"},\"inLanguage\":\"en-US\",\"potentialAction\":[{\"@type\":\"ReadAction\",\"target\":[\"https:\/\/paliskunnat.fi\/reindeer-herders-association\/cooperatives\/cooperatives-info\/pohjois-salla\/\"]}]},{\"@type\":\"ImageObject\",\"inLanguage\":\"en-US\",\"@id\":\"https:\/\/paliskunnat.fi\/reindeer-herders-association\/cooperatives\/cooperatives-info\/pohjois-salla\/#primaryimage\",\"url\":\"https:\/\/paliskunnat.fi\/reindeer-herders-association\/wp-content\/uploads\/2014\/11\/23_pohjois_salla.png\",\"contentUrl\":\"https:\/\/paliskunnat.fi\/reindeer-herders-association\/wp-content\/uploads\/2014\/11\/23_pohjois_salla.png\"},{\"@type\":\"BreadcrumbList\",\"@id\":\"https:\/\/paliskunnat.fi\/reindeer-herders-association\/cooperatives\/cooperatives-info\/pohjois-salla\/#breadcrumb\",\"itemListElement\":[{\"@type\":\"ListItem\",\"position\":1,\"name\":\"Home\",\"item\":\"https:\/\/paliskunnat.fi\/reindeer-herders-association\/\"},{\"@type\":\"ListItem\",\"position\":2,\"name\":\"Cooperatives\",\"item\":\"https:\/\/paliskunnat.fi\/reindeer-herders-association\/cooperatives\/\"},{\"@type\":\"ListItem\",\"position\":3,\"name\":\"Information of cooperatives\",\"item\":\"https:\/\/paliskunnat.fi\/reindeer-herders-association\/cooperatives\/cooperatives-info\/\"},{\"@type\":\"ListItem\",\"position\":4,\"name\":\"23 Pohjois-Salla\"}]},{\"@type\":\"WebSite\",\"@id\":\"https:\/\/paliskunnat.fi\/reindeer-herders-association\/#website\",\"url\":\"https:\/\/paliskunnat.fi\/reindeer-herders-association\/\",\"name\":\"Reindeer Herders&#039; Association\",\"description\":\"Finnish Reindeer Herders&#039; Association\",\"potentialAction\":[{\"@type\":\"SearchAction\",\"target\":{\"@type\":\"EntryPoint\",\"urlTemplate\":\"https:\/\/paliskunnat.fi\/reindeer-herders-association\/?s={search_term_string}\"},\"query-input\":{\"@type\":\"PropertyValueSpecification\",\"valueRequired\":true,\"valueName\":\"search_term_string\"}}],\"inLanguage\":\"en-US\"}]}<\/script>\n<!-- \/ Yoast SEO plugin. -->","yoast_head_json":{"title":"23 Pohjois-Salla - Reindeer Herders&#039; Association","robots":{"index":"index","follow":"follow","max-snippet":"max-snippet:-1","max-image-preview":"max-image-preview:large","max-video-preview":"max-video-preview:-1"},"canonical":"https:\/\/paliskunnat.fi\/reindeer-herders-association\/cooperatives\/cooperatives-info\/pohjois-salla\/","og_locale":"en_US","og_type":"article","og_title":"23 Pohjois-Salla - Reindeer Herders&#039; Association","og_description":"Pohjois-Salla Chief of District: Aatsinki Lasse Mobile: +358 40 535 0184 Email: &#x6c;a&#x73;&#115;&#x65;&#97;a&#x74;s&#x69;&#110;&#x6b;&#105;&#46;&#x70;&#111;&#x68;&#106;o&#x69;s&#x73;&#97;&#x6c;&#108;a&#x40;g&#x6d;&#97;&#x69;&#x6c;&#46;&#x63;&#111;&#x6d; Hometown: Salla Total area: 2 149,0 km2 Maximum number of reindeer: 4 800 Reindeer herders: 102 Pohjois-Salla reindeer herding cooperative is part of the Keminkyl\u00e4 reindeer marking district. The cooperative is located to the northern part of Salla municipality. The cooperative borders [&hellip;]","og_url":"https:\/\/paliskunnat.fi\/reindeer-herders-association\/cooperatives\/cooperatives-info\/pohjois-salla\/","og_site_name":"Reindeer Herders&#039; Association","article_modified_time":"2025-06-10T12:07:35+00:00","og_image":[{"width":776,"height":1000,"url":"https:\/\/paliskunnat.fi\/reindeer-herders-association\/wp-content\/uploads\/2014\/11\/23_pohjois_salla.png","type":"image\/png"}],"twitter_card":"summary_large_image","twitter_misc":{"Est. reading time":"1 minute"},"schema":{"@context":"https:\/\/schema.org","@graph":[{"@type":"WebPage","@id":"https:\/\/paliskunnat.fi\/reindeer-herders-association\/cooperatives\/cooperatives-info\/pohjois-salla\/","url":"https:\/\/paliskunnat.fi\/reindeer-herders-association\/cooperatives\/cooperatives-info\/pohjois-salla\/","name":"23 Pohjois-Salla - Reindeer Herders&#039; Association","isPartOf":{"@id":"https:\/\/paliskunnat.fi\/reindeer-herders-association\/#website"},"primaryImageOfPage":{"@id":"https:\/\/paliskunnat.fi\/reindeer-herders-association\/cooperatives\/cooperatives-info\/pohjois-salla\/#primaryimage"},"image":{"@id":"https:\/\/paliskunnat.fi\/reindeer-herders-association\/cooperatives\/cooperatives-info\/pohjois-salla\/#primaryimage"},"thumbnailUrl":"https:\/\/paliskunnat.fi\/reindeer-herders-association\/wp-content\/uploads\/2014\/11\/23_pohjois_salla.png","datePublished":"2014-11-22T21:47:35+00:00","dateModified":"2025-06-10T12:07:35+00:00","breadcrumb":{"@id":"https:\/\/paliskunnat.fi\/reindeer-herders-association\/cooperatives\/cooperatives-info\/pohjois-salla\/#breadcrumb"},"inLanguage":"en-US","potentialAction":[{"@type":"ReadAction","target":["https:\/\/paliskunnat.fi\/reindeer-herders-association\/cooperatives\/cooperatives-info\/pohjois-salla\/"]}]},{"@type":"ImageObject","inLanguage":"en-US","@id":"https:\/\/paliskunnat.fi\/reindeer-herders-association\/cooperatives\/cooperatives-info\/pohjois-salla\/#primaryimage","url":"https:\/\/paliskunnat.fi\/reindeer-herders-association\/wp-content\/uploads\/2014\/11\/23_pohjois_salla.png","contentUrl":"https:\/\/paliskunnat.fi\/reindeer-herders-association\/wp-content\/uploads\/2014\/11\/23_pohjois_salla.png"},{"@type":"BreadcrumbList","@id":"https:\/\/paliskunnat.fi\/reindeer-herders-association\/cooperatives\/cooperatives-info\/pohjois-salla\/#breadcrumb","itemListElement":[{"@type":"ListItem","position":1,"name":"Home","item":"https:\/\/paliskunnat.fi\/reindeer-herders-association\/"},{"@type":"ListItem","position":2,"name":"Cooperatives","item":"https:\/\/paliskunnat.fi\/reindeer-herders-association\/cooperatives\/"},{"@type":"ListItem","position":3,"name":"Information of cooperatives","item":"https:\/\/paliskunnat.fi\/reindeer-herders-association\/cooperatives\/cooperatives-info\/"},{"@type":"ListItem","position":4,"name":"23 Pohjois-Salla"}]},{"@type":"WebSite","@id":"https:\/\/paliskunnat.fi\/reindeer-herders-association\/#website","url":"https:\/\/paliskunnat.fi\/reindeer-herders-association\/","name":"Reindeer Herders&#039; Association","description":"Finnish Reindeer Herders&#039; Association","potentialAction":[{"@type":"SearchAction","target":{"@type":"EntryPoint","urlTemplate":"https:\/\/paliskunnat.fi\/reindeer-herders-association\/?s={search_term_string}"},"query-input":{"@type":"PropertyValueSpecification","valueRequired":true,"valueName":"search_term_string"}}],"inLanguage":"en-US"}]}},"_links":{"self":[{"href":"https:\/\/paliskunnat.fi\/reindeer-herders-association\/wp-json\/wp\/v2\/pages\/1400","targetHints":{"allow":["GET"]}}],"collection":[{"href":"https:\/\/paliskunnat.fi\/reindeer-herders-association\/wp-json\/wp\/v2\/pages"}],"about":[{"href":"https:\/\/paliskunnat.fi\/reindeer-herders-association\/wp-json\/wp\/v2\/types\/page"}],"author":[{"embeddable":true,"href":"https:\/\/paliskunnat.fi\/reindeer-herders-association\/wp-json\/wp\/v2\/users\/1"}],"replies":[{"embeddable":true,"href":"https:\/\/paliskunnat.fi\/reindeer-herders-association\/wp-json\/wp\/v2\/comments?post=1400"}],"version-history":[{"count":9,"href":"https:\/\/paliskunnat.fi\/reindeer-herders-association\/wp-json\/wp\/v2\/pages\/1400\/revisions"}],"predecessor-version":[{"id":6474,"href":"https:\/\/paliskunnat.fi\/reindeer-herders-association\/wp-json\/wp\/v2\/pages\/1400\/revisions\/6474"}],"up":[{"embeddable":true,"href":"https:\/\/paliskunnat.fi\/reindeer-herders-association\/wp-json\/wp\/v2\/pages\/420"}],"wp:attachment":[{"href":"https:\/\/paliskunnat.fi\/reindeer-herders-association\/wp-json\/wp\/v2\/media?parent=1400"}],"curies":[{"name":"wp","href":"https:\/\/api.w.org\/{rel}","templated":true}]}}