{"id":1418,"date":"2014-11-23T11:49:10","date_gmt":"2014-11-23T09:49:10","guid":{"rendered":"http:\/\/80.69.171.23\/py\/?page_id=1418"},"modified":"2023-06-06T14:36:57","modified_gmt":"2023-06-06T11:36:57","slug":"alakyla","status":"publish","type":"page","link":"https:\/\/paliskunnat.fi\/reindeer-herders-association\/cooperatives\/cooperatives-info\/alakyla\/","title":{"rendered":"16 Alakyl\u00e4"},"content":{"rendered":"<h2>Alakyl\u00e4<\/h2>\n<p>Chief of District: Kantola Antti<br \/>\nMobile: +358 40 562 5214<br \/>\nEmail: &#x61;&#110;t&#x74;&#105;&#46;&#x6b;&#97;n&#x74;&#111;l&#x61;&#64;k&#x61;&#105;r&#x61;&#110;p&#x61;&#108;v&#x65;&#108;u&#x74;&#46;f&#x69;<\/p>\n<p><a href=\"https:\/\/paliskunnat.fi\/reindeer-herders-association\/wp-content\/uploads\/2014\/11\/16_alakyla.png\" rel=\"lightbox[1418]\"><img loading=\"lazy\" decoding=\"async\" class=\"alignnone wp-image-1424\" src=\"https:\/\/paliskunnat.fi\/reindeer-herders-association\/wp-content\/uploads\/2014\/11\/16_alakyla.png\" alt=\"16 Alakyl\u00e4\" width=\"300\" height=\"387\" srcset=\"https:\/\/paliskunnat.fi\/reindeer-herders-association\/wp-content\/uploads\/2014\/11\/16_alakyla.png 776w, https:\/\/paliskunnat.fi\/reindeer-herders-association\/wp-content\/uploads\/2014\/11\/16_alakyla-233x300.png 233w\" sizes=\"auto, (max-width: 300px) 100vw, 300px\" \/><\/a><\/p>\n<table width=\"450\">\n<tbody>\n<tr>\n<td>Hometown:<\/td>\n<td>Kittil\u00e4<\/td>\n<\/tr>\n<tr>\n<td>Total area:<\/td>\n<td>2 950.5 km<sup>2<\/sup><\/td>\n<\/tr>\n<tr>\n<td>Maximum number of reindeer:<\/td>\n<td>5 300<\/td>\n<\/tr>\n<tr>\n<td>Reindeer herders:<\/td>\n<td>95<\/td>\n<\/tr>\n<\/tbody>\n<\/table>\n<p>Alakyl\u00e4 reindeer herding cooperative is part of the Kittil\u00e4 reindeer marking district. The cooperative is located to the southern part of the Kittil\u00e4 municipality. It borders in west with Muonio and Kolari, in south with J\u00e4\u00e4sk\u00f6 and Poikaj\u00e4rvi, in east with Syv\u00e4j\u00e4rvi and in north with Kuivasalmi and Kyr\u00f6 herding cooperatives.<\/p>\n<p>53.7 % of the cooperative\u2019s total area is state land and 46.3 % is owned by other landowners. There are multiple areas in the cooperative that are part of different kinds of nature reserves, mainly mire reserves. The total area of these reserves is significant. Levi tourism centre is located to the northern border of the cooperative.<\/p>\n<p>The cooperative has 17 different round up fences located to different parts of the cooperative area.<\/p>\n<p>Population is plentiful in the area and focuses to the villages by River Ounasjoki; Lohiniva, Kaukonen, Helppi, Alakyl\u00e4, Kittil\u00e4 and Sirkka.<\/p>\n<p>&nbsp;<\/p>\n<p>&nbsp;<\/p>\n","protected":false},"excerpt":{"rendered":"<p>Alakyl\u00e4 Chief of District: Kantola Antti Mobile: +358 40 562 5214 Email: antt&#105;&#46;&#107;&#97;&#110;&#116;&#111;&#x6c;&#x61;&#x40;&#x6b;&#x61;&#x69;&#x72;&#x61;&#x6e;palv&#101;&#108;&#117;&#116;&#46;&#102;&#105; Hometown: Kittil\u00e4 Total area: 2 950.5 km2 Maximum number of reindeer: 5 300 Reindeer herders: 95 Alakyl\u00e4 reindeer herding cooperative is part of the Kittil\u00e4 reindeer marking district. The cooperative is located to the southern part of the Kittil\u00e4 municipality. It borders [&hellip;]<\/p>\n","protected":false},"author":1,"featured_media":0,"parent":420,"menu_order":16,"comment_status":"open","ping_status":"closed","template":"paliskuntasivut.php","meta":{"footnotes":""},"class_list":["post-1418","page","type-page","status-publish","hentry"],"yoast_head":"<!-- This site is optimized with the Yoast SEO plugin v27.1.1 - https:\/\/yoast.com\/product\/yoast-seo-wordpress\/ -->\n<title>16 Alakyl\u00e4 - Reindeer Herders&#039; Association<\/title>\n<meta name=\"robots\" content=\"index, follow, max-snippet:-1, max-image-preview:large, max-video-preview:-1\" \/>\n<link rel=\"canonical\" href=\"https:\/\/paliskunnat.fi\/reindeer-herders-association\/cooperatives\/cooperatives-info\/alakyla\/\" \/>\n<meta property=\"og:locale\" content=\"en_US\" \/>\n<meta property=\"og:type\" content=\"article\" \/>\n<meta property=\"og:title\" content=\"16 Alakyl\u00e4 - Reindeer Herders&#039; Association\" \/>\n<meta property=\"og:description\" content=\"Alakyl\u00e4 Chief of District: Kantola Antti Mobile: +358 40 562 5214 Email: a&#110;&#x74;&#x74;&#x69;&#046;&#107;&#097;&#x6e;&#x74;o&#108;&#097;&#x40;&#x6b;ai&#114;&#x61;&#x6e;&#x70;a&#108;&#x76;&#x65;&#x6c;u&#116;&#046;&#x66;&#x69; Hometown: Kittil\u00e4 Total area: 2 950.5 km2 Maximum number of reindeer: 5 300 Reindeer herders: 95 Alakyl\u00e4 reindeer herding cooperative is part of the Kittil\u00e4 reindeer marking district. The cooperative is located to the southern part of the Kittil\u00e4 municipality. It borders [&hellip;]\" \/>\n<meta property=\"og:url\" content=\"https:\/\/paliskunnat.fi\/reindeer-herders-association\/cooperatives\/cooperatives-info\/alakyla\/\" \/>\n<meta property=\"og:site_name\" content=\"Reindeer Herders&#039; Association\" \/>\n<meta property=\"article:modified_time\" content=\"2023-06-06T11:36:57+00:00\" \/>\n<meta property=\"og:image\" content=\"https:\/\/paliskunnat.fi\/reindeer-herders-association\/wp-content\/uploads\/2014\/11\/16_alakyla.png\" \/>\n<meta name=\"twitter:card\" content=\"summary_large_image\" \/>\n<meta name=\"twitter:label1\" content=\"Est. reading time\" \/>\n\t<meta name=\"twitter:data1\" content=\"1 minute\" \/>\n<script type=\"application\/ld+json\" class=\"yoast-schema-graph\">{\"@context\":\"https:\/\/schema.org\",\"@graph\":[{\"@type\":\"WebPage\",\"@id\":\"https:\/\/paliskunnat.fi\/reindeer-herders-association\/cooperatives\/cooperatives-info\/alakyla\/\",\"url\":\"https:\/\/paliskunnat.fi\/reindeer-herders-association\/cooperatives\/cooperatives-info\/alakyla\/\",\"name\":\"16 Alakyl\u00e4 - Reindeer Herders&#039; Association\",\"isPartOf\":{\"@id\":\"https:\/\/paliskunnat.fi\/reindeer-herders-association\/#website\"},\"primaryImageOfPage\":{\"@id\":\"https:\/\/paliskunnat.fi\/reindeer-herders-association\/cooperatives\/cooperatives-info\/alakyla\/#primaryimage\"},\"image\":{\"@id\":\"https:\/\/paliskunnat.fi\/reindeer-herders-association\/cooperatives\/cooperatives-info\/alakyla\/#primaryimage\"},\"thumbnailUrl\":\"https:\/\/paliskunnat.fi\/reindeer-herders-association\/wp-content\/uploads\/2014\/11\/16_alakyla.png\",\"datePublished\":\"2014-11-23T09:49:10+00:00\",\"dateModified\":\"2023-06-06T11:36:57+00:00\",\"breadcrumb\":{\"@id\":\"https:\/\/paliskunnat.fi\/reindeer-herders-association\/cooperatives\/cooperatives-info\/alakyla\/#breadcrumb\"},\"inLanguage\":\"en-US\",\"potentialAction\":[{\"@type\":\"ReadAction\",\"target\":[\"https:\/\/paliskunnat.fi\/reindeer-herders-association\/cooperatives\/cooperatives-info\/alakyla\/\"]}]},{\"@type\":\"ImageObject\",\"inLanguage\":\"en-US\",\"@id\":\"https:\/\/paliskunnat.fi\/reindeer-herders-association\/cooperatives\/cooperatives-info\/alakyla\/#primaryimage\",\"url\":\"https:\/\/paliskunnat.fi\/reindeer-herders-association\/wp-content\/uploads\/2014\/11\/16_alakyla.png\",\"contentUrl\":\"https:\/\/paliskunnat.fi\/reindeer-herders-association\/wp-content\/uploads\/2014\/11\/16_alakyla.png\"},{\"@type\":\"BreadcrumbList\",\"@id\":\"https:\/\/paliskunnat.fi\/reindeer-herders-association\/cooperatives\/cooperatives-info\/alakyla\/#breadcrumb\",\"itemListElement\":[{\"@type\":\"ListItem\",\"position\":1,\"name\":\"Home\",\"item\":\"https:\/\/paliskunnat.fi\/reindeer-herders-association\/\"},{\"@type\":\"ListItem\",\"position\":2,\"name\":\"Cooperatives\",\"item\":\"https:\/\/paliskunnat.fi\/reindeer-herders-association\/cooperatives\/\"},{\"@type\":\"ListItem\",\"position\":3,\"name\":\"Information of cooperatives\",\"item\":\"https:\/\/paliskunnat.fi\/reindeer-herders-association\/cooperatives\/cooperatives-info\/\"},{\"@type\":\"ListItem\",\"position\":4,\"name\":\"16 Alakyl\u00e4\"}]},{\"@type\":\"WebSite\",\"@id\":\"https:\/\/paliskunnat.fi\/reindeer-herders-association\/#website\",\"url\":\"https:\/\/paliskunnat.fi\/reindeer-herders-association\/\",\"name\":\"Reindeer Herders&#039; Association\",\"description\":\"Finnish Reindeer Herders&#039; Association\",\"potentialAction\":[{\"@type\":\"SearchAction\",\"target\":{\"@type\":\"EntryPoint\",\"urlTemplate\":\"https:\/\/paliskunnat.fi\/reindeer-herders-association\/?s={search_term_string}\"},\"query-input\":{\"@type\":\"PropertyValueSpecification\",\"valueRequired\":true,\"valueName\":\"search_term_string\"}}],\"inLanguage\":\"en-US\"}]}<\/script>\n<!-- \/ Yoast SEO plugin. -->","yoast_head_json":{"title":"16 Alakyl\u00e4 - Reindeer Herders&#039; Association","robots":{"index":"index","follow":"follow","max-snippet":"max-snippet:-1","max-image-preview":"max-image-preview:large","max-video-preview":"max-video-preview:-1"},"canonical":"https:\/\/paliskunnat.fi\/reindeer-herders-association\/cooperatives\/cooperatives-info\/alakyla\/","og_locale":"en_US","og_type":"article","og_title":"16 Alakyl\u00e4 - Reindeer Herders&#039; Association","og_description":"Alakyl\u00e4 Chief of District: Kantola Antti Mobile: +358 40 562 5214 Email: a&#110;&#x74;&#x74;&#x69;&#46;&#107;&#97;&#x6e;&#x74;o&#108;&#97;&#x40;&#x6b;ai&#114;&#x61;&#x6e;&#x70;a&#108;&#x76;&#x65;&#x6c;u&#116;&#46;&#x66;&#x69; Hometown: Kittil\u00e4 Total area: 2 950.5 km2 Maximum number of reindeer: 5 300 Reindeer herders: 95 Alakyl\u00e4 reindeer herding cooperative is part of the Kittil\u00e4 reindeer marking district. The cooperative is located to the southern part of the Kittil\u00e4 municipality. It borders [&hellip;]","og_url":"https:\/\/paliskunnat.fi\/reindeer-herders-association\/cooperatives\/cooperatives-info\/alakyla\/","og_site_name":"Reindeer Herders&#039; Association","article_modified_time":"2023-06-06T11:36:57+00:00","og_image":[{"url":"https:\/\/paliskunnat.fi\/reindeer-herders-association\/wp-content\/uploads\/2014\/11\/16_alakyla.png","type":"","width":"","height":""}],"twitter_card":"summary_large_image","twitter_misc":{"Est. reading time":"1 minute"},"schema":{"@context":"https:\/\/schema.org","@graph":[{"@type":"WebPage","@id":"https:\/\/paliskunnat.fi\/reindeer-herders-association\/cooperatives\/cooperatives-info\/alakyla\/","url":"https:\/\/paliskunnat.fi\/reindeer-herders-association\/cooperatives\/cooperatives-info\/alakyla\/","name":"16 Alakyl\u00e4 - Reindeer Herders&#039; Association","isPartOf":{"@id":"https:\/\/paliskunnat.fi\/reindeer-herders-association\/#website"},"primaryImageOfPage":{"@id":"https:\/\/paliskunnat.fi\/reindeer-herders-association\/cooperatives\/cooperatives-info\/alakyla\/#primaryimage"},"image":{"@id":"https:\/\/paliskunnat.fi\/reindeer-herders-association\/cooperatives\/cooperatives-info\/alakyla\/#primaryimage"},"thumbnailUrl":"https:\/\/paliskunnat.fi\/reindeer-herders-association\/wp-content\/uploads\/2014\/11\/16_alakyla.png","datePublished":"2014-11-23T09:49:10+00:00","dateModified":"2023-06-06T11:36:57+00:00","breadcrumb":{"@id":"https:\/\/paliskunnat.fi\/reindeer-herders-association\/cooperatives\/cooperatives-info\/alakyla\/#breadcrumb"},"inLanguage":"en-US","potentialAction":[{"@type":"ReadAction","target":["https:\/\/paliskunnat.fi\/reindeer-herders-association\/cooperatives\/cooperatives-info\/alakyla\/"]}]},{"@type":"ImageObject","inLanguage":"en-US","@id":"https:\/\/paliskunnat.fi\/reindeer-herders-association\/cooperatives\/cooperatives-info\/alakyla\/#primaryimage","url":"https:\/\/paliskunnat.fi\/reindeer-herders-association\/wp-content\/uploads\/2014\/11\/16_alakyla.png","contentUrl":"https:\/\/paliskunnat.fi\/reindeer-herders-association\/wp-content\/uploads\/2014\/11\/16_alakyla.png"},{"@type":"BreadcrumbList","@id":"https:\/\/paliskunnat.fi\/reindeer-herders-association\/cooperatives\/cooperatives-info\/alakyla\/#breadcrumb","itemListElement":[{"@type":"ListItem","position":1,"name":"Home","item":"https:\/\/paliskunnat.fi\/reindeer-herders-association\/"},{"@type":"ListItem","position":2,"name":"Cooperatives","item":"https:\/\/paliskunnat.fi\/reindeer-herders-association\/cooperatives\/"},{"@type":"ListItem","position":3,"name":"Information of cooperatives","item":"https:\/\/paliskunnat.fi\/reindeer-herders-association\/cooperatives\/cooperatives-info\/"},{"@type":"ListItem","position":4,"name":"16 Alakyl\u00e4"}]},{"@type":"WebSite","@id":"https:\/\/paliskunnat.fi\/reindeer-herders-association\/#website","url":"https:\/\/paliskunnat.fi\/reindeer-herders-association\/","name":"Reindeer Herders&#039; Association","description":"Finnish Reindeer Herders&#039; Association","potentialAction":[{"@type":"SearchAction","target":{"@type":"EntryPoint","urlTemplate":"https:\/\/paliskunnat.fi\/reindeer-herders-association\/?s={search_term_string}"},"query-input":{"@type":"PropertyValueSpecification","valueRequired":true,"valueName":"search_term_string"}}],"inLanguage":"en-US"}]}},"_links":{"self":[{"href":"https:\/\/paliskunnat.fi\/reindeer-herders-association\/wp-json\/wp\/v2\/pages\/1418","targetHints":{"allow":["GET"]}}],"collection":[{"href":"https:\/\/paliskunnat.fi\/reindeer-herders-association\/wp-json\/wp\/v2\/pages"}],"about":[{"href":"https:\/\/paliskunnat.fi\/reindeer-herders-association\/wp-json\/wp\/v2\/types\/page"}],"author":[{"embeddable":true,"href":"https:\/\/paliskunnat.fi\/reindeer-herders-association\/wp-json\/wp\/v2\/users\/1"}],"replies":[{"embeddable":true,"href":"https:\/\/paliskunnat.fi\/reindeer-herders-association\/wp-json\/wp\/v2\/comments?post=1418"}],"version-history":[{"count":9,"href":"https:\/\/paliskunnat.fi\/reindeer-herders-association\/wp-json\/wp\/v2\/pages\/1418\/revisions"}],"predecessor-version":[{"id":6183,"href":"https:\/\/paliskunnat.fi\/reindeer-herders-association\/wp-json\/wp\/v2\/pages\/1418\/revisions\/6183"}],"up":[{"embeddable":true,"href":"https:\/\/paliskunnat.fi\/reindeer-herders-association\/wp-json\/wp\/v2\/pages\/420"}],"wp:attachment":[{"href":"https:\/\/paliskunnat.fi\/reindeer-herders-association\/wp-json\/wp\/v2\/media?parent=1418"}],"curies":[{"name":"wp","href":"https:\/\/api.w.org\/{rel}","templated":true}]}}