{"id":1420,"date":"2014-11-23T11:50:30","date_gmt":"2014-11-23T09:50:30","guid":{"rendered":"http:\/\/80.69.171.23\/py\/?page_id=1420"},"modified":"2023-06-06T14:39:19","modified_gmt":"2023-06-06T11:39:19","slug":"syvajarvi","status":"publish","type":"page","link":"https:\/\/paliskunnat.fi\/reindeer-herders-association\/cooperatives\/cooperatives-info\/syvajarvi\/","title":{"rendered":"19 Syv\u00e4j\u00e4rvi"},"content":{"rendered":"<h2>Syv\u00e4j\u00e4rvi<\/h2>\n<p>Chief of District: Hannula Jari<br \/>\nMobile: +358 40 742 0291<br \/>\nEmail: &#x6a;&#97;r&#x69;&#46;h&#x61;&#110;n&#x75;&#108;a&#x2e;&#115;y&#x76;&#97;p&#x6c;&#107;&#64;&#x67;&#109;a&#x69;&#108;&#46;&#x63;&#111;m<\/p>\n<p><a href=\"https:\/\/paliskunnat.fi\/reindeer-herders-association\/wp-content\/uploads\/2014\/11\/19_syvajarvi.png\" rel=\"lightbox[1420]\"><img loading=\"lazy\" decoding=\"async\" class=\"alignnone wp-image-1427\" src=\"https:\/\/paliskunnat.fi\/reindeer-herders-association\/wp-content\/uploads\/2014\/11\/19_syvajarvi.png\" alt=\"19 Syv\u00e4j\u00e4rvi\" width=\"300\" height=\"387\" srcset=\"https:\/\/paliskunnat.fi\/reindeer-herders-association\/wp-content\/uploads\/2014\/11\/19_syvajarvi.png 776w, https:\/\/paliskunnat.fi\/reindeer-herders-association\/wp-content\/uploads\/2014\/11\/19_syvajarvi-233x300.png 233w\" sizes=\"auto, (max-width: 300px) 100vw, 300px\" \/><\/a><\/p>\n<table width=\"450\">\n<tbody>\n<tr>\n<td>Hometown:<\/td>\n<td>Sodankyl\u00e4<\/td>\n<\/tr>\n<tr>\n<td>Total area:<\/td>\n<td>2 363.4 km<sup>2<\/sup><\/td>\n<\/tr>\n<tr>\n<td>Maximum number of reindeer:<\/td>\n<td>5 500<\/td>\n<\/tr>\n<tr>\n<td>Reindeer herders:<\/td>\n<td>106<\/td>\n<\/tr>\n<\/tbody>\n<\/table>\n<p>Syv\u00e4j\u00e4rvi reindeer herding cooperative is part of the Sodankyl\u00e4 reindeer marking district. The cooperative is located to the southern part of the Sodankyl\u00e4 municipality with a small part reaching Rovaniemi. The cooperative borders in north with Sattasniemi, in east with Oraniemi and Pyh\u00e4-Kallio, in south with Poikaj\u00e4rvi and in west with Alakyl\u00e4 cooperatives.<\/p>\n<p>51.3 % of the cooperative\u2019s total area is state land and 48.7 % is owned by other landowners. Kyl\u00e4j\u00e4rvi shooting range is located to the Piitti\u00f6kaira. It is state owned and the defence forces use it. There is a peat production site in the area and a wind farm is being build to Joukhaisselk\u00e4.<\/p>\n<p>The cooperative has altogether around 24 fences.<\/p>\n<p>The most significant population centre is Sodankyl\u00e4.<\/p>\n<p>&nbsp;<\/p>\n<p>&nbsp;<\/p>\n","protected":false},"excerpt":{"rendered":"<p>Syv\u00e4j\u00e4rvi Chief of District: Hannula Jari Mobile: +358 40 742 0291 Email: &#x6a;&#x61;&#x72;&#x69;&#x2e;&#x68;&#x61;&#x6e;&#x6e;&#x75;&#x6c;&#97;&#46;&#115;&#121;&#118;&#97;&#112;lk&#64;gma&#x69;&#x6c;&#x2e;&#x63;&#x6f;&#x6d; Hometown: Sodankyl\u00e4 Total area: 2 363.4 km2 Maximum number of reindeer: 5 500 Reindeer herders: 106 Syv\u00e4j\u00e4rvi reindeer herding cooperative is part of the Sodankyl\u00e4 reindeer marking district. The cooperative is located to the southern part of the Sodankyl\u00e4 municipality with a [&hellip;]<\/p>\n","protected":false},"author":1,"featured_media":0,"parent":420,"menu_order":19,"comment_status":"open","ping_status":"closed","template":"paliskuntasivut.php","meta":{"footnotes":""},"class_list":["post-1420","page","type-page","status-publish","hentry"],"yoast_head":"<!-- This site is optimized with the Yoast SEO plugin v27.1.1 - https:\/\/yoast.com\/product\/yoast-seo-wordpress\/ -->\n<title>19 Syv\u00e4j\u00e4rvi - Reindeer Herders&#039; Association<\/title>\n<meta name=\"robots\" content=\"index, follow, max-snippet:-1, max-image-preview:large, max-video-preview:-1\" \/>\n<link rel=\"canonical\" href=\"https:\/\/paliskunnat.fi\/reindeer-herders-association\/cooperatives\/cooperatives-info\/syvajarvi\/\" \/>\n<meta property=\"og:locale\" content=\"en_US\" \/>\n<meta property=\"og:type\" content=\"article\" \/>\n<meta property=\"og:title\" content=\"19 Syv\u00e4j\u00e4rvi - Reindeer Herders&#039; Association\" \/>\n<meta property=\"og:description\" content=\"Syv\u00e4j\u00e4rvi Chief of District: Hannula Jari Mobile: +358 40 742 0291 Email: &#x6a;&#097;r&#x69;&#x2e;&#104;a&#x6e;&#x6e;&#117;l&#x61;&#x2e;&#115;y&#x76;&#x61;&#112;l&#x6b;&#064;&#103;m&#x61;&#105;l&#x2e;&#x63;&#111;m Hometown: Sodankyl\u00e4 Total area: 2 363.4 km2 Maximum number of reindeer: 5 500 Reindeer herders: 106 Syv\u00e4j\u00e4rvi reindeer herding cooperative is part of the Sodankyl\u00e4 reindeer marking district. The cooperative is located to the southern part of the Sodankyl\u00e4 municipality with a [&hellip;]\" \/>\n<meta property=\"og:url\" content=\"https:\/\/paliskunnat.fi\/reindeer-herders-association\/cooperatives\/cooperatives-info\/syvajarvi\/\" \/>\n<meta property=\"og:site_name\" content=\"Reindeer Herders&#039; Association\" \/>\n<meta property=\"article:modified_time\" content=\"2023-06-06T11:39:19+00:00\" \/>\n<meta property=\"og:image\" content=\"https:\/\/paliskunnat.fi\/reindeer-herders-association\/wp-content\/uploads\/2014\/11\/19_syvajarvi.png\" \/>\n<meta name=\"twitter:card\" content=\"summary_large_image\" \/>\n<meta name=\"twitter:label1\" content=\"Est. reading time\" \/>\n\t<meta name=\"twitter:data1\" content=\"1 minute\" \/>\n<script type=\"application\/ld+json\" class=\"yoast-schema-graph\">{\"@context\":\"https:\/\/schema.org\",\"@graph\":[{\"@type\":\"WebPage\",\"@id\":\"https:\/\/paliskunnat.fi\/reindeer-herders-association\/cooperatives\/cooperatives-info\/syvajarvi\/\",\"url\":\"https:\/\/paliskunnat.fi\/reindeer-herders-association\/cooperatives\/cooperatives-info\/syvajarvi\/\",\"name\":\"19 Syv\u00e4j\u00e4rvi - Reindeer Herders&#039; Association\",\"isPartOf\":{\"@id\":\"https:\/\/paliskunnat.fi\/reindeer-herders-association\/#website\"},\"primaryImageOfPage\":{\"@id\":\"https:\/\/paliskunnat.fi\/reindeer-herders-association\/cooperatives\/cooperatives-info\/syvajarvi\/#primaryimage\"},\"image\":{\"@id\":\"https:\/\/paliskunnat.fi\/reindeer-herders-association\/cooperatives\/cooperatives-info\/syvajarvi\/#primaryimage\"},\"thumbnailUrl\":\"https:\/\/paliskunnat.fi\/reindeer-herders-association\/wp-content\/uploads\/2014\/11\/19_syvajarvi.png\",\"datePublished\":\"2014-11-23T09:50:30+00:00\",\"dateModified\":\"2023-06-06T11:39:19+00:00\",\"breadcrumb\":{\"@id\":\"https:\/\/paliskunnat.fi\/reindeer-herders-association\/cooperatives\/cooperatives-info\/syvajarvi\/#breadcrumb\"},\"inLanguage\":\"en-US\",\"potentialAction\":[{\"@type\":\"ReadAction\",\"target\":[\"https:\/\/paliskunnat.fi\/reindeer-herders-association\/cooperatives\/cooperatives-info\/syvajarvi\/\"]}]},{\"@type\":\"ImageObject\",\"inLanguage\":\"en-US\",\"@id\":\"https:\/\/paliskunnat.fi\/reindeer-herders-association\/cooperatives\/cooperatives-info\/syvajarvi\/#primaryimage\",\"url\":\"https:\/\/paliskunnat.fi\/reindeer-herders-association\/wp-content\/uploads\/2014\/11\/19_syvajarvi.png\",\"contentUrl\":\"https:\/\/paliskunnat.fi\/reindeer-herders-association\/wp-content\/uploads\/2014\/11\/19_syvajarvi.png\"},{\"@type\":\"BreadcrumbList\",\"@id\":\"https:\/\/paliskunnat.fi\/reindeer-herders-association\/cooperatives\/cooperatives-info\/syvajarvi\/#breadcrumb\",\"itemListElement\":[{\"@type\":\"ListItem\",\"position\":1,\"name\":\"Home\",\"item\":\"https:\/\/paliskunnat.fi\/reindeer-herders-association\/\"},{\"@type\":\"ListItem\",\"position\":2,\"name\":\"Cooperatives\",\"item\":\"https:\/\/paliskunnat.fi\/reindeer-herders-association\/cooperatives\/\"},{\"@type\":\"ListItem\",\"position\":3,\"name\":\"Information of cooperatives\",\"item\":\"https:\/\/paliskunnat.fi\/reindeer-herders-association\/cooperatives\/cooperatives-info\/\"},{\"@type\":\"ListItem\",\"position\":4,\"name\":\"19 Syv\u00e4j\u00e4rvi\"}]},{\"@type\":\"WebSite\",\"@id\":\"https:\/\/paliskunnat.fi\/reindeer-herders-association\/#website\",\"url\":\"https:\/\/paliskunnat.fi\/reindeer-herders-association\/\",\"name\":\"Reindeer Herders&#039; Association\",\"description\":\"Finnish Reindeer Herders&#039; Association\",\"potentialAction\":[{\"@type\":\"SearchAction\",\"target\":{\"@type\":\"EntryPoint\",\"urlTemplate\":\"https:\/\/paliskunnat.fi\/reindeer-herders-association\/?s={search_term_string}\"},\"query-input\":{\"@type\":\"PropertyValueSpecification\",\"valueRequired\":true,\"valueName\":\"search_term_string\"}}],\"inLanguage\":\"en-US\"}]}<\/script>\n<!-- \/ Yoast SEO plugin. -->","yoast_head_json":{"title":"19 Syv\u00e4j\u00e4rvi - Reindeer Herders&#039; Association","robots":{"index":"index","follow":"follow","max-snippet":"max-snippet:-1","max-image-preview":"max-image-preview:large","max-video-preview":"max-video-preview:-1"},"canonical":"https:\/\/paliskunnat.fi\/reindeer-herders-association\/cooperatives\/cooperatives-info\/syvajarvi\/","og_locale":"en_US","og_type":"article","og_title":"19 Syv\u00e4j\u00e4rvi - Reindeer Herders&#039; Association","og_description":"Syv\u00e4j\u00e4rvi Chief of District: Hannula Jari Mobile: +358 40 742 0291 Email: &#x6a;&#97;r&#x69;&#x2e;&#104;a&#x6e;&#x6e;&#117;l&#x61;&#x2e;&#115;y&#x76;&#x61;&#112;l&#x6b;&#64;&#103;m&#x61;&#105;l&#x2e;&#x63;&#111;m Hometown: Sodankyl\u00e4 Total area: 2 363.4 km2 Maximum number of reindeer: 5 500 Reindeer herders: 106 Syv\u00e4j\u00e4rvi reindeer herding cooperative is part of the Sodankyl\u00e4 reindeer marking district. The cooperative is located to the southern part of the Sodankyl\u00e4 municipality with a [&hellip;]","og_url":"https:\/\/paliskunnat.fi\/reindeer-herders-association\/cooperatives\/cooperatives-info\/syvajarvi\/","og_site_name":"Reindeer Herders&#039; Association","article_modified_time":"2023-06-06T11:39:19+00:00","og_image":[{"url":"https:\/\/paliskunnat.fi\/reindeer-herders-association\/wp-content\/uploads\/2014\/11\/19_syvajarvi.png","type":"","width":"","height":""}],"twitter_card":"summary_large_image","twitter_misc":{"Est. reading time":"1 minute"},"schema":{"@context":"https:\/\/schema.org","@graph":[{"@type":"WebPage","@id":"https:\/\/paliskunnat.fi\/reindeer-herders-association\/cooperatives\/cooperatives-info\/syvajarvi\/","url":"https:\/\/paliskunnat.fi\/reindeer-herders-association\/cooperatives\/cooperatives-info\/syvajarvi\/","name":"19 Syv\u00e4j\u00e4rvi - Reindeer Herders&#039; Association","isPartOf":{"@id":"https:\/\/paliskunnat.fi\/reindeer-herders-association\/#website"},"primaryImageOfPage":{"@id":"https:\/\/paliskunnat.fi\/reindeer-herders-association\/cooperatives\/cooperatives-info\/syvajarvi\/#primaryimage"},"image":{"@id":"https:\/\/paliskunnat.fi\/reindeer-herders-association\/cooperatives\/cooperatives-info\/syvajarvi\/#primaryimage"},"thumbnailUrl":"https:\/\/paliskunnat.fi\/reindeer-herders-association\/wp-content\/uploads\/2014\/11\/19_syvajarvi.png","datePublished":"2014-11-23T09:50:30+00:00","dateModified":"2023-06-06T11:39:19+00:00","breadcrumb":{"@id":"https:\/\/paliskunnat.fi\/reindeer-herders-association\/cooperatives\/cooperatives-info\/syvajarvi\/#breadcrumb"},"inLanguage":"en-US","potentialAction":[{"@type":"ReadAction","target":["https:\/\/paliskunnat.fi\/reindeer-herders-association\/cooperatives\/cooperatives-info\/syvajarvi\/"]}]},{"@type":"ImageObject","inLanguage":"en-US","@id":"https:\/\/paliskunnat.fi\/reindeer-herders-association\/cooperatives\/cooperatives-info\/syvajarvi\/#primaryimage","url":"https:\/\/paliskunnat.fi\/reindeer-herders-association\/wp-content\/uploads\/2014\/11\/19_syvajarvi.png","contentUrl":"https:\/\/paliskunnat.fi\/reindeer-herders-association\/wp-content\/uploads\/2014\/11\/19_syvajarvi.png"},{"@type":"BreadcrumbList","@id":"https:\/\/paliskunnat.fi\/reindeer-herders-association\/cooperatives\/cooperatives-info\/syvajarvi\/#breadcrumb","itemListElement":[{"@type":"ListItem","position":1,"name":"Home","item":"https:\/\/paliskunnat.fi\/reindeer-herders-association\/"},{"@type":"ListItem","position":2,"name":"Cooperatives","item":"https:\/\/paliskunnat.fi\/reindeer-herders-association\/cooperatives\/"},{"@type":"ListItem","position":3,"name":"Information of cooperatives","item":"https:\/\/paliskunnat.fi\/reindeer-herders-association\/cooperatives\/cooperatives-info\/"},{"@type":"ListItem","position":4,"name":"19 Syv\u00e4j\u00e4rvi"}]},{"@type":"WebSite","@id":"https:\/\/paliskunnat.fi\/reindeer-herders-association\/#website","url":"https:\/\/paliskunnat.fi\/reindeer-herders-association\/","name":"Reindeer Herders&#039; Association","description":"Finnish Reindeer Herders&#039; Association","potentialAction":[{"@type":"SearchAction","target":{"@type":"EntryPoint","urlTemplate":"https:\/\/paliskunnat.fi\/reindeer-herders-association\/?s={search_term_string}"},"query-input":{"@type":"PropertyValueSpecification","valueRequired":true,"valueName":"search_term_string"}}],"inLanguage":"en-US"}]}},"_links":{"self":[{"href":"https:\/\/paliskunnat.fi\/reindeer-herders-association\/wp-json\/wp\/v2\/pages\/1420","targetHints":{"allow":["GET"]}}],"collection":[{"href":"https:\/\/paliskunnat.fi\/reindeer-herders-association\/wp-json\/wp\/v2\/pages"}],"about":[{"href":"https:\/\/paliskunnat.fi\/reindeer-herders-association\/wp-json\/wp\/v2\/types\/page"}],"author":[{"embeddable":true,"href":"https:\/\/paliskunnat.fi\/reindeer-herders-association\/wp-json\/wp\/v2\/users\/1"}],"replies":[{"embeddable":true,"href":"https:\/\/paliskunnat.fi\/reindeer-herders-association\/wp-json\/wp\/v2\/comments?post=1420"}],"version-history":[{"count":9,"href":"https:\/\/paliskunnat.fi\/reindeer-herders-association\/wp-json\/wp\/v2\/pages\/1420\/revisions"}],"predecessor-version":[{"id":6187,"href":"https:\/\/paliskunnat.fi\/reindeer-herders-association\/wp-json\/wp\/v2\/pages\/1420\/revisions\/6187"}],"up":[{"embeddable":true,"href":"https:\/\/paliskunnat.fi\/reindeer-herders-association\/wp-json\/wp\/v2\/pages\/420"}],"wp:attachment":[{"href":"https:\/\/paliskunnat.fi\/reindeer-herders-association\/wp-json\/wp\/v2\/media?parent=1420"}],"curies":[{"name":"wp","href":"https:\/\/api.w.org\/{rel}","templated":true}]}}