{"id":1422,"date":"2014-11-23T11:52:15","date_gmt":"2014-11-23T09:52:15","guid":{"rendered":"http:\/\/80.69.171.23\/py\/?page_id=1422"},"modified":"2023-06-06T14:38:22","modified_gmt":"2023-06-06T11:38:22","slug":"oraniemi","status":"publish","type":"page","link":"https:\/\/paliskunnat.fi\/reindeer-herders-association\/cooperatives\/cooperatives-info\/oraniemi\/","title":{"rendered":"18 Oraniemi"},"content":{"rendered":"<h2>Oraniemi<\/h2>\n<p>Chief of District: Siivola Martti<br \/>\nMobile: +358 40 018 2580<br \/>\nEmail: &#x6d;a&#x72;&#116;&#x74;&#105;&#x2e;&#x73;i&#x69;&#118;&#x6f;&#108;&#x61;&#64;l&#x75;&#117;&#x6b;&#107;&#x75;&#46;c&#x6f;&#109;<\/p>\n<p><a href=\"https:\/\/paliskunnat.fi\/reindeer-herders-association\/wp-content\/uploads\/2014\/11\/18_oraniemi.png\" rel=\"lightbox[1422]\"><img loading=\"lazy\" decoding=\"async\" class=\"alignnone wp-image-1429\" src=\"https:\/\/paliskunnat.fi\/reindeer-herders-association\/wp-content\/uploads\/2014\/11\/18_oraniemi.png\" alt=\"18 Oraniemi\" width=\"300\" height=\"387\" srcset=\"https:\/\/paliskunnat.fi\/reindeer-herders-association\/wp-content\/uploads\/2014\/11\/18_oraniemi.png 776w, https:\/\/paliskunnat.fi\/reindeer-herders-association\/wp-content\/uploads\/2014\/11\/18_oraniemi-233x300.png 233w\" sizes=\"auto, (max-width: 300px) 100vw, 300px\" \/><\/a><\/p>\n<table width=\"450\">\n<tbody>\n<tr>\n<td>Hometown:<\/td>\n<td>Sodankyl\u00e4<\/td>\n<\/tr>\n<tr>\n<td>Total area:<\/td>\n<td>3 892.7 km<sup>2<\/sup><\/td>\n<\/tr>\n<tr>\n<td>Maximum number of reindeer:<\/td>\n<td>6 000<\/td>\n<\/tr>\n<tr>\n<td>Reindeer herders:<\/td>\n<td>123<\/td>\n<\/tr>\n<\/tbody>\n<\/table>\n<p>Oraniemi reindeer herding cooperative is part of the Sodankyl\u00e4 reindeer marking district. The cooperative is located to the Sodankyl\u00e4 (60 %), Pelkosenniemi (15 %) and Savukoski (25 %) municipalities. The cooperative borders in north with Lappi, in east with Kemin-Sompio, in southeast in Salla, in south with Hirvasniemi and Pyh\u00e4-Kallio, in southwest with Syv\u00e4j\u00e4rvi and in west with Sattasniemi cooperative.<\/p>\n<p>69.4 % of the cooperative\u2019s total area is state land and 30.6 % is owned by other landowners. The Natura areas are very important pasture areas for the cooperative. Kevitsa mine that has been operating in the area since 2012. There is also active ore exploration in the area and the most significant is the Sakatti mine project. The ore exploration areas reach partly the Natura areas. In addition there is a peat production site in Paarnitsa-aava and nearly finished wind farm project in Keluvaara.<\/p>\n<p>The biggest and most significant round up fence is in Kyl\u00e4selk\u00e4. Other round up fences include Routusvaara, Nallukka, Matero, Niemiselk\u00e4, Kommatti and Tulinenj\u00e4rvi.<\/p>\n<p>The most significant residential area is the centre of Sodankyl\u00e4, and the eastern part of it belongs to Oraniemi herding cooperative. Most of the reindeer herders live in the smaller villages around the cooperative area.<\/p>\n<p>&nbsp;<\/p>\n<p>&nbsp;<\/p>\n<p><!--more--><\/p>\n<h2>Reindeer round up in 1982<\/h2>\n<p>Reindeer round up filmed in Kommattivaara in 1982.<br \/>\n(<a href=\"https:\/\/www.youtube.com\/watch?v=Hu5JQ0M1JhA\">Youtube<\/a>). Filming: Pentti Vuoj\u00e4rvi \u2013 published 3\/2013<\/p>\n<p>&nbsp;<\/p>\n","protected":false},"excerpt":{"rendered":"<p>Oraniemi Chief of District: Siivola Martti Mobile: +358 40 018 2580 Email: &#109;&#x61;r&#x74;&#x74;&#105;&#x2e;s&#105;&#x69;&#118;&#x6f;l&#97;&#x40;l&#x75;u&#107;&#x6b;u&#x2e;&#x63;&#111;&#x6d; Hometown: Sodankyl\u00e4 Total area: 3 892.7 km2 Maximum number of reindeer: 6 000 Reindeer herders: 123 Oraniemi reindeer herding cooperative is part of the Sodankyl\u00e4 reindeer marking district. The cooperative is located to the Sodankyl\u00e4 (60 %), Pelkosenniemi (15 %) and Savukoski [&hellip;]<\/p>\n","protected":false},"author":1,"featured_media":0,"parent":420,"menu_order":18,"comment_status":"open","ping_status":"closed","template":"paliskuntasivut.php","meta":{"footnotes":""},"class_list":["post-1422","page","type-page","status-publish","hentry"],"yoast_head":"<!-- This site is optimized with the Yoast SEO plugin v27.1.1 - https:\/\/yoast.com\/product\/yoast-seo-wordpress\/ -->\n<title>18 Oraniemi - Reindeer Herders&#039; Association<\/title>\n<meta name=\"robots\" content=\"index, follow, max-snippet:-1, max-image-preview:large, max-video-preview:-1\" \/>\n<link rel=\"canonical\" href=\"https:\/\/paliskunnat.fi\/reindeer-herders-association\/cooperatives\/cooperatives-info\/oraniemi\/\" \/>\n<meta property=\"og:locale\" content=\"en_US\" \/>\n<meta property=\"og:type\" content=\"article\" \/>\n<meta property=\"og:title\" content=\"18 Oraniemi - Reindeer Herders&#039; Association\" \/>\n<meta property=\"og:description\" content=\"Oraniemi Chief of District: Siivola Martti Mobile: +358 40 018 2580 Email: &#x6d;&#x61;&#114;&#116;t&#x69;&#x2e;&#x73;&#105;iv&#x6f;&#x6c;&#097;&#064;l&#x75;&#x75;&#x6b;&#107;u&#046;&#x63;&#x6f;&#109; Hometown: Sodankyl\u00e4 Total area: 3 892.7 km2 Maximum number of reindeer: 6 000 Reindeer herders: 123 Oraniemi reindeer herding cooperative is part of the Sodankyl\u00e4 reindeer marking district. The cooperative is located to the Sodankyl\u00e4 (60 %), Pelkosenniemi (15 %) and Savukoski [&hellip;]\" \/>\n<meta property=\"og:url\" content=\"https:\/\/paliskunnat.fi\/reindeer-herders-association\/cooperatives\/cooperatives-info\/oraniemi\/\" \/>\n<meta property=\"og:site_name\" content=\"Reindeer Herders&#039; Association\" \/>\n<meta property=\"article:modified_time\" content=\"2023-06-06T11:38:22+00:00\" \/>\n<meta property=\"og:image\" content=\"https:\/\/paliskunnat.fi\/reindeer-herders-association\/wp-content\/uploads\/2014\/11\/18_oraniemi.png\" \/>\n<meta name=\"twitter:card\" content=\"summary_large_image\" \/>\n<meta name=\"twitter:label1\" content=\"Est. reading time\" \/>\n\t<meta name=\"twitter:data1\" content=\"2 minutes\" \/>\n<script type=\"application\/ld+json\" class=\"yoast-schema-graph\">{\"@context\":\"https:\/\/schema.org\",\"@graph\":[{\"@type\":\"WebPage\",\"@id\":\"https:\/\/paliskunnat.fi\/reindeer-herders-association\/cooperatives\/cooperatives-info\/oraniemi\/\",\"url\":\"https:\/\/paliskunnat.fi\/reindeer-herders-association\/cooperatives\/cooperatives-info\/oraniemi\/\",\"name\":\"18 Oraniemi - Reindeer Herders&#039; Association\",\"isPartOf\":{\"@id\":\"https:\/\/paliskunnat.fi\/reindeer-herders-association\/#website\"},\"primaryImageOfPage\":{\"@id\":\"https:\/\/paliskunnat.fi\/reindeer-herders-association\/cooperatives\/cooperatives-info\/oraniemi\/#primaryimage\"},\"image\":{\"@id\":\"https:\/\/paliskunnat.fi\/reindeer-herders-association\/cooperatives\/cooperatives-info\/oraniemi\/#primaryimage\"},\"thumbnailUrl\":\"https:\/\/paliskunnat.fi\/reindeer-herders-association\/wp-content\/uploads\/2014\/11\/18_oraniemi.png\",\"datePublished\":\"2014-11-23T09:52:15+00:00\",\"dateModified\":\"2023-06-06T11:38:22+00:00\",\"breadcrumb\":{\"@id\":\"https:\/\/paliskunnat.fi\/reindeer-herders-association\/cooperatives\/cooperatives-info\/oraniemi\/#breadcrumb\"},\"inLanguage\":\"en-US\",\"potentialAction\":[{\"@type\":\"ReadAction\",\"target\":[\"https:\/\/paliskunnat.fi\/reindeer-herders-association\/cooperatives\/cooperatives-info\/oraniemi\/\"]}]},{\"@type\":\"ImageObject\",\"inLanguage\":\"en-US\",\"@id\":\"https:\/\/paliskunnat.fi\/reindeer-herders-association\/cooperatives\/cooperatives-info\/oraniemi\/#primaryimage\",\"url\":\"https:\/\/paliskunnat.fi\/reindeer-herders-association\/wp-content\/uploads\/2014\/11\/18_oraniemi.png\",\"contentUrl\":\"https:\/\/paliskunnat.fi\/reindeer-herders-association\/wp-content\/uploads\/2014\/11\/18_oraniemi.png\"},{\"@type\":\"BreadcrumbList\",\"@id\":\"https:\/\/paliskunnat.fi\/reindeer-herders-association\/cooperatives\/cooperatives-info\/oraniemi\/#breadcrumb\",\"itemListElement\":[{\"@type\":\"ListItem\",\"position\":1,\"name\":\"Home\",\"item\":\"https:\/\/paliskunnat.fi\/reindeer-herders-association\/\"},{\"@type\":\"ListItem\",\"position\":2,\"name\":\"Cooperatives\",\"item\":\"https:\/\/paliskunnat.fi\/reindeer-herders-association\/cooperatives\/\"},{\"@type\":\"ListItem\",\"position\":3,\"name\":\"Information of cooperatives\",\"item\":\"https:\/\/paliskunnat.fi\/reindeer-herders-association\/cooperatives\/cooperatives-info\/\"},{\"@type\":\"ListItem\",\"position\":4,\"name\":\"18 Oraniemi\"}]},{\"@type\":\"WebSite\",\"@id\":\"https:\/\/paliskunnat.fi\/reindeer-herders-association\/#website\",\"url\":\"https:\/\/paliskunnat.fi\/reindeer-herders-association\/\",\"name\":\"Reindeer Herders&#039; Association\",\"description\":\"Finnish Reindeer Herders&#039; Association\",\"potentialAction\":[{\"@type\":\"SearchAction\",\"target\":{\"@type\":\"EntryPoint\",\"urlTemplate\":\"https:\/\/paliskunnat.fi\/reindeer-herders-association\/?s={search_term_string}\"},\"query-input\":{\"@type\":\"PropertyValueSpecification\",\"valueRequired\":true,\"valueName\":\"search_term_string\"}}],\"inLanguage\":\"en-US\"}]}<\/script>\n<!-- \/ Yoast SEO plugin. -->","yoast_head_json":{"title":"18 Oraniemi - Reindeer Herders&#039; Association","robots":{"index":"index","follow":"follow","max-snippet":"max-snippet:-1","max-image-preview":"max-image-preview:large","max-video-preview":"max-video-preview:-1"},"canonical":"https:\/\/paliskunnat.fi\/reindeer-herders-association\/cooperatives\/cooperatives-info\/oraniemi\/","og_locale":"en_US","og_type":"article","og_title":"18 Oraniemi - Reindeer Herders&#039; Association","og_description":"Oraniemi Chief of District: Siivola Martti Mobile: +358 40 018 2580 Email: &#x6d;&#x61;&#114;&#116;t&#x69;&#x2e;&#x73;&#105;iv&#x6f;&#x6c;&#97;&#64;l&#x75;&#x75;&#x6b;&#107;u&#46;&#x63;&#x6f;&#109; Hometown: Sodankyl\u00e4 Total area: 3 892.7 km2 Maximum number of reindeer: 6 000 Reindeer herders: 123 Oraniemi reindeer herding cooperative is part of the Sodankyl\u00e4 reindeer marking district. The cooperative is located to the Sodankyl\u00e4 (60 %), Pelkosenniemi (15 %) and Savukoski [&hellip;]","og_url":"https:\/\/paliskunnat.fi\/reindeer-herders-association\/cooperatives\/cooperatives-info\/oraniemi\/","og_site_name":"Reindeer Herders&#039; Association","article_modified_time":"2023-06-06T11:38:22+00:00","og_image":[{"url":"https:\/\/paliskunnat.fi\/reindeer-herders-association\/wp-content\/uploads\/2014\/11\/18_oraniemi.png","type":"","width":"","height":""}],"twitter_card":"summary_large_image","twitter_misc":{"Est. reading time":"2 minutes"},"schema":{"@context":"https:\/\/schema.org","@graph":[{"@type":"WebPage","@id":"https:\/\/paliskunnat.fi\/reindeer-herders-association\/cooperatives\/cooperatives-info\/oraniemi\/","url":"https:\/\/paliskunnat.fi\/reindeer-herders-association\/cooperatives\/cooperatives-info\/oraniemi\/","name":"18 Oraniemi - Reindeer Herders&#039; Association","isPartOf":{"@id":"https:\/\/paliskunnat.fi\/reindeer-herders-association\/#website"},"primaryImageOfPage":{"@id":"https:\/\/paliskunnat.fi\/reindeer-herders-association\/cooperatives\/cooperatives-info\/oraniemi\/#primaryimage"},"image":{"@id":"https:\/\/paliskunnat.fi\/reindeer-herders-association\/cooperatives\/cooperatives-info\/oraniemi\/#primaryimage"},"thumbnailUrl":"https:\/\/paliskunnat.fi\/reindeer-herders-association\/wp-content\/uploads\/2014\/11\/18_oraniemi.png","datePublished":"2014-11-23T09:52:15+00:00","dateModified":"2023-06-06T11:38:22+00:00","breadcrumb":{"@id":"https:\/\/paliskunnat.fi\/reindeer-herders-association\/cooperatives\/cooperatives-info\/oraniemi\/#breadcrumb"},"inLanguage":"en-US","potentialAction":[{"@type":"ReadAction","target":["https:\/\/paliskunnat.fi\/reindeer-herders-association\/cooperatives\/cooperatives-info\/oraniemi\/"]}]},{"@type":"ImageObject","inLanguage":"en-US","@id":"https:\/\/paliskunnat.fi\/reindeer-herders-association\/cooperatives\/cooperatives-info\/oraniemi\/#primaryimage","url":"https:\/\/paliskunnat.fi\/reindeer-herders-association\/wp-content\/uploads\/2014\/11\/18_oraniemi.png","contentUrl":"https:\/\/paliskunnat.fi\/reindeer-herders-association\/wp-content\/uploads\/2014\/11\/18_oraniemi.png"},{"@type":"BreadcrumbList","@id":"https:\/\/paliskunnat.fi\/reindeer-herders-association\/cooperatives\/cooperatives-info\/oraniemi\/#breadcrumb","itemListElement":[{"@type":"ListItem","position":1,"name":"Home","item":"https:\/\/paliskunnat.fi\/reindeer-herders-association\/"},{"@type":"ListItem","position":2,"name":"Cooperatives","item":"https:\/\/paliskunnat.fi\/reindeer-herders-association\/cooperatives\/"},{"@type":"ListItem","position":3,"name":"Information of cooperatives","item":"https:\/\/paliskunnat.fi\/reindeer-herders-association\/cooperatives\/cooperatives-info\/"},{"@type":"ListItem","position":4,"name":"18 Oraniemi"}]},{"@type":"WebSite","@id":"https:\/\/paliskunnat.fi\/reindeer-herders-association\/#website","url":"https:\/\/paliskunnat.fi\/reindeer-herders-association\/","name":"Reindeer Herders&#039; Association","description":"Finnish Reindeer Herders&#039; Association","potentialAction":[{"@type":"SearchAction","target":{"@type":"EntryPoint","urlTemplate":"https:\/\/paliskunnat.fi\/reindeer-herders-association\/?s={search_term_string}"},"query-input":{"@type":"PropertyValueSpecification","valueRequired":true,"valueName":"search_term_string"}}],"inLanguage":"en-US"}]}},"_links":{"self":[{"href":"https:\/\/paliskunnat.fi\/reindeer-herders-association\/wp-json\/wp\/v2\/pages\/1422","targetHints":{"allow":["GET"]}}],"collection":[{"href":"https:\/\/paliskunnat.fi\/reindeer-herders-association\/wp-json\/wp\/v2\/pages"}],"about":[{"href":"https:\/\/paliskunnat.fi\/reindeer-herders-association\/wp-json\/wp\/v2\/types\/page"}],"author":[{"embeddable":true,"href":"https:\/\/paliskunnat.fi\/reindeer-herders-association\/wp-json\/wp\/v2\/users\/1"}],"replies":[{"embeddable":true,"href":"https:\/\/paliskunnat.fi\/reindeer-herders-association\/wp-json\/wp\/v2\/comments?post=1422"}],"version-history":[{"count":9,"href":"https:\/\/paliskunnat.fi\/reindeer-herders-association\/wp-json\/wp\/v2\/pages\/1422\/revisions"}],"predecessor-version":[{"id":6185,"href":"https:\/\/paliskunnat.fi\/reindeer-herders-association\/wp-json\/wp\/v2\/pages\/1422\/revisions\/6185"}],"up":[{"embeddable":true,"href":"https:\/\/paliskunnat.fi\/reindeer-herders-association\/wp-json\/wp\/v2\/pages\/420"}],"wp:attachment":[{"href":"https:\/\/paliskunnat.fi\/reindeer-herders-association\/wp-json\/wp\/v2\/media?parent=1422"}],"curies":[{"name":"wp","href":"https:\/\/api.w.org\/{rel}","templated":true}]}}