{"id":1451,"date":"2014-11-23T15:14:17","date_gmt":"2014-11-23T13:14:17","guid":{"rendered":"http:\/\/80.69.171.23\/py\/?page_id=1451"},"modified":"2024-01-03T06:07:33","modified_gmt":"2024-01-03T04:07:33","slug":"pyha-kallio","status":"publish","type":"page","link":"https:\/\/paliskunnat.fi\/reindeer-herders-association\/cooperatives\/cooperatives-info\/pyha-kallio\/","title":{"rendered":"26 Pyh\u00e4-Kallio"},"content":{"rendered":"<h2>Pyh\u00e4-Kallio<\/h2>\n<p>Chief of District: Uutela Ky\u00f6sti<br \/>\nMobile: +358 40 013 2161<br \/>\nEmail: kyosti&#46;uutela&#64;hotmail&#46;fi<\/p>\n<p><a href=\"https:\/\/paliskunnat.fi\/reindeer-herders-association\/wp-content\/uploads\/2014\/11\/26_pyha_kallio.png\" rel=\"lightbox[1451]\"><img loading=\"lazy\" decoding=\"async\" class=\"alignnone wp-image-1503\" src=\"https:\/\/paliskunnat.fi\/reindeer-herders-association\/wp-content\/uploads\/2014\/11\/26_pyha_kallio.png\" alt=\"26 Pyh\u00e4-Kallio\" width=\"300\" height=\"387\" srcset=\"https:\/\/paliskunnat.fi\/reindeer-herders-association\/wp-content\/uploads\/2014\/11\/26_pyha_kallio.png 776w, https:\/\/paliskunnat.fi\/reindeer-herders-association\/wp-content\/uploads\/2014\/11\/26_pyha_kallio-233x300.png 233w\" sizes=\"auto, (max-width: 300px) 100vw, 300px\" \/><\/a><\/p>\n<table width=\"450\">\n<tbody>\n<tr>\n<td>Hometown:<\/td>\n<td>Kemij\u00e4rvi<\/td>\n<\/tr>\n<tr>\n<td>Total area:<\/td>\n<td>3 976.7 km<sup>2<\/sup><\/td>\n<\/tr>\n<tr>\n<td>Maximum number of reindeer:<\/td>\n<td>6 500<\/td>\n<\/tr>\n<tr>\n<td>Reindeer herders:<\/td>\n<td>139<\/td>\n<\/tr>\n<\/tbody>\n<\/table>\n<p>Pyh\u00e4-Kallio reindeer herding cooperative is located to area of Rovaniemi, Kemij\u00e4rvi, Sodankyl\u00e4 and Pelkosenniemi municipalities. The cooperative borders in north with Oraniemi, in east with Hirvasniemi, in south with Vanttaus and Timisj\u00e4rvi cooperatives, in west Poikaj\u00e4rvi and Syv\u00e4j\u00e4rvi reindeer herding cooperatives.<\/p>\n<p>55.0 % of the cooperative\u2019s total area is state land and 45.0 % is owned by other landowners. Rovaj\u00e4rvi military shooting area, Pyh\u00e4-Luosto National Park, and Pyh\u00e4 and Luosto tourism centres are located in the area of the cooperative.<\/p>\n<p>The cooperative has an extensive fence network of around 40 fences. In average, one fence per 100 km<sup>2<\/sup>.<\/p>\n<p>The most significant centres are the city of Kemij\u00e4rvi and the town of Pelkosenniemi. There are multiple smaller villages in the cooperative area. Herders live around the cooperative.<\/p>\n<p>&nbsp;<\/p>\n<p>&nbsp;<\/p>\n","protected":false},"excerpt":{"rendered":"<p>Pyh\u00e4-Kallio Chief of District: Uutela Ky\u00f6sti Mobile: +358 40 013 2161 Email: &#107;&#121;&#x6f;s&#116;&#x69;&#x2e;u&#117;&#x74;&#x65;l&#97;&#x40;h&#111;&#x74;&#x6d;a&#105;&#x6c;&#x2e;f&#105; Hometown: Kemij\u00e4rvi Total area: 3 976.7 km2 Maximum number of reindeer: 6 500 Reindeer herders: 139 Pyh\u00e4-Kallio reindeer herding cooperative is located to area of Rovaniemi, Kemij\u00e4rvi, Sodankyl\u00e4 and Pelkosenniemi municipalities. The cooperative borders in north with Oraniemi, in east with Hirvasniemi, [&hellip;]<\/p>\n","protected":false},"author":1,"featured_media":0,"parent":420,"menu_order":26,"comment_status":"open","ping_status":"closed","template":"paliskuntasivut.php","meta":{"footnotes":""},"class_list":["post-1451","page","type-page","status-publish","hentry"],"yoast_head":"<!-- This site is optimized with the Yoast SEO plugin v27.1.1 - https:\/\/yoast.com\/product\/yoast-seo-wordpress\/ -->\n<title>26 Pyh\u00e4-Kallio - Reindeer Herders&#039; Association<\/title>\n<meta name=\"robots\" content=\"index, follow, max-snippet:-1, max-image-preview:large, max-video-preview:-1\" \/>\n<link rel=\"canonical\" href=\"https:\/\/paliskunnat.fi\/reindeer-herders-association\/cooperatives\/cooperatives-info\/pyha-kallio\/\" \/>\n<meta property=\"og:locale\" content=\"en_US\" \/>\n<meta property=\"og:type\" content=\"article\" \/>\n<meta property=\"og:title\" content=\"26 Pyh\u00e4-Kallio - Reindeer Herders&#039; Association\" \/>\n<meta property=\"og:description\" content=\"Pyh\u00e4-Kallio Chief of District: Uutela Ky\u00f6sti Mobile: +358 40 013 2161 Email: &#x6b;&#x79;&#111;&#115;t&#x69;&#x2e;&#x75;&#117;te&#x6c;&#x61;&#064;&#104;o&#x74;&#x6d;&#x61;&#105;l&#046;&#x66;&#x69; Hometown: Kemij\u00e4rvi Total area: 3 976.7 km2 Maximum number of reindeer: 6 500 Reindeer herders: 139 Pyh\u00e4-Kallio reindeer herding cooperative is located to area of Rovaniemi, Kemij\u00e4rvi, Sodankyl\u00e4 and Pelkosenniemi municipalities. The cooperative borders in north with Oraniemi, in east with Hirvasniemi, [&hellip;]\" \/>\n<meta property=\"og:url\" content=\"https:\/\/paliskunnat.fi\/reindeer-herders-association\/cooperatives\/cooperatives-info\/pyha-kallio\/\" \/>\n<meta property=\"og:site_name\" content=\"Reindeer Herders&#039; Association\" \/>\n<meta property=\"article:modified_time\" content=\"2024-01-03T04:07:33+00:00\" \/>\n<meta property=\"og:image\" content=\"https:\/\/paliskunnat.fi\/reindeer-herders-association\/wp-content\/uploads\/2014\/11\/26_pyha_kallio.png\" \/>\n<meta name=\"twitter:card\" content=\"summary_large_image\" \/>\n<meta name=\"twitter:label1\" content=\"Est. reading time\" \/>\n\t<meta name=\"twitter:data1\" content=\"1 minute\" \/>\n<script type=\"application\/ld+json\" class=\"yoast-schema-graph\">{\"@context\":\"https:\/\/schema.org\",\"@graph\":[{\"@type\":\"WebPage\",\"@id\":\"https:\/\/paliskunnat.fi\/reindeer-herders-association\/cooperatives\/cooperatives-info\/pyha-kallio\/\",\"url\":\"https:\/\/paliskunnat.fi\/reindeer-herders-association\/cooperatives\/cooperatives-info\/pyha-kallio\/\",\"name\":\"26 Pyh\u00e4-Kallio - Reindeer Herders&#039; Association\",\"isPartOf\":{\"@id\":\"https:\/\/paliskunnat.fi\/reindeer-herders-association\/#website\"},\"primaryImageOfPage\":{\"@id\":\"https:\/\/paliskunnat.fi\/reindeer-herders-association\/cooperatives\/cooperatives-info\/pyha-kallio\/#primaryimage\"},\"image\":{\"@id\":\"https:\/\/paliskunnat.fi\/reindeer-herders-association\/cooperatives\/cooperatives-info\/pyha-kallio\/#primaryimage\"},\"thumbnailUrl\":\"https:\/\/paliskunnat.fi\/reindeer-herders-association\/wp-content\/uploads\/2014\/11\/26_pyha_kallio.png\",\"datePublished\":\"2014-11-23T13:14:17+00:00\",\"dateModified\":\"2024-01-03T04:07:33+00:00\",\"breadcrumb\":{\"@id\":\"https:\/\/paliskunnat.fi\/reindeer-herders-association\/cooperatives\/cooperatives-info\/pyha-kallio\/#breadcrumb\"},\"inLanguage\":\"en-US\",\"potentialAction\":[{\"@type\":\"ReadAction\",\"target\":[\"https:\/\/paliskunnat.fi\/reindeer-herders-association\/cooperatives\/cooperatives-info\/pyha-kallio\/\"]}]},{\"@type\":\"ImageObject\",\"inLanguage\":\"en-US\",\"@id\":\"https:\/\/paliskunnat.fi\/reindeer-herders-association\/cooperatives\/cooperatives-info\/pyha-kallio\/#primaryimage\",\"url\":\"https:\/\/paliskunnat.fi\/reindeer-herders-association\/wp-content\/uploads\/2014\/11\/26_pyha_kallio.png\",\"contentUrl\":\"https:\/\/paliskunnat.fi\/reindeer-herders-association\/wp-content\/uploads\/2014\/11\/26_pyha_kallio.png\"},{\"@type\":\"BreadcrumbList\",\"@id\":\"https:\/\/paliskunnat.fi\/reindeer-herders-association\/cooperatives\/cooperatives-info\/pyha-kallio\/#breadcrumb\",\"itemListElement\":[{\"@type\":\"ListItem\",\"position\":1,\"name\":\"Home\",\"item\":\"https:\/\/paliskunnat.fi\/reindeer-herders-association\/\"},{\"@type\":\"ListItem\",\"position\":2,\"name\":\"Cooperatives\",\"item\":\"https:\/\/paliskunnat.fi\/reindeer-herders-association\/cooperatives\/\"},{\"@type\":\"ListItem\",\"position\":3,\"name\":\"Information of cooperatives\",\"item\":\"https:\/\/paliskunnat.fi\/reindeer-herders-association\/cooperatives\/cooperatives-info\/\"},{\"@type\":\"ListItem\",\"position\":4,\"name\":\"26 Pyh\u00e4-Kallio\"}]},{\"@type\":\"WebSite\",\"@id\":\"https:\/\/paliskunnat.fi\/reindeer-herders-association\/#website\",\"url\":\"https:\/\/paliskunnat.fi\/reindeer-herders-association\/\",\"name\":\"Reindeer Herders&#039; Association\",\"description\":\"Finnish Reindeer Herders&#039; Association\",\"potentialAction\":[{\"@type\":\"SearchAction\",\"target\":{\"@type\":\"EntryPoint\",\"urlTemplate\":\"https:\/\/paliskunnat.fi\/reindeer-herders-association\/?s={search_term_string}\"},\"query-input\":{\"@type\":\"PropertyValueSpecification\",\"valueRequired\":true,\"valueName\":\"search_term_string\"}}],\"inLanguage\":\"en-US\"}]}<\/script>\n<!-- \/ Yoast SEO plugin. -->","yoast_head_json":{"title":"26 Pyh\u00e4-Kallio - Reindeer Herders&#039; Association","robots":{"index":"index","follow":"follow","max-snippet":"max-snippet:-1","max-image-preview":"max-image-preview:large","max-video-preview":"max-video-preview:-1"},"canonical":"https:\/\/paliskunnat.fi\/reindeer-herders-association\/cooperatives\/cooperatives-info\/pyha-kallio\/","og_locale":"en_US","og_type":"article","og_title":"26 Pyh\u00e4-Kallio - Reindeer Herders&#039; Association","og_description":"Pyh\u00e4-Kallio Chief of District: Uutela Ky\u00f6sti Mobile: +358 40 013 2161 Email: &#x6b;&#x79;&#111;&#115;t&#x69;&#x2e;&#x75;&#117;te&#x6c;&#x61;&#64;&#104;o&#x74;&#x6d;&#x61;&#105;l&#46;&#x66;&#x69; Hometown: Kemij\u00e4rvi Total area: 3 976.7 km2 Maximum number of reindeer: 6 500 Reindeer herders: 139 Pyh\u00e4-Kallio reindeer herding cooperative is located to area of Rovaniemi, Kemij\u00e4rvi, Sodankyl\u00e4 and Pelkosenniemi municipalities. The cooperative borders in north with Oraniemi, in east with Hirvasniemi, [&hellip;]","og_url":"https:\/\/paliskunnat.fi\/reindeer-herders-association\/cooperatives\/cooperatives-info\/pyha-kallio\/","og_site_name":"Reindeer Herders&#039; Association","article_modified_time":"2024-01-03T04:07:33+00:00","og_image":[{"url":"https:\/\/paliskunnat.fi\/reindeer-herders-association\/wp-content\/uploads\/2014\/11\/26_pyha_kallio.png","type":"","width":"","height":""}],"twitter_card":"summary_large_image","twitter_misc":{"Est. reading time":"1 minute"},"schema":{"@context":"https:\/\/schema.org","@graph":[{"@type":"WebPage","@id":"https:\/\/paliskunnat.fi\/reindeer-herders-association\/cooperatives\/cooperatives-info\/pyha-kallio\/","url":"https:\/\/paliskunnat.fi\/reindeer-herders-association\/cooperatives\/cooperatives-info\/pyha-kallio\/","name":"26 Pyh\u00e4-Kallio - Reindeer Herders&#039; Association","isPartOf":{"@id":"https:\/\/paliskunnat.fi\/reindeer-herders-association\/#website"},"primaryImageOfPage":{"@id":"https:\/\/paliskunnat.fi\/reindeer-herders-association\/cooperatives\/cooperatives-info\/pyha-kallio\/#primaryimage"},"image":{"@id":"https:\/\/paliskunnat.fi\/reindeer-herders-association\/cooperatives\/cooperatives-info\/pyha-kallio\/#primaryimage"},"thumbnailUrl":"https:\/\/paliskunnat.fi\/reindeer-herders-association\/wp-content\/uploads\/2014\/11\/26_pyha_kallio.png","datePublished":"2014-11-23T13:14:17+00:00","dateModified":"2024-01-03T04:07:33+00:00","breadcrumb":{"@id":"https:\/\/paliskunnat.fi\/reindeer-herders-association\/cooperatives\/cooperatives-info\/pyha-kallio\/#breadcrumb"},"inLanguage":"en-US","potentialAction":[{"@type":"ReadAction","target":["https:\/\/paliskunnat.fi\/reindeer-herders-association\/cooperatives\/cooperatives-info\/pyha-kallio\/"]}]},{"@type":"ImageObject","inLanguage":"en-US","@id":"https:\/\/paliskunnat.fi\/reindeer-herders-association\/cooperatives\/cooperatives-info\/pyha-kallio\/#primaryimage","url":"https:\/\/paliskunnat.fi\/reindeer-herders-association\/wp-content\/uploads\/2014\/11\/26_pyha_kallio.png","contentUrl":"https:\/\/paliskunnat.fi\/reindeer-herders-association\/wp-content\/uploads\/2014\/11\/26_pyha_kallio.png"},{"@type":"BreadcrumbList","@id":"https:\/\/paliskunnat.fi\/reindeer-herders-association\/cooperatives\/cooperatives-info\/pyha-kallio\/#breadcrumb","itemListElement":[{"@type":"ListItem","position":1,"name":"Home","item":"https:\/\/paliskunnat.fi\/reindeer-herders-association\/"},{"@type":"ListItem","position":2,"name":"Cooperatives","item":"https:\/\/paliskunnat.fi\/reindeer-herders-association\/cooperatives\/"},{"@type":"ListItem","position":3,"name":"Information of cooperatives","item":"https:\/\/paliskunnat.fi\/reindeer-herders-association\/cooperatives\/cooperatives-info\/"},{"@type":"ListItem","position":4,"name":"26 Pyh\u00e4-Kallio"}]},{"@type":"WebSite","@id":"https:\/\/paliskunnat.fi\/reindeer-herders-association\/#website","url":"https:\/\/paliskunnat.fi\/reindeer-herders-association\/","name":"Reindeer Herders&#039; Association","description":"Finnish Reindeer Herders&#039; Association","potentialAction":[{"@type":"SearchAction","target":{"@type":"EntryPoint","urlTemplate":"https:\/\/paliskunnat.fi\/reindeer-herders-association\/?s={search_term_string}"},"query-input":{"@type":"PropertyValueSpecification","valueRequired":true,"valueName":"search_term_string"}}],"inLanguage":"en-US"}]}},"_links":{"self":[{"href":"https:\/\/paliskunnat.fi\/reindeer-herders-association\/wp-json\/wp\/v2\/pages\/1451","targetHints":{"allow":["GET"]}}],"collection":[{"href":"https:\/\/paliskunnat.fi\/reindeer-herders-association\/wp-json\/wp\/v2\/pages"}],"about":[{"href":"https:\/\/paliskunnat.fi\/reindeer-herders-association\/wp-json\/wp\/v2\/types\/page"}],"author":[{"embeddable":true,"href":"https:\/\/paliskunnat.fi\/reindeer-herders-association\/wp-json\/wp\/v2\/users\/1"}],"replies":[{"embeddable":true,"href":"https:\/\/paliskunnat.fi\/reindeer-herders-association\/wp-json\/wp\/v2\/comments?post=1451"}],"version-history":[{"count":11,"href":"https:\/\/paliskunnat.fi\/reindeer-herders-association\/wp-json\/wp\/v2\/pages\/1451\/revisions"}],"predecessor-version":[{"id":6281,"href":"https:\/\/paliskunnat.fi\/reindeer-herders-association\/wp-json\/wp\/v2\/pages\/1451\/revisions\/6281"}],"up":[{"embeddable":true,"href":"https:\/\/paliskunnat.fi\/reindeer-herders-association\/wp-json\/wp\/v2\/pages\/420"}],"wp:attachment":[{"href":"https:\/\/paliskunnat.fi\/reindeer-herders-association\/wp-json\/wp\/v2\/media?parent=1451"}],"curies":[{"name":"wp","href":"https:\/\/api.w.org\/{rel}","templated":true}]}}