{"id":1456,"date":"2014-11-23T15:17:25","date_gmt":"2014-11-23T13:17:25","guid":{"rendered":"http:\/\/80.69.171.23\/py\/?page_id=1456"},"modified":"2023-06-06T14:46:11","modified_gmt":"2023-06-06T11:46:11","slug":"poikajarvi","status":"publish","type":"page","link":"https:\/\/paliskunnat.fi\/reindeer-herders-association\/cooperatives\/cooperatives-info\/poikajarvi\/","title":{"rendered":"28 Poikaj\u00e4rvi"},"content":{"rendered":"<h2>Poikaj\u00e4rvi<\/h2>\n<p>Chief of District: Mustonen Janne<br \/>\nMobile:\u00a0 +358 40 127 8990<br \/>\nEmail: &#x70;&#x6f;&#105;k&#x61;&#x6a;&#97;&#114;v&#x65;&#x6e;&#112;&#108;k&#x40;&#x67;&#109;ai&#x6c;&#x2e;&#99;o&#x6d;<\/p>\n<p><a href=\"https:\/\/paliskunnat.fi\/reindeer-herders-association\/wp-content\/uploads\/2014\/11\/28_poikajarvi1.png\" rel=\"lightbox[1456]\"><img loading=\"lazy\" decoding=\"async\" class=\"alignnone wp-image-1509\" src=\"https:\/\/paliskunnat.fi\/reindeer-herders-association\/wp-content\/uploads\/2014\/11\/28_poikajarvi1.png\" alt=\"28 Poikajarvi\" width=\"300\" height=\"387\" srcset=\"https:\/\/paliskunnat.fi\/reindeer-herders-association\/wp-content\/uploads\/2014\/11\/28_poikajarvi1.png 776w, https:\/\/paliskunnat.fi\/reindeer-herders-association\/wp-content\/uploads\/2014\/11\/28_poikajarvi1-233x300.png 233w\" sizes=\"auto, (max-width: 300px) 100vw, 300px\" \/><\/a><\/p>\n<table width=\"450\">\n<tbody>\n<tr>\n<td>Hometown:<\/td>\n<td>Rovaniemi<\/td>\n<\/tr>\n<tr>\n<td>Total area:<\/td>\n<td>2 536.0 km<sup>2<\/sup><\/td>\n<\/tr>\n<tr>\n<td>Maximum number of reindeer:<\/td>\n<td>4 600<\/td>\n<\/tr>\n<tr>\n<td>Reindeer herders:<\/td>\n<td>96<\/td>\n<\/tr>\n<\/tbody>\n<\/table>\n<p>Poikaj\u00e4rvi reindeer herding cooperative is part of the Raudanjoki reindeer marking district. The cooperative is located to the northern part of Rovaniemi municipality. The cooperative borders in north with Alakyl\u00e4 and Syv\u00e4j\u00e4rvi, in east with Pyh\u00e4-Kallio, in southeast with Vanttaus, in south with Narkaus and in west with Paloj\u00e4rvi and J\u00e4\u00e4sk\u00f6 cooperatives.<\/p>\n<p>60.1 % of the cooperative\u2019s total area is state land and 39.9 % is owned by other landowners. The cooperative area abuts on the River Ounasjoki, which riverside belongs to the Natura 2000 area. There is a heavy trafficked Road 4 passing through the cooperative and causing plenty traffic accidents with reindeer. Someroharju garrison area and airport are located to the cooperative area.<\/p>\n<p>There are around 30 different fences made for herding work. The amount is amongst the largest in the reindeer husbandry area. The cooperative does not have border or pasture area fences.<\/p>\n<p>The cooperative is partially located to the Rovaniemi municipality habitant areas. The herders live evenly around the cooperative. Almost all herders are also landowners and have either farms or forestry farms.<\/p>\n<p>&nbsp;<\/p>\n<p><!--more--><\/p>\n<h2>Poroerotus 10\/2013<\/h2>\n<p>Poikaj\u00e4rven paliskunnan syksyn eka poroerotus Hietasel\u00e4n aidalla 7.10.2013 (<a href=\"https:\/\/www.youtube.com\/watch?v=oHAvC1MhwdA\">Youtube<\/a>). Julkaistu 10\/2013.<\/p>\n<h2 class=\"yt watch-title-container\"><span id=\"eow-title\" class=\"watch-title \" dir=\"ltr\" title=\"Poroerotus Hietasel\u00e4ss\u00e4 13.10.2014\">Poroerotus Hietasel\u00e4ss\u00e4 10\/2014<\/span><\/h2>\n<p>Poroerotus Hietasel\u00e4ss\u00e4 13.10.2014 (<a href=\"https:\/\/www.youtube.com\/watch?v=7ryyGXJ3bN0\">Youtube<\/a>). Julkaistu 10\/2014.<\/p>\n<p>&nbsp;<\/p>\n<p>&nbsp;<\/p>\n","protected":false},"excerpt":{"rendered":"<p>Poikaj\u00e4rvi Chief of District: Mustonen Janne Mobile:\u00a0 +358 40 127 8990 Email: &#x70;&#x6f;&#105;&#107;a&#x6a;&#x61;&#x72;&#118;&#101;n&#x70;&#x6c;&#x6b;&#64;&#103;m&#x61;&#x69;&#x6c;&#46;&#99;o&#x6d; Hometown: Rovaniemi Total area: 2 536.0 km2 Maximum number of reindeer: 4 600 Reindeer herders: 96 Poikaj\u00e4rvi reindeer herding cooperative is part of the Raudanjoki reindeer marking district. The cooperative is located to the northern part of Rovaniemi municipality. The cooperative borders [&hellip;]<\/p>\n","protected":false},"author":1,"featured_media":0,"parent":420,"menu_order":28,"comment_status":"open","ping_status":"closed","template":"paliskuntasivut.php","meta":{"footnotes":""},"class_list":["post-1456","page","type-page","status-publish","hentry"],"yoast_head":"<!-- This site is optimized with the Yoast SEO plugin v27.1.1 - https:\/\/yoast.com\/product\/yoast-seo-wordpress\/ -->\n<title>28 Poikaj\u00e4rvi - Reindeer Herders&#039; Association<\/title>\n<meta name=\"robots\" content=\"index, follow, max-snippet:-1, max-image-preview:large, max-video-preview:-1\" \/>\n<link rel=\"canonical\" href=\"https:\/\/paliskunnat.fi\/reindeer-herders-association\/cooperatives\/cooperatives-info\/poikajarvi\/\" \/>\n<meta property=\"og:locale\" content=\"en_US\" \/>\n<meta property=\"og:type\" content=\"article\" \/>\n<meta property=\"og:title\" content=\"28 Poikaj\u00e4rvi - Reindeer Herders&#039; Association\" \/>\n<meta property=\"og:description\" content=\"Poikaj\u00e4rvi Chief of District: Mustonen Janne Mobile:\u00a0 +358 40 127 8990 Email: &#112;o&#x69;k&#x61;j&#x61;r&#x76;e&#x6e;p&#x6c;&#107;&#x40;&#103;&#x6d;&#097;&#x69;&#108;&#x2e;&#099;&#x6f;&#109; Hometown: Rovaniemi Total area: 2 536.0 km2 Maximum number of reindeer: 4 600 Reindeer herders: 96 Poikaj\u00e4rvi reindeer herding cooperative is part of the Raudanjoki reindeer marking district. The cooperative is located to the northern part of Rovaniemi municipality. The cooperative borders [&hellip;]\" \/>\n<meta property=\"og:url\" content=\"https:\/\/paliskunnat.fi\/reindeer-herders-association\/cooperatives\/cooperatives-info\/poikajarvi\/\" \/>\n<meta property=\"og:site_name\" content=\"Reindeer Herders&#039; Association\" \/>\n<meta property=\"article:modified_time\" content=\"2023-06-06T11:46:11+00:00\" \/>\n<meta property=\"og:image\" content=\"https:\/\/paliskunnat.fi\/reindeer-herders-association\/wp-content\/uploads\/2014\/11\/28_poikajarvi1.png\" \/>\n<meta name=\"twitter:card\" content=\"summary_large_image\" \/>\n<meta name=\"twitter:label1\" content=\"Est. reading time\" \/>\n\t<meta name=\"twitter:data1\" content=\"2 minutes\" \/>\n<script type=\"application\/ld+json\" class=\"yoast-schema-graph\">{\"@context\":\"https:\/\/schema.org\",\"@graph\":[{\"@type\":\"WebPage\",\"@id\":\"https:\/\/paliskunnat.fi\/reindeer-herders-association\/cooperatives\/cooperatives-info\/poikajarvi\/\",\"url\":\"https:\/\/paliskunnat.fi\/reindeer-herders-association\/cooperatives\/cooperatives-info\/poikajarvi\/\",\"name\":\"28 Poikaj\u00e4rvi - Reindeer Herders&#039; Association\",\"isPartOf\":{\"@id\":\"https:\/\/paliskunnat.fi\/reindeer-herders-association\/#website\"},\"primaryImageOfPage\":{\"@id\":\"https:\/\/paliskunnat.fi\/reindeer-herders-association\/cooperatives\/cooperatives-info\/poikajarvi\/#primaryimage\"},\"image\":{\"@id\":\"https:\/\/paliskunnat.fi\/reindeer-herders-association\/cooperatives\/cooperatives-info\/poikajarvi\/#primaryimage\"},\"thumbnailUrl\":\"https:\/\/paliskunnat.fi\/reindeer-herders-association\/wp-content\/uploads\/2014\/11\/28_poikajarvi1.png\",\"datePublished\":\"2014-11-23T13:17:25+00:00\",\"dateModified\":\"2023-06-06T11:46:11+00:00\",\"breadcrumb\":{\"@id\":\"https:\/\/paliskunnat.fi\/reindeer-herders-association\/cooperatives\/cooperatives-info\/poikajarvi\/#breadcrumb\"},\"inLanguage\":\"en-US\",\"potentialAction\":[{\"@type\":\"ReadAction\",\"target\":[\"https:\/\/paliskunnat.fi\/reindeer-herders-association\/cooperatives\/cooperatives-info\/poikajarvi\/\"]}]},{\"@type\":\"ImageObject\",\"inLanguage\":\"en-US\",\"@id\":\"https:\/\/paliskunnat.fi\/reindeer-herders-association\/cooperatives\/cooperatives-info\/poikajarvi\/#primaryimage\",\"url\":\"https:\/\/paliskunnat.fi\/reindeer-herders-association\/wp-content\/uploads\/2014\/11\/28_poikajarvi1.png\",\"contentUrl\":\"https:\/\/paliskunnat.fi\/reindeer-herders-association\/wp-content\/uploads\/2014\/11\/28_poikajarvi1.png\"},{\"@type\":\"BreadcrumbList\",\"@id\":\"https:\/\/paliskunnat.fi\/reindeer-herders-association\/cooperatives\/cooperatives-info\/poikajarvi\/#breadcrumb\",\"itemListElement\":[{\"@type\":\"ListItem\",\"position\":1,\"name\":\"Home\",\"item\":\"https:\/\/paliskunnat.fi\/reindeer-herders-association\/\"},{\"@type\":\"ListItem\",\"position\":2,\"name\":\"Cooperatives\",\"item\":\"https:\/\/paliskunnat.fi\/reindeer-herders-association\/cooperatives\/\"},{\"@type\":\"ListItem\",\"position\":3,\"name\":\"Information of cooperatives\",\"item\":\"https:\/\/paliskunnat.fi\/reindeer-herders-association\/cooperatives\/cooperatives-info\/\"},{\"@type\":\"ListItem\",\"position\":4,\"name\":\"28 Poikaj\u00e4rvi\"}]},{\"@type\":\"WebSite\",\"@id\":\"https:\/\/paliskunnat.fi\/reindeer-herders-association\/#website\",\"url\":\"https:\/\/paliskunnat.fi\/reindeer-herders-association\/\",\"name\":\"Reindeer Herders&#039; Association\",\"description\":\"Finnish Reindeer Herders&#039; Association\",\"potentialAction\":[{\"@type\":\"SearchAction\",\"target\":{\"@type\":\"EntryPoint\",\"urlTemplate\":\"https:\/\/paliskunnat.fi\/reindeer-herders-association\/?s={search_term_string}\"},\"query-input\":{\"@type\":\"PropertyValueSpecification\",\"valueRequired\":true,\"valueName\":\"search_term_string\"}}],\"inLanguage\":\"en-US\"}]}<\/script>\n<!-- \/ Yoast SEO plugin. -->","yoast_head_json":{"title":"28 Poikaj\u00e4rvi - Reindeer Herders&#039; Association","robots":{"index":"index","follow":"follow","max-snippet":"max-snippet:-1","max-image-preview":"max-image-preview:large","max-video-preview":"max-video-preview:-1"},"canonical":"https:\/\/paliskunnat.fi\/reindeer-herders-association\/cooperatives\/cooperatives-info\/poikajarvi\/","og_locale":"en_US","og_type":"article","og_title":"28 Poikaj\u00e4rvi - Reindeer Herders&#039; Association","og_description":"Poikaj\u00e4rvi Chief of District: Mustonen Janne Mobile:\u00a0 +358 40 127 8990 Email: &#112;o&#x69;k&#x61;j&#x61;r&#x76;e&#x6e;p&#x6c;&#107;&#x40;&#103;&#x6d;&#97;&#x69;&#108;&#x2e;&#99;&#x6f;&#109; Hometown: Rovaniemi Total area: 2 536.0 km2 Maximum number of reindeer: 4 600 Reindeer herders: 96 Poikaj\u00e4rvi reindeer herding cooperative is part of the Raudanjoki reindeer marking district. The cooperative is located to the northern part of Rovaniemi municipality. The cooperative borders [&hellip;]","og_url":"https:\/\/paliskunnat.fi\/reindeer-herders-association\/cooperatives\/cooperatives-info\/poikajarvi\/","og_site_name":"Reindeer Herders&#039; Association","article_modified_time":"2023-06-06T11:46:11+00:00","og_image":[{"url":"https:\/\/paliskunnat.fi\/reindeer-herders-association\/wp-content\/uploads\/2014\/11\/28_poikajarvi1.png","type":"","width":"","height":""}],"twitter_card":"summary_large_image","twitter_misc":{"Est. reading time":"2 minutes"},"schema":{"@context":"https:\/\/schema.org","@graph":[{"@type":"WebPage","@id":"https:\/\/paliskunnat.fi\/reindeer-herders-association\/cooperatives\/cooperatives-info\/poikajarvi\/","url":"https:\/\/paliskunnat.fi\/reindeer-herders-association\/cooperatives\/cooperatives-info\/poikajarvi\/","name":"28 Poikaj\u00e4rvi - Reindeer Herders&#039; Association","isPartOf":{"@id":"https:\/\/paliskunnat.fi\/reindeer-herders-association\/#website"},"primaryImageOfPage":{"@id":"https:\/\/paliskunnat.fi\/reindeer-herders-association\/cooperatives\/cooperatives-info\/poikajarvi\/#primaryimage"},"image":{"@id":"https:\/\/paliskunnat.fi\/reindeer-herders-association\/cooperatives\/cooperatives-info\/poikajarvi\/#primaryimage"},"thumbnailUrl":"https:\/\/paliskunnat.fi\/reindeer-herders-association\/wp-content\/uploads\/2014\/11\/28_poikajarvi1.png","datePublished":"2014-11-23T13:17:25+00:00","dateModified":"2023-06-06T11:46:11+00:00","breadcrumb":{"@id":"https:\/\/paliskunnat.fi\/reindeer-herders-association\/cooperatives\/cooperatives-info\/poikajarvi\/#breadcrumb"},"inLanguage":"en-US","potentialAction":[{"@type":"ReadAction","target":["https:\/\/paliskunnat.fi\/reindeer-herders-association\/cooperatives\/cooperatives-info\/poikajarvi\/"]}]},{"@type":"ImageObject","inLanguage":"en-US","@id":"https:\/\/paliskunnat.fi\/reindeer-herders-association\/cooperatives\/cooperatives-info\/poikajarvi\/#primaryimage","url":"https:\/\/paliskunnat.fi\/reindeer-herders-association\/wp-content\/uploads\/2014\/11\/28_poikajarvi1.png","contentUrl":"https:\/\/paliskunnat.fi\/reindeer-herders-association\/wp-content\/uploads\/2014\/11\/28_poikajarvi1.png"},{"@type":"BreadcrumbList","@id":"https:\/\/paliskunnat.fi\/reindeer-herders-association\/cooperatives\/cooperatives-info\/poikajarvi\/#breadcrumb","itemListElement":[{"@type":"ListItem","position":1,"name":"Home","item":"https:\/\/paliskunnat.fi\/reindeer-herders-association\/"},{"@type":"ListItem","position":2,"name":"Cooperatives","item":"https:\/\/paliskunnat.fi\/reindeer-herders-association\/cooperatives\/"},{"@type":"ListItem","position":3,"name":"Information of cooperatives","item":"https:\/\/paliskunnat.fi\/reindeer-herders-association\/cooperatives\/cooperatives-info\/"},{"@type":"ListItem","position":4,"name":"28 Poikaj\u00e4rvi"}]},{"@type":"WebSite","@id":"https:\/\/paliskunnat.fi\/reindeer-herders-association\/#website","url":"https:\/\/paliskunnat.fi\/reindeer-herders-association\/","name":"Reindeer Herders&#039; Association","description":"Finnish Reindeer Herders&#039; Association","potentialAction":[{"@type":"SearchAction","target":{"@type":"EntryPoint","urlTemplate":"https:\/\/paliskunnat.fi\/reindeer-herders-association\/?s={search_term_string}"},"query-input":{"@type":"PropertyValueSpecification","valueRequired":true,"valueName":"search_term_string"}}],"inLanguage":"en-US"}]}},"_links":{"self":[{"href":"https:\/\/paliskunnat.fi\/reindeer-herders-association\/wp-json\/wp\/v2\/pages\/1456","targetHints":{"allow":["GET"]}}],"collection":[{"href":"https:\/\/paliskunnat.fi\/reindeer-herders-association\/wp-json\/wp\/v2\/pages"}],"about":[{"href":"https:\/\/paliskunnat.fi\/reindeer-herders-association\/wp-json\/wp\/v2\/types\/page"}],"author":[{"embeddable":true,"href":"https:\/\/paliskunnat.fi\/reindeer-herders-association\/wp-json\/wp\/v2\/users\/1"}],"replies":[{"embeddable":true,"href":"https:\/\/paliskunnat.fi\/reindeer-herders-association\/wp-json\/wp\/v2\/comments?post=1456"}],"version-history":[{"count":8,"href":"https:\/\/paliskunnat.fi\/reindeer-herders-association\/wp-json\/wp\/v2\/pages\/1456\/revisions"}],"predecessor-version":[{"id":6194,"href":"https:\/\/paliskunnat.fi\/reindeer-herders-association\/wp-json\/wp\/v2\/pages\/1456\/revisions\/6194"}],"up":[{"embeddable":true,"href":"https:\/\/paliskunnat.fi\/reindeer-herders-association\/wp-json\/wp\/v2\/pages\/420"}],"wp:attachment":[{"href":"https:\/\/paliskunnat.fi\/reindeer-herders-association\/wp-json\/wp\/v2\/media?parent=1456"}],"curies":[{"name":"wp","href":"https:\/\/api.w.org\/{rel}","templated":true}]}}