{"id":1465,"date":"2014-11-23T15:22:50","date_gmt":"2014-11-23T13:22:50","guid":{"rendered":"http:\/\/80.69.171.23\/py\/?page_id=1465"},"modified":"2023-06-06T14:49:18","modified_gmt":"2023-06-06T11:49:18","slug":"kolari","status":"publish","type":"page","link":"https:\/\/paliskunnat.fi\/reindeer-herders-association\/cooperatives\/cooperatives-info\/kolari\/","title":{"rendered":"32 Kolari"},"content":{"rendered":"<h2>Kolari<\/h2>\n<p>Chief of District:\u00a0Satta Mika E.<br \/>\nMobile:\u00a0 +358 400 231 710<br \/>\nEmail:\u00a0m&#x69;&#107;a&#x2e;&#101;&#46;&#x73;&#97;t&#x74;&#97;&#64;&#x67;&#x6d;a&#x69;&#x6c;&#46;&#x63;&#x6f;&#109;<\/p>\n<p><a href=\"https:\/\/paliskunnat.fi\/reindeer-herders-association\/wp-content\/uploads\/2014\/11\/32_kolari.png\" rel=\"lightbox[1465]\"><img loading=\"lazy\" decoding=\"async\" class=\"alignnone wp-image-1519\" src=\"https:\/\/paliskunnat.fi\/reindeer-herders-association\/wp-content\/uploads\/2014\/11\/32_kolari.png\" alt=\"32 Kolari\" width=\"300\" height=\"387\" srcset=\"https:\/\/paliskunnat.fi\/reindeer-herders-association\/wp-content\/uploads\/2014\/11\/32_kolari.png 776w, https:\/\/paliskunnat.fi\/reindeer-herders-association\/wp-content\/uploads\/2014\/11\/32_kolari-233x300.png 233w\" sizes=\"auto, (max-width: 300px) 100vw, 300px\" \/><\/a><\/p>\n<table width=\"450\">\n<tbody>\n<tr>\n<td>Hometown:<\/td>\n<td>Kolari<\/td>\n<\/tr>\n<tr>\n<td>Total area:<\/td>\n<td>1 998.8 km<sup>2<\/sup><\/td>\n<\/tr>\n<tr>\n<td>Maximum number of reindeer:<\/td>\n<td>2 600<\/td>\n<\/tr>\n<tr>\n<td>Reindeer herders:<\/td>\n<td>66<\/td>\n<\/tr>\n<\/tbody>\n<\/table>\n<p>Kolari reindeer herding cooperative is part of the Western reindeer marking district. The cooperative is located to the Kolari municipality. The cooperative borders in north with Muonio, in west with Alakyl\u00e4 and J\u00e4\u00e4sk\u00f6, in south with Paloj\u00e4rvi and Oraj\u00e4rvi cooperatives and in west with Swedish border.<\/p>\n<p>60.4 % of the cooperative\u2019s total area is state land and 39.6 % is owned by other landowners. In the northern part of the cooperative there is a Teuravuoma-Kivij\u00e4rvivuoma mire reserve area. The railway from Tornio to Kolari is located to the cooperative area. At the moment, the amount of traffic is manageable for the cooperative. If Pajala or Kolari mines will be opened, the situation changes as the traffic will multiply.<\/p>\n<p>The most important round up fences of the cooperative are Kukkarolaki, Karkulainen, KArjalainen, Rantalehto, Vuolittaja, Ylinenvaara, Ruostevaara, Ruokovaara, Hinttarova, Kaivoslaki and Otosmaa. The cooperative has pasture and border fences in the southern and western parts.<\/p>\n<p>The most significant villages are Kolari, Vaattoj\u00e4rvi and Sieppij\u00e4rvi. The herders live evenly around the cooperative area.<\/p>\n<p>&nbsp;<\/p>\n<p>&nbsp;<\/p>\n","protected":false},"excerpt":{"rendered":"<p>Kolari Chief of District:\u00a0Satta Mika E. Mobile:\u00a0 +358 400 231 710 Email:\u00a0&#109;&#x69;k&#x61;&#46;&#101;&#x2e;&#115;&#x61;&#116;&#x74;a&#x40;g&#109;&#x61;&#105;&#x6c;&#46;&#x63;o&#x6d; Hometown: Kolari Total area: 1 998.8 km2 Maximum number of reindeer: 2 600 Reindeer herders: 66 Kolari reindeer herding cooperative is part of the Western reindeer marking district. The cooperative is located to the Kolari municipality. The cooperative borders in north with Muonio, [&hellip;]<\/p>\n","protected":false},"author":1,"featured_media":0,"parent":420,"menu_order":32,"comment_status":"open","ping_status":"closed","template":"paliskuntasivut.php","meta":{"footnotes":""},"class_list":["post-1465","page","type-page","status-publish","hentry"],"yoast_head":"<!-- This site is optimized with the Yoast SEO plugin v27.1.1 - https:\/\/yoast.com\/product\/yoast-seo-wordpress\/ -->\n<title>32 Kolari - Reindeer Herders&#039; Association<\/title>\n<meta name=\"robots\" content=\"index, follow, max-snippet:-1, max-image-preview:large, max-video-preview:-1\" \/>\n<link rel=\"canonical\" href=\"https:\/\/paliskunnat.fi\/reindeer-herders-association\/cooperatives\/cooperatives-info\/kolari\/\" \/>\n<meta property=\"og:locale\" content=\"en_US\" \/>\n<meta property=\"og:type\" content=\"article\" \/>\n<meta property=\"og:title\" content=\"32 Kolari - Reindeer Herders&#039; Association\" \/>\n<meta property=\"og:description\" content=\"Kolari Chief of District:\u00a0Satta Mika E. Mobile:\u00a0 +358 400 231 710 Email:\u00a0&#x6d;i&#107;&#x61;&#x2e;e&#046;&#x73;&#x61;t&#116;&#x61;&#064;&#103;&#x6d;&#x61;i&#108;&#x2e;&#x63;o&#109; Hometown: Kolari Total area: 1 998.8 km2 Maximum number of reindeer: 2 600 Reindeer herders: 66 Kolari reindeer herding cooperative is part of the Western reindeer marking district. The cooperative is located to the Kolari municipality. The cooperative borders in north with Muonio, [&hellip;]\" \/>\n<meta property=\"og:url\" content=\"https:\/\/paliskunnat.fi\/reindeer-herders-association\/cooperatives\/cooperatives-info\/kolari\/\" \/>\n<meta property=\"og:site_name\" content=\"Reindeer Herders&#039; Association\" \/>\n<meta property=\"article:modified_time\" content=\"2023-06-06T11:49:18+00:00\" \/>\n<meta property=\"og:image\" content=\"https:\/\/paliskunnat.fi\/reindeer-herders-association\/wp-content\/uploads\/2014\/11\/32_kolari.png\" \/>\n<meta name=\"twitter:card\" content=\"summary_large_image\" \/>\n<meta name=\"twitter:label1\" content=\"Est. reading time\" \/>\n\t<meta name=\"twitter:data1\" content=\"2 minutes\" \/>\n<script type=\"application\/ld+json\" class=\"yoast-schema-graph\">{\"@context\":\"https:\/\/schema.org\",\"@graph\":[{\"@type\":\"WebPage\",\"@id\":\"https:\/\/paliskunnat.fi\/reindeer-herders-association\/cooperatives\/cooperatives-info\/kolari\/\",\"url\":\"https:\/\/paliskunnat.fi\/reindeer-herders-association\/cooperatives\/cooperatives-info\/kolari\/\",\"name\":\"32 Kolari - Reindeer Herders&#039; Association\",\"isPartOf\":{\"@id\":\"https:\/\/paliskunnat.fi\/reindeer-herders-association\/#website\"},\"primaryImageOfPage\":{\"@id\":\"https:\/\/paliskunnat.fi\/reindeer-herders-association\/cooperatives\/cooperatives-info\/kolari\/#primaryimage\"},\"image\":{\"@id\":\"https:\/\/paliskunnat.fi\/reindeer-herders-association\/cooperatives\/cooperatives-info\/kolari\/#primaryimage\"},\"thumbnailUrl\":\"https:\/\/paliskunnat.fi\/reindeer-herders-association\/wp-content\/uploads\/2014\/11\/32_kolari.png\",\"datePublished\":\"2014-11-23T13:22:50+00:00\",\"dateModified\":\"2023-06-06T11:49:18+00:00\",\"breadcrumb\":{\"@id\":\"https:\/\/paliskunnat.fi\/reindeer-herders-association\/cooperatives\/cooperatives-info\/kolari\/#breadcrumb\"},\"inLanguage\":\"en-US\",\"potentialAction\":[{\"@type\":\"ReadAction\",\"target\":[\"https:\/\/paliskunnat.fi\/reindeer-herders-association\/cooperatives\/cooperatives-info\/kolari\/\"]}]},{\"@type\":\"ImageObject\",\"inLanguage\":\"en-US\",\"@id\":\"https:\/\/paliskunnat.fi\/reindeer-herders-association\/cooperatives\/cooperatives-info\/kolari\/#primaryimage\",\"url\":\"https:\/\/paliskunnat.fi\/reindeer-herders-association\/wp-content\/uploads\/2014\/11\/32_kolari.png\",\"contentUrl\":\"https:\/\/paliskunnat.fi\/reindeer-herders-association\/wp-content\/uploads\/2014\/11\/32_kolari.png\"},{\"@type\":\"BreadcrumbList\",\"@id\":\"https:\/\/paliskunnat.fi\/reindeer-herders-association\/cooperatives\/cooperatives-info\/kolari\/#breadcrumb\",\"itemListElement\":[{\"@type\":\"ListItem\",\"position\":1,\"name\":\"Home\",\"item\":\"https:\/\/paliskunnat.fi\/reindeer-herders-association\/\"},{\"@type\":\"ListItem\",\"position\":2,\"name\":\"Cooperatives\",\"item\":\"https:\/\/paliskunnat.fi\/reindeer-herders-association\/cooperatives\/\"},{\"@type\":\"ListItem\",\"position\":3,\"name\":\"Information of cooperatives\",\"item\":\"https:\/\/paliskunnat.fi\/reindeer-herders-association\/cooperatives\/cooperatives-info\/\"},{\"@type\":\"ListItem\",\"position\":4,\"name\":\"32 Kolari\"}]},{\"@type\":\"WebSite\",\"@id\":\"https:\/\/paliskunnat.fi\/reindeer-herders-association\/#website\",\"url\":\"https:\/\/paliskunnat.fi\/reindeer-herders-association\/\",\"name\":\"Reindeer Herders&#039; Association\",\"description\":\"Finnish Reindeer Herders&#039; Association\",\"potentialAction\":[{\"@type\":\"SearchAction\",\"target\":{\"@type\":\"EntryPoint\",\"urlTemplate\":\"https:\/\/paliskunnat.fi\/reindeer-herders-association\/?s={search_term_string}\"},\"query-input\":{\"@type\":\"PropertyValueSpecification\",\"valueRequired\":true,\"valueName\":\"search_term_string\"}}],\"inLanguage\":\"en-US\"}]}<\/script>\n<!-- \/ Yoast SEO plugin. -->","yoast_head_json":{"title":"32 Kolari - Reindeer Herders&#039; Association","robots":{"index":"index","follow":"follow","max-snippet":"max-snippet:-1","max-image-preview":"max-image-preview:large","max-video-preview":"max-video-preview:-1"},"canonical":"https:\/\/paliskunnat.fi\/reindeer-herders-association\/cooperatives\/cooperatives-info\/kolari\/","og_locale":"en_US","og_type":"article","og_title":"32 Kolari - Reindeer Herders&#039; Association","og_description":"Kolari Chief of District:\u00a0Satta Mika E. Mobile:\u00a0 +358 400 231 710 Email:\u00a0&#x6d;i&#107;&#x61;&#x2e;e&#46;&#x73;&#x61;t&#116;&#x61;&#64;&#103;&#x6d;&#x61;i&#108;&#x2e;&#x63;o&#109; Hometown: Kolari Total area: 1 998.8 km2 Maximum number of reindeer: 2 600 Reindeer herders: 66 Kolari reindeer herding cooperative is part of the Western reindeer marking district. The cooperative is located to the Kolari municipality. The cooperative borders in north with Muonio, [&hellip;]","og_url":"https:\/\/paliskunnat.fi\/reindeer-herders-association\/cooperatives\/cooperatives-info\/kolari\/","og_site_name":"Reindeer Herders&#039; Association","article_modified_time":"2023-06-06T11:49:18+00:00","og_image":[{"url":"https:\/\/paliskunnat.fi\/reindeer-herders-association\/wp-content\/uploads\/2014\/11\/32_kolari.png","type":"","width":"","height":""}],"twitter_card":"summary_large_image","twitter_misc":{"Est. reading time":"2 minutes"},"schema":{"@context":"https:\/\/schema.org","@graph":[{"@type":"WebPage","@id":"https:\/\/paliskunnat.fi\/reindeer-herders-association\/cooperatives\/cooperatives-info\/kolari\/","url":"https:\/\/paliskunnat.fi\/reindeer-herders-association\/cooperatives\/cooperatives-info\/kolari\/","name":"32 Kolari - Reindeer Herders&#039; Association","isPartOf":{"@id":"https:\/\/paliskunnat.fi\/reindeer-herders-association\/#website"},"primaryImageOfPage":{"@id":"https:\/\/paliskunnat.fi\/reindeer-herders-association\/cooperatives\/cooperatives-info\/kolari\/#primaryimage"},"image":{"@id":"https:\/\/paliskunnat.fi\/reindeer-herders-association\/cooperatives\/cooperatives-info\/kolari\/#primaryimage"},"thumbnailUrl":"https:\/\/paliskunnat.fi\/reindeer-herders-association\/wp-content\/uploads\/2014\/11\/32_kolari.png","datePublished":"2014-11-23T13:22:50+00:00","dateModified":"2023-06-06T11:49:18+00:00","breadcrumb":{"@id":"https:\/\/paliskunnat.fi\/reindeer-herders-association\/cooperatives\/cooperatives-info\/kolari\/#breadcrumb"},"inLanguage":"en-US","potentialAction":[{"@type":"ReadAction","target":["https:\/\/paliskunnat.fi\/reindeer-herders-association\/cooperatives\/cooperatives-info\/kolari\/"]}]},{"@type":"ImageObject","inLanguage":"en-US","@id":"https:\/\/paliskunnat.fi\/reindeer-herders-association\/cooperatives\/cooperatives-info\/kolari\/#primaryimage","url":"https:\/\/paliskunnat.fi\/reindeer-herders-association\/wp-content\/uploads\/2014\/11\/32_kolari.png","contentUrl":"https:\/\/paliskunnat.fi\/reindeer-herders-association\/wp-content\/uploads\/2014\/11\/32_kolari.png"},{"@type":"BreadcrumbList","@id":"https:\/\/paliskunnat.fi\/reindeer-herders-association\/cooperatives\/cooperatives-info\/kolari\/#breadcrumb","itemListElement":[{"@type":"ListItem","position":1,"name":"Home","item":"https:\/\/paliskunnat.fi\/reindeer-herders-association\/"},{"@type":"ListItem","position":2,"name":"Cooperatives","item":"https:\/\/paliskunnat.fi\/reindeer-herders-association\/cooperatives\/"},{"@type":"ListItem","position":3,"name":"Information of cooperatives","item":"https:\/\/paliskunnat.fi\/reindeer-herders-association\/cooperatives\/cooperatives-info\/"},{"@type":"ListItem","position":4,"name":"32 Kolari"}]},{"@type":"WebSite","@id":"https:\/\/paliskunnat.fi\/reindeer-herders-association\/#website","url":"https:\/\/paliskunnat.fi\/reindeer-herders-association\/","name":"Reindeer Herders&#039; Association","description":"Finnish Reindeer Herders&#039; Association","potentialAction":[{"@type":"SearchAction","target":{"@type":"EntryPoint","urlTemplate":"https:\/\/paliskunnat.fi\/reindeer-herders-association\/?s={search_term_string}"},"query-input":{"@type":"PropertyValueSpecification","valueRequired":true,"valueName":"search_term_string"}}],"inLanguage":"en-US"}]}},"_links":{"self":[{"href":"https:\/\/paliskunnat.fi\/reindeer-herders-association\/wp-json\/wp\/v2\/pages\/1465","targetHints":{"allow":["GET"]}}],"collection":[{"href":"https:\/\/paliskunnat.fi\/reindeer-herders-association\/wp-json\/wp\/v2\/pages"}],"about":[{"href":"https:\/\/paliskunnat.fi\/reindeer-herders-association\/wp-json\/wp\/v2\/types\/page"}],"author":[{"embeddable":true,"href":"https:\/\/paliskunnat.fi\/reindeer-herders-association\/wp-json\/wp\/v2\/users\/1"}],"replies":[{"embeddable":true,"href":"https:\/\/paliskunnat.fi\/reindeer-herders-association\/wp-json\/wp\/v2\/comments?post=1465"}],"version-history":[{"count":7,"href":"https:\/\/paliskunnat.fi\/reindeer-herders-association\/wp-json\/wp\/v2\/pages\/1465\/revisions"}],"predecessor-version":[{"id":6198,"href":"https:\/\/paliskunnat.fi\/reindeer-herders-association\/wp-json\/wp\/v2\/pages\/1465\/revisions\/6198"}],"up":[{"embeddable":true,"href":"https:\/\/paliskunnat.fi\/reindeer-herders-association\/wp-json\/wp\/v2\/pages\/420"}],"wp:attachment":[{"href":"https:\/\/paliskunnat.fi\/reindeer-herders-association\/wp-json\/wp\/v2\/media?parent=1465"}],"curies":[{"name":"wp","href":"https:\/\/api.w.org\/{rel}","templated":true}]}}