{"id":1467,"date":"2014-11-23T17:25:05","date_gmt":"2014-11-23T15:25:05","guid":{"rendered":"http:\/\/80.69.171.23\/py\/?page_id=1467"},"modified":"2023-06-06T14:49:56","modified_gmt":"2023-06-06T11:49:56","slug":"jaasko","status":"publish","type":"page","link":"https:\/\/paliskunnat.fi\/reindeer-herders-association\/cooperatives\/cooperatives-info\/jaasko\/","title":{"rendered":"33 J\u00e4\u00e4sk\u00f6"},"content":{"rendered":"<h2>J\u00e4\u00e4sk\u00f6<\/h2>\n<p>Chief of District: Ollila Lauri-Pekka<br \/>\nMobile:\u00a0 +358 040 525 7369<br \/>\nEmail: &#x6c;&#97;t&#x65;&#x6f;&#108;l&#x69;&#x6c;&#97;&#64;&#x67;&#x6d;&#97;i&#x6c;&#x2e;&#99;o&#x6d;<\/p>\n<p><a href=\"https:\/\/paliskunnat.fi\/reindeer-herders-association\/wp-content\/uploads\/2014\/11\/33_jaasko.png\" rel=\"lightbox[1467]\"><img loading=\"lazy\" decoding=\"async\" class=\" wp-image-1521 alignleft\" src=\"https:\/\/paliskunnat.fi\/reindeer-herders-association\/wp-content\/uploads\/2014\/11\/33_jaasko.png\" alt=\"33 J\u00e4\u00e4sk\u00f6\" width=\"300\" height=\"387\" srcset=\"https:\/\/paliskunnat.fi\/reindeer-herders-association\/wp-content\/uploads\/2014\/11\/33_jaasko.png 775w, https:\/\/paliskunnat.fi\/reindeer-herders-association\/wp-content\/uploads\/2014\/11\/33_jaasko-233x300.png 233w\" sizes=\"auto, (max-width: 300px) 100vw, 300px\" \/><\/a><\/p>\n<p>&nbsp;<\/p>\n<p>&nbsp;<\/p>\n<p>&nbsp;<\/p>\n<p>&nbsp;<\/p>\n<p>&nbsp;<\/p>\n<p>&nbsp;<\/p>\n<p>&nbsp;<\/p>\n<p>&nbsp;<\/p>\n<p>&nbsp;<\/p>\n<p>&nbsp;<\/p>\n<p>&nbsp;<\/p>\n<table width=\"450\">\n<tbody>\n<tr>\n<td>Hometown:<\/td>\n<td>Rovaniemi<\/td>\n<\/tr>\n<tr>\n<td>Total area:<\/td>\n<td>593.7 km<sup>2<\/sup><\/td>\n<\/tr>\n<tr>\n<td>Maximum number of reindeer:<\/td>\n<td>1 000<\/td>\n<\/tr>\n<tr>\n<td>Reindeer herders:<\/td>\n<td>25<\/td>\n<\/tr>\n<\/tbody>\n<\/table>\n<p>J\u00e4\u00e4sk\u00f6 reindeer herding cooperative is part of the Western reindeer marking district. The cooperative is located mainly to the Rovaniemi municipality, and some parts of the north to Kittil\u00e4 and Kolari municipalities. The cooperative borders in north with Alakyl\u00e4, in east with Poikaj\u00e4rvi, in south with Paloj\u00e4rvi and in west with Kolari cooperatives.<\/p>\n<p>48.1 % of the cooperative\u2019s total area is state land and 51.9 % is owned by other landowners.. There are small protected primeval forest areas, Haukkakallionmaa and P\u00e4l\u00e4m\u00e4nnikk\u00f6, in the middle of the cooperative area.<\/p>\n<p>The main round up fence is Riiminj\u00e4nk\u00e4 that is located in the northern part of the cooperative. Other central autumn round up fences Liikamaa in \u00c4ij\u00e4vaara and Riikovaara.<\/p>\n<p>The biggest villages are Meltaus, Marrasj\u00e4rvi and Marraskoski. The herders live in the villages: Meltaus, J\u00e4\u00e4sk\u00f6, Tolonen, Maijanen and Porokari.<\/p>\n<p>&nbsp;<\/p>\n<p>&nbsp;<\/p>\n<p><!--more--><\/p>\n<h2>J\u00e4\u00e4sk\u00f6 Facebook<\/h2>\n<p>J\u00e4\u00e4sk\u00f6 reindeer herding cooperative in <a href=\"https:\/\/www.facebook.com\/pages\/J%C3%A4%C3%A4sk%C3%B6n-paliskunta\/368223076536010?fref=ts\">Facebook<\/a>.<\/p>\n","protected":false},"excerpt":{"rendered":"<p>J\u00e4\u00e4sk\u00f6 Chief of District: Ollila Lauri-Pekka Mobile:\u00a0 +358 040 525 7369 Email: &#x6c;&#x61;&#116;&#101;&#111;l&#x6c;&#x69;&#x6c;&#97;&#64;gm&#x61;&#x69;&#x6c;&#46;&#99;o&#x6d; &nbsp; &nbsp; &nbsp; &nbsp; &nbsp; &nbsp; &nbsp; &nbsp; &nbsp; &nbsp; &nbsp; Hometown: Rovaniemi Total area: 593.7 km2 Maximum number of reindeer: 1 000 Reindeer herders: 25 J\u00e4\u00e4sk\u00f6 reindeer herding cooperative is part of the Western reindeer marking district. The cooperative is located [&hellip;]<\/p>\n","protected":false},"author":1,"featured_media":0,"parent":420,"menu_order":33,"comment_status":"open","ping_status":"closed","template":"paliskuntasivut.php","meta":{"footnotes":""},"class_list":["post-1467","page","type-page","status-publish","hentry"],"yoast_head":"<!-- This site is optimized with the Yoast SEO plugin v27.1.1 - https:\/\/yoast.com\/product\/yoast-seo-wordpress\/ -->\n<title>33 J\u00e4\u00e4sk\u00f6 - Reindeer Herders&#039; Association<\/title>\n<meta name=\"robots\" content=\"index, follow, max-snippet:-1, max-image-preview:large, max-video-preview:-1\" \/>\n<link rel=\"canonical\" href=\"https:\/\/paliskunnat.fi\/reindeer-herders-association\/cooperatives\/cooperatives-info\/jaasko\/\" \/>\n<meta property=\"og:locale\" content=\"en_US\" \/>\n<meta property=\"og:type\" content=\"article\" \/>\n<meta property=\"og:title\" content=\"33 J\u00e4\u00e4sk\u00f6 - Reindeer Herders&#039; Association\" \/>\n<meta property=\"og:description\" content=\"J\u00e4\u00e4sk\u00f6 Chief of District: Ollila Lauri-Pekka Mobile:\u00a0 +358 040 525 7369 Email: &#x6c;&#x61;&#x74;&#101;&#111;&#108;li&#x6c;&#x61;&#x40;&#x67;&#109;&#097;il&#x2e;&#x63;&#x6f;&#x6d; &nbsp; &nbsp; &nbsp; &nbsp; &nbsp; &nbsp; &nbsp; &nbsp; &nbsp; &nbsp; &nbsp; Hometown: Rovaniemi Total area: 593.7 km2 Maximum number of reindeer: 1 000 Reindeer herders: 25 J\u00e4\u00e4sk\u00f6 reindeer herding cooperative is part of the Western reindeer marking district. The cooperative is located [&hellip;]\" \/>\n<meta property=\"og:url\" content=\"https:\/\/paliskunnat.fi\/reindeer-herders-association\/cooperatives\/cooperatives-info\/jaasko\/\" \/>\n<meta property=\"og:site_name\" content=\"Reindeer Herders&#039; Association\" \/>\n<meta property=\"article:modified_time\" content=\"2023-06-06T11:49:56+00:00\" \/>\n<meta property=\"og:image\" content=\"https:\/\/paliskunnat.fi\/reindeer-herders-association\/wp-content\/uploads\/2014\/11\/33_jaasko.png\" \/>\n<meta name=\"twitter:card\" content=\"summary_large_image\" \/>\n<meta name=\"twitter:label1\" content=\"Est. reading time\" \/>\n\t<meta name=\"twitter:data1\" content=\"1 minute\" \/>\n<script type=\"application\/ld+json\" class=\"yoast-schema-graph\">{\"@context\":\"https:\/\/schema.org\",\"@graph\":[{\"@type\":\"WebPage\",\"@id\":\"https:\/\/paliskunnat.fi\/reindeer-herders-association\/cooperatives\/cooperatives-info\/jaasko\/\",\"url\":\"https:\/\/paliskunnat.fi\/reindeer-herders-association\/cooperatives\/cooperatives-info\/jaasko\/\",\"name\":\"33 J\u00e4\u00e4sk\u00f6 - Reindeer Herders&#039; Association\",\"isPartOf\":{\"@id\":\"https:\/\/paliskunnat.fi\/reindeer-herders-association\/#website\"},\"primaryImageOfPage\":{\"@id\":\"https:\/\/paliskunnat.fi\/reindeer-herders-association\/cooperatives\/cooperatives-info\/jaasko\/#primaryimage\"},\"image\":{\"@id\":\"https:\/\/paliskunnat.fi\/reindeer-herders-association\/cooperatives\/cooperatives-info\/jaasko\/#primaryimage\"},\"thumbnailUrl\":\"https:\/\/paliskunnat.fi\/reindeer-herders-association\/wp-content\/uploads\/2014\/11\/33_jaasko.png\",\"datePublished\":\"2014-11-23T15:25:05+00:00\",\"dateModified\":\"2023-06-06T11:49:56+00:00\",\"breadcrumb\":{\"@id\":\"https:\/\/paliskunnat.fi\/reindeer-herders-association\/cooperatives\/cooperatives-info\/jaasko\/#breadcrumb\"},\"inLanguage\":\"en-US\",\"potentialAction\":[{\"@type\":\"ReadAction\",\"target\":[\"https:\/\/paliskunnat.fi\/reindeer-herders-association\/cooperatives\/cooperatives-info\/jaasko\/\"]}]},{\"@type\":\"ImageObject\",\"inLanguage\":\"en-US\",\"@id\":\"https:\/\/paliskunnat.fi\/reindeer-herders-association\/cooperatives\/cooperatives-info\/jaasko\/#primaryimage\",\"url\":\"https:\/\/paliskunnat.fi\/reindeer-herders-association\/wp-content\/uploads\/2014\/11\/33_jaasko.png\",\"contentUrl\":\"https:\/\/paliskunnat.fi\/reindeer-herders-association\/wp-content\/uploads\/2014\/11\/33_jaasko.png\"},{\"@type\":\"BreadcrumbList\",\"@id\":\"https:\/\/paliskunnat.fi\/reindeer-herders-association\/cooperatives\/cooperatives-info\/jaasko\/#breadcrumb\",\"itemListElement\":[{\"@type\":\"ListItem\",\"position\":1,\"name\":\"Home\",\"item\":\"https:\/\/paliskunnat.fi\/reindeer-herders-association\/\"},{\"@type\":\"ListItem\",\"position\":2,\"name\":\"Cooperatives\",\"item\":\"https:\/\/paliskunnat.fi\/reindeer-herders-association\/cooperatives\/\"},{\"@type\":\"ListItem\",\"position\":3,\"name\":\"Information of cooperatives\",\"item\":\"https:\/\/paliskunnat.fi\/reindeer-herders-association\/cooperatives\/cooperatives-info\/\"},{\"@type\":\"ListItem\",\"position\":4,\"name\":\"33 J\u00e4\u00e4sk\u00f6\"}]},{\"@type\":\"WebSite\",\"@id\":\"https:\/\/paliskunnat.fi\/reindeer-herders-association\/#website\",\"url\":\"https:\/\/paliskunnat.fi\/reindeer-herders-association\/\",\"name\":\"Reindeer Herders&#039; Association\",\"description\":\"Finnish Reindeer Herders&#039; Association\",\"potentialAction\":[{\"@type\":\"SearchAction\",\"target\":{\"@type\":\"EntryPoint\",\"urlTemplate\":\"https:\/\/paliskunnat.fi\/reindeer-herders-association\/?s={search_term_string}\"},\"query-input\":{\"@type\":\"PropertyValueSpecification\",\"valueRequired\":true,\"valueName\":\"search_term_string\"}}],\"inLanguage\":\"en-US\"}]}<\/script>\n<!-- \/ Yoast SEO plugin. -->","yoast_head_json":{"title":"33 J\u00e4\u00e4sk\u00f6 - Reindeer Herders&#039; Association","robots":{"index":"index","follow":"follow","max-snippet":"max-snippet:-1","max-image-preview":"max-image-preview:large","max-video-preview":"max-video-preview:-1"},"canonical":"https:\/\/paliskunnat.fi\/reindeer-herders-association\/cooperatives\/cooperatives-info\/jaasko\/","og_locale":"en_US","og_type":"article","og_title":"33 J\u00e4\u00e4sk\u00f6 - Reindeer Herders&#039; Association","og_description":"J\u00e4\u00e4sk\u00f6 Chief of District: Ollila Lauri-Pekka Mobile:\u00a0 +358 040 525 7369 Email: &#x6c;&#x61;&#x74;&#101;&#111;&#108;li&#x6c;&#x61;&#x40;&#x67;&#109;&#97;il&#x2e;&#x63;&#x6f;&#x6d; &nbsp; &nbsp; &nbsp; &nbsp; &nbsp; &nbsp; &nbsp; &nbsp; &nbsp; &nbsp; &nbsp; Hometown: Rovaniemi Total area: 593.7 km2 Maximum number of reindeer: 1 000 Reindeer herders: 25 J\u00e4\u00e4sk\u00f6 reindeer herding cooperative is part of the Western reindeer marking district. The cooperative is located [&hellip;]","og_url":"https:\/\/paliskunnat.fi\/reindeer-herders-association\/cooperatives\/cooperatives-info\/jaasko\/","og_site_name":"Reindeer Herders&#039; Association","article_modified_time":"2023-06-06T11:49:56+00:00","og_image":[{"url":"https:\/\/paliskunnat.fi\/reindeer-herders-association\/wp-content\/uploads\/2014\/11\/33_jaasko.png","type":"","width":"","height":""}],"twitter_card":"summary_large_image","twitter_misc":{"Est. reading time":"1 minute"},"schema":{"@context":"https:\/\/schema.org","@graph":[{"@type":"WebPage","@id":"https:\/\/paliskunnat.fi\/reindeer-herders-association\/cooperatives\/cooperatives-info\/jaasko\/","url":"https:\/\/paliskunnat.fi\/reindeer-herders-association\/cooperatives\/cooperatives-info\/jaasko\/","name":"33 J\u00e4\u00e4sk\u00f6 - Reindeer Herders&#039; Association","isPartOf":{"@id":"https:\/\/paliskunnat.fi\/reindeer-herders-association\/#website"},"primaryImageOfPage":{"@id":"https:\/\/paliskunnat.fi\/reindeer-herders-association\/cooperatives\/cooperatives-info\/jaasko\/#primaryimage"},"image":{"@id":"https:\/\/paliskunnat.fi\/reindeer-herders-association\/cooperatives\/cooperatives-info\/jaasko\/#primaryimage"},"thumbnailUrl":"https:\/\/paliskunnat.fi\/reindeer-herders-association\/wp-content\/uploads\/2014\/11\/33_jaasko.png","datePublished":"2014-11-23T15:25:05+00:00","dateModified":"2023-06-06T11:49:56+00:00","breadcrumb":{"@id":"https:\/\/paliskunnat.fi\/reindeer-herders-association\/cooperatives\/cooperatives-info\/jaasko\/#breadcrumb"},"inLanguage":"en-US","potentialAction":[{"@type":"ReadAction","target":["https:\/\/paliskunnat.fi\/reindeer-herders-association\/cooperatives\/cooperatives-info\/jaasko\/"]}]},{"@type":"ImageObject","inLanguage":"en-US","@id":"https:\/\/paliskunnat.fi\/reindeer-herders-association\/cooperatives\/cooperatives-info\/jaasko\/#primaryimage","url":"https:\/\/paliskunnat.fi\/reindeer-herders-association\/wp-content\/uploads\/2014\/11\/33_jaasko.png","contentUrl":"https:\/\/paliskunnat.fi\/reindeer-herders-association\/wp-content\/uploads\/2014\/11\/33_jaasko.png"},{"@type":"BreadcrumbList","@id":"https:\/\/paliskunnat.fi\/reindeer-herders-association\/cooperatives\/cooperatives-info\/jaasko\/#breadcrumb","itemListElement":[{"@type":"ListItem","position":1,"name":"Home","item":"https:\/\/paliskunnat.fi\/reindeer-herders-association\/"},{"@type":"ListItem","position":2,"name":"Cooperatives","item":"https:\/\/paliskunnat.fi\/reindeer-herders-association\/cooperatives\/"},{"@type":"ListItem","position":3,"name":"Information of cooperatives","item":"https:\/\/paliskunnat.fi\/reindeer-herders-association\/cooperatives\/cooperatives-info\/"},{"@type":"ListItem","position":4,"name":"33 J\u00e4\u00e4sk\u00f6"}]},{"@type":"WebSite","@id":"https:\/\/paliskunnat.fi\/reindeer-herders-association\/#website","url":"https:\/\/paliskunnat.fi\/reindeer-herders-association\/","name":"Reindeer Herders&#039; Association","description":"Finnish Reindeer Herders&#039; Association","potentialAction":[{"@type":"SearchAction","target":{"@type":"EntryPoint","urlTemplate":"https:\/\/paliskunnat.fi\/reindeer-herders-association\/?s={search_term_string}"},"query-input":{"@type":"PropertyValueSpecification","valueRequired":true,"valueName":"search_term_string"}}],"inLanguage":"en-US"}]}},"_links":{"self":[{"href":"https:\/\/paliskunnat.fi\/reindeer-herders-association\/wp-json\/wp\/v2\/pages\/1467","targetHints":{"allow":["GET"]}}],"collection":[{"href":"https:\/\/paliskunnat.fi\/reindeer-herders-association\/wp-json\/wp\/v2\/pages"}],"about":[{"href":"https:\/\/paliskunnat.fi\/reindeer-herders-association\/wp-json\/wp\/v2\/types\/page"}],"author":[{"embeddable":true,"href":"https:\/\/paliskunnat.fi\/reindeer-herders-association\/wp-json\/wp\/v2\/users\/1"}],"replies":[{"embeddable":true,"href":"https:\/\/paliskunnat.fi\/reindeer-herders-association\/wp-json\/wp\/v2\/comments?post=1467"}],"version-history":[{"count":11,"href":"https:\/\/paliskunnat.fi\/reindeer-herders-association\/wp-json\/wp\/v2\/pages\/1467\/revisions"}],"predecessor-version":[{"id":6199,"href":"https:\/\/paliskunnat.fi\/reindeer-herders-association\/wp-json\/wp\/v2\/pages\/1467\/revisions\/6199"}],"up":[{"embeddable":true,"href":"https:\/\/paliskunnat.fi\/reindeer-herders-association\/wp-json\/wp\/v2\/pages\/420"}],"wp:attachment":[{"href":"https:\/\/paliskunnat.fi\/reindeer-herders-association\/wp-json\/wp\/v2\/media?parent=1467"}],"curies":[{"name":"wp","href":"https:\/\/api.w.org\/{rel}","templated":true}]}}