{"id":1469,"date":"2014-11-23T17:27:20","date_gmt":"2014-11-23T15:27:20","guid":{"rendered":"http:\/\/80.69.171.23\/py\/?page_id=1469"},"modified":"2024-01-03T06:08:53","modified_gmt":"2024-01-03T04:08:53","slug":"narkaus","status":"publish","type":"page","link":"https:\/\/paliskunnat.fi\/reindeer-herders-association\/cooperatives\/cooperatives-info\/narkaus\/","title":{"rendered":"34 Narkaus"},"content":{"rendered":"<h2>Narkaus<\/h2>\n<p>Chief of District: Pet\u00e4j\u00e4j\u00e4rvi Antero<br \/>\nMobile:\u00a0 +358\u00a0400 151 988<br \/>\nEmail: &#x61;&#110;&#x74;&#x65;&#114;&#x6f;&#x2e;&#112;&#x65;&#x74;&#97;&#x6a;&#x61;j&#x61;&#x72;v&#x69;&#64;g&#x6d;&#97;i&#x6c;&#46;c&#x6f;&#109;<\/p>\n<p><a href=\"https:\/\/paliskunnat.fi\/reindeer-herders-association\/wp-content\/uploads\/2014\/11\/34_narkaus.png\" rel=\"lightbox[1469]\"><img loading=\"lazy\" decoding=\"async\" class=\"alignnone wp-image-1523\" src=\"https:\/\/paliskunnat.fi\/reindeer-herders-association\/wp-content\/uploads\/2014\/11\/34_narkaus.png\" alt=\"34 Narkaus\" width=\"300\" height=\"387\" srcset=\"https:\/\/paliskunnat.fi\/reindeer-herders-association\/wp-content\/uploads\/2014\/11\/34_narkaus.png 775w, https:\/\/paliskunnat.fi\/reindeer-herders-association\/wp-content\/uploads\/2014\/11\/34_narkaus-233x300.png 233w\" sizes=\"auto, (max-width: 300px) 100vw, 300px\" \/><\/a><\/p>\n<table width=\"450\">\n<tbody>\n<tr>\n<td>Hometown:<\/td>\n<td>Rovaniemi<\/td>\n<\/tr>\n<tr>\n<td>Total area:<\/td>\n<td>2 462.5 km<sup>2<\/sup><\/td>\n<\/tr>\n<tr>\n<td>Maximum number of reindeer:<\/td>\n<td>2 000<\/td>\n<\/tr>\n<tr>\n<td>Reindeer herders:<\/td>\n<td>74<\/td>\n<\/tr>\n<\/tbody>\n<\/table>\n<p>Narkaus reindeer herding cooperative is part of the It\u00e4kemijoki reindeer marking district. The cooperative is located to the Rovaniemi, Tervola and Ranua municipalities. The cooperative borders in north with Poikaj\u00e4rvi, in east with Vanttaus and Niemel\u00e4, in south with Isosyd\u00e4nmaa and Kuukas and in west with Paloj\u00e4rvi cooperatives.<\/p>\n<p>34.8 % of the cooperative\u2019s total area is state land and 65.2 % is owned by other landowners. There is Suhanko palladium mining claim area, Kakariaava mire reserve area, Runkaus strict nature reserve area, and Rakkaviita and Poikkimaa peat production sites.<\/p>\n<p>The cooperative has a comprehensive fence network, with 10 immovable fences.\u00a0 Transferable fences are used when needed.<\/p>\n<p>The most significant habitant area is the Rovaniemi city. There are several villages such as Rautionsaari, Kivitaipale, Portimoj\u00e4rvi, Narkaus and Jokela. There are also people living in the areas of the Ranua and Tervola municipalities.<\/p>\n<p>&nbsp;<\/p>\n<p>&nbsp;<\/p>\n","protected":false},"excerpt":{"rendered":"<p>Narkaus Chief of District: Pet\u00e4j\u00e4j\u00e4rvi Antero Mobile:\u00a0 +358\u00a0400 151 988 Email: &#97;n&#x74;e&#x72;&#111;&#x2e;&#112;&#x65;&#116;a&#x6a;a&#x6a;&#97;&#x72;&#118;&#x69;&#64;&#x67;&#109;a&#x69;l&#x2e;&#99;&#x6f;&#109; Hometown: Rovaniemi Total area: 2 462.5 km2 Maximum number of reindeer: 2 000 Reindeer herders: 74 Narkaus reindeer herding cooperative is part of the It\u00e4kemijoki reindeer marking district. The cooperative is located to the Rovaniemi, Tervola and Ranua municipalities. The cooperative borders in [&hellip;]<\/p>\n","protected":false},"author":1,"featured_media":0,"parent":420,"menu_order":34,"comment_status":"open","ping_status":"closed","template":"paliskuntasivut.php","meta":{"footnotes":""},"class_list":["post-1469","page","type-page","status-publish","hentry"],"yoast_head":"<!-- This site is optimized with the Yoast SEO plugin v27.1.1 - https:\/\/yoast.com\/product\/yoast-seo-wordpress\/ -->\n<title>34 Narkaus - Reindeer Herders&#039; Association<\/title>\n<meta name=\"robots\" content=\"index, follow, max-snippet:-1, max-image-preview:large, max-video-preview:-1\" \/>\n<link rel=\"canonical\" href=\"https:\/\/paliskunnat.fi\/reindeer-herders-association\/cooperatives\/cooperatives-info\/narkaus\/\" \/>\n<meta property=\"og:locale\" content=\"en_US\" \/>\n<meta property=\"og:type\" content=\"article\" \/>\n<meta property=\"og:title\" content=\"34 Narkaus - Reindeer Herders&#039; Association\" \/>\n<meta property=\"og:description\" content=\"Narkaus Chief of District: Pet\u00e4j\u00e4j\u00e4rvi Antero Mobile:\u00a0 +358\u00a0400 151 988 Email: &#x61;&#110;t&#x65;&#114;o&#x2e;&#112;e&#x74;&#097;j&#x61;&#106;a&#x72;&#118;i&#x40;&#103;m&#x61;&#105;l&#x2e;&#099;o&#x6d; Hometown: Rovaniemi Total area: 2 462.5 km2 Maximum number of reindeer: 2 000 Reindeer herders: 74 Narkaus reindeer herding cooperative is part of the It\u00e4kemijoki reindeer marking district. The cooperative is located to the Rovaniemi, Tervola and Ranua municipalities. The cooperative borders in [&hellip;]\" \/>\n<meta property=\"og:url\" content=\"https:\/\/paliskunnat.fi\/reindeer-herders-association\/cooperatives\/cooperatives-info\/narkaus\/\" \/>\n<meta property=\"og:site_name\" content=\"Reindeer Herders&#039; Association\" \/>\n<meta property=\"article:modified_time\" content=\"2024-01-03T04:08:53+00:00\" \/>\n<meta property=\"og:image\" content=\"https:\/\/paliskunnat.fi\/reindeer-herders-association\/wp-content\/uploads\/2014\/11\/34_narkaus.png\" \/>\n<meta name=\"twitter:card\" content=\"summary_large_image\" \/>\n<meta name=\"twitter:label1\" content=\"Est. reading time\" \/>\n\t<meta name=\"twitter:data1\" content=\"1 minute\" \/>\n<script type=\"application\/ld+json\" class=\"yoast-schema-graph\">{\"@context\":\"https:\/\/schema.org\",\"@graph\":[{\"@type\":\"WebPage\",\"@id\":\"https:\/\/paliskunnat.fi\/reindeer-herders-association\/cooperatives\/cooperatives-info\/narkaus\/\",\"url\":\"https:\/\/paliskunnat.fi\/reindeer-herders-association\/cooperatives\/cooperatives-info\/narkaus\/\",\"name\":\"34 Narkaus - Reindeer Herders&#039; Association\",\"isPartOf\":{\"@id\":\"https:\/\/paliskunnat.fi\/reindeer-herders-association\/#website\"},\"primaryImageOfPage\":{\"@id\":\"https:\/\/paliskunnat.fi\/reindeer-herders-association\/cooperatives\/cooperatives-info\/narkaus\/#primaryimage\"},\"image\":{\"@id\":\"https:\/\/paliskunnat.fi\/reindeer-herders-association\/cooperatives\/cooperatives-info\/narkaus\/#primaryimage\"},\"thumbnailUrl\":\"https:\/\/paliskunnat.fi\/reindeer-herders-association\/wp-content\/uploads\/2014\/11\/34_narkaus.png\",\"datePublished\":\"2014-11-23T15:27:20+00:00\",\"dateModified\":\"2024-01-03T04:08:53+00:00\",\"breadcrumb\":{\"@id\":\"https:\/\/paliskunnat.fi\/reindeer-herders-association\/cooperatives\/cooperatives-info\/narkaus\/#breadcrumb\"},\"inLanguage\":\"en-US\",\"potentialAction\":[{\"@type\":\"ReadAction\",\"target\":[\"https:\/\/paliskunnat.fi\/reindeer-herders-association\/cooperatives\/cooperatives-info\/narkaus\/\"]}]},{\"@type\":\"ImageObject\",\"inLanguage\":\"en-US\",\"@id\":\"https:\/\/paliskunnat.fi\/reindeer-herders-association\/cooperatives\/cooperatives-info\/narkaus\/#primaryimage\",\"url\":\"https:\/\/paliskunnat.fi\/reindeer-herders-association\/wp-content\/uploads\/2014\/11\/34_narkaus.png\",\"contentUrl\":\"https:\/\/paliskunnat.fi\/reindeer-herders-association\/wp-content\/uploads\/2014\/11\/34_narkaus.png\"},{\"@type\":\"BreadcrumbList\",\"@id\":\"https:\/\/paliskunnat.fi\/reindeer-herders-association\/cooperatives\/cooperatives-info\/narkaus\/#breadcrumb\",\"itemListElement\":[{\"@type\":\"ListItem\",\"position\":1,\"name\":\"Home\",\"item\":\"https:\/\/paliskunnat.fi\/reindeer-herders-association\/\"},{\"@type\":\"ListItem\",\"position\":2,\"name\":\"Cooperatives\",\"item\":\"https:\/\/paliskunnat.fi\/reindeer-herders-association\/cooperatives\/\"},{\"@type\":\"ListItem\",\"position\":3,\"name\":\"Information of cooperatives\",\"item\":\"https:\/\/paliskunnat.fi\/reindeer-herders-association\/cooperatives\/cooperatives-info\/\"},{\"@type\":\"ListItem\",\"position\":4,\"name\":\"34 Narkaus\"}]},{\"@type\":\"WebSite\",\"@id\":\"https:\/\/paliskunnat.fi\/reindeer-herders-association\/#website\",\"url\":\"https:\/\/paliskunnat.fi\/reindeer-herders-association\/\",\"name\":\"Reindeer Herders&#039; Association\",\"description\":\"Finnish Reindeer Herders&#039; Association\",\"potentialAction\":[{\"@type\":\"SearchAction\",\"target\":{\"@type\":\"EntryPoint\",\"urlTemplate\":\"https:\/\/paliskunnat.fi\/reindeer-herders-association\/?s={search_term_string}\"},\"query-input\":{\"@type\":\"PropertyValueSpecification\",\"valueRequired\":true,\"valueName\":\"search_term_string\"}}],\"inLanguage\":\"en-US\"}]}<\/script>\n<!-- \/ Yoast SEO plugin. -->","yoast_head_json":{"title":"34 Narkaus - Reindeer Herders&#039; Association","robots":{"index":"index","follow":"follow","max-snippet":"max-snippet:-1","max-image-preview":"max-image-preview:large","max-video-preview":"max-video-preview:-1"},"canonical":"https:\/\/paliskunnat.fi\/reindeer-herders-association\/cooperatives\/cooperatives-info\/narkaus\/","og_locale":"en_US","og_type":"article","og_title":"34 Narkaus - Reindeer Herders&#039; Association","og_description":"Narkaus Chief of District: Pet\u00e4j\u00e4j\u00e4rvi Antero Mobile:\u00a0 +358\u00a0400 151 988 Email: &#x61;&#110;t&#x65;&#114;o&#x2e;&#112;e&#x74;&#97;j&#x61;&#106;a&#x72;&#118;i&#x40;&#103;m&#x61;&#105;l&#x2e;&#99;o&#x6d; Hometown: Rovaniemi Total area: 2 462.5 km2 Maximum number of reindeer: 2 000 Reindeer herders: 74 Narkaus reindeer herding cooperative is part of the It\u00e4kemijoki reindeer marking district. The cooperative is located to the Rovaniemi, Tervola and Ranua municipalities. The cooperative borders in [&hellip;]","og_url":"https:\/\/paliskunnat.fi\/reindeer-herders-association\/cooperatives\/cooperatives-info\/narkaus\/","og_site_name":"Reindeer Herders&#039; Association","article_modified_time":"2024-01-03T04:08:53+00:00","og_image":[{"url":"https:\/\/paliskunnat.fi\/reindeer-herders-association\/wp-content\/uploads\/2014\/11\/34_narkaus.png","type":"","width":"","height":""}],"twitter_card":"summary_large_image","twitter_misc":{"Est. reading time":"1 minute"},"schema":{"@context":"https:\/\/schema.org","@graph":[{"@type":"WebPage","@id":"https:\/\/paliskunnat.fi\/reindeer-herders-association\/cooperatives\/cooperatives-info\/narkaus\/","url":"https:\/\/paliskunnat.fi\/reindeer-herders-association\/cooperatives\/cooperatives-info\/narkaus\/","name":"34 Narkaus - Reindeer Herders&#039; Association","isPartOf":{"@id":"https:\/\/paliskunnat.fi\/reindeer-herders-association\/#website"},"primaryImageOfPage":{"@id":"https:\/\/paliskunnat.fi\/reindeer-herders-association\/cooperatives\/cooperatives-info\/narkaus\/#primaryimage"},"image":{"@id":"https:\/\/paliskunnat.fi\/reindeer-herders-association\/cooperatives\/cooperatives-info\/narkaus\/#primaryimage"},"thumbnailUrl":"https:\/\/paliskunnat.fi\/reindeer-herders-association\/wp-content\/uploads\/2014\/11\/34_narkaus.png","datePublished":"2014-11-23T15:27:20+00:00","dateModified":"2024-01-03T04:08:53+00:00","breadcrumb":{"@id":"https:\/\/paliskunnat.fi\/reindeer-herders-association\/cooperatives\/cooperatives-info\/narkaus\/#breadcrumb"},"inLanguage":"en-US","potentialAction":[{"@type":"ReadAction","target":["https:\/\/paliskunnat.fi\/reindeer-herders-association\/cooperatives\/cooperatives-info\/narkaus\/"]}]},{"@type":"ImageObject","inLanguage":"en-US","@id":"https:\/\/paliskunnat.fi\/reindeer-herders-association\/cooperatives\/cooperatives-info\/narkaus\/#primaryimage","url":"https:\/\/paliskunnat.fi\/reindeer-herders-association\/wp-content\/uploads\/2014\/11\/34_narkaus.png","contentUrl":"https:\/\/paliskunnat.fi\/reindeer-herders-association\/wp-content\/uploads\/2014\/11\/34_narkaus.png"},{"@type":"BreadcrumbList","@id":"https:\/\/paliskunnat.fi\/reindeer-herders-association\/cooperatives\/cooperatives-info\/narkaus\/#breadcrumb","itemListElement":[{"@type":"ListItem","position":1,"name":"Home","item":"https:\/\/paliskunnat.fi\/reindeer-herders-association\/"},{"@type":"ListItem","position":2,"name":"Cooperatives","item":"https:\/\/paliskunnat.fi\/reindeer-herders-association\/cooperatives\/"},{"@type":"ListItem","position":3,"name":"Information of cooperatives","item":"https:\/\/paliskunnat.fi\/reindeer-herders-association\/cooperatives\/cooperatives-info\/"},{"@type":"ListItem","position":4,"name":"34 Narkaus"}]},{"@type":"WebSite","@id":"https:\/\/paliskunnat.fi\/reindeer-herders-association\/#website","url":"https:\/\/paliskunnat.fi\/reindeer-herders-association\/","name":"Reindeer Herders&#039; Association","description":"Finnish Reindeer Herders&#039; Association","potentialAction":[{"@type":"SearchAction","target":{"@type":"EntryPoint","urlTemplate":"https:\/\/paliskunnat.fi\/reindeer-herders-association\/?s={search_term_string}"},"query-input":{"@type":"PropertyValueSpecification","valueRequired":true,"valueName":"search_term_string"}}],"inLanguage":"en-US"}]}},"_links":{"self":[{"href":"https:\/\/paliskunnat.fi\/reindeer-herders-association\/wp-json\/wp\/v2\/pages\/1469","targetHints":{"allow":["GET"]}}],"collection":[{"href":"https:\/\/paliskunnat.fi\/reindeer-herders-association\/wp-json\/wp\/v2\/pages"}],"about":[{"href":"https:\/\/paliskunnat.fi\/reindeer-herders-association\/wp-json\/wp\/v2\/types\/page"}],"author":[{"embeddable":true,"href":"https:\/\/paliskunnat.fi\/reindeer-herders-association\/wp-json\/wp\/v2\/users\/1"}],"replies":[{"embeddable":true,"href":"https:\/\/paliskunnat.fi\/reindeer-herders-association\/wp-json\/wp\/v2\/comments?post=1469"}],"version-history":[{"count":8,"href":"https:\/\/paliskunnat.fi\/reindeer-herders-association\/wp-json\/wp\/v2\/pages\/1469\/revisions"}],"predecessor-version":[{"id":6282,"href":"https:\/\/paliskunnat.fi\/reindeer-herders-association\/wp-json\/wp\/v2\/pages\/1469\/revisions\/6282"}],"up":[{"embeddable":true,"href":"https:\/\/paliskunnat.fi\/reindeer-herders-association\/wp-json\/wp\/v2\/pages\/420"}],"wp:attachment":[{"href":"https:\/\/paliskunnat.fi\/reindeer-herders-association\/wp-json\/wp\/v2\/media?parent=1469"}],"curies":[{"name":"wp","href":"https:\/\/api.w.org\/{rel}","templated":true}]}}