{"id":1477,"date":"2014-11-23T17:33:54","date_gmt":"2014-11-23T15:33:54","guid":{"rendered":"http:\/\/80.69.171.23\/py\/?page_id=1477"},"modified":"2023-06-06T14:53:34","modified_gmt":"2023-06-06T11:53:34","slug":"posion-livo","status":"publish","type":"page","link":"https:\/\/paliskunnat.fi\/reindeer-herders-association\/cooperatives\/cooperatives-info\/posion-livo\/","title":{"rendered":"38 Posion Livo"},"content":{"rendered":"<h2>Posion Livo<\/h2>\n<p>Chief of District: Hirvonen Seppo<br \/>\nMobile:\u00a0 +358 40 585 3663<br \/>\nEmail:\u00a0&#105;&#x6e;&#102;&#x6f;&#64;&#x76;a&#x6c;k&#101;&#x61;&#112;&#x65;&#117;&#x72;&#97;&#x2e;f&#x69;<\/p>\n<p><a href=\"https:\/\/paliskunnat.fi\/reindeer-herders-association\/wp-content\/uploads\/2014\/11\/38_posion_livo.png\" rel=\"lightbox[1477]\"><img loading=\"lazy\" decoding=\"async\" class=\"alignnone wp-image-1532\" src=\"https:\/\/paliskunnat.fi\/reindeer-herders-association\/wp-content\/uploads\/2014\/11\/38_posion_livo.png\" alt=\"38 Posion livo\" width=\"300\" height=\"387\" srcset=\"https:\/\/paliskunnat.fi\/reindeer-herders-association\/wp-content\/uploads\/2014\/11\/38_posion_livo.png 775w, https:\/\/paliskunnat.fi\/reindeer-herders-association\/wp-content\/uploads\/2014\/11\/38_posion_livo-233x300.png 233w\" sizes=\"auto, (max-width: 300px) 100vw, 300px\" \/><\/a><\/p>\n<table width=\"450\">\n<tbody>\n<tr>\n<td>Hometown:<\/td>\n<td>Posio<\/td>\n<\/tr>\n<tr>\n<td>Total area:<\/td>\n<td>967.5 km<sup>2<\/sup><\/td>\n<\/tr>\n<tr>\n<td>Maximum number of reindeer:<\/td>\n<td>1 500<\/td>\n<\/tr>\n<tr>\n<td>Reindeer herders:<\/td>\n<td>39<\/td>\n<\/tr>\n<\/tbody>\n<\/table>\n<p>Posion Livo reindeer herding cooperative is part of the It\u00e4kemijoki reindeer marking district. The cooperative is located to the Posio municipality. The cooperative borders in north with TImisj\u00e4rvi, in northeast with Tolva, in east with Akanlahti, in south with Taivalkoski and in west with Niemel\u00e4 and Pudasj\u00e4rven Livo cooperatives.<\/p>\n<p>58.8 % of the cooperative\u2019s total area is state land and 41.2 % is owned by other landowners. The northern part of the Sy\u00f6te National Park is located to the Posion Livo cooperative and there are particularly good pasture areas. There are also few Natura areas.<\/p>\n<p>The cooperative has seven immovable fences: Kokkovaara, Suottaniemen p\u00e4\u00e4, Jalankangas, Kuivakangas, Lohij\u00e4rvi, Livojoki-Kerkk\u00e4m\u00e4nnikk\u00f6 and Kellinniemi. There are plenty of farming in the Posio area so lot of fences have been build around fields.<\/p>\n<p>The habitants are mainly located to the southern parts where the farms are. There are villages: Sirni\u00f6, Kuloj\u00e4rvi, Anetj\u00e4rvi, Laukia, Raistakka, Livo, Pernu, Per\u00e4l\u00e4 and southern part of the Posio centre. The herders live evenly in all villages.<\/p>\n<p>&nbsp;<\/p>\n<p>&nbsp;<\/p>\n<p>&nbsp;<\/p>\n<h2><\/h2>\n<p>&nbsp;<\/p>\n","protected":false},"excerpt":{"rendered":"<p>Posion Livo Chief of District: Hirvonen Seppo Mobile:\u00a0 +358 40 585 3663 Email:\u00a0&#x69;&#110;&#x66;&#x6f;&#64;&#x76;&#x61;l&#107;&#x65;a&#112;&#x65;u&#114;&#x61;&#46;&#102;&#x69; Hometown: Posio Total area: 967.5 km2 Maximum number of reindeer: 1 500 Reindeer herders: 39 Posion Livo reindeer herding cooperative is part of the It\u00e4kemijoki reindeer marking district. The cooperative is located to the Posio municipality. The cooperative borders in north with [&hellip;]<\/p>\n","protected":false},"author":1,"featured_media":0,"parent":420,"menu_order":38,"comment_status":"open","ping_status":"closed","template":"paliskuntasivut.php","meta":{"footnotes":""},"class_list":["post-1477","page","type-page","status-publish","hentry"],"yoast_head":"<!-- This site is optimized with the Yoast SEO plugin v27.1.1 - https:\/\/yoast.com\/product\/yoast-seo-wordpress\/ -->\n<title>38 Posion Livo - Reindeer Herders&#039; Association<\/title>\n<meta name=\"robots\" content=\"index, follow, max-snippet:-1, max-image-preview:large, max-video-preview:-1\" \/>\n<link rel=\"canonical\" href=\"https:\/\/paliskunnat.fi\/reindeer-herders-association\/cooperatives\/cooperatives-info\/posion-livo\/\" \/>\n<meta property=\"og:locale\" content=\"en_US\" \/>\n<meta property=\"og:type\" content=\"article\" \/>\n<meta property=\"og:title\" content=\"38 Posion Livo - Reindeer Herders&#039; Association\" \/>\n<meta property=\"og:description\" content=\"Posion Livo Chief of District: Hirvonen Seppo Mobile:\u00a0 +358 40 585 3663 Email:\u00a0&#x69;&#x6e;&#102;&#111;&#064;va&#x6c;&#x6b;&#x65;&#x61;&#x70;&#101;&#117;&#114;a&#046;&#x66;&#x69; Hometown: Posio Total area: 967.5 km2 Maximum number of reindeer: 1 500 Reindeer herders: 39 Posion Livo reindeer herding cooperative is part of the It\u00e4kemijoki reindeer marking district. The cooperative is located to the Posio municipality. The cooperative borders in north with [&hellip;]\" \/>\n<meta property=\"og:url\" content=\"https:\/\/paliskunnat.fi\/reindeer-herders-association\/cooperatives\/cooperatives-info\/posion-livo\/\" \/>\n<meta property=\"og:site_name\" content=\"Reindeer Herders&#039; Association\" \/>\n<meta property=\"article:modified_time\" content=\"2023-06-06T11:53:34+00:00\" \/>\n<meta property=\"og:image\" content=\"https:\/\/paliskunnat.fi\/reindeer-herders-association\/wp-content\/uploads\/2014\/11\/38_posion_livo.png\" \/>\n<meta name=\"twitter:card\" content=\"summary_large_image\" \/>\n<meta name=\"twitter:label1\" content=\"Est. reading time\" \/>\n\t<meta name=\"twitter:data1\" content=\"2 minutes\" \/>\n<script type=\"application\/ld+json\" class=\"yoast-schema-graph\">{\"@context\":\"https:\/\/schema.org\",\"@graph\":[{\"@type\":\"WebPage\",\"@id\":\"https:\/\/paliskunnat.fi\/reindeer-herders-association\/cooperatives\/cooperatives-info\/posion-livo\/\",\"url\":\"https:\/\/paliskunnat.fi\/reindeer-herders-association\/cooperatives\/cooperatives-info\/posion-livo\/\",\"name\":\"38 Posion Livo - Reindeer Herders&#039; Association\",\"isPartOf\":{\"@id\":\"https:\/\/paliskunnat.fi\/reindeer-herders-association\/#website\"},\"primaryImageOfPage\":{\"@id\":\"https:\/\/paliskunnat.fi\/reindeer-herders-association\/cooperatives\/cooperatives-info\/posion-livo\/#primaryimage\"},\"image\":{\"@id\":\"https:\/\/paliskunnat.fi\/reindeer-herders-association\/cooperatives\/cooperatives-info\/posion-livo\/#primaryimage\"},\"thumbnailUrl\":\"https:\/\/paliskunnat.fi\/reindeer-herders-association\/wp-content\/uploads\/2014\/11\/38_posion_livo.png\",\"datePublished\":\"2014-11-23T15:33:54+00:00\",\"dateModified\":\"2023-06-06T11:53:34+00:00\",\"breadcrumb\":{\"@id\":\"https:\/\/paliskunnat.fi\/reindeer-herders-association\/cooperatives\/cooperatives-info\/posion-livo\/#breadcrumb\"},\"inLanguage\":\"en-US\",\"potentialAction\":[{\"@type\":\"ReadAction\",\"target\":[\"https:\/\/paliskunnat.fi\/reindeer-herders-association\/cooperatives\/cooperatives-info\/posion-livo\/\"]}]},{\"@type\":\"ImageObject\",\"inLanguage\":\"en-US\",\"@id\":\"https:\/\/paliskunnat.fi\/reindeer-herders-association\/cooperatives\/cooperatives-info\/posion-livo\/#primaryimage\",\"url\":\"https:\/\/paliskunnat.fi\/reindeer-herders-association\/wp-content\/uploads\/2014\/11\/38_posion_livo.png\",\"contentUrl\":\"https:\/\/paliskunnat.fi\/reindeer-herders-association\/wp-content\/uploads\/2014\/11\/38_posion_livo.png\"},{\"@type\":\"BreadcrumbList\",\"@id\":\"https:\/\/paliskunnat.fi\/reindeer-herders-association\/cooperatives\/cooperatives-info\/posion-livo\/#breadcrumb\",\"itemListElement\":[{\"@type\":\"ListItem\",\"position\":1,\"name\":\"Home\",\"item\":\"https:\/\/paliskunnat.fi\/reindeer-herders-association\/\"},{\"@type\":\"ListItem\",\"position\":2,\"name\":\"Cooperatives\",\"item\":\"https:\/\/paliskunnat.fi\/reindeer-herders-association\/cooperatives\/\"},{\"@type\":\"ListItem\",\"position\":3,\"name\":\"Information of cooperatives\",\"item\":\"https:\/\/paliskunnat.fi\/reindeer-herders-association\/cooperatives\/cooperatives-info\/\"},{\"@type\":\"ListItem\",\"position\":4,\"name\":\"38 Posion Livo\"}]},{\"@type\":\"WebSite\",\"@id\":\"https:\/\/paliskunnat.fi\/reindeer-herders-association\/#website\",\"url\":\"https:\/\/paliskunnat.fi\/reindeer-herders-association\/\",\"name\":\"Reindeer Herders&#039; Association\",\"description\":\"Finnish Reindeer Herders&#039; Association\",\"potentialAction\":[{\"@type\":\"SearchAction\",\"target\":{\"@type\":\"EntryPoint\",\"urlTemplate\":\"https:\/\/paliskunnat.fi\/reindeer-herders-association\/?s={search_term_string}\"},\"query-input\":{\"@type\":\"PropertyValueSpecification\",\"valueRequired\":true,\"valueName\":\"search_term_string\"}}],\"inLanguage\":\"en-US\"}]}<\/script>\n<!-- \/ Yoast SEO plugin. -->","yoast_head_json":{"title":"38 Posion Livo - Reindeer Herders&#039; Association","robots":{"index":"index","follow":"follow","max-snippet":"max-snippet:-1","max-image-preview":"max-image-preview:large","max-video-preview":"max-video-preview:-1"},"canonical":"https:\/\/paliskunnat.fi\/reindeer-herders-association\/cooperatives\/cooperatives-info\/posion-livo\/","og_locale":"en_US","og_type":"article","og_title":"38 Posion Livo - Reindeer Herders&#039; Association","og_description":"Posion Livo Chief of District: Hirvonen Seppo Mobile:\u00a0 +358 40 585 3663 Email:\u00a0&#x69;&#x6e;&#102;&#111;&#64;va&#x6c;&#x6b;&#x65;&#x61;&#x70;&#101;&#117;&#114;a&#46;&#x66;&#x69; Hometown: Posio Total area: 967.5 km2 Maximum number of reindeer: 1 500 Reindeer herders: 39 Posion Livo reindeer herding cooperative is part of the It\u00e4kemijoki reindeer marking district. The cooperative is located to the Posio municipality. The cooperative borders in north with [&hellip;]","og_url":"https:\/\/paliskunnat.fi\/reindeer-herders-association\/cooperatives\/cooperatives-info\/posion-livo\/","og_site_name":"Reindeer Herders&#039; Association","article_modified_time":"2023-06-06T11:53:34+00:00","og_image":[{"url":"https:\/\/paliskunnat.fi\/reindeer-herders-association\/wp-content\/uploads\/2014\/11\/38_posion_livo.png","type":"","width":"","height":""}],"twitter_card":"summary_large_image","twitter_misc":{"Est. reading time":"2 minutes"},"schema":{"@context":"https:\/\/schema.org","@graph":[{"@type":"WebPage","@id":"https:\/\/paliskunnat.fi\/reindeer-herders-association\/cooperatives\/cooperatives-info\/posion-livo\/","url":"https:\/\/paliskunnat.fi\/reindeer-herders-association\/cooperatives\/cooperatives-info\/posion-livo\/","name":"38 Posion Livo - Reindeer Herders&#039; Association","isPartOf":{"@id":"https:\/\/paliskunnat.fi\/reindeer-herders-association\/#website"},"primaryImageOfPage":{"@id":"https:\/\/paliskunnat.fi\/reindeer-herders-association\/cooperatives\/cooperatives-info\/posion-livo\/#primaryimage"},"image":{"@id":"https:\/\/paliskunnat.fi\/reindeer-herders-association\/cooperatives\/cooperatives-info\/posion-livo\/#primaryimage"},"thumbnailUrl":"https:\/\/paliskunnat.fi\/reindeer-herders-association\/wp-content\/uploads\/2014\/11\/38_posion_livo.png","datePublished":"2014-11-23T15:33:54+00:00","dateModified":"2023-06-06T11:53:34+00:00","breadcrumb":{"@id":"https:\/\/paliskunnat.fi\/reindeer-herders-association\/cooperatives\/cooperatives-info\/posion-livo\/#breadcrumb"},"inLanguage":"en-US","potentialAction":[{"@type":"ReadAction","target":["https:\/\/paliskunnat.fi\/reindeer-herders-association\/cooperatives\/cooperatives-info\/posion-livo\/"]}]},{"@type":"ImageObject","inLanguage":"en-US","@id":"https:\/\/paliskunnat.fi\/reindeer-herders-association\/cooperatives\/cooperatives-info\/posion-livo\/#primaryimage","url":"https:\/\/paliskunnat.fi\/reindeer-herders-association\/wp-content\/uploads\/2014\/11\/38_posion_livo.png","contentUrl":"https:\/\/paliskunnat.fi\/reindeer-herders-association\/wp-content\/uploads\/2014\/11\/38_posion_livo.png"},{"@type":"BreadcrumbList","@id":"https:\/\/paliskunnat.fi\/reindeer-herders-association\/cooperatives\/cooperatives-info\/posion-livo\/#breadcrumb","itemListElement":[{"@type":"ListItem","position":1,"name":"Home","item":"https:\/\/paliskunnat.fi\/reindeer-herders-association\/"},{"@type":"ListItem","position":2,"name":"Cooperatives","item":"https:\/\/paliskunnat.fi\/reindeer-herders-association\/cooperatives\/"},{"@type":"ListItem","position":3,"name":"Information of cooperatives","item":"https:\/\/paliskunnat.fi\/reindeer-herders-association\/cooperatives\/cooperatives-info\/"},{"@type":"ListItem","position":4,"name":"38 Posion Livo"}]},{"@type":"WebSite","@id":"https:\/\/paliskunnat.fi\/reindeer-herders-association\/#website","url":"https:\/\/paliskunnat.fi\/reindeer-herders-association\/","name":"Reindeer Herders&#039; Association","description":"Finnish Reindeer Herders&#039; Association","potentialAction":[{"@type":"SearchAction","target":{"@type":"EntryPoint","urlTemplate":"https:\/\/paliskunnat.fi\/reindeer-herders-association\/?s={search_term_string}"},"query-input":{"@type":"PropertyValueSpecification","valueRequired":true,"valueName":"search_term_string"}}],"inLanguage":"en-US"}]}},"_links":{"self":[{"href":"https:\/\/paliskunnat.fi\/reindeer-herders-association\/wp-json\/wp\/v2\/pages\/1477","targetHints":{"allow":["GET"]}}],"collection":[{"href":"https:\/\/paliskunnat.fi\/reindeer-herders-association\/wp-json\/wp\/v2\/pages"}],"about":[{"href":"https:\/\/paliskunnat.fi\/reindeer-herders-association\/wp-json\/wp\/v2\/types\/page"}],"author":[{"embeddable":true,"href":"https:\/\/paliskunnat.fi\/reindeer-herders-association\/wp-json\/wp\/v2\/users\/1"}],"replies":[{"embeddable":true,"href":"https:\/\/paliskunnat.fi\/reindeer-herders-association\/wp-json\/wp\/v2\/comments?post=1477"}],"version-history":[{"count":10,"href":"https:\/\/paliskunnat.fi\/reindeer-herders-association\/wp-json\/wp\/v2\/pages\/1477\/revisions"}],"predecessor-version":[{"id":6205,"href":"https:\/\/paliskunnat.fi\/reindeer-herders-association\/wp-json\/wp\/v2\/pages\/1477\/revisions\/6205"}],"up":[{"embeddable":true,"href":"https:\/\/paliskunnat.fi\/reindeer-herders-association\/wp-json\/wp\/v2\/pages\/420"}],"wp:attachment":[{"href":"https:\/\/paliskunnat.fi\/reindeer-herders-association\/wp-json\/wp\/v2\/media?parent=1477"}],"curies":[{"name":"wp","href":"https:\/\/api.w.org\/{rel}","templated":true}]}}