{"id":1481,"date":"2014-11-23T17:37:48","date_gmt":"2014-11-23T15:37:48","guid":{"rendered":"http:\/\/80.69.171.23\/py\/?page_id=1481"},"modified":"2023-06-06T14:54:56","modified_gmt":"2023-06-06T11:54:56","slug":"kuukas","status":"publish","type":"page","link":"https:\/\/paliskunnat.fi\/reindeer-herders-association\/cooperatives\/cooperatives-info\/kuukas\/","title":{"rendered":"41 Kuukas"},"content":{"rendered":"<h2>Kuukas<\/h2>\n<p>Chief of District: Saraj\u00e4rvi Tapani<br \/>\nMobile:\u00a0 +358\u00a040 081 0120<br \/>\nEmail: &#x74;&#x61;&#x70;&#x61;&#x6e;&#x69;&#x2e;&#x73;&#x61;&#x72;&#x61;&#106;&#97;&#114;&#118;&#105;&#64;&#97;swood&#46;&#x66;&#x69;<\/p>\n<p><a href=\"https:\/\/paliskunnat.fi\/reindeer-herders-association\/wp-content\/uploads\/2014\/11\/41_kuukas.png\" rel=\"lightbox[1481]\"><img loading=\"lazy\" decoding=\"async\" class=\"alignnone wp-image-1538\" src=\"https:\/\/paliskunnat.fi\/reindeer-herders-association\/wp-content\/uploads\/2014\/11\/41_kuukas.png\" alt=\"41 Kuukas\" width=\"300\" height=\"387\" srcset=\"https:\/\/paliskunnat.fi\/reindeer-herders-association\/wp-content\/uploads\/2014\/11\/41_kuukas.png 775w, https:\/\/paliskunnat.fi\/reindeer-herders-association\/wp-content\/uploads\/2014\/11\/41_kuukas-233x300.png 233w\" sizes=\"auto, (max-width: 300px) 100vw, 300px\" \/><\/a><\/p>\n<table width=\"450\">\n<tbody>\n<tr>\n<td>Hometown:<\/td>\n<td>Ranua<\/td>\n<\/tr>\n<tr>\n<td>Total area:<\/td>\n<td>1 476.0 km<sup>2<\/sup><\/td>\n<\/tr>\n<tr>\n<td>Maximum number of reindeer:<\/td>\n<td>1 500<\/td>\n<\/tr>\n<tr>\n<td>Reindeer herders:<\/td>\n<td>60<\/td>\n<\/tr>\n<\/tbody>\n<\/table>\n<p>Kuukas reindeer herding cooperative is part of the It\u00e4kemijoki reindeer marking district. The cooperative is located to the Ranua and Pudasj\u00e4rvi municipalities. The cooperative borders in north with Narkaus, in northeast with Niemel\u00e4, in southeast with Pudasj\u00e4rven Livo, in south with Ikonen and in west with Oij\u00e4rvi and Isosyd\u00e4nmaa cooperatives.<\/p>\n<p>45.1 % of the cooperative\u2019s total area is state land and 54.9 % is owned by other landowners. Despite the fact that Ranua is located to the centre of the cooperative, it only takes a small portion of the total area. The cooperative area borders with Litokaira protection area in west. Due to the substantial peat areas, the pasture areas and activities of the cooperative are limited by the peat production sites.<\/p>\n<p>There are seven round up fences. They also use transferable fences. There are at least 70 different fences around fields and their management requires lot of time.<\/p>\n<p>People live mostly in the centre area of Ranua. Kuha and Simoj\u00e4rvi villages are also well habited. Almost all herders have also farms and forest farms.<\/p>\n<p>&nbsp;<\/p>\n<p>&nbsp;<\/p>\n<p>&nbsp;<\/p>\n<p>&nbsp;<\/p>\n","protected":false},"excerpt":{"rendered":"<p>Kuukas Chief of District: Saraj\u00e4rvi Tapani Mobile:\u00a0 +358\u00a040 081 0120 Email: &#x74;&#97;&#112;a&#x6e;&#x69;&#46;s&#x61;&#x72;&#97;j&#x61;&#x72;&#118;i&#x40;&#x61;&#115;w&#x6f;&#x6f;&#100;&#46;&#x66;&#x69; Hometown: Ranua Total area: 1 476.0 km2 Maximum number of reindeer: 1 500 Reindeer herders: 60 Kuukas reindeer herding cooperative is part of the It\u00e4kemijoki reindeer marking district. The cooperative is located to the Ranua and Pudasj\u00e4rvi municipalities. The cooperative borders in north [&hellip;]<\/p>\n","protected":false},"author":1,"featured_media":0,"parent":420,"menu_order":41,"comment_status":"open","ping_status":"closed","template":"paliskuntasivut.php","meta":{"footnotes":""},"class_list":["post-1481","page","type-page","status-publish","hentry"],"yoast_head":"<!-- This site is optimized with the Yoast SEO plugin v27.1.1 - https:\/\/yoast.com\/product\/yoast-seo-wordpress\/ -->\n<title>41 Kuukas - Reindeer Herders&#039; Association<\/title>\n<meta name=\"robots\" content=\"index, follow, max-snippet:-1, max-image-preview:large, max-video-preview:-1\" \/>\n<link rel=\"canonical\" href=\"https:\/\/paliskunnat.fi\/reindeer-herders-association\/cooperatives\/cooperatives-info\/kuukas\/\" \/>\n<meta property=\"og:locale\" content=\"en_US\" \/>\n<meta property=\"og:type\" content=\"article\" \/>\n<meta property=\"og:title\" content=\"41 Kuukas - Reindeer Herders&#039; Association\" \/>\n<meta property=\"og:description\" content=\"Kuukas Chief of District: Saraj\u00e4rvi Tapani Mobile:\u00a0 +358\u00a040 081 0120 Email: &#116;&#x61;&#x70;a&#110;&#x69;&#046;&#115;&#x61;r&#097;&#x6a;a&#114;&#x76;&#x69;&#064;&#x61;&#x73;w&#111;&#x6f;d&#046;&#x66;i Hometown: Ranua Total area: 1 476.0 km2 Maximum number of reindeer: 1 500 Reindeer herders: 60 Kuukas reindeer herding cooperative is part of the It\u00e4kemijoki reindeer marking district. The cooperative is located to the Ranua and Pudasj\u00e4rvi municipalities. The cooperative borders in north [&hellip;]\" \/>\n<meta property=\"og:url\" content=\"https:\/\/paliskunnat.fi\/reindeer-herders-association\/cooperatives\/cooperatives-info\/kuukas\/\" \/>\n<meta property=\"og:site_name\" content=\"Reindeer Herders&#039; Association\" \/>\n<meta property=\"article:modified_time\" content=\"2023-06-06T11:54:56+00:00\" \/>\n<meta property=\"og:image\" content=\"https:\/\/paliskunnat.fi\/reindeer-herders-association\/wp-content\/uploads\/2014\/11\/41_kuukas.png\" \/>\n<meta name=\"twitter:card\" content=\"summary_large_image\" \/>\n<meta name=\"twitter:label1\" content=\"Est. reading time\" \/>\n\t<meta name=\"twitter:data1\" content=\"2 minutes\" \/>\n<script type=\"application\/ld+json\" class=\"yoast-schema-graph\">{\"@context\":\"https:\/\/schema.org\",\"@graph\":[{\"@type\":\"WebPage\",\"@id\":\"https:\/\/paliskunnat.fi\/reindeer-herders-association\/cooperatives\/cooperatives-info\/kuukas\/\",\"url\":\"https:\/\/paliskunnat.fi\/reindeer-herders-association\/cooperatives\/cooperatives-info\/kuukas\/\",\"name\":\"41 Kuukas - Reindeer Herders&#039; Association\",\"isPartOf\":{\"@id\":\"https:\/\/paliskunnat.fi\/reindeer-herders-association\/#website\"},\"primaryImageOfPage\":{\"@id\":\"https:\/\/paliskunnat.fi\/reindeer-herders-association\/cooperatives\/cooperatives-info\/kuukas\/#primaryimage\"},\"image\":{\"@id\":\"https:\/\/paliskunnat.fi\/reindeer-herders-association\/cooperatives\/cooperatives-info\/kuukas\/#primaryimage\"},\"thumbnailUrl\":\"https:\/\/paliskunnat.fi\/reindeer-herders-association\/wp-content\/uploads\/2014\/11\/41_kuukas.png\",\"datePublished\":\"2014-11-23T15:37:48+00:00\",\"dateModified\":\"2023-06-06T11:54:56+00:00\",\"breadcrumb\":{\"@id\":\"https:\/\/paliskunnat.fi\/reindeer-herders-association\/cooperatives\/cooperatives-info\/kuukas\/#breadcrumb\"},\"inLanguage\":\"en-US\",\"potentialAction\":[{\"@type\":\"ReadAction\",\"target\":[\"https:\/\/paliskunnat.fi\/reindeer-herders-association\/cooperatives\/cooperatives-info\/kuukas\/\"]}]},{\"@type\":\"ImageObject\",\"inLanguage\":\"en-US\",\"@id\":\"https:\/\/paliskunnat.fi\/reindeer-herders-association\/cooperatives\/cooperatives-info\/kuukas\/#primaryimage\",\"url\":\"https:\/\/paliskunnat.fi\/reindeer-herders-association\/wp-content\/uploads\/2014\/11\/41_kuukas.png\",\"contentUrl\":\"https:\/\/paliskunnat.fi\/reindeer-herders-association\/wp-content\/uploads\/2014\/11\/41_kuukas.png\"},{\"@type\":\"BreadcrumbList\",\"@id\":\"https:\/\/paliskunnat.fi\/reindeer-herders-association\/cooperatives\/cooperatives-info\/kuukas\/#breadcrumb\",\"itemListElement\":[{\"@type\":\"ListItem\",\"position\":1,\"name\":\"Home\",\"item\":\"https:\/\/paliskunnat.fi\/reindeer-herders-association\/\"},{\"@type\":\"ListItem\",\"position\":2,\"name\":\"Cooperatives\",\"item\":\"https:\/\/paliskunnat.fi\/reindeer-herders-association\/cooperatives\/\"},{\"@type\":\"ListItem\",\"position\":3,\"name\":\"Information of cooperatives\",\"item\":\"https:\/\/paliskunnat.fi\/reindeer-herders-association\/cooperatives\/cooperatives-info\/\"},{\"@type\":\"ListItem\",\"position\":4,\"name\":\"41 Kuukas\"}]},{\"@type\":\"WebSite\",\"@id\":\"https:\/\/paliskunnat.fi\/reindeer-herders-association\/#website\",\"url\":\"https:\/\/paliskunnat.fi\/reindeer-herders-association\/\",\"name\":\"Reindeer Herders&#039; Association\",\"description\":\"Finnish Reindeer Herders&#039; Association\",\"potentialAction\":[{\"@type\":\"SearchAction\",\"target\":{\"@type\":\"EntryPoint\",\"urlTemplate\":\"https:\/\/paliskunnat.fi\/reindeer-herders-association\/?s={search_term_string}\"},\"query-input\":{\"@type\":\"PropertyValueSpecification\",\"valueRequired\":true,\"valueName\":\"search_term_string\"}}],\"inLanguage\":\"en-US\"}]}<\/script>\n<!-- \/ Yoast SEO plugin. -->","yoast_head_json":{"title":"41 Kuukas - Reindeer Herders&#039; Association","robots":{"index":"index","follow":"follow","max-snippet":"max-snippet:-1","max-image-preview":"max-image-preview:large","max-video-preview":"max-video-preview:-1"},"canonical":"https:\/\/paliskunnat.fi\/reindeer-herders-association\/cooperatives\/cooperatives-info\/kuukas\/","og_locale":"en_US","og_type":"article","og_title":"41 Kuukas - Reindeer Herders&#039; Association","og_description":"Kuukas Chief of District: Saraj\u00e4rvi Tapani Mobile:\u00a0 +358\u00a040 081 0120 Email: &#116;&#x61;&#x70;a&#110;&#x69;&#46;&#115;&#x61;r&#97;&#x6a;a&#114;&#x76;&#x69;&#64;&#x61;&#x73;w&#111;&#x6f;d&#46;&#x66;i Hometown: Ranua Total area: 1 476.0 km2 Maximum number of reindeer: 1 500 Reindeer herders: 60 Kuukas reindeer herding cooperative is part of the It\u00e4kemijoki reindeer marking district. The cooperative is located to the Ranua and Pudasj\u00e4rvi municipalities. The cooperative borders in north [&hellip;]","og_url":"https:\/\/paliskunnat.fi\/reindeer-herders-association\/cooperatives\/cooperatives-info\/kuukas\/","og_site_name":"Reindeer Herders&#039; Association","article_modified_time":"2023-06-06T11:54:56+00:00","og_image":[{"url":"https:\/\/paliskunnat.fi\/reindeer-herders-association\/wp-content\/uploads\/2014\/11\/41_kuukas.png","type":"","width":"","height":""}],"twitter_card":"summary_large_image","twitter_misc":{"Est. reading time":"2 minutes"},"schema":{"@context":"https:\/\/schema.org","@graph":[{"@type":"WebPage","@id":"https:\/\/paliskunnat.fi\/reindeer-herders-association\/cooperatives\/cooperatives-info\/kuukas\/","url":"https:\/\/paliskunnat.fi\/reindeer-herders-association\/cooperatives\/cooperatives-info\/kuukas\/","name":"41 Kuukas - Reindeer Herders&#039; Association","isPartOf":{"@id":"https:\/\/paliskunnat.fi\/reindeer-herders-association\/#website"},"primaryImageOfPage":{"@id":"https:\/\/paliskunnat.fi\/reindeer-herders-association\/cooperatives\/cooperatives-info\/kuukas\/#primaryimage"},"image":{"@id":"https:\/\/paliskunnat.fi\/reindeer-herders-association\/cooperatives\/cooperatives-info\/kuukas\/#primaryimage"},"thumbnailUrl":"https:\/\/paliskunnat.fi\/reindeer-herders-association\/wp-content\/uploads\/2014\/11\/41_kuukas.png","datePublished":"2014-11-23T15:37:48+00:00","dateModified":"2023-06-06T11:54:56+00:00","breadcrumb":{"@id":"https:\/\/paliskunnat.fi\/reindeer-herders-association\/cooperatives\/cooperatives-info\/kuukas\/#breadcrumb"},"inLanguage":"en-US","potentialAction":[{"@type":"ReadAction","target":["https:\/\/paliskunnat.fi\/reindeer-herders-association\/cooperatives\/cooperatives-info\/kuukas\/"]}]},{"@type":"ImageObject","inLanguage":"en-US","@id":"https:\/\/paliskunnat.fi\/reindeer-herders-association\/cooperatives\/cooperatives-info\/kuukas\/#primaryimage","url":"https:\/\/paliskunnat.fi\/reindeer-herders-association\/wp-content\/uploads\/2014\/11\/41_kuukas.png","contentUrl":"https:\/\/paliskunnat.fi\/reindeer-herders-association\/wp-content\/uploads\/2014\/11\/41_kuukas.png"},{"@type":"BreadcrumbList","@id":"https:\/\/paliskunnat.fi\/reindeer-herders-association\/cooperatives\/cooperatives-info\/kuukas\/#breadcrumb","itemListElement":[{"@type":"ListItem","position":1,"name":"Home","item":"https:\/\/paliskunnat.fi\/reindeer-herders-association\/"},{"@type":"ListItem","position":2,"name":"Cooperatives","item":"https:\/\/paliskunnat.fi\/reindeer-herders-association\/cooperatives\/"},{"@type":"ListItem","position":3,"name":"Information of cooperatives","item":"https:\/\/paliskunnat.fi\/reindeer-herders-association\/cooperatives\/cooperatives-info\/"},{"@type":"ListItem","position":4,"name":"41 Kuukas"}]},{"@type":"WebSite","@id":"https:\/\/paliskunnat.fi\/reindeer-herders-association\/#website","url":"https:\/\/paliskunnat.fi\/reindeer-herders-association\/","name":"Reindeer Herders&#039; Association","description":"Finnish Reindeer Herders&#039; Association","potentialAction":[{"@type":"SearchAction","target":{"@type":"EntryPoint","urlTemplate":"https:\/\/paliskunnat.fi\/reindeer-herders-association\/?s={search_term_string}"},"query-input":{"@type":"PropertyValueSpecification","valueRequired":true,"valueName":"search_term_string"}}],"inLanguage":"en-US"}]}},"_links":{"self":[{"href":"https:\/\/paliskunnat.fi\/reindeer-herders-association\/wp-json\/wp\/v2\/pages\/1481","targetHints":{"allow":["GET"]}}],"collection":[{"href":"https:\/\/paliskunnat.fi\/reindeer-herders-association\/wp-json\/wp\/v2\/pages"}],"about":[{"href":"https:\/\/paliskunnat.fi\/reindeer-herders-association\/wp-json\/wp\/v2\/types\/page"}],"author":[{"embeddable":true,"href":"https:\/\/paliskunnat.fi\/reindeer-herders-association\/wp-json\/wp\/v2\/users\/1"}],"replies":[{"embeddable":true,"href":"https:\/\/paliskunnat.fi\/reindeer-herders-association\/wp-json\/wp\/v2\/comments?post=1481"}],"version-history":[{"count":7,"href":"https:\/\/paliskunnat.fi\/reindeer-herders-association\/wp-json\/wp\/v2\/pages\/1481\/revisions"}],"predecessor-version":[{"id":6207,"href":"https:\/\/paliskunnat.fi\/reindeer-herders-association\/wp-json\/wp\/v2\/pages\/1481\/revisions\/6207"}],"up":[{"embeddable":true,"href":"https:\/\/paliskunnat.fi\/reindeer-herders-association\/wp-json\/wp\/v2\/pages\/420"}],"wp:attachment":[{"href":"https:\/\/paliskunnat.fi\/reindeer-herders-association\/wp-json\/wp\/v2\/media?parent=1481"}],"curies":[{"name":"wp","href":"https:\/\/api.w.org\/{rel}","templated":true}]}}