{"id":1554,"date":"2014-11-23T18:30:38","date_gmt":"2014-11-23T16:30:38","guid":{"rendered":"http:\/\/80.69.171.23\/py\/?page_id=1554"},"modified":"2023-06-06T15:01:41","modified_gmt":"2023-06-06T12:01:41","slug":"taivalkoski","status":"publish","type":"page","link":"https:\/\/paliskunnat.fi\/reindeer-herders-association\/cooperatives\/cooperatives-info\/taivalkoski\/","title":{"rendered":"48 Taivalkoski"},"content":{"rendered":"<h2>Taivalkoski<\/h2>\n<p>Chief of District: K\u00e4sm\u00e4 Mika<br \/>\nMobile:\u00a0 +358\u00a0400 173 980<br \/>\nEmail: &#x6d;i&#x6b;&#97;&#x2e;&#107;&#x61;&#x73;m&#x61;&#64;&#x70;&#97;&#x6c;&#105;s&#x6b;&#117;&#x6e;&#110;&#x61;&#116;&#46;&#x66;&#105;<\/p>\n<p><a href=\"https:\/\/paliskunnat.fi\/reindeer-herders-association\/wp-content\/uploads\/2014\/11\/48_taivalkoski.png\" rel=\"lightbox[1554]\"><img loading=\"lazy\" decoding=\"async\" class=\"alignnone wp-image-1557\" src=\"https:\/\/paliskunnat.fi\/reindeer-herders-association\/wp-content\/uploads\/2014\/11\/48_taivalkoski.png\" alt=\"48 Taivalkoski\" width=\"300\" height=\"387\" srcset=\"https:\/\/paliskunnat.fi\/reindeer-herders-association\/wp-content\/uploads\/2014\/11\/48_taivalkoski.png 775w, https:\/\/paliskunnat.fi\/reindeer-herders-association\/wp-content\/uploads\/2014\/11\/48_taivalkoski-233x300.png 233w\" sizes=\"auto, (max-width: 300px) 100vw, 300px\" \/><\/a><\/p>\n<table width=\"450\">\n<tbody>\n<tr>\n<td>Hometown:<\/td>\n<td>Taivalkoski<\/td>\n<\/tr>\n<tr>\n<td>Total area:<\/td>\n<td>2 459.2 km<sup>2<\/sup><\/td>\n<\/tr>\n<tr>\n<td>Maximum number of reindeer:<\/td>\n<td>2 500<\/td>\n<\/tr>\n<tr>\n<td>Reindeer herders:<\/td>\n<td>76<\/td>\n<\/tr>\n<\/tbody>\n<\/table>\n<p>Taivalkoski reindeer herding cooperative is part of the Pudasj\u00e4rvi reindeer marking district. The cooperative is located to the Taivalkoski, Posio, Suomussalmi and Pudasj\u00e4rvi municipalities. The cooperative borders in north with Posion Livo and Akanlahti, in east with Hossa-Irni, in south with N\u00e4lj\u00e4nk\u00e4 and in west with Pintamo and Pudasj\u00e4rven Livo cooperatives.<\/p>\n<p>There are plans to reopen the Mustavaara mine (vanadium-iron-titanium). It would be located to the summer pasture areas.<\/p>\n<p>67.8 % of the cooperative\u2019s total area is state land and 32.2 % is owned by other landowners.<\/p>\n<p>&nbsp;<\/p>\n<p>&nbsp;<\/p>\n<p>&nbsp;<\/p>\n","protected":false},"excerpt":{"rendered":"<p>Taivalkoski Chief of District: K\u00e4sm\u00e4 Mika Mobile:\u00a0 +358\u00a0400 173 980 Email: &#109;&#x69;k&#x61;&#46;&#107;&#x61;&#115;&#x6d;a&#64;&#x70;&#97;&#x6c;i&#x73;&#x6b;&#117;&#x6e;n&#x61;t&#46;&#x66;&#105; Hometown: Taivalkoski Total area: 2 459.2 km2 Maximum number of reindeer: 2 500 Reindeer herders: 76 Taivalkoski reindeer herding cooperative is part of the Pudasj\u00e4rvi reindeer marking district. The cooperative is located to the Taivalkoski, Posio, Suomussalmi and Pudasj\u00e4rvi municipalities. The cooperative borders [&hellip;]<\/p>\n","protected":false},"author":1,"featured_media":0,"parent":420,"menu_order":48,"comment_status":"open","ping_status":"closed","template":"paliskuntasivut.php","meta":{"footnotes":""},"class_list":["post-1554","page","type-page","status-publish","hentry"],"yoast_head":"<!-- This site is optimized with the Yoast SEO plugin v27.1.1 - https:\/\/yoast.com\/product\/yoast-seo-wordpress\/ -->\n<title>48 Taivalkoski - Reindeer Herders&#039; Association<\/title>\n<meta name=\"robots\" content=\"index, follow, max-snippet:-1, max-image-preview:large, max-video-preview:-1\" \/>\n<link rel=\"canonical\" href=\"https:\/\/paliskunnat.fi\/reindeer-herders-association\/cooperatives\/cooperatives-info\/taivalkoski\/\" \/>\n<meta property=\"og:locale\" content=\"en_US\" \/>\n<meta property=\"og:type\" content=\"article\" \/>\n<meta property=\"og:title\" content=\"48 Taivalkoski - Reindeer Herders&#039; Association\" \/>\n<meta property=\"og:description\" content=\"Taivalkoski Chief of District: K\u00e4sm\u00e4 Mika Mobile:\u00a0 +358\u00a0400 173 980 Email: &#x6d;&#105;k&#x61;&#046;k&#x61;&#115;m&#x61;&#064;p&#x61;&#108;i&#x73;&#107;u&#x6e;&#110;a&#x74;&#046;f&#x69; Hometown: Taivalkoski Total area: 2 459.2 km2 Maximum number of reindeer: 2 500 Reindeer herders: 76 Taivalkoski reindeer herding cooperative is part of the Pudasj\u00e4rvi reindeer marking district. The cooperative is located to the Taivalkoski, Posio, Suomussalmi and Pudasj\u00e4rvi municipalities. The cooperative borders [&hellip;]\" \/>\n<meta property=\"og:url\" content=\"https:\/\/paliskunnat.fi\/reindeer-herders-association\/cooperatives\/cooperatives-info\/taivalkoski\/\" \/>\n<meta property=\"og:site_name\" content=\"Reindeer Herders&#039; Association\" \/>\n<meta property=\"article:modified_time\" content=\"2023-06-06T12:01:41+00:00\" \/>\n<meta property=\"og:image\" content=\"https:\/\/paliskunnat.fi\/reindeer-herders-association\/wp-content\/uploads\/2014\/11\/48_taivalkoski.png\" \/>\n<meta name=\"twitter:card\" content=\"summary_large_image\" \/>\n<meta name=\"twitter:label1\" content=\"Est. reading time\" \/>\n\t<meta name=\"twitter:data1\" content=\"1 minute\" \/>\n<script type=\"application\/ld+json\" class=\"yoast-schema-graph\">{\"@context\":\"https:\/\/schema.org\",\"@graph\":[{\"@type\":\"WebPage\",\"@id\":\"https:\/\/paliskunnat.fi\/reindeer-herders-association\/cooperatives\/cooperatives-info\/taivalkoski\/\",\"url\":\"https:\/\/paliskunnat.fi\/reindeer-herders-association\/cooperatives\/cooperatives-info\/taivalkoski\/\",\"name\":\"48 Taivalkoski - Reindeer Herders&#039; Association\",\"isPartOf\":{\"@id\":\"https:\/\/paliskunnat.fi\/reindeer-herders-association\/#website\"},\"primaryImageOfPage\":{\"@id\":\"https:\/\/paliskunnat.fi\/reindeer-herders-association\/cooperatives\/cooperatives-info\/taivalkoski\/#primaryimage\"},\"image\":{\"@id\":\"https:\/\/paliskunnat.fi\/reindeer-herders-association\/cooperatives\/cooperatives-info\/taivalkoski\/#primaryimage\"},\"thumbnailUrl\":\"https:\/\/paliskunnat.fi\/reindeer-herders-association\/wp-content\/uploads\/2014\/11\/48_taivalkoski.png\",\"datePublished\":\"2014-11-23T16:30:38+00:00\",\"dateModified\":\"2023-06-06T12:01:41+00:00\",\"breadcrumb\":{\"@id\":\"https:\/\/paliskunnat.fi\/reindeer-herders-association\/cooperatives\/cooperatives-info\/taivalkoski\/#breadcrumb\"},\"inLanguage\":\"en-US\",\"potentialAction\":[{\"@type\":\"ReadAction\",\"target\":[\"https:\/\/paliskunnat.fi\/reindeer-herders-association\/cooperatives\/cooperatives-info\/taivalkoski\/\"]}]},{\"@type\":\"ImageObject\",\"inLanguage\":\"en-US\",\"@id\":\"https:\/\/paliskunnat.fi\/reindeer-herders-association\/cooperatives\/cooperatives-info\/taivalkoski\/#primaryimage\",\"url\":\"https:\/\/paliskunnat.fi\/reindeer-herders-association\/wp-content\/uploads\/2014\/11\/48_taivalkoski.png\",\"contentUrl\":\"https:\/\/paliskunnat.fi\/reindeer-herders-association\/wp-content\/uploads\/2014\/11\/48_taivalkoski.png\"},{\"@type\":\"BreadcrumbList\",\"@id\":\"https:\/\/paliskunnat.fi\/reindeer-herders-association\/cooperatives\/cooperatives-info\/taivalkoski\/#breadcrumb\",\"itemListElement\":[{\"@type\":\"ListItem\",\"position\":1,\"name\":\"Home\",\"item\":\"https:\/\/paliskunnat.fi\/reindeer-herders-association\/\"},{\"@type\":\"ListItem\",\"position\":2,\"name\":\"Cooperatives\",\"item\":\"https:\/\/paliskunnat.fi\/reindeer-herders-association\/cooperatives\/\"},{\"@type\":\"ListItem\",\"position\":3,\"name\":\"Information of cooperatives\",\"item\":\"https:\/\/paliskunnat.fi\/reindeer-herders-association\/cooperatives\/cooperatives-info\/\"},{\"@type\":\"ListItem\",\"position\":4,\"name\":\"48 Taivalkoski\"}]},{\"@type\":\"WebSite\",\"@id\":\"https:\/\/paliskunnat.fi\/reindeer-herders-association\/#website\",\"url\":\"https:\/\/paliskunnat.fi\/reindeer-herders-association\/\",\"name\":\"Reindeer Herders&#039; Association\",\"description\":\"Finnish Reindeer Herders&#039; Association\",\"potentialAction\":[{\"@type\":\"SearchAction\",\"target\":{\"@type\":\"EntryPoint\",\"urlTemplate\":\"https:\/\/paliskunnat.fi\/reindeer-herders-association\/?s={search_term_string}\"},\"query-input\":{\"@type\":\"PropertyValueSpecification\",\"valueRequired\":true,\"valueName\":\"search_term_string\"}}],\"inLanguage\":\"en-US\"}]}<\/script>\n<!-- \/ Yoast SEO plugin. -->","yoast_head_json":{"title":"48 Taivalkoski - Reindeer Herders&#039; Association","robots":{"index":"index","follow":"follow","max-snippet":"max-snippet:-1","max-image-preview":"max-image-preview:large","max-video-preview":"max-video-preview:-1"},"canonical":"https:\/\/paliskunnat.fi\/reindeer-herders-association\/cooperatives\/cooperatives-info\/taivalkoski\/","og_locale":"en_US","og_type":"article","og_title":"48 Taivalkoski - Reindeer Herders&#039; Association","og_description":"Taivalkoski Chief of District: K\u00e4sm\u00e4 Mika Mobile:\u00a0 +358\u00a0400 173 980 Email: &#x6d;&#105;k&#x61;&#46;k&#x61;&#115;m&#x61;&#64;p&#x61;&#108;i&#x73;&#107;u&#x6e;&#110;a&#x74;&#46;f&#x69; Hometown: Taivalkoski Total area: 2 459.2 km2 Maximum number of reindeer: 2 500 Reindeer herders: 76 Taivalkoski reindeer herding cooperative is part of the Pudasj\u00e4rvi reindeer marking district. The cooperative is located to the Taivalkoski, Posio, Suomussalmi and Pudasj\u00e4rvi municipalities. The cooperative borders [&hellip;]","og_url":"https:\/\/paliskunnat.fi\/reindeer-herders-association\/cooperatives\/cooperatives-info\/taivalkoski\/","og_site_name":"Reindeer Herders&#039; Association","article_modified_time":"2023-06-06T12:01:41+00:00","og_image":[{"url":"https:\/\/paliskunnat.fi\/reindeer-herders-association\/wp-content\/uploads\/2014\/11\/48_taivalkoski.png","type":"","width":"","height":""}],"twitter_card":"summary_large_image","twitter_misc":{"Est. reading time":"1 minute"},"schema":{"@context":"https:\/\/schema.org","@graph":[{"@type":"WebPage","@id":"https:\/\/paliskunnat.fi\/reindeer-herders-association\/cooperatives\/cooperatives-info\/taivalkoski\/","url":"https:\/\/paliskunnat.fi\/reindeer-herders-association\/cooperatives\/cooperatives-info\/taivalkoski\/","name":"48 Taivalkoski - Reindeer Herders&#039; Association","isPartOf":{"@id":"https:\/\/paliskunnat.fi\/reindeer-herders-association\/#website"},"primaryImageOfPage":{"@id":"https:\/\/paliskunnat.fi\/reindeer-herders-association\/cooperatives\/cooperatives-info\/taivalkoski\/#primaryimage"},"image":{"@id":"https:\/\/paliskunnat.fi\/reindeer-herders-association\/cooperatives\/cooperatives-info\/taivalkoski\/#primaryimage"},"thumbnailUrl":"https:\/\/paliskunnat.fi\/reindeer-herders-association\/wp-content\/uploads\/2014\/11\/48_taivalkoski.png","datePublished":"2014-11-23T16:30:38+00:00","dateModified":"2023-06-06T12:01:41+00:00","breadcrumb":{"@id":"https:\/\/paliskunnat.fi\/reindeer-herders-association\/cooperatives\/cooperatives-info\/taivalkoski\/#breadcrumb"},"inLanguage":"en-US","potentialAction":[{"@type":"ReadAction","target":["https:\/\/paliskunnat.fi\/reindeer-herders-association\/cooperatives\/cooperatives-info\/taivalkoski\/"]}]},{"@type":"ImageObject","inLanguage":"en-US","@id":"https:\/\/paliskunnat.fi\/reindeer-herders-association\/cooperatives\/cooperatives-info\/taivalkoski\/#primaryimage","url":"https:\/\/paliskunnat.fi\/reindeer-herders-association\/wp-content\/uploads\/2014\/11\/48_taivalkoski.png","contentUrl":"https:\/\/paliskunnat.fi\/reindeer-herders-association\/wp-content\/uploads\/2014\/11\/48_taivalkoski.png"},{"@type":"BreadcrumbList","@id":"https:\/\/paliskunnat.fi\/reindeer-herders-association\/cooperatives\/cooperatives-info\/taivalkoski\/#breadcrumb","itemListElement":[{"@type":"ListItem","position":1,"name":"Home","item":"https:\/\/paliskunnat.fi\/reindeer-herders-association\/"},{"@type":"ListItem","position":2,"name":"Cooperatives","item":"https:\/\/paliskunnat.fi\/reindeer-herders-association\/cooperatives\/"},{"@type":"ListItem","position":3,"name":"Information of cooperatives","item":"https:\/\/paliskunnat.fi\/reindeer-herders-association\/cooperatives\/cooperatives-info\/"},{"@type":"ListItem","position":4,"name":"48 Taivalkoski"}]},{"@type":"WebSite","@id":"https:\/\/paliskunnat.fi\/reindeer-herders-association\/#website","url":"https:\/\/paliskunnat.fi\/reindeer-herders-association\/","name":"Reindeer Herders&#039; Association","description":"Finnish Reindeer Herders&#039; Association","potentialAction":[{"@type":"SearchAction","target":{"@type":"EntryPoint","urlTemplate":"https:\/\/paliskunnat.fi\/reindeer-herders-association\/?s={search_term_string}"},"query-input":{"@type":"PropertyValueSpecification","valueRequired":true,"valueName":"search_term_string"}}],"inLanguage":"en-US"}]}},"_links":{"self":[{"href":"https:\/\/paliskunnat.fi\/reindeer-herders-association\/wp-json\/wp\/v2\/pages\/1554","targetHints":{"allow":["GET"]}}],"collection":[{"href":"https:\/\/paliskunnat.fi\/reindeer-herders-association\/wp-json\/wp\/v2\/pages"}],"about":[{"href":"https:\/\/paliskunnat.fi\/reindeer-herders-association\/wp-json\/wp\/v2\/types\/page"}],"author":[{"embeddable":true,"href":"https:\/\/paliskunnat.fi\/reindeer-herders-association\/wp-json\/wp\/v2\/users\/1"}],"replies":[{"embeddable":true,"href":"https:\/\/paliskunnat.fi\/reindeer-herders-association\/wp-json\/wp\/v2\/comments?post=1554"}],"version-history":[{"count":7,"href":"https:\/\/paliskunnat.fi\/reindeer-herders-association\/wp-json\/wp\/v2\/pages\/1554\/revisions"}],"predecessor-version":[{"id":6214,"href":"https:\/\/paliskunnat.fi\/reindeer-herders-association\/wp-json\/wp\/v2\/pages\/1554\/revisions\/6214"}],"up":[{"embeddable":true,"href":"https:\/\/paliskunnat.fi\/reindeer-herders-association\/wp-json\/wp\/v2\/pages\/420"}],"wp:attachment":[{"href":"https:\/\/paliskunnat.fi\/reindeer-herders-association\/wp-json\/wp\/v2\/media?parent=1554"}],"curies":[{"name":"wp","href":"https:\/\/api.w.org\/{rel}","templated":true}]}}