{"id":1559,"date":"2014-11-23T18:37:18","date_gmt":"2014-11-23T16:37:18","guid":{"rendered":"http:\/\/80.69.171.23\/py\/?page_id=1559"},"modified":"2023-06-06T15:02:26","modified_gmt":"2023-06-06T12:02:26","slug":"pudasjarvi","status":"publish","type":"page","link":"https:\/\/paliskunnat.fi\/reindeer-herders-association\/cooperatives\/cooperatives-info\/pudasjarvi\/","title":{"rendered":"49 Pudasj\u00e4rvi"},"content":{"rendered":"<h2>PUDASJ\u00c4RVI<\/h2>\n<p>Chief of District: Jaurun Markus<br \/>\nMobile: +358 40 732 1243<br \/>\nEmail: &#112;o&#x72;o&#x6a;a&#x75;&#114;&#x75;&#64;&#x67;&#109;a&#x69;l&#x2e;c&#x6f;&#109;<\/p>\n<p><a href=\"https:\/\/paliskunnat.fi\/reindeer-herders-association\/wp-content\/uploads\/2014\/11\/49_pudasjarvi.png\" rel=\"lightbox[1559]\"><img loading=\"lazy\" decoding=\"async\" class=\"alignnone wp-image-1560\" src=\"https:\/\/paliskunnat.fi\/reindeer-herders-association\/wp-content\/uploads\/2014\/11\/49_pudasjarvi.png\" alt=\"49 Pudasj\u00e4rvi\" width=\"300\" height=\"387\" srcset=\"https:\/\/paliskunnat.fi\/reindeer-herders-association\/wp-content\/uploads\/2014\/11\/49_pudasjarvi.png 775w, https:\/\/paliskunnat.fi\/reindeer-herders-association\/wp-content\/uploads\/2014\/11\/49_pudasjarvi-233x300.png 233w\" sizes=\"auto, (max-width: 300px) 100vw, 300px\" \/><\/a><\/p>\n<table width=\"450\">\n<tbody>\n<tr>\n<td>Hometown:<\/td>\n<td>Pudasj\u00e4rvi<\/td>\n<\/tr>\n<tr>\n<td>Total area:<\/td>\n<td>2 006.3 km<sup>2<\/sup><\/td>\n<\/tr>\n<tr>\n<td>Maximum number of reindeer:<\/td>\n<td>2 200<\/td>\n<\/tr>\n<tr>\n<td>Reindeer herders:<\/td>\n<td>60<\/td>\n<\/tr>\n<\/tbody>\n<\/table>\n<p>Pudasj\u00e4rvi reindeer herding cooperative is part of the Pudasj\u00e4rvi reindeer marking district. The cooperative is located to the Pudasj\u00e4rvi and Utaj\u00e4rvi municipalities. The cooperative borders in north with Pudasj\u00e4rven Livo, in east with Pintamo and in west with Kiiminki and Kollaja cooperatives. In south the border follows the reindeer husbandry area border.<\/p>\n<p>38.5 % of the cooperative\u2019s total area is state land and 61.5 % is owned by other landowners. There is Olvassuo strict nature reserve and several Natura mire reserves. Due to the large mire areas, there are peat production sites that limit the pasture areas and activities in the cooperative.<\/p>\n<p>There are no border or pasture fences in the cooperative. There are altogether seven autumn round up fences. In some of the immovable fences, there are also fences for feeding reindeer where they can be kept and fed in case needed.<\/p>\n<p>People live mostly in the northern part of the Iijoki riverside. There are also lot of people living on the riverside of River Kiiminkijoki and its tributaries. There are also lot of holiday cottages in the area. The herders live evenly around the cooperative. All of them also own land.<\/p>\n<p>&nbsp;<\/p>\n<p>&nbsp;<\/p>\n","protected":false},"excerpt":{"rendered":"<p>PUDASJ\u00c4RVI Chief of District: Jaurun Markus Mobile: +358 40 732 1243 Email: &#x70;&#x6f;&#x72;&#111;&#106;au&#x72;&#x75;&#x40;&#103;&#109;ai&#x6c;&#x2e;&#x63;&#111;&#109; Hometown: Pudasj\u00e4rvi Total area: 2 006.3 km2 Maximum number of reindeer: 2 200 Reindeer herders: 60 Pudasj\u00e4rvi reindeer herding cooperative is part of the Pudasj\u00e4rvi reindeer marking district. The cooperative is located to the Pudasj\u00e4rvi and Utaj\u00e4rvi municipalities. The cooperative borders in [&hellip;]<\/p>\n","protected":false},"author":1,"featured_media":0,"parent":420,"menu_order":49,"comment_status":"open","ping_status":"closed","template":"paliskuntasivut.php","meta":{"footnotes":""},"class_list":["post-1559","page","type-page","status-publish","hentry"],"yoast_head":"<!-- This site is optimized with the Yoast SEO plugin v27.1.1 - https:\/\/yoast.com\/product\/yoast-seo-wordpress\/ -->\n<title>49 Pudasj\u00e4rvi - Reindeer Herders&#039; Association<\/title>\n<meta name=\"robots\" content=\"index, follow, max-snippet:-1, max-image-preview:large, max-video-preview:-1\" \/>\n<link rel=\"canonical\" href=\"https:\/\/paliskunnat.fi\/reindeer-herders-association\/cooperatives\/cooperatives-info\/pudasjarvi\/\" \/>\n<meta property=\"og:locale\" content=\"en_US\" \/>\n<meta property=\"og:type\" content=\"article\" \/>\n<meta property=\"og:title\" content=\"49 Pudasj\u00e4rvi - Reindeer Herders&#039; Association\" \/>\n<meta property=\"og:description\" content=\"PUDASJ\u00c4RVI Chief of District: Jaurun Markus Mobile: +358 40 732 1243 Email: &#112;o&#x72;o&#x6a;a&#x75;&#114;&#x75;&#064;&#x67;&#109;a&#x69;l&#x2e;c&#x6f;&#109; Hometown: Pudasj\u00e4rvi Total area: 2 006.3 km2 Maximum number of reindeer: 2 200 Reindeer herders: 60 Pudasj\u00e4rvi reindeer herding cooperative is part of the Pudasj\u00e4rvi reindeer marking district. The cooperative is located to the Pudasj\u00e4rvi and Utaj\u00e4rvi municipalities. The cooperative borders in [&hellip;]\" \/>\n<meta property=\"og:url\" content=\"https:\/\/paliskunnat.fi\/reindeer-herders-association\/cooperatives\/cooperatives-info\/pudasjarvi\/\" \/>\n<meta property=\"og:site_name\" content=\"Reindeer Herders&#039; Association\" \/>\n<meta property=\"article:modified_time\" content=\"2023-06-06T12:02:26+00:00\" \/>\n<meta property=\"og:image\" content=\"https:\/\/paliskunnat.fi\/reindeer-herders-association\/wp-content\/uploads\/2014\/11\/49_pudasjarvi.png\" \/>\n<meta name=\"twitter:card\" content=\"summary_large_image\" \/>\n<meta name=\"twitter:label1\" content=\"Est. reading time\" \/>\n\t<meta name=\"twitter:data1\" content=\"2 minutes\" \/>\n<script type=\"application\/ld+json\" class=\"yoast-schema-graph\">{\"@context\":\"https:\/\/schema.org\",\"@graph\":[{\"@type\":\"WebPage\",\"@id\":\"https:\/\/paliskunnat.fi\/reindeer-herders-association\/cooperatives\/cooperatives-info\/pudasjarvi\/\",\"url\":\"https:\/\/paliskunnat.fi\/reindeer-herders-association\/cooperatives\/cooperatives-info\/pudasjarvi\/\",\"name\":\"49 Pudasj\u00e4rvi - Reindeer Herders&#039; Association\",\"isPartOf\":{\"@id\":\"https:\/\/paliskunnat.fi\/reindeer-herders-association\/#website\"},\"primaryImageOfPage\":{\"@id\":\"https:\/\/paliskunnat.fi\/reindeer-herders-association\/cooperatives\/cooperatives-info\/pudasjarvi\/#primaryimage\"},\"image\":{\"@id\":\"https:\/\/paliskunnat.fi\/reindeer-herders-association\/cooperatives\/cooperatives-info\/pudasjarvi\/#primaryimage\"},\"thumbnailUrl\":\"https:\/\/paliskunnat.fi\/reindeer-herders-association\/wp-content\/uploads\/2014\/11\/49_pudasjarvi.png\",\"datePublished\":\"2014-11-23T16:37:18+00:00\",\"dateModified\":\"2023-06-06T12:02:26+00:00\",\"breadcrumb\":{\"@id\":\"https:\/\/paliskunnat.fi\/reindeer-herders-association\/cooperatives\/cooperatives-info\/pudasjarvi\/#breadcrumb\"},\"inLanguage\":\"en-US\",\"potentialAction\":[{\"@type\":\"ReadAction\",\"target\":[\"https:\/\/paliskunnat.fi\/reindeer-herders-association\/cooperatives\/cooperatives-info\/pudasjarvi\/\"]}]},{\"@type\":\"ImageObject\",\"inLanguage\":\"en-US\",\"@id\":\"https:\/\/paliskunnat.fi\/reindeer-herders-association\/cooperatives\/cooperatives-info\/pudasjarvi\/#primaryimage\",\"url\":\"https:\/\/paliskunnat.fi\/reindeer-herders-association\/wp-content\/uploads\/2014\/11\/49_pudasjarvi.png\",\"contentUrl\":\"https:\/\/paliskunnat.fi\/reindeer-herders-association\/wp-content\/uploads\/2014\/11\/49_pudasjarvi.png\"},{\"@type\":\"BreadcrumbList\",\"@id\":\"https:\/\/paliskunnat.fi\/reindeer-herders-association\/cooperatives\/cooperatives-info\/pudasjarvi\/#breadcrumb\",\"itemListElement\":[{\"@type\":\"ListItem\",\"position\":1,\"name\":\"Home\",\"item\":\"https:\/\/paliskunnat.fi\/reindeer-herders-association\/\"},{\"@type\":\"ListItem\",\"position\":2,\"name\":\"Cooperatives\",\"item\":\"https:\/\/paliskunnat.fi\/reindeer-herders-association\/cooperatives\/\"},{\"@type\":\"ListItem\",\"position\":3,\"name\":\"Information of cooperatives\",\"item\":\"https:\/\/paliskunnat.fi\/reindeer-herders-association\/cooperatives\/cooperatives-info\/\"},{\"@type\":\"ListItem\",\"position\":4,\"name\":\"49 Pudasj\u00e4rvi\"}]},{\"@type\":\"WebSite\",\"@id\":\"https:\/\/paliskunnat.fi\/reindeer-herders-association\/#website\",\"url\":\"https:\/\/paliskunnat.fi\/reindeer-herders-association\/\",\"name\":\"Reindeer Herders&#039; Association\",\"description\":\"Finnish Reindeer Herders&#039; Association\",\"potentialAction\":[{\"@type\":\"SearchAction\",\"target\":{\"@type\":\"EntryPoint\",\"urlTemplate\":\"https:\/\/paliskunnat.fi\/reindeer-herders-association\/?s={search_term_string}\"},\"query-input\":{\"@type\":\"PropertyValueSpecification\",\"valueRequired\":true,\"valueName\":\"search_term_string\"}}],\"inLanguage\":\"en-US\"}]}<\/script>\n<!-- \/ Yoast SEO plugin. -->","yoast_head_json":{"title":"49 Pudasj\u00e4rvi - Reindeer Herders&#039; Association","robots":{"index":"index","follow":"follow","max-snippet":"max-snippet:-1","max-image-preview":"max-image-preview:large","max-video-preview":"max-video-preview:-1"},"canonical":"https:\/\/paliskunnat.fi\/reindeer-herders-association\/cooperatives\/cooperatives-info\/pudasjarvi\/","og_locale":"en_US","og_type":"article","og_title":"49 Pudasj\u00e4rvi - Reindeer Herders&#039; Association","og_description":"PUDASJ\u00c4RVI Chief of District: Jaurun Markus Mobile: +358 40 732 1243 Email: &#112;o&#x72;o&#x6a;a&#x75;&#114;&#x75;&#64;&#x67;&#109;a&#x69;l&#x2e;c&#x6f;&#109; Hometown: Pudasj\u00e4rvi Total area: 2 006.3 km2 Maximum number of reindeer: 2 200 Reindeer herders: 60 Pudasj\u00e4rvi reindeer herding cooperative is part of the Pudasj\u00e4rvi reindeer marking district. The cooperative is located to the Pudasj\u00e4rvi and Utaj\u00e4rvi municipalities. The cooperative borders in [&hellip;]","og_url":"https:\/\/paliskunnat.fi\/reindeer-herders-association\/cooperatives\/cooperatives-info\/pudasjarvi\/","og_site_name":"Reindeer Herders&#039; Association","article_modified_time":"2023-06-06T12:02:26+00:00","og_image":[{"url":"https:\/\/paliskunnat.fi\/reindeer-herders-association\/wp-content\/uploads\/2014\/11\/49_pudasjarvi.png","type":"","width":"","height":""}],"twitter_card":"summary_large_image","twitter_misc":{"Est. reading time":"2 minutes"},"schema":{"@context":"https:\/\/schema.org","@graph":[{"@type":"WebPage","@id":"https:\/\/paliskunnat.fi\/reindeer-herders-association\/cooperatives\/cooperatives-info\/pudasjarvi\/","url":"https:\/\/paliskunnat.fi\/reindeer-herders-association\/cooperatives\/cooperatives-info\/pudasjarvi\/","name":"49 Pudasj\u00e4rvi - Reindeer Herders&#039; Association","isPartOf":{"@id":"https:\/\/paliskunnat.fi\/reindeer-herders-association\/#website"},"primaryImageOfPage":{"@id":"https:\/\/paliskunnat.fi\/reindeer-herders-association\/cooperatives\/cooperatives-info\/pudasjarvi\/#primaryimage"},"image":{"@id":"https:\/\/paliskunnat.fi\/reindeer-herders-association\/cooperatives\/cooperatives-info\/pudasjarvi\/#primaryimage"},"thumbnailUrl":"https:\/\/paliskunnat.fi\/reindeer-herders-association\/wp-content\/uploads\/2014\/11\/49_pudasjarvi.png","datePublished":"2014-11-23T16:37:18+00:00","dateModified":"2023-06-06T12:02:26+00:00","breadcrumb":{"@id":"https:\/\/paliskunnat.fi\/reindeer-herders-association\/cooperatives\/cooperatives-info\/pudasjarvi\/#breadcrumb"},"inLanguage":"en-US","potentialAction":[{"@type":"ReadAction","target":["https:\/\/paliskunnat.fi\/reindeer-herders-association\/cooperatives\/cooperatives-info\/pudasjarvi\/"]}]},{"@type":"ImageObject","inLanguage":"en-US","@id":"https:\/\/paliskunnat.fi\/reindeer-herders-association\/cooperatives\/cooperatives-info\/pudasjarvi\/#primaryimage","url":"https:\/\/paliskunnat.fi\/reindeer-herders-association\/wp-content\/uploads\/2014\/11\/49_pudasjarvi.png","contentUrl":"https:\/\/paliskunnat.fi\/reindeer-herders-association\/wp-content\/uploads\/2014\/11\/49_pudasjarvi.png"},{"@type":"BreadcrumbList","@id":"https:\/\/paliskunnat.fi\/reindeer-herders-association\/cooperatives\/cooperatives-info\/pudasjarvi\/#breadcrumb","itemListElement":[{"@type":"ListItem","position":1,"name":"Home","item":"https:\/\/paliskunnat.fi\/reindeer-herders-association\/"},{"@type":"ListItem","position":2,"name":"Cooperatives","item":"https:\/\/paliskunnat.fi\/reindeer-herders-association\/cooperatives\/"},{"@type":"ListItem","position":3,"name":"Information of cooperatives","item":"https:\/\/paliskunnat.fi\/reindeer-herders-association\/cooperatives\/cooperatives-info\/"},{"@type":"ListItem","position":4,"name":"49 Pudasj\u00e4rvi"}]},{"@type":"WebSite","@id":"https:\/\/paliskunnat.fi\/reindeer-herders-association\/#website","url":"https:\/\/paliskunnat.fi\/reindeer-herders-association\/","name":"Reindeer Herders&#039; Association","description":"Finnish Reindeer Herders&#039; Association","potentialAction":[{"@type":"SearchAction","target":{"@type":"EntryPoint","urlTemplate":"https:\/\/paliskunnat.fi\/reindeer-herders-association\/?s={search_term_string}"},"query-input":{"@type":"PropertyValueSpecification","valueRequired":true,"valueName":"search_term_string"}}],"inLanguage":"en-US"}]}},"_links":{"self":[{"href":"https:\/\/paliskunnat.fi\/reindeer-herders-association\/wp-json\/wp\/v2\/pages\/1559","targetHints":{"allow":["GET"]}}],"collection":[{"href":"https:\/\/paliskunnat.fi\/reindeer-herders-association\/wp-json\/wp\/v2\/pages"}],"about":[{"href":"https:\/\/paliskunnat.fi\/reindeer-herders-association\/wp-json\/wp\/v2\/types\/page"}],"author":[{"embeddable":true,"href":"https:\/\/paliskunnat.fi\/reindeer-herders-association\/wp-json\/wp\/v2\/users\/1"}],"replies":[{"embeddable":true,"href":"https:\/\/paliskunnat.fi\/reindeer-herders-association\/wp-json\/wp\/v2\/comments?post=1559"}],"version-history":[{"count":7,"href":"https:\/\/paliskunnat.fi\/reindeer-herders-association\/wp-json\/wp\/v2\/pages\/1559\/revisions"}],"predecessor-version":[{"id":6215,"href":"https:\/\/paliskunnat.fi\/reindeer-herders-association\/wp-json\/wp\/v2\/pages\/1559\/revisions\/6215"}],"up":[{"embeddable":true,"href":"https:\/\/paliskunnat.fi\/reindeer-herders-association\/wp-json\/wp\/v2\/pages\/420"}],"wp:attachment":[{"href":"https:\/\/paliskunnat.fi\/reindeer-herders-association\/wp-json\/wp\/v2\/media?parent=1559"}],"curies":[{"name":"wp","href":"https:\/\/api.w.org\/{rel}","templated":true}]}}