{"id":1566,"date":"2014-11-23T18:41:37","date_gmt":"2014-11-23T16:41:37","guid":{"rendered":"http:\/\/80.69.171.23\/py\/?page_id=1566"},"modified":"2023-06-06T15:03:56","modified_gmt":"2023-06-06T12:03:56","slug":"pudasjarven-livo","status":"publish","type":"page","link":"https:\/\/paliskunnat.fi\/reindeer-herders-association\/cooperatives\/cooperatives-info\/pudasjarven-livo\/","title":{"rendered":"51 Pudasj\u00e4rven Livo"},"content":{"rendered":"<h2>Pudasj\u00e4rven Livo<\/h2>\n<p>Chief of District: Konttila Sami<br \/>\nMobile: +358 40 537 4668<br \/>\nEmail: &#x73;&#97;m&#x69;&#x2e;&#107;o&#x6e;&#x74;&#116;i&#x6c;&#97;&#64;&#x6c;&#x75;&#117;k&#x6b;&#x75;&#46;c&#x6f;&#109;<\/p>\n<p><a href=\"https:\/\/paliskunnat.fi\/reindeer-herders-association\/wp-content\/uploads\/2014\/11\/51_pudasjarven_livo.png\" rel=\"lightbox[1566]\"><img loading=\"lazy\" decoding=\"async\" class=\"alignnone wp-image-1568\" src=\"https:\/\/paliskunnat.fi\/reindeer-herders-association\/wp-content\/uploads\/2014\/11\/51_pudasjarven_livo.png\" alt=\"51 Pudasj\u00e4rven Livon\" width=\"300\" height=\"387\" srcset=\"https:\/\/paliskunnat.fi\/reindeer-herders-association\/wp-content\/uploads\/2014\/11\/51_pudasjarven_livo.png 775w, https:\/\/paliskunnat.fi\/reindeer-herders-association\/wp-content\/uploads\/2014\/11\/51_pudasjarven_livo-233x300.png 233w\" sizes=\"auto, (max-width: 300px) 100vw, 300px\" \/><\/a><\/p>\n<table width=\"450\">\n<tbody>\n<tr>\n<td>Hometown:<\/td>\n<td>Pudasj\u00e4rvi<\/td>\n<\/tr>\n<tr>\n<td>Total area:<\/td>\n<td>1 897.7 km<sup>2<\/sup><\/td>\n<\/tr>\n<tr>\n<td>Maximum number of reindeer:<\/td>\n<td>\u00a02 100<\/td>\n<\/tr>\n<tr>\n<td>Reindeer herders:<\/td>\n<td>53<\/td>\n<\/tr>\n<\/tbody>\n<\/table>\n<p>Pudasj\u00e4rven Livo reindeer herding cooperative is part of the Pudasj\u00e4rvi reindeer marking district. The cooperative is located to the Pudasj\u00e4rvi, Posio and Ranua municipalities.<\/p>\n<p>The cooperative borders in north with Niemel\u00e4 and Kuukas, in northeast with Posion Livo, east with Taivalkoski, in southeast with Pintamo, in south with Pudasj\u00e4rvi, in southwest with Kiiminki-Kollaja and in west with Ikonen cooperatives.<\/p>\n<p>51.1 % of the cooperative\u2019s total area is state land and 48.9 % is owned by other landowners.<\/p>\n<p>&nbsp;<\/p>\n<p>&nbsp;<\/p>\n<p>&nbsp;<\/p>\n","protected":false},"excerpt":{"rendered":"<p>Pudasj\u00e4rven Livo Chief of District: Konttila Sami Mobile: +358 40 537 4668 Email: &#115;&#x61;&#109;&#x69;&#46;&#x6b;o&#x6e;t&#x74;i&#108;&#x61;&#64;&#x6c;&#117;&#x75;&#107;&#x6b;u&#x2e;c&#x6f;m Hometown: Pudasj\u00e4rvi Total area: 1 897.7 km2 Maximum number of reindeer: \u00a02 100 Reindeer herders: 53 Pudasj\u00e4rven Livo reindeer herding cooperative is part of the Pudasj\u00e4rvi reindeer marking district. The cooperative is located to the Pudasj\u00e4rvi, Posio and Ranua municipalities. The [&hellip;]<\/p>\n","protected":false},"author":1,"featured_media":0,"parent":420,"menu_order":51,"comment_status":"open","ping_status":"closed","template":"paliskuntasivut.php","meta":{"footnotes":""},"class_list":["post-1566","page","type-page","status-publish","hentry"],"yoast_head":"<!-- This site is optimized with the Yoast SEO plugin v27.1.1 - https:\/\/yoast.com\/product\/yoast-seo-wordpress\/ -->\n<title>51 Pudasj\u00e4rven Livo - Reindeer Herders&#039; Association<\/title>\n<meta name=\"robots\" content=\"index, follow, max-snippet:-1, max-image-preview:large, max-video-preview:-1\" \/>\n<link rel=\"canonical\" href=\"https:\/\/paliskunnat.fi\/reindeer-herders-association\/cooperatives\/cooperatives-info\/pudasjarven-livo\/\" \/>\n<meta property=\"og:locale\" content=\"en_US\" \/>\n<meta property=\"og:type\" content=\"article\" \/>\n<meta property=\"og:title\" content=\"51 Pudasj\u00e4rven Livo - Reindeer Herders&#039; Association\" \/>\n<meta property=\"og:description\" content=\"Pudasj\u00e4rven Livo Chief of District: Konttila Sami Mobile: +358 40 537 4668 Email: sami&#046;&#107;&#111;&#110;&#116;&#x74;&#x69;&#x6c;&#x61;&#x40;&#x6c;&#x75;ukku&#046;&#099;&#111;&#109; Hometown: Pudasj\u00e4rvi Total area: 1 897.7 km2 Maximum number of reindeer: \u00a02 100 Reindeer herders: 53 Pudasj\u00e4rven Livo reindeer herding cooperative is part of the Pudasj\u00e4rvi reindeer marking district. The cooperative is located to the Pudasj\u00e4rvi, Posio and Ranua municipalities. The [&hellip;]\" \/>\n<meta property=\"og:url\" content=\"https:\/\/paliskunnat.fi\/reindeer-herders-association\/cooperatives\/cooperatives-info\/pudasjarven-livo\/\" \/>\n<meta property=\"og:site_name\" content=\"Reindeer Herders&#039; Association\" \/>\n<meta property=\"article:modified_time\" content=\"2023-06-06T12:03:56+00:00\" \/>\n<meta property=\"og:image\" content=\"https:\/\/paliskunnat.fi\/reindeer-herders-association\/wp-content\/uploads\/2014\/11\/51_pudasjarven_livo.png\" \/>\n<meta name=\"twitter:card\" content=\"summary_large_image\" \/>\n<meta name=\"twitter:label1\" content=\"Est. reading time\" \/>\n\t<meta name=\"twitter:data1\" content=\"1 minute\" \/>\n<script type=\"application\/ld+json\" class=\"yoast-schema-graph\">{\"@context\":\"https:\/\/schema.org\",\"@graph\":[{\"@type\":\"WebPage\",\"@id\":\"https:\/\/paliskunnat.fi\/reindeer-herders-association\/cooperatives\/cooperatives-info\/pudasjarven-livo\/\",\"url\":\"https:\/\/paliskunnat.fi\/reindeer-herders-association\/cooperatives\/cooperatives-info\/pudasjarven-livo\/\",\"name\":\"51 Pudasj\u00e4rven Livo - Reindeer Herders&#039; Association\",\"isPartOf\":{\"@id\":\"https:\/\/paliskunnat.fi\/reindeer-herders-association\/#website\"},\"primaryImageOfPage\":{\"@id\":\"https:\/\/paliskunnat.fi\/reindeer-herders-association\/cooperatives\/cooperatives-info\/pudasjarven-livo\/#primaryimage\"},\"image\":{\"@id\":\"https:\/\/paliskunnat.fi\/reindeer-herders-association\/cooperatives\/cooperatives-info\/pudasjarven-livo\/#primaryimage\"},\"thumbnailUrl\":\"https:\/\/paliskunnat.fi\/reindeer-herders-association\/wp-content\/uploads\/2014\/11\/51_pudasjarven_livo.png\",\"datePublished\":\"2014-11-23T16:41:37+00:00\",\"dateModified\":\"2023-06-06T12:03:56+00:00\",\"breadcrumb\":{\"@id\":\"https:\/\/paliskunnat.fi\/reindeer-herders-association\/cooperatives\/cooperatives-info\/pudasjarven-livo\/#breadcrumb\"},\"inLanguage\":\"en-US\",\"potentialAction\":[{\"@type\":\"ReadAction\",\"target\":[\"https:\/\/paliskunnat.fi\/reindeer-herders-association\/cooperatives\/cooperatives-info\/pudasjarven-livo\/\"]}]},{\"@type\":\"ImageObject\",\"inLanguage\":\"en-US\",\"@id\":\"https:\/\/paliskunnat.fi\/reindeer-herders-association\/cooperatives\/cooperatives-info\/pudasjarven-livo\/#primaryimage\",\"url\":\"https:\/\/paliskunnat.fi\/reindeer-herders-association\/wp-content\/uploads\/2014\/11\/51_pudasjarven_livo.png\",\"contentUrl\":\"https:\/\/paliskunnat.fi\/reindeer-herders-association\/wp-content\/uploads\/2014\/11\/51_pudasjarven_livo.png\"},{\"@type\":\"BreadcrumbList\",\"@id\":\"https:\/\/paliskunnat.fi\/reindeer-herders-association\/cooperatives\/cooperatives-info\/pudasjarven-livo\/#breadcrumb\",\"itemListElement\":[{\"@type\":\"ListItem\",\"position\":1,\"name\":\"Home\",\"item\":\"https:\/\/paliskunnat.fi\/reindeer-herders-association\/\"},{\"@type\":\"ListItem\",\"position\":2,\"name\":\"Cooperatives\",\"item\":\"https:\/\/paliskunnat.fi\/reindeer-herders-association\/cooperatives\/\"},{\"@type\":\"ListItem\",\"position\":3,\"name\":\"Information of cooperatives\",\"item\":\"https:\/\/paliskunnat.fi\/reindeer-herders-association\/cooperatives\/cooperatives-info\/\"},{\"@type\":\"ListItem\",\"position\":4,\"name\":\"51 Pudasj\u00e4rven Livo\"}]},{\"@type\":\"WebSite\",\"@id\":\"https:\/\/paliskunnat.fi\/reindeer-herders-association\/#website\",\"url\":\"https:\/\/paliskunnat.fi\/reindeer-herders-association\/\",\"name\":\"Reindeer Herders&#039; Association\",\"description\":\"Finnish Reindeer Herders&#039; Association\",\"potentialAction\":[{\"@type\":\"SearchAction\",\"target\":{\"@type\":\"EntryPoint\",\"urlTemplate\":\"https:\/\/paliskunnat.fi\/reindeer-herders-association\/?s={search_term_string}\"},\"query-input\":{\"@type\":\"PropertyValueSpecification\",\"valueRequired\":true,\"valueName\":\"search_term_string\"}}],\"inLanguage\":\"en-US\"}]}<\/script>\n<!-- \/ Yoast SEO plugin. -->","yoast_head_json":{"title":"51 Pudasj\u00e4rven Livo - Reindeer Herders&#039; Association","robots":{"index":"index","follow":"follow","max-snippet":"max-snippet:-1","max-image-preview":"max-image-preview:large","max-video-preview":"max-video-preview:-1"},"canonical":"https:\/\/paliskunnat.fi\/reindeer-herders-association\/cooperatives\/cooperatives-info\/pudasjarven-livo\/","og_locale":"en_US","og_type":"article","og_title":"51 Pudasj\u00e4rven Livo - Reindeer Herders&#039; Association","og_description":"Pudasj\u00e4rven Livo Chief of District: Konttila Sami Mobile: +358 40 537 4668 Email: sami&#46;&#107;&#111;&#110;&#116;&#x74;&#x69;&#x6c;&#x61;&#x40;&#x6c;&#x75;ukku&#46;&#99;&#111;&#109; Hometown: Pudasj\u00e4rvi Total area: 1 897.7 km2 Maximum number of reindeer: \u00a02 100 Reindeer herders: 53 Pudasj\u00e4rven Livo reindeer herding cooperative is part of the Pudasj\u00e4rvi reindeer marking district. The cooperative is located to the Pudasj\u00e4rvi, Posio and Ranua municipalities. The [&hellip;]","og_url":"https:\/\/paliskunnat.fi\/reindeer-herders-association\/cooperatives\/cooperatives-info\/pudasjarven-livo\/","og_site_name":"Reindeer Herders&#039; Association","article_modified_time":"2023-06-06T12:03:56+00:00","og_image":[{"url":"https:\/\/paliskunnat.fi\/reindeer-herders-association\/wp-content\/uploads\/2014\/11\/51_pudasjarven_livo.png","type":"","width":"","height":""}],"twitter_card":"summary_large_image","twitter_misc":{"Est. reading time":"1 minute"},"schema":{"@context":"https:\/\/schema.org","@graph":[{"@type":"WebPage","@id":"https:\/\/paliskunnat.fi\/reindeer-herders-association\/cooperatives\/cooperatives-info\/pudasjarven-livo\/","url":"https:\/\/paliskunnat.fi\/reindeer-herders-association\/cooperatives\/cooperatives-info\/pudasjarven-livo\/","name":"51 Pudasj\u00e4rven Livo - Reindeer Herders&#039; Association","isPartOf":{"@id":"https:\/\/paliskunnat.fi\/reindeer-herders-association\/#website"},"primaryImageOfPage":{"@id":"https:\/\/paliskunnat.fi\/reindeer-herders-association\/cooperatives\/cooperatives-info\/pudasjarven-livo\/#primaryimage"},"image":{"@id":"https:\/\/paliskunnat.fi\/reindeer-herders-association\/cooperatives\/cooperatives-info\/pudasjarven-livo\/#primaryimage"},"thumbnailUrl":"https:\/\/paliskunnat.fi\/reindeer-herders-association\/wp-content\/uploads\/2014\/11\/51_pudasjarven_livo.png","datePublished":"2014-11-23T16:41:37+00:00","dateModified":"2023-06-06T12:03:56+00:00","breadcrumb":{"@id":"https:\/\/paliskunnat.fi\/reindeer-herders-association\/cooperatives\/cooperatives-info\/pudasjarven-livo\/#breadcrumb"},"inLanguage":"en-US","potentialAction":[{"@type":"ReadAction","target":["https:\/\/paliskunnat.fi\/reindeer-herders-association\/cooperatives\/cooperatives-info\/pudasjarven-livo\/"]}]},{"@type":"ImageObject","inLanguage":"en-US","@id":"https:\/\/paliskunnat.fi\/reindeer-herders-association\/cooperatives\/cooperatives-info\/pudasjarven-livo\/#primaryimage","url":"https:\/\/paliskunnat.fi\/reindeer-herders-association\/wp-content\/uploads\/2014\/11\/51_pudasjarven_livo.png","contentUrl":"https:\/\/paliskunnat.fi\/reindeer-herders-association\/wp-content\/uploads\/2014\/11\/51_pudasjarven_livo.png"},{"@type":"BreadcrumbList","@id":"https:\/\/paliskunnat.fi\/reindeer-herders-association\/cooperatives\/cooperatives-info\/pudasjarven-livo\/#breadcrumb","itemListElement":[{"@type":"ListItem","position":1,"name":"Home","item":"https:\/\/paliskunnat.fi\/reindeer-herders-association\/"},{"@type":"ListItem","position":2,"name":"Cooperatives","item":"https:\/\/paliskunnat.fi\/reindeer-herders-association\/cooperatives\/"},{"@type":"ListItem","position":3,"name":"Information of cooperatives","item":"https:\/\/paliskunnat.fi\/reindeer-herders-association\/cooperatives\/cooperatives-info\/"},{"@type":"ListItem","position":4,"name":"51 Pudasj\u00e4rven Livo"}]},{"@type":"WebSite","@id":"https:\/\/paliskunnat.fi\/reindeer-herders-association\/#website","url":"https:\/\/paliskunnat.fi\/reindeer-herders-association\/","name":"Reindeer Herders&#039; Association","description":"Finnish Reindeer Herders&#039; Association","potentialAction":[{"@type":"SearchAction","target":{"@type":"EntryPoint","urlTemplate":"https:\/\/paliskunnat.fi\/reindeer-herders-association\/?s={search_term_string}"},"query-input":{"@type":"PropertyValueSpecification","valueRequired":true,"valueName":"search_term_string"}}],"inLanguage":"en-US"}]}},"_links":{"self":[{"href":"https:\/\/paliskunnat.fi\/reindeer-herders-association\/wp-json\/wp\/v2\/pages\/1566","targetHints":{"allow":["GET"]}}],"collection":[{"href":"https:\/\/paliskunnat.fi\/reindeer-herders-association\/wp-json\/wp\/v2\/pages"}],"about":[{"href":"https:\/\/paliskunnat.fi\/reindeer-herders-association\/wp-json\/wp\/v2\/types\/page"}],"author":[{"embeddable":true,"href":"https:\/\/paliskunnat.fi\/reindeer-herders-association\/wp-json\/wp\/v2\/users\/1"}],"replies":[{"embeddable":true,"href":"https:\/\/paliskunnat.fi\/reindeer-herders-association\/wp-json\/wp\/v2\/comments?post=1566"}],"version-history":[{"count":12,"href":"https:\/\/paliskunnat.fi\/reindeer-herders-association\/wp-json\/wp\/v2\/pages\/1566\/revisions"}],"predecessor-version":[{"id":6217,"href":"https:\/\/paliskunnat.fi\/reindeer-herders-association\/wp-json\/wp\/v2\/pages\/1566\/revisions\/6217"}],"up":[{"embeddable":true,"href":"https:\/\/paliskunnat.fi\/reindeer-herders-association\/wp-json\/wp\/v2\/pages\/420"}],"wp:attachment":[{"href":"https:\/\/paliskunnat.fi\/reindeer-herders-association\/wp-json\/wp\/v2\/media?parent=1566"}],"curies":[{"name":"wp","href":"https:\/\/api.w.org\/{rel}","templated":true}]}}