{"id":1572,"date":"2014-11-23T18:44:18","date_gmt":"2014-11-23T16:44:18","guid":{"rendered":"http:\/\/80.69.171.23\/py\/?page_id=1572"},"modified":"2023-06-06T15:04:36","modified_gmt":"2023-06-06T12:04:36","slug":"pintamo","status":"publish","type":"page","link":"https:\/\/paliskunnat.fi\/reindeer-herders-association\/cooperatives\/cooperatives-info\/pintamo\/","title":{"rendered":"52 Pintamo"},"content":{"rendered":"<h2>Pintamo<\/h2>\n<p>Chief of District: Kosamo Eero<br \/>\nMobile: +358 40 089 6583<br \/>\nEmail: &#107;o&#x73;a&#x6d;o&#x65;&#101;&#x72;&#111;&#x40;&#103;m&#x61;i&#x6c;&#46;&#x63;&#111;&#x6d;<\/p>\n<p><a href=\"https:\/\/paliskunnat.fi\/reindeer-herders-association\/wp-content\/uploads\/2014\/11\/52_pintamo.png\" rel=\"lightbox[1572]\"><img loading=\"lazy\" decoding=\"async\" class=\"alignnone wp-image-1574\" src=\"https:\/\/paliskunnat.fi\/reindeer-herders-association\/wp-content\/uploads\/2014\/11\/52_pintamo.png\" alt=\"52 Pintamo\" width=\"300\" height=\"387\" srcset=\"https:\/\/paliskunnat.fi\/reindeer-herders-association\/wp-content\/uploads\/2014\/11\/52_pintamo.png 775w, https:\/\/paliskunnat.fi\/reindeer-herders-association\/wp-content\/uploads\/2014\/11\/52_pintamo-233x300.png 233w\" sizes=\"auto, (max-width: 300px) 100vw, 300px\" \/><\/a><\/p>\n<table width=\"450\">\n<tbody>\n<tr>\n<td>Hometown:<\/td>\n<td>Pudasj\u00e4rvi<\/td>\n<\/tr>\n<tr>\n<td>Total area:<\/td>\n<td>1 812.5 km<sup>2<\/sup><\/td>\n<\/tr>\n<tr>\n<td>SMaximum number of reindeer:<\/td>\n<td>2 600<\/td>\n<\/tr>\n<tr>\n<td>Reindeer herders:<\/td>\n<td>55<\/td>\n<\/tr>\n<\/tbody>\n<\/table>\n<p>Pintamo reindeer herding cooperative is part of the Pudasj\u00e4rvi reindeer marking district. The cooperative is located to the Pudasj\u00e4rvi (75 %), Taivalkoski (15 %) and Puolanka (10 %) municipalities. The south the cooperative border goes along the southern border of the reindeer husbandry area, in west with Pudasj\u00e4rvi, in northwest with Pudasj\u00e4rven Livo, in southeast with Taivalkoski and in east with N\u00e4lj\u00e4nk\u00e4 cooperative.<\/p>\n<p>56.3 % of the cooperative\u2019s total area is state land and 43.7 % is owned by other landowners. There are several Natura areas in the cooperative. Part of the Sy\u00f6te National Park and Iso-Sy\u00f6te camping area are located to the northern part of the cooperative. The Road 20 from Oulu to Kuusamo goes through the cooperative in north. There are lot of car accidents involving reindeer in the area.<\/p>\n<p>The cooperative has five fences: Alakangas, Sulakanga, Pirinkangas, Ruuhivaara and Kurkikangas. There are hundreds of kilometres of fences around farmers\u2019 fields.<\/p>\n<p>There is little amount of habitants in the area and it is mainly focused on the lake and riversides. There are no bigger towns in the cooperative area. Villages include Jurmu, Iinattij\u00e4rvi, Jaurakka and Puhos. There are currently five farm focused on reindeer herding or other nature based livelihoods.<\/p>\n<p>&nbsp;<\/p>\n<p>&nbsp;<\/p>\n","protected":false},"excerpt":{"rendered":"<p>Pintamo Chief of District: Kosamo Eero Mobile: +358 40 089 6583 Email: &#107;&#x6f;s&#97;&#x6d;o&#101;&#x65;r&#111;&#x40;g&#109;&#x61;&#105;&#x6c;&#x2e;&#99;&#x6f;&#x6d; Hometown: Pudasj\u00e4rvi Total area: 1 812.5 km2 SMaximum number of reindeer: 2 600 Reindeer herders: 55 Pintamo reindeer herding cooperative is part of the Pudasj\u00e4rvi reindeer marking district. The cooperative is located to the Pudasj\u00e4rvi (75 %), Taivalkoski (15 %) and Puolanka [&hellip;]<\/p>\n","protected":false},"author":1,"featured_media":0,"parent":420,"menu_order":52,"comment_status":"open","ping_status":"closed","template":"paliskuntasivut.php","meta":{"footnotes":""},"class_list":["post-1572","page","type-page","status-publish","hentry"],"yoast_head":"<!-- This site is optimized with the Yoast SEO plugin v27.1.1 - https:\/\/yoast.com\/product\/yoast-seo-wordpress\/ -->\n<title>52 Pintamo - Reindeer Herders&#039; Association<\/title>\n<meta name=\"robots\" content=\"index, follow, max-snippet:-1, max-image-preview:large, max-video-preview:-1\" \/>\n<link rel=\"canonical\" href=\"https:\/\/paliskunnat.fi\/reindeer-herders-association\/cooperatives\/cooperatives-info\/pintamo\/\" \/>\n<meta property=\"og:locale\" content=\"en_US\" \/>\n<meta property=\"og:type\" content=\"article\" \/>\n<meta property=\"og:title\" content=\"52 Pintamo - Reindeer Herders&#039; Association\" \/>\n<meta property=\"og:description\" content=\"Pintamo Chief of District: Kosamo Eero Mobile: +358 40 089 6583 Email: &#x6b;&#x6f;&#x73;&#x61;&#x6d;&#x6f;&#x65;&#101;&#114;&#111;&#064;&#103;mail&#x2e;&#x63;&#x6f;&#x6d; Hometown: Pudasj\u00e4rvi Total area: 1 812.5 km2 SMaximum number of reindeer: 2 600 Reindeer herders: 55 Pintamo reindeer herding cooperative is part of the Pudasj\u00e4rvi reindeer marking district. The cooperative is located to the Pudasj\u00e4rvi (75 %), Taivalkoski (15 %) and Puolanka [&hellip;]\" \/>\n<meta property=\"og:url\" content=\"https:\/\/paliskunnat.fi\/reindeer-herders-association\/cooperatives\/cooperatives-info\/pintamo\/\" \/>\n<meta property=\"og:site_name\" content=\"Reindeer Herders&#039; Association\" \/>\n<meta property=\"article:modified_time\" content=\"2023-06-06T12:04:36+00:00\" \/>\n<meta property=\"og:image\" content=\"https:\/\/paliskunnat.fi\/reindeer-herders-association\/wp-content\/uploads\/2014\/11\/52_pintamo.png\" \/>\n<meta name=\"twitter:card\" content=\"summary_large_image\" \/>\n<meta name=\"twitter:label1\" content=\"Est. reading time\" \/>\n\t<meta name=\"twitter:data1\" content=\"2 minutes\" \/>\n<script type=\"application\/ld+json\" class=\"yoast-schema-graph\">{\"@context\":\"https:\/\/schema.org\",\"@graph\":[{\"@type\":\"WebPage\",\"@id\":\"https:\/\/paliskunnat.fi\/reindeer-herders-association\/cooperatives\/cooperatives-info\/pintamo\/\",\"url\":\"https:\/\/paliskunnat.fi\/reindeer-herders-association\/cooperatives\/cooperatives-info\/pintamo\/\",\"name\":\"52 Pintamo - Reindeer Herders&#039; Association\",\"isPartOf\":{\"@id\":\"https:\/\/paliskunnat.fi\/reindeer-herders-association\/#website\"},\"primaryImageOfPage\":{\"@id\":\"https:\/\/paliskunnat.fi\/reindeer-herders-association\/cooperatives\/cooperatives-info\/pintamo\/#primaryimage\"},\"image\":{\"@id\":\"https:\/\/paliskunnat.fi\/reindeer-herders-association\/cooperatives\/cooperatives-info\/pintamo\/#primaryimage\"},\"thumbnailUrl\":\"https:\/\/paliskunnat.fi\/reindeer-herders-association\/wp-content\/uploads\/2014\/11\/52_pintamo.png\",\"datePublished\":\"2014-11-23T16:44:18+00:00\",\"dateModified\":\"2023-06-06T12:04:36+00:00\",\"breadcrumb\":{\"@id\":\"https:\/\/paliskunnat.fi\/reindeer-herders-association\/cooperatives\/cooperatives-info\/pintamo\/#breadcrumb\"},\"inLanguage\":\"en-US\",\"potentialAction\":[{\"@type\":\"ReadAction\",\"target\":[\"https:\/\/paliskunnat.fi\/reindeer-herders-association\/cooperatives\/cooperatives-info\/pintamo\/\"]}]},{\"@type\":\"ImageObject\",\"inLanguage\":\"en-US\",\"@id\":\"https:\/\/paliskunnat.fi\/reindeer-herders-association\/cooperatives\/cooperatives-info\/pintamo\/#primaryimage\",\"url\":\"https:\/\/paliskunnat.fi\/reindeer-herders-association\/wp-content\/uploads\/2014\/11\/52_pintamo.png\",\"contentUrl\":\"https:\/\/paliskunnat.fi\/reindeer-herders-association\/wp-content\/uploads\/2014\/11\/52_pintamo.png\"},{\"@type\":\"BreadcrumbList\",\"@id\":\"https:\/\/paliskunnat.fi\/reindeer-herders-association\/cooperatives\/cooperatives-info\/pintamo\/#breadcrumb\",\"itemListElement\":[{\"@type\":\"ListItem\",\"position\":1,\"name\":\"Home\",\"item\":\"https:\/\/paliskunnat.fi\/reindeer-herders-association\/\"},{\"@type\":\"ListItem\",\"position\":2,\"name\":\"Cooperatives\",\"item\":\"https:\/\/paliskunnat.fi\/reindeer-herders-association\/cooperatives\/\"},{\"@type\":\"ListItem\",\"position\":3,\"name\":\"Information of cooperatives\",\"item\":\"https:\/\/paliskunnat.fi\/reindeer-herders-association\/cooperatives\/cooperatives-info\/\"},{\"@type\":\"ListItem\",\"position\":4,\"name\":\"52 Pintamo\"}]},{\"@type\":\"WebSite\",\"@id\":\"https:\/\/paliskunnat.fi\/reindeer-herders-association\/#website\",\"url\":\"https:\/\/paliskunnat.fi\/reindeer-herders-association\/\",\"name\":\"Reindeer Herders&#039; Association\",\"description\":\"Finnish Reindeer Herders&#039; Association\",\"potentialAction\":[{\"@type\":\"SearchAction\",\"target\":{\"@type\":\"EntryPoint\",\"urlTemplate\":\"https:\/\/paliskunnat.fi\/reindeer-herders-association\/?s={search_term_string}\"},\"query-input\":{\"@type\":\"PropertyValueSpecification\",\"valueRequired\":true,\"valueName\":\"search_term_string\"}}],\"inLanguage\":\"en-US\"}]}<\/script>\n<!-- \/ Yoast SEO plugin. -->","yoast_head_json":{"title":"52 Pintamo - Reindeer Herders&#039; Association","robots":{"index":"index","follow":"follow","max-snippet":"max-snippet:-1","max-image-preview":"max-image-preview:large","max-video-preview":"max-video-preview:-1"},"canonical":"https:\/\/paliskunnat.fi\/reindeer-herders-association\/cooperatives\/cooperatives-info\/pintamo\/","og_locale":"en_US","og_type":"article","og_title":"52 Pintamo - Reindeer Herders&#039; Association","og_description":"Pintamo Chief of District: Kosamo Eero Mobile: +358 40 089 6583 Email: &#x6b;&#x6f;&#x73;&#x61;&#x6d;&#x6f;&#x65;&#101;&#114;&#111;&#64;&#103;mail&#x2e;&#x63;&#x6f;&#x6d; Hometown: Pudasj\u00e4rvi Total area: 1 812.5 km2 SMaximum number of reindeer: 2 600 Reindeer herders: 55 Pintamo reindeer herding cooperative is part of the Pudasj\u00e4rvi reindeer marking district. The cooperative is located to the Pudasj\u00e4rvi (75 %), Taivalkoski (15 %) and Puolanka [&hellip;]","og_url":"https:\/\/paliskunnat.fi\/reindeer-herders-association\/cooperatives\/cooperatives-info\/pintamo\/","og_site_name":"Reindeer Herders&#039; Association","article_modified_time":"2023-06-06T12:04:36+00:00","og_image":[{"url":"https:\/\/paliskunnat.fi\/reindeer-herders-association\/wp-content\/uploads\/2014\/11\/52_pintamo.png","type":"","width":"","height":""}],"twitter_card":"summary_large_image","twitter_misc":{"Est. reading time":"2 minutes"},"schema":{"@context":"https:\/\/schema.org","@graph":[{"@type":"WebPage","@id":"https:\/\/paliskunnat.fi\/reindeer-herders-association\/cooperatives\/cooperatives-info\/pintamo\/","url":"https:\/\/paliskunnat.fi\/reindeer-herders-association\/cooperatives\/cooperatives-info\/pintamo\/","name":"52 Pintamo - Reindeer Herders&#039; Association","isPartOf":{"@id":"https:\/\/paliskunnat.fi\/reindeer-herders-association\/#website"},"primaryImageOfPage":{"@id":"https:\/\/paliskunnat.fi\/reindeer-herders-association\/cooperatives\/cooperatives-info\/pintamo\/#primaryimage"},"image":{"@id":"https:\/\/paliskunnat.fi\/reindeer-herders-association\/cooperatives\/cooperatives-info\/pintamo\/#primaryimage"},"thumbnailUrl":"https:\/\/paliskunnat.fi\/reindeer-herders-association\/wp-content\/uploads\/2014\/11\/52_pintamo.png","datePublished":"2014-11-23T16:44:18+00:00","dateModified":"2023-06-06T12:04:36+00:00","breadcrumb":{"@id":"https:\/\/paliskunnat.fi\/reindeer-herders-association\/cooperatives\/cooperatives-info\/pintamo\/#breadcrumb"},"inLanguage":"en-US","potentialAction":[{"@type":"ReadAction","target":["https:\/\/paliskunnat.fi\/reindeer-herders-association\/cooperatives\/cooperatives-info\/pintamo\/"]}]},{"@type":"ImageObject","inLanguage":"en-US","@id":"https:\/\/paliskunnat.fi\/reindeer-herders-association\/cooperatives\/cooperatives-info\/pintamo\/#primaryimage","url":"https:\/\/paliskunnat.fi\/reindeer-herders-association\/wp-content\/uploads\/2014\/11\/52_pintamo.png","contentUrl":"https:\/\/paliskunnat.fi\/reindeer-herders-association\/wp-content\/uploads\/2014\/11\/52_pintamo.png"},{"@type":"BreadcrumbList","@id":"https:\/\/paliskunnat.fi\/reindeer-herders-association\/cooperatives\/cooperatives-info\/pintamo\/#breadcrumb","itemListElement":[{"@type":"ListItem","position":1,"name":"Home","item":"https:\/\/paliskunnat.fi\/reindeer-herders-association\/"},{"@type":"ListItem","position":2,"name":"Cooperatives","item":"https:\/\/paliskunnat.fi\/reindeer-herders-association\/cooperatives\/"},{"@type":"ListItem","position":3,"name":"Information of cooperatives","item":"https:\/\/paliskunnat.fi\/reindeer-herders-association\/cooperatives\/cooperatives-info\/"},{"@type":"ListItem","position":4,"name":"52 Pintamo"}]},{"@type":"WebSite","@id":"https:\/\/paliskunnat.fi\/reindeer-herders-association\/#website","url":"https:\/\/paliskunnat.fi\/reindeer-herders-association\/","name":"Reindeer Herders&#039; Association","description":"Finnish Reindeer Herders&#039; Association","potentialAction":[{"@type":"SearchAction","target":{"@type":"EntryPoint","urlTemplate":"https:\/\/paliskunnat.fi\/reindeer-herders-association\/?s={search_term_string}"},"query-input":{"@type":"PropertyValueSpecification","valueRequired":true,"valueName":"search_term_string"}}],"inLanguage":"en-US"}]}},"_links":{"self":[{"href":"https:\/\/paliskunnat.fi\/reindeer-herders-association\/wp-json\/wp\/v2\/pages\/1572","targetHints":{"allow":["GET"]}}],"collection":[{"href":"https:\/\/paliskunnat.fi\/reindeer-herders-association\/wp-json\/wp\/v2\/pages"}],"about":[{"href":"https:\/\/paliskunnat.fi\/reindeer-herders-association\/wp-json\/wp\/v2\/types\/page"}],"author":[{"embeddable":true,"href":"https:\/\/paliskunnat.fi\/reindeer-herders-association\/wp-json\/wp\/v2\/users\/1"}],"replies":[{"embeddable":true,"href":"https:\/\/paliskunnat.fi\/reindeer-herders-association\/wp-json\/wp\/v2\/comments?post=1572"}],"version-history":[{"count":10,"href":"https:\/\/paliskunnat.fi\/reindeer-herders-association\/wp-json\/wp\/v2\/pages\/1572\/revisions"}],"predecessor-version":[{"id":6218,"href":"https:\/\/paliskunnat.fi\/reindeer-herders-association\/wp-json\/wp\/v2\/pages\/1572\/revisions\/6218"}],"up":[{"embeddable":true,"href":"https:\/\/paliskunnat.fi\/reindeer-herders-association\/wp-json\/wp\/v2\/pages\/420"}],"wp:attachment":[{"href":"https:\/\/paliskunnat.fi\/reindeer-herders-association\/wp-json\/wp\/v2\/media?parent=1572"}],"curies":[{"name":"wp","href":"https:\/\/api.w.org\/{rel}","templated":true}]}}