{"id":1582,"date":"2014-11-23T18:52:06","date_gmt":"2014-11-23T16:52:06","guid":{"rendered":"http:\/\/80.69.171.23\/py\/?page_id=1582"},"modified":"2023-06-06T15:05:58","modified_gmt":"2023-06-06T12:05:58","slug":"kollaja","status":"publish","type":"page","link":"https:\/\/paliskunnat.fi\/reindeer-herders-association\/cooperatives\/cooperatives-info\/kollaja\/","title":{"rendered":"54 Kollaja"},"content":{"rendered":"<h2>Kollaja<\/h2>\n<p>Chief of District: Oinas-Panuma Lauri<br \/>\nMobile:\u00a0 +358 40 765 4210<br \/>\nEmail: &#x6c;&#97;u&#x72;&#105;&#46;&#x6f;&#x69;&#110;a&#x73;&#112;a&#x6e;&#x75;&#109;a&#x40;&#103;m&#x61;&#x69;&#108;&#46;&#x63;&#111;m<\/p>\n<p><a href=\"https:\/\/paliskunnat.fi\/reindeer-herders-association\/wp-content\/uploads\/2014\/11\/54_kollaja.png\" rel=\"lightbox[1582]\"><img loading=\"lazy\" decoding=\"async\" class=\"alignnone wp-image-1583\" src=\"https:\/\/paliskunnat.fi\/reindeer-herders-association\/wp-content\/uploads\/2014\/11\/54_kollaja.png\" alt=\"54 Kollaja\" width=\"300\" height=\"387\" srcset=\"https:\/\/paliskunnat.fi\/reindeer-herders-association\/wp-content\/uploads\/2014\/11\/54_kollaja.png 775w, https:\/\/paliskunnat.fi\/reindeer-herders-association\/wp-content\/uploads\/2014\/11\/54_kollaja-233x300.png 233w\" sizes=\"auto, (max-width: 300px) 100vw, 300px\" \/><\/a><\/p>\n<table width=\"450\">\n<tbody>\n<tr>\n<td>Hometown:<\/td>\n<td>Pudasj\u00e4rvi<\/td>\n<\/tr>\n<tr>\n<td>Total area:<\/td>\n<td>1 160.6 km<sup>2<\/sup><\/td>\n<\/tr>\n<tr>\n<td>Maximum number of reindeer:<\/td>\n<td>1 100<\/td>\n<\/tr>\n<tr>\n<td>Reindeer herders:<\/td>\n<td>71<\/td>\n<\/tr>\n<\/tbody>\n<\/table>\n<p>Kollaja reindeer herding cooperative is part of the Pudasj\u00e4rvi reindeer marking district. The cooperative is located to the Pudasj\u00e4rvi and Oulu municipalities. Kiiminki and Kollaja reindeer herding cooperatives are administratively different sized cooperatives. In practise they have been herding together during the whole existence of the cooperative system. In general, people talk about Kiiminki-Kollaja cooperative.<\/p>\n<p>The cooperative borders in north with Oij\u00e4rvi and Ikonen, in east with Pudasj\u00e4rven Livo and Pudasj\u00e4rvi and in south and southeast with Kiiminki cooperatives.<\/p>\n<p>39.8 % of the cooperative\u2019s total area is state land and 60.2 % is owned by other landowners. Road 20 from Oulu to Kuusamo goes through the cooperative.<\/p>\n<p>The cooperative has five autumn round up fences: Pikkula, huiska, S\u00e4yn\u00e4j\u00e4kangas, Sili\u00e4kangas and Vengasvaara.<\/p>\n<p>The biggest villages are Tannila. Jakkukyl\u00e4 and Panuma. Herders live mainly in these villages.<\/p>\n<p>&nbsp;<\/p>\n<p>&nbsp;<\/p>\n","protected":false},"excerpt":{"rendered":"<p>Kollaja Chief of District: Oinas-Panuma Lauri Mobile:\u00a0 +358 40 765 4210 Email: &#108;&#x61;&#x75;r&#105;&#x2e;o&#105;&#x6e;&#x61;s&#112;&#x61;n&#117;&#x6d;&#x61;&#64;&#103;&#x6d;a&#105;&#x6c;&#x2e;&#99;&#111;&#x6d; Hometown: Pudasj\u00e4rvi Total area: 1 160.6 km2 Maximum number of reindeer: 1 100 Reindeer herders: 71 Kollaja reindeer herding cooperative is part of the Pudasj\u00e4rvi reindeer marking district. The cooperative is located to the Pudasj\u00e4rvi and Oulu municipalities. Kiiminki and Kollaja reindeer [&hellip;]<\/p>\n","protected":false},"author":1,"featured_media":0,"parent":420,"menu_order":54,"comment_status":"open","ping_status":"closed","template":"paliskuntasivut.php","meta":{"footnotes":""},"class_list":["post-1582","page","type-page","status-publish","hentry"],"yoast_head":"<!-- This site is optimized with the Yoast SEO plugin v27.1.1 - https:\/\/yoast.com\/product\/yoast-seo-wordpress\/ -->\n<title>54 Kollaja - Reindeer Herders&#039; Association<\/title>\n<meta name=\"robots\" content=\"index, follow, max-snippet:-1, max-image-preview:large, max-video-preview:-1\" \/>\n<link rel=\"canonical\" href=\"https:\/\/paliskunnat.fi\/reindeer-herders-association\/cooperatives\/cooperatives-info\/kollaja\/\" \/>\n<meta property=\"og:locale\" content=\"en_US\" \/>\n<meta property=\"og:type\" content=\"article\" \/>\n<meta property=\"og:title\" content=\"54 Kollaja - Reindeer Herders&#039; Association\" \/>\n<meta property=\"og:description\" content=\"Kollaja Chief of District: Oinas-Panuma Lauri Mobile:\u00a0 +358 40 765 4210 Email: lauri&#046;oinasp&#097;&#110;&#117;&#109;&#097;&#064;&#103;&#109;&#097;&#105;&#108;&#046;&#099;&#111;&#109; Hometown: Pudasj\u00e4rvi Total area: 1 160.6 km2 Maximum number of reindeer: 1 100 Reindeer herders: 71 Kollaja reindeer herding cooperative is part of the Pudasj\u00e4rvi reindeer marking district. The cooperative is located to the Pudasj\u00e4rvi and Oulu municipalities. Kiiminki and Kollaja reindeer [&hellip;]\" \/>\n<meta property=\"og:url\" content=\"https:\/\/paliskunnat.fi\/reindeer-herders-association\/cooperatives\/cooperatives-info\/kollaja\/\" \/>\n<meta property=\"og:site_name\" content=\"Reindeer Herders&#039; Association\" \/>\n<meta property=\"article:modified_time\" content=\"2023-06-06T12:05:58+00:00\" \/>\n<meta property=\"og:image\" content=\"https:\/\/paliskunnat.fi\/reindeer-herders-association\/wp-content\/uploads\/2014\/11\/54_kollaja.png\" \/>\n<meta name=\"twitter:card\" content=\"summary_large_image\" \/>\n<meta name=\"twitter:label1\" content=\"Est. reading time\" \/>\n\t<meta name=\"twitter:data1\" content=\"1 minute\" \/>\n<script type=\"application\/ld+json\" class=\"yoast-schema-graph\">{\"@context\":\"https:\/\/schema.org\",\"@graph\":[{\"@type\":\"WebPage\",\"@id\":\"https:\/\/paliskunnat.fi\/reindeer-herders-association\/cooperatives\/cooperatives-info\/kollaja\/\",\"url\":\"https:\/\/paliskunnat.fi\/reindeer-herders-association\/cooperatives\/cooperatives-info\/kollaja\/\",\"name\":\"54 Kollaja - Reindeer Herders&#039; Association\",\"isPartOf\":{\"@id\":\"https:\/\/paliskunnat.fi\/reindeer-herders-association\/#website\"},\"primaryImageOfPage\":{\"@id\":\"https:\/\/paliskunnat.fi\/reindeer-herders-association\/cooperatives\/cooperatives-info\/kollaja\/#primaryimage\"},\"image\":{\"@id\":\"https:\/\/paliskunnat.fi\/reindeer-herders-association\/cooperatives\/cooperatives-info\/kollaja\/#primaryimage\"},\"thumbnailUrl\":\"https:\/\/paliskunnat.fi\/reindeer-herders-association\/wp-content\/uploads\/2014\/11\/54_kollaja.png\",\"datePublished\":\"2014-11-23T16:52:06+00:00\",\"dateModified\":\"2023-06-06T12:05:58+00:00\",\"breadcrumb\":{\"@id\":\"https:\/\/paliskunnat.fi\/reindeer-herders-association\/cooperatives\/cooperatives-info\/kollaja\/#breadcrumb\"},\"inLanguage\":\"en-US\",\"potentialAction\":[{\"@type\":\"ReadAction\",\"target\":[\"https:\/\/paliskunnat.fi\/reindeer-herders-association\/cooperatives\/cooperatives-info\/kollaja\/\"]}]},{\"@type\":\"ImageObject\",\"inLanguage\":\"en-US\",\"@id\":\"https:\/\/paliskunnat.fi\/reindeer-herders-association\/cooperatives\/cooperatives-info\/kollaja\/#primaryimage\",\"url\":\"https:\/\/paliskunnat.fi\/reindeer-herders-association\/wp-content\/uploads\/2014\/11\/54_kollaja.png\",\"contentUrl\":\"https:\/\/paliskunnat.fi\/reindeer-herders-association\/wp-content\/uploads\/2014\/11\/54_kollaja.png\"},{\"@type\":\"BreadcrumbList\",\"@id\":\"https:\/\/paliskunnat.fi\/reindeer-herders-association\/cooperatives\/cooperatives-info\/kollaja\/#breadcrumb\",\"itemListElement\":[{\"@type\":\"ListItem\",\"position\":1,\"name\":\"Home\",\"item\":\"https:\/\/paliskunnat.fi\/reindeer-herders-association\/\"},{\"@type\":\"ListItem\",\"position\":2,\"name\":\"Cooperatives\",\"item\":\"https:\/\/paliskunnat.fi\/reindeer-herders-association\/cooperatives\/\"},{\"@type\":\"ListItem\",\"position\":3,\"name\":\"Information of cooperatives\",\"item\":\"https:\/\/paliskunnat.fi\/reindeer-herders-association\/cooperatives\/cooperatives-info\/\"},{\"@type\":\"ListItem\",\"position\":4,\"name\":\"54 Kollaja\"}]},{\"@type\":\"WebSite\",\"@id\":\"https:\/\/paliskunnat.fi\/reindeer-herders-association\/#website\",\"url\":\"https:\/\/paliskunnat.fi\/reindeer-herders-association\/\",\"name\":\"Reindeer Herders&#039; Association\",\"description\":\"Finnish Reindeer Herders&#039; Association\",\"potentialAction\":[{\"@type\":\"SearchAction\",\"target\":{\"@type\":\"EntryPoint\",\"urlTemplate\":\"https:\/\/paliskunnat.fi\/reindeer-herders-association\/?s={search_term_string}\"},\"query-input\":{\"@type\":\"PropertyValueSpecification\",\"valueRequired\":true,\"valueName\":\"search_term_string\"}}],\"inLanguage\":\"en-US\"}]}<\/script>\n<!-- \/ Yoast SEO plugin. -->","yoast_head_json":{"title":"54 Kollaja - Reindeer Herders&#039; Association","robots":{"index":"index","follow":"follow","max-snippet":"max-snippet:-1","max-image-preview":"max-image-preview:large","max-video-preview":"max-video-preview:-1"},"canonical":"https:\/\/paliskunnat.fi\/reindeer-herders-association\/cooperatives\/cooperatives-info\/kollaja\/","og_locale":"en_US","og_type":"article","og_title":"54 Kollaja - Reindeer Herders&#039; Association","og_description":"Kollaja Chief of District: Oinas-Panuma Lauri Mobile:\u00a0 +358 40 765 4210 Email: lauri&#46;oinasp&#97;&#110;&#117;&#109;&#97;&#64;&#103;&#109;&#97;&#105;&#108;&#46;&#99;&#111;&#109; Hometown: Pudasj\u00e4rvi Total area: 1 160.6 km2 Maximum number of reindeer: 1 100 Reindeer herders: 71 Kollaja reindeer herding cooperative is part of the Pudasj\u00e4rvi reindeer marking district. The cooperative is located to the Pudasj\u00e4rvi and Oulu municipalities. Kiiminki and Kollaja reindeer [&hellip;]","og_url":"https:\/\/paliskunnat.fi\/reindeer-herders-association\/cooperatives\/cooperatives-info\/kollaja\/","og_site_name":"Reindeer Herders&#039; Association","article_modified_time":"2023-06-06T12:05:58+00:00","og_image":[{"url":"https:\/\/paliskunnat.fi\/reindeer-herders-association\/wp-content\/uploads\/2014\/11\/54_kollaja.png","type":"","width":"","height":""}],"twitter_card":"summary_large_image","twitter_misc":{"Est. reading time":"1 minute"},"schema":{"@context":"https:\/\/schema.org","@graph":[{"@type":"WebPage","@id":"https:\/\/paliskunnat.fi\/reindeer-herders-association\/cooperatives\/cooperatives-info\/kollaja\/","url":"https:\/\/paliskunnat.fi\/reindeer-herders-association\/cooperatives\/cooperatives-info\/kollaja\/","name":"54 Kollaja - Reindeer Herders&#039; Association","isPartOf":{"@id":"https:\/\/paliskunnat.fi\/reindeer-herders-association\/#website"},"primaryImageOfPage":{"@id":"https:\/\/paliskunnat.fi\/reindeer-herders-association\/cooperatives\/cooperatives-info\/kollaja\/#primaryimage"},"image":{"@id":"https:\/\/paliskunnat.fi\/reindeer-herders-association\/cooperatives\/cooperatives-info\/kollaja\/#primaryimage"},"thumbnailUrl":"https:\/\/paliskunnat.fi\/reindeer-herders-association\/wp-content\/uploads\/2014\/11\/54_kollaja.png","datePublished":"2014-11-23T16:52:06+00:00","dateModified":"2023-06-06T12:05:58+00:00","breadcrumb":{"@id":"https:\/\/paliskunnat.fi\/reindeer-herders-association\/cooperatives\/cooperatives-info\/kollaja\/#breadcrumb"},"inLanguage":"en-US","potentialAction":[{"@type":"ReadAction","target":["https:\/\/paliskunnat.fi\/reindeer-herders-association\/cooperatives\/cooperatives-info\/kollaja\/"]}]},{"@type":"ImageObject","inLanguage":"en-US","@id":"https:\/\/paliskunnat.fi\/reindeer-herders-association\/cooperatives\/cooperatives-info\/kollaja\/#primaryimage","url":"https:\/\/paliskunnat.fi\/reindeer-herders-association\/wp-content\/uploads\/2014\/11\/54_kollaja.png","contentUrl":"https:\/\/paliskunnat.fi\/reindeer-herders-association\/wp-content\/uploads\/2014\/11\/54_kollaja.png"},{"@type":"BreadcrumbList","@id":"https:\/\/paliskunnat.fi\/reindeer-herders-association\/cooperatives\/cooperatives-info\/kollaja\/#breadcrumb","itemListElement":[{"@type":"ListItem","position":1,"name":"Home","item":"https:\/\/paliskunnat.fi\/reindeer-herders-association\/"},{"@type":"ListItem","position":2,"name":"Cooperatives","item":"https:\/\/paliskunnat.fi\/reindeer-herders-association\/cooperatives\/"},{"@type":"ListItem","position":3,"name":"Information of cooperatives","item":"https:\/\/paliskunnat.fi\/reindeer-herders-association\/cooperatives\/cooperatives-info\/"},{"@type":"ListItem","position":4,"name":"54 Kollaja"}]},{"@type":"WebSite","@id":"https:\/\/paliskunnat.fi\/reindeer-herders-association\/#website","url":"https:\/\/paliskunnat.fi\/reindeer-herders-association\/","name":"Reindeer Herders&#039; Association","description":"Finnish Reindeer Herders&#039; Association","potentialAction":[{"@type":"SearchAction","target":{"@type":"EntryPoint","urlTemplate":"https:\/\/paliskunnat.fi\/reindeer-herders-association\/?s={search_term_string}"},"query-input":{"@type":"PropertyValueSpecification","valueRequired":true,"valueName":"search_term_string"}}],"inLanguage":"en-US"}]}},"_links":{"self":[{"href":"https:\/\/paliskunnat.fi\/reindeer-herders-association\/wp-json\/wp\/v2\/pages\/1582","targetHints":{"allow":["GET"]}}],"collection":[{"href":"https:\/\/paliskunnat.fi\/reindeer-herders-association\/wp-json\/wp\/v2\/pages"}],"about":[{"href":"https:\/\/paliskunnat.fi\/reindeer-herders-association\/wp-json\/wp\/v2\/types\/page"}],"author":[{"embeddable":true,"href":"https:\/\/paliskunnat.fi\/reindeer-herders-association\/wp-json\/wp\/v2\/users\/1"}],"replies":[{"embeddable":true,"href":"https:\/\/paliskunnat.fi\/reindeer-herders-association\/wp-json\/wp\/v2\/comments?post=1582"}],"version-history":[{"count":7,"href":"https:\/\/paliskunnat.fi\/reindeer-herders-association\/wp-json\/wp\/v2\/pages\/1582\/revisions"}],"predecessor-version":[{"id":6220,"href":"https:\/\/paliskunnat.fi\/reindeer-herders-association\/wp-json\/wp\/v2\/pages\/1582\/revisions\/6220"}],"up":[{"embeddable":true,"href":"https:\/\/paliskunnat.fi\/reindeer-herders-association\/wp-json\/wp\/v2\/pages\/420"}],"wp:attachment":[{"href":"https:\/\/paliskunnat.fi\/reindeer-herders-association\/wp-json\/wp\/v2\/media?parent=1582"}],"curies":[{"name":"wp","href":"https:\/\/api.w.org\/{rel}","templated":true}]}}